{"id":1039,"date":"2014-12-30T11:01:17","date_gmt":"2014-12-30T11:01:17","guid":{"rendered":"https:\/\/diamondshieldzapper.com\/?page_id=1039"},"modified":"2023-05-25T11:29:33","modified_gmt":"2023-05-25T11:29:33","slug":"wie-funktioniert-der-zapper","status":"publish","type":"page","link":"https:\/\/diamondshieldzapper.com\/en\/wie-funktioniert-der-zapper\/","title":{"rendered":"Wie funktioniert der Zapper?"},"content":{"rendered":"<div id=\"cs-content\" class=\"cs-content\"><\/div>\n","protected":false},"excerpt":{"rendered":"<p>Daily we are exposed to thousands of external pathogenic influences that constantly weaken our vitality and health. To counteract this burden two principles should be applied:1. Regular dischargeA charge is any unprocessed, undigested stress or information on physical, psychological (and other) levels. Each environmental toxin, air pollution, stress factors and any overloading of the body through the hustle and bustle &#8230; <a href=\"https:\/\/diamondshieldzapper.com\/en\/wie-funktioniert-der-zapper\/\" class=\"more-link\">Read More<\/a><\/p>\n","protected":false},"author":1,"featured_media":0,"parent":0,"menu_order":0,"comment_status":"closed","ping_status":"closed","template":"","meta":{"_bbp_topic_count":0,"_bbp_reply_count":0,"_bbp_total_topic_count":0,"_bbp_total_reply_count":0,"_bbp_voice_count":0,"_bbp_anonymous_reply_count":0,"_bbp_topic_count_hidden":0,"_bbp_reply_count_hidden":0,"_bbp_forum_subforum_count":0,"rs_blank_template":"","rs_page_bg_color":"","slide_template_v7":"","_monsterinsights_skip_tracking":false,"_monsterinsights_sitenote_active":false,"_monsterinsights_sitenote_note":"","_monsterinsights_sitenote_category":0,"footnotes":""},"class_list":["post-1039","page","type-page","status-publish","hentry","no-post-thumbnail"],"yoast_head":"<!-- This site is optimized with the Yoast SEO plugin v27.3 - https:\/\/yoast.com\/product\/yoast-seo-wordpress\/ -->\n<title>Wie funktioniert der Zapper? - Diamond Shield Zapper<\/title>\n<meta name=\"description\" content=\"Zwei Prinzipien sind wichtig f\u00fcr unser k\u00f6rperliches und geistiges Wohlbefinden: Das Schutzschild aufrecht erhalten und negative Ladungen loszuwerden.\" \/>\n<meta name=\"robots\" content=\"index, follow, max-snippet:-1, max-image-preview:large, max-video-preview:-1\" \/>\n<link rel=\"canonical\" href=\"https:\/\/diamondshieldzapper.com\/en\/wie-funktioniert-der-zapper\/\" \/>\n<meta property=\"og:locale\" content=\"en_US\" \/>\n<meta property=\"og:type\" content=\"article\" \/>\n<meta property=\"og:title\" content=\"Wie funktioniert der Zapper?\" \/>\n<meta property=\"og:description\" content=\"Wir sind tagt\u00e4glich Tausenden von \u00e4u\u00dferen krankmachenden Einfl\u00fcssen ausgesetzt, die best\u00e4ndig unsere Vitalit\u00e4t und Gesundheit schw\u00e4chen. Um dieser Belastung entgegen zu wirken sollten zwei Prinzipien angewandt werden: Regelm\u00e4\u00dfige Entladung und ein funktionierendes Schutzschild.\" \/>\n<meta property=\"og:url\" content=\"https:\/\/diamondshieldzapper.com\/en\/wie-funktioniert-der-zapper\/\" \/>\n<meta property=\"og:site_name\" content=\"Diamond Shield Zapper\" \/>\n<meta property=\"article:publisher\" content=\"https:\/\/www.facebook.com\/heilpraktiker.baklayan\/\" \/>\n<meta property=\"article:modified_time\" content=\"2023-05-25T11:29:33+00:00\" \/>\n<meta property=\"og:image\" content=\"https:\/\/diamondshieldzapper.com\/wp-content\/uploads\/2014\/12\/ooopsBallance1.jpg\" \/>\n<meta name=\"twitter:label1\" content=\"Est. reading time\" \/>\n\t<meta name=\"twitter:data1\" content=\"4 minutes\" \/>\n<script type=\"application\/ld+json\" class=\"yoast-schema-graph\">{\"@context\":\"https:\\\/\\\/schema.org\",\"@graph\":[{\"@type\":\"WebPage\",\"@id\":\"https:\\\/\\\/diamondshieldzapper.com\\\/en\\\/wie-funktioniert-der-zapper\\\/\",\"url\":\"https:\\\/\\\/diamondshieldzapper.com\\\/en\\\/wie-funktioniert-der-zapper\\\/\",\"name\":\"Wie funktioniert der Zapper? - Diamond Shield Zapper\",\"isPartOf\":{\"@id\":\"https:\\\/\\\/diamondshieldzapper.com\\\/en\\\/#website\"},\"datePublished\":\"2014-12-30T11:01:17+00:00\",\"dateModified\":\"2023-05-25T11:29:33+00:00\",\"description\":\"Zwei Prinzipien sind wichtig f\u00fcr unser k\u00f6rperliches und geistiges Wohlbefinden: Das Schutzschild aufrecht erhalten und negative Ladungen loszuwerden.\",\"breadcrumb\":{\"@id\":\"https:\\\/\\\/diamondshieldzapper.com\\\/en\\\/wie-funktioniert-der-zapper\\\/#breadcrumb\"},\"inLanguage\":\"en-US\",\"potentialAction\":[{\"@type\":\"ReadAction\",\"target\":[\"https:\\\/\\\/diamondshieldzapper.com\\\/en\\\/wie-funktioniert-der-zapper\\\/\"]}]},{\"@type\":\"BreadcrumbList\",\"@id\":\"https:\\\/\\\/diamondshieldzapper.com\\\/en\\\/wie-funktioniert-der-zapper\\\/#breadcrumb\",\"itemListElement\":[{\"@type\":\"ListItem\",\"position\":1,\"name\":\"Home\",\"item\":\"https:\\\/\\\/diamondshieldzapper.com\\\/en\\\/\"},{\"@type\":\"ListItem\",\"position\":2,\"name\":\"Wie funktioniert der Zapper?\"}]},{\"@type\":\"WebSite\",\"@id\":\"https:\\\/\\\/diamondshieldzapper.com\\\/en\\\/#website\",\"url\":\"https:\\\/\\\/diamondshieldzapper.com\\\/en\\\/\",\"name\":\"Diamond Shield Zapper\",\"description\":\"einfach nur Zappen war gestern\",\"potentialAction\":[{\"@type\":\"SearchAction\",\"target\":{\"@type\":\"EntryPoint\",\"urlTemplate\":\"https:\\\/\\\/diamondshieldzapper.com\\\/en\\\/?s={search_term_string}\"},\"query-input\":{\"@type\":\"PropertyValueSpecification\",\"valueRequired\":true,\"valueName\":\"search_term_string\"}}],\"inLanguage\":\"en-US\"}]}<\/script>\n<!-- \/ Yoast SEO plugin. -->","yoast_head_json":{"title":"Wie funktioniert der Zapper? - Diamond Shield Zapper","description":"Zwei Prinzipien sind wichtig f\u00fcr unser k\u00f6rperliches und geistiges Wohlbefinden: Das Schutzschild aufrecht erhalten und negative Ladungen loszuwerden.","robots":{"index":"index","follow":"follow","max-snippet":"max-snippet:-1","max-image-preview":"max-image-preview:large","max-video-preview":"max-video-preview:-1"},"canonical":"https:\/\/diamondshieldzapper.com\/en\/wie-funktioniert-der-zapper\/","og_locale":"en_US","og_type":"article","og_title":"Wie funktioniert der Zapper?","og_description":"Wir sind tagt\u00e4glich Tausenden von \u00e4u\u00dferen krankmachenden Einfl\u00fcssen ausgesetzt, die best\u00e4ndig unsere Vitalit\u00e4t und Gesundheit schw\u00e4chen. Um dieser Belastung entgegen zu wirken sollten zwei Prinzipien angewandt werden: Regelm\u00e4\u00dfige Entladung und ein funktionierendes Schutzschild.","og_url":"https:\/\/diamondshieldzapper.com\/en\/wie-funktioniert-der-zapper\/","og_site_name":"Diamond Shield Zapper","article_publisher":"https:\/\/www.facebook.com\/heilpraktiker.baklayan\/","article_modified_time":"2023-05-25T11:29:33+00:00","og_image":[{"url":"https:\/\/diamondshieldzapper.com\/wp-content\/uploads\/2014\/12\/ooopsBallance1.jpg","type":"","width":"","height":""}],"twitter_misc":{"Est. reading time":"4 minutes"},"schema":{"@context":"https:\/\/schema.org","@graph":[{"@type":"WebPage","@id":"https:\/\/diamondshieldzapper.com\/en\/wie-funktioniert-der-zapper\/","url":"https:\/\/diamondshieldzapper.com\/en\/wie-funktioniert-der-zapper\/","name":"Wie funktioniert der Zapper? - Diamond Shield Zapper","isPartOf":{"@id":"https:\/\/diamondshieldzapper.com\/en\/#website"},"datePublished":"2014-12-30T11:01:17+00:00","dateModified":"2023-05-25T11:29:33+00:00","description":"Zwei Prinzipien sind wichtig f\u00fcr unser k\u00f6rperliches und geistiges Wohlbefinden: Das Schutzschild aufrecht erhalten und negative Ladungen loszuwerden.","breadcrumb":{"@id":"https:\/\/diamondshieldzapper.com\/en\/wie-funktioniert-der-zapper\/#breadcrumb"},"inLanguage":"en-US","potentialAction":[{"@type":"ReadAction","target":["https:\/\/diamondshieldzapper.com\/en\/wie-funktioniert-der-zapper\/"]}]},{"@type":"BreadcrumbList","@id":"https:\/\/diamondshieldzapper.com\/en\/wie-funktioniert-der-zapper\/#breadcrumb","itemListElement":[{"@type":"ListItem","position":1,"name":"Home","item":"https:\/\/diamondshieldzapper.com\/en\/"},{"@type":"ListItem","position":2,"name":"Wie funktioniert der Zapper?"}]},{"@type":"WebSite","@id":"https:\/\/diamondshieldzapper.com\/en\/#website","url":"https:\/\/diamondshieldzapper.com\/en\/","name":"Diamond Shield Zapper","description":"einfach nur Zappen war gestern","potentialAction":[{"@type":"SearchAction","target":{"@type":"EntryPoint","urlTemplate":"https:\/\/diamondshieldzapper.com\/en\/?s={search_term_string}"},"query-input":{"@type":"PropertyValueSpecification","valueRequired":true,"valueName":"search_term_string"}}],"inLanguage":"en-US"}]}},"_links":{"self":[{"href":"https:\/\/diamondshieldzapper.com\/en\/wp-json\/wp\/v2\/pages\/1039","targetHints":{"allow":["GET"]}}],"collection":[{"href":"https:\/\/diamondshieldzapper.com\/en\/wp-json\/wp\/v2\/pages"}],"about":[{"href":"https:\/\/diamondshieldzapper.com\/en\/wp-json\/wp\/v2\/types\/page"}],"author":[{"embeddable":true,"href":"https:\/\/diamondshieldzapper.com\/en\/wp-json\/wp\/v2\/users\/1"}],"replies":[{"embeddable":true,"href":"https:\/\/diamondshieldzapper.com\/en\/wp-json\/wp\/v2\/comments?post=1039"}],"version-history":[{"count":0,"href":"https:\/\/diamondshieldzapper.com\/en\/wp-json\/wp\/v2\/pages\/1039\/revisions"}],"wp:attachment":[{"href":"https:\/\/diamondshieldzapper.com\/en\/wp-json\/wp\/v2\/media?parent=1039"}],"curies":[{"name":"wp","href":"https:\/\/api.w.org\/{rel}","templated":true}]}}