{"id":1113,"date":"2014-12-30T11:45:28","date_gmt":"2014-12-30T11:45:28","guid":{"rendered":"https:\/\/diamondshieldzapper.com\/?page_id=1113"},"modified":"2022-10-24T13:26:40","modified_gmt":"2022-10-24T13:26:40","slug":"was-sind-mikrostroeme","status":"publish","type":"page","link":"https:\/\/diamondshieldzapper.com\/en\/was-sind-mikrostroeme\/","title":{"rendered":"Was sind Mikrostr\u00f6me?"},"content":{"rendered":"<div id=\"cs-content\" class=\"cs-content\"><\/div>\n","protected":false},"excerpt":{"rendered":"<p>Micro currents \u2013 a new level of regulationElektroden f\u00fcr BiofrequenztherapieMicro currents are electric voltages which are far below one volt:It is commonly known that the belief \u201cthe more the better\u201d has molded the human mind. In biology, in fact it rarely applies and the effect can all too easily become just the reverse. For example, think of hormone distributions: the &#8230; <a href=\"https:\/\/diamondshieldzapper.com\/en\/was-sind-mikrostroeme\/\" class=\"more-link\">Read More<\/a><\/p>\n","protected":false},"author":2,"featured_media":0,"parent":0,"menu_order":0,"comment_status":"closed","ping_status":"closed","template":"","meta":{"_bbp_topic_count":0,"_bbp_reply_count":0,"_bbp_total_topic_count":0,"_bbp_total_reply_count":0,"_bbp_voice_count":0,"_bbp_anonymous_reply_count":0,"_bbp_topic_count_hidden":0,"_bbp_reply_count_hidden":0,"_bbp_forum_subforum_count":0,"rs_blank_template":"","rs_page_bg_color":"","slide_template_v7":"","_monsterinsights_skip_tracking":false,"_monsterinsights_sitenote_active":false,"_monsterinsights_sitenote_note":"","_monsterinsights_sitenote_category":0,"footnotes":""},"class_list":["post-1113","page","type-page","status-publish","hentry","no-post-thumbnail"],"yoast_head":"<!-- This site is optimized with the Yoast SEO plugin v27.4 - https:\/\/yoast.com\/product\/yoast-seo-wordpress\/ -->\n<title>Was sind Mikrostr\u00f6me? - Diamond Shield Zapper<\/title>\n<meta name=\"description\" content=\"Mit Mikrostr\u00f6men sind Spannungen gemeint, die weit unter einem Volt liegen. Der Diamond Shield beherrscht es diese in gew\u00fcnschten Situationen auszuf\u00fchren.\" \/>\n<meta name=\"robots\" content=\"index, follow, max-snippet:-1, max-image-preview:large, max-video-preview:-1\" \/>\n<link rel=\"canonical\" href=\"https:\/\/diamondshieldzapper.com\/en\/was-sind-mikrostroeme\/\" \/>\n<meta property=\"og:locale\" content=\"en_US\" \/>\n<meta property=\"og:type\" content=\"article\" \/>\n<meta property=\"og:title\" content=\"Was sind Mikrostr\u00f6me? - Diamond Shield Zapper\" \/>\n<meta property=\"og:description\" content=\"Mit Mikrostr\u00f6men sind Spannungen gemeint, die weit unter einem Volt liegen. Der Diamond Shield beherrscht es diese in gew\u00fcnschten Situationen auszuf\u00fchren.\" \/>\n<meta property=\"og:url\" content=\"https:\/\/diamondshieldzapper.com\/en\/was-sind-mikrostroeme\/\" \/>\n<meta property=\"og:site_name\" content=\"Diamond Shield Zapper\" \/>\n<meta property=\"article:publisher\" content=\"https:\/\/www.facebook.com\/heilpraktiker.baklayan\/\" \/>\n<meta property=\"article:modified_time\" content=\"2022-10-24T13:26:40+00:00\" \/>\n<meta property=\"og:image\" content=\"https:\/\/diamondshieldzapper.com\/wp-content\/uploads\/2015\/10\/slider-crystal-2-1000x.jpg\" \/>\n<meta name=\"twitter:label1\" content=\"Est. reading time\" \/>\n\t<meta name=\"twitter:data1\" content=\"1 minute\" \/>\n<script type=\"application\/ld+json\" class=\"yoast-schema-graph\">{\"@context\":\"https:\\\/\\\/schema.org\",\"@graph\":[{\"@type\":\"WebPage\",\"@id\":\"https:\\\/\\\/diamondshieldzapper.com\\\/en\\\/was-sind-mikrostroeme\\\/\",\"url\":\"https:\\\/\\\/diamondshieldzapper.com\\\/en\\\/was-sind-mikrostroeme\\\/\",\"name\":\"Was sind Mikrostr\u00f6me? - Diamond Shield Zapper\",\"isPartOf\":{\"@id\":\"https:\\\/\\\/diamondshieldzapper.com\\\/en\\\/#website\"},\"datePublished\":\"2014-12-30T11:45:28+00:00\",\"dateModified\":\"2022-10-24T13:26:40+00:00\",\"description\":\"Mit Mikrostr\u00f6men sind Spannungen gemeint, die weit unter einem Volt liegen. Der Diamond Shield beherrscht es diese in gew\u00fcnschten Situationen auszuf\u00fchren.\",\"breadcrumb\":{\"@id\":\"https:\\\/\\\/diamondshieldzapper.com\\\/en\\\/was-sind-mikrostroeme\\\/#breadcrumb\"},\"inLanguage\":\"en-US\",\"potentialAction\":[{\"@type\":\"ReadAction\",\"target\":[\"https:\\\/\\\/diamondshieldzapper.com\\\/en\\\/was-sind-mikrostroeme\\\/\"]}]},{\"@type\":\"BreadcrumbList\",\"@id\":\"https:\\\/\\\/diamondshieldzapper.com\\\/en\\\/was-sind-mikrostroeme\\\/#breadcrumb\",\"itemListElement\":[{\"@type\":\"ListItem\",\"position\":1,\"name\":\"Home\",\"item\":\"https:\\\/\\\/diamondshieldzapper.com\\\/en\\\/\"},{\"@type\":\"ListItem\",\"position\":2,\"name\":\"Was sind Mikrostr\u00f6me?\"}]},{\"@type\":\"WebSite\",\"@id\":\"https:\\\/\\\/diamondshieldzapper.com\\\/en\\\/#website\",\"url\":\"https:\\\/\\\/diamondshieldzapper.com\\\/en\\\/\",\"name\":\"Diamond Shield Zapper\",\"description\":\"einfach nur Zappen war gestern\",\"potentialAction\":[{\"@type\":\"SearchAction\",\"target\":{\"@type\":\"EntryPoint\",\"urlTemplate\":\"https:\\\/\\\/diamondshieldzapper.com\\\/en\\\/?s={search_term_string}\"},\"query-input\":{\"@type\":\"PropertyValueSpecification\",\"valueRequired\":true,\"valueName\":\"search_term_string\"}}],\"inLanguage\":\"en-US\"}]}<\/script>\n<!-- \/ Yoast SEO plugin. -->","yoast_head_json":{"title":"Was sind Mikrostr\u00f6me? - Diamond Shield Zapper","description":"Mit Mikrostr\u00f6men sind Spannungen gemeint, die weit unter einem Volt liegen. Der Diamond Shield beherrscht es diese in gew\u00fcnschten Situationen auszuf\u00fchren.","robots":{"index":"index","follow":"follow","max-snippet":"max-snippet:-1","max-image-preview":"max-image-preview:large","max-video-preview":"max-video-preview:-1"},"canonical":"https:\/\/diamondshieldzapper.com\/en\/was-sind-mikrostroeme\/","og_locale":"en_US","og_type":"article","og_title":"Was sind Mikrostr\u00f6me? - Diamond Shield Zapper","og_description":"Mit Mikrostr\u00f6men sind Spannungen gemeint, die weit unter einem Volt liegen. Der Diamond Shield beherrscht es diese in gew\u00fcnschten Situationen auszuf\u00fchren.","og_url":"https:\/\/diamondshieldzapper.com\/en\/was-sind-mikrostroeme\/","og_site_name":"Diamond Shield Zapper","article_publisher":"https:\/\/www.facebook.com\/heilpraktiker.baklayan\/","article_modified_time":"2022-10-24T13:26:40+00:00","og_image":[{"url":"https:\/\/diamondshieldzapper.com\/wp-content\/uploads\/2015\/10\/slider-crystal-2-1000x.jpg","type":"","width":"","height":""}],"twitter_misc":{"Est. reading time":"1 minute"},"schema":{"@context":"https:\/\/schema.org","@graph":[{"@type":"WebPage","@id":"https:\/\/diamondshieldzapper.com\/en\/was-sind-mikrostroeme\/","url":"https:\/\/diamondshieldzapper.com\/en\/was-sind-mikrostroeme\/","name":"Was sind Mikrostr\u00f6me? - Diamond Shield Zapper","isPartOf":{"@id":"https:\/\/diamondshieldzapper.com\/en\/#website"},"datePublished":"2014-12-30T11:45:28+00:00","dateModified":"2022-10-24T13:26:40+00:00","description":"Mit Mikrostr\u00f6men sind Spannungen gemeint, die weit unter einem Volt liegen. Der Diamond Shield beherrscht es diese in gew\u00fcnschten Situationen auszuf\u00fchren.","breadcrumb":{"@id":"https:\/\/diamondshieldzapper.com\/en\/was-sind-mikrostroeme\/#breadcrumb"},"inLanguage":"en-US","potentialAction":[{"@type":"ReadAction","target":["https:\/\/diamondshieldzapper.com\/en\/was-sind-mikrostroeme\/"]}]},{"@type":"BreadcrumbList","@id":"https:\/\/diamondshieldzapper.com\/en\/was-sind-mikrostroeme\/#breadcrumb","itemListElement":[{"@type":"ListItem","position":1,"name":"Home","item":"https:\/\/diamondshieldzapper.com\/en\/"},{"@type":"ListItem","position":2,"name":"Was sind Mikrostr\u00f6me?"}]},{"@type":"WebSite","@id":"https:\/\/diamondshieldzapper.com\/en\/#website","url":"https:\/\/diamondshieldzapper.com\/en\/","name":"Diamond Shield Zapper","description":"einfach nur Zappen war gestern","potentialAction":[{"@type":"SearchAction","target":{"@type":"EntryPoint","urlTemplate":"https:\/\/diamondshieldzapper.com\/en\/?s={search_term_string}"},"query-input":{"@type":"PropertyValueSpecification","valueRequired":true,"valueName":"search_term_string"}}],"inLanguage":"en-US"}]}},"_links":{"self":[{"href":"https:\/\/diamondshieldzapper.com\/en\/wp-json\/wp\/v2\/pages\/1113","targetHints":{"allow":["GET"]}}],"collection":[{"href":"https:\/\/diamondshieldzapper.com\/en\/wp-json\/wp\/v2\/pages"}],"about":[{"href":"https:\/\/diamondshieldzapper.com\/en\/wp-json\/wp\/v2\/types\/page"}],"author":[{"embeddable":true,"href":"https:\/\/diamondshieldzapper.com\/en\/wp-json\/wp\/v2\/users\/2"}],"replies":[{"embeddable":true,"href":"https:\/\/diamondshieldzapper.com\/en\/wp-json\/wp\/v2\/comments?post=1113"}],"version-history":[{"count":0,"href":"https:\/\/diamondshieldzapper.com\/en\/wp-json\/wp\/v2\/pages\/1113\/revisions"}],"wp:attachment":[{"href":"https:\/\/diamondshieldzapper.com\/en\/wp-json\/wp\/v2\/media?parent=1113"}],"curies":[{"name":"wp","href":"https:\/\/api.w.org\/{rel}","templated":true}]}}