{"id":1115,"date":"2014-12-30T12:13:01","date_gmt":"2014-12-30T12:13:01","guid":{"rendered":"https:\/\/diamondshieldzapper.com\/?page_id=1115"},"modified":"2024-04-08T10:15:01","modified_gmt":"2024-04-08T10:15:01","slug":"was-ist-plate-zapping","status":"publish","type":"page","link":"https:\/\/diamondshieldzapper.com\/en\/was-ist-plate-zapping\/","title":{"rendered":"Was ist Plate-Zapping?"},"content":{"rendered":"<p align=\"justify\"><img loading=\"lazy\" decoding=\"async\" class=\" size-full wp-image-916 alignleft\" src=\"https:\/\/diamondshieldzapper.com\/wp-content\/uploads\/2015\/01\/ie-plate-ensemble-klein.jpg\" alt=\"ie-plate-ensemble-klein\" width=\"300\" height=\"217\" \/>Im Gegensatz zum &#8220;normalen&#8221; Zappen \u2014 bei welchem man sich an zwei Handelektroden oder Armbandmanschetten anschlie\u00dft und der Strom mit dem eingestellten Frequenzprogramm durch den K\u00f6rper flie\u00dft \u2014 wird beim &#8220;Plate Zapping&#8221; in die zuf\u00fchrende Strombahn eine<strong> Metallplatte<\/strong> zwischengeschaltet, auf die entsprechende Ampullen und Tropfen als Tr\u00e4ger von Filter-Informationen gelegt werden k\u00f6nnen.<\/p>\n","protected":false},"excerpt":{"rendered":"<p>Im Gegensatz zum &#8220;normalen&#8221; Zappen \u2014 bei welchem man sich an zwei Handelektroden oder Armbandmanschetten anschlie\u00dft und der Strom mit dem eingestellten Frequenzprogramm durch den K\u00f6rper flie\u00dft \u2014 wird beim &#8220;Plate Zapping&#8221; in die zuf\u00fchrende Strombahn eine Metallplatte zwischengeschaltet, auf die entsprechende Ampullen und Tropfen als Tr\u00e4ger von Filter-Informationen gelegt werden k\u00f6nnen.<\/p>\n","protected":false},"author":2,"featured_media":0,"parent":0,"menu_order":0,"comment_status":"closed","ping_status":"closed","template":"","meta":{"_bbp_topic_count":0,"_bbp_reply_count":0,"_bbp_total_topic_count":0,"_bbp_total_reply_count":0,"_bbp_voice_count":0,"_bbp_anonymous_reply_count":0,"_bbp_topic_count_hidden":0,"_bbp_reply_count_hidden":0,"_bbp_forum_subforum_count":0,"rs_blank_template":"","rs_page_bg_color":"","slide_template_v7":"","_monsterinsights_skip_tracking":false,"_monsterinsights_sitenote_active":false,"_monsterinsights_sitenote_note":"","_monsterinsights_sitenote_category":0,"footnotes":""},"class_list":["post-1115","page","type-page","status-publish","hentry","no-post-thumbnail"],"yoast_head":"<!-- This site is optimized with the Yoast SEO plugin v27.4 - https:\/\/yoast.com\/product\/yoast-seo-wordpress\/ -->\n<title>Was ist Plate-Zapping? - Diamond Shield Zapper<\/title>\n<meta name=\"description\" content=\"Beim Plate-Zapping wird zus\u00e4tzlich noch eine Metallplatte zwischengeschaltet, auf die ausgew\u00e4hlte Ampullen - gegen Asthma oder Anti-Rauchen - gelegt werden.\" \/>\n<meta name=\"robots\" content=\"index, follow, max-snippet:-1, max-image-preview:large, max-video-preview:-1\" \/>\n<link rel=\"canonical\" href=\"https:\/\/diamondshieldzapper.com\/en\/was-ist-plate-zapping\/\" \/>\n<meta property=\"og:locale\" content=\"en_US\" \/>\n<meta property=\"og:type\" content=\"article\" \/>\n<meta property=\"og:title\" content=\"Was ist Plate-Zapping? - Diamond Shield Zapper\" \/>\n<meta property=\"og:description\" content=\"Beim Plate-Zapping wird zus\u00e4tzlich noch eine Metallplatte zwischengeschaltet, auf die ausgew\u00e4hlte Ampullen - gegen Asthma oder Anti-Rauchen - gelegt werden.\" \/>\n<meta property=\"og:url\" content=\"https:\/\/diamondshieldzapper.com\/en\/was-ist-plate-zapping\/\" \/>\n<meta property=\"og:site_name\" content=\"Diamond Shield Zapper\" \/>\n<meta property=\"article:publisher\" content=\"https:\/\/www.facebook.com\/heilpraktiker.baklayan\/\" \/>\n<meta property=\"article:modified_time\" content=\"2024-04-08T10:15:01+00:00\" \/>\n<meta property=\"og:image\" content=\"https:\/\/diamondshieldzapper.com\/wp-content\/uploads\/2015\/01\/ie-plate-ensemble-klein.jpg\" \/>\n<script type=\"application\/ld+json\" class=\"yoast-schema-graph\">{\"@context\":\"https:\\\/\\\/schema.org\",\"@graph\":[{\"@type\":\"WebPage\",\"@id\":\"https:\\\/\\\/diamondshieldzapper.com\\\/en\\\/was-ist-plate-zapping\\\/\",\"url\":\"https:\\\/\\\/diamondshieldzapper.com\\\/en\\\/was-ist-plate-zapping\\\/\",\"name\":\"Was ist Plate-Zapping? - Diamond Shield Zapper\",\"isPartOf\":{\"@id\":\"https:\\\/\\\/diamondshieldzapper.com\\\/en\\\/#website\"},\"primaryImageOfPage\":{\"@id\":\"https:\\\/\\\/diamondshieldzapper.com\\\/en\\\/was-ist-plate-zapping\\\/#primaryimage\"},\"image\":{\"@id\":\"https:\\\/\\\/diamondshieldzapper.com\\\/en\\\/was-ist-plate-zapping\\\/#primaryimage\"},\"thumbnailUrl\":\"https:\\\/\\\/diamondshieldzapper.com\\\/wp-content\\\/uploads\\\/2015\\\/01\\\/ie-plate-ensemble-klein.jpg\",\"datePublished\":\"2014-12-30T12:13:01+00:00\",\"dateModified\":\"2024-04-08T10:15:01+00:00\",\"description\":\"Beim Plate-Zapping wird zus\u00e4tzlich noch eine Metallplatte zwischengeschaltet, auf die ausgew\u00e4hlte Ampullen - gegen Asthma oder Anti-Rauchen - gelegt werden.\",\"breadcrumb\":{\"@id\":\"https:\\\/\\\/diamondshieldzapper.com\\\/en\\\/was-ist-plate-zapping\\\/#breadcrumb\"},\"inLanguage\":\"en-US\",\"potentialAction\":[{\"@type\":\"ReadAction\",\"target\":[\"https:\\\/\\\/diamondshieldzapper.com\\\/en\\\/was-ist-plate-zapping\\\/\"]}]},{\"@type\":\"ImageObject\",\"inLanguage\":\"en-US\",\"@id\":\"https:\\\/\\\/diamondshieldzapper.com\\\/en\\\/was-ist-plate-zapping\\\/#primaryimage\",\"url\":\"https:\\\/\\\/diamondshieldzapper.com\\\/wp-content\\\/uploads\\\/2015\\\/01\\\/ie-plate-ensemble-klein.jpg\",\"contentUrl\":\"https:\\\/\\\/diamondshieldzapper.com\\\/wp-content\\\/uploads\\\/2015\\\/01\\\/ie-plate-ensemble-klein.jpg\"},{\"@type\":\"BreadcrumbList\",\"@id\":\"https:\\\/\\\/diamondshieldzapper.com\\\/en\\\/was-ist-plate-zapping\\\/#breadcrumb\",\"itemListElement\":[{\"@type\":\"ListItem\",\"position\":1,\"name\":\"Home\",\"item\":\"https:\\\/\\\/diamondshieldzapper.com\\\/en\\\/\"},{\"@type\":\"ListItem\",\"position\":2,\"name\":\"Was ist Plate-Zapping?\"}]},{\"@type\":\"WebSite\",\"@id\":\"https:\\\/\\\/diamondshieldzapper.com\\\/en\\\/#website\",\"url\":\"https:\\\/\\\/diamondshieldzapper.com\\\/en\\\/\",\"name\":\"Diamond Shield Zapper\",\"description\":\"einfach nur Zappen war gestern\",\"potentialAction\":[{\"@type\":\"SearchAction\",\"target\":{\"@type\":\"EntryPoint\",\"urlTemplate\":\"https:\\\/\\\/diamondshieldzapper.com\\\/en\\\/?s={search_term_string}\"},\"query-input\":{\"@type\":\"PropertyValueSpecification\",\"valueRequired\":true,\"valueName\":\"search_term_string\"}}],\"inLanguage\":\"en-US\"}]}<\/script>\n<!-- \/ Yoast SEO plugin. -->","yoast_head_json":{"title":"Was ist Plate-Zapping? - Diamond Shield Zapper","description":"Beim Plate-Zapping wird zus\u00e4tzlich noch eine Metallplatte zwischengeschaltet, auf die ausgew\u00e4hlte Ampullen - gegen Asthma oder Anti-Rauchen - gelegt werden.","robots":{"index":"index","follow":"follow","max-snippet":"max-snippet:-1","max-image-preview":"max-image-preview:large","max-video-preview":"max-video-preview:-1"},"canonical":"https:\/\/diamondshieldzapper.com\/en\/was-ist-plate-zapping\/","og_locale":"en_US","og_type":"article","og_title":"Was ist Plate-Zapping? - Diamond Shield Zapper","og_description":"Beim Plate-Zapping wird zus\u00e4tzlich noch eine Metallplatte zwischengeschaltet, auf die ausgew\u00e4hlte Ampullen - gegen Asthma oder Anti-Rauchen - gelegt werden.","og_url":"https:\/\/diamondshieldzapper.com\/en\/was-ist-plate-zapping\/","og_site_name":"Diamond Shield Zapper","article_publisher":"https:\/\/www.facebook.com\/heilpraktiker.baklayan\/","article_modified_time":"2024-04-08T10:15:01+00:00","og_image":[{"url":"https:\/\/diamondshieldzapper.com\/wp-content\/uploads\/2015\/01\/ie-plate-ensemble-klein.jpg","type":"","width":"","height":""}],"schema":{"@context":"https:\/\/schema.org","@graph":[{"@type":"WebPage","@id":"https:\/\/diamondshieldzapper.com\/en\/was-ist-plate-zapping\/","url":"https:\/\/diamondshieldzapper.com\/en\/was-ist-plate-zapping\/","name":"Was ist Plate-Zapping? - Diamond Shield Zapper","isPartOf":{"@id":"https:\/\/diamondshieldzapper.com\/en\/#website"},"primaryImageOfPage":{"@id":"https:\/\/diamondshieldzapper.com\/en\/was-ist-plate-zapping\/#primaryimage"},"image":{"@id":"https:\/\/diamondshieldzapper.com\/en\/was-ist-plate-zapping\/#primaryimage"},"thumbnailUrl":"https:\/\/diamondshieldzapper.com\/wp-content\/uploads\/2015\/01\/ie-plate-ensemble-klein.jpg","datePublished":"2014-12-30T12:13:01+00:00","dateModified":"2024-04-08T10:15:01+00:00","description":"Beim Plate-Zapping wird zus\u00e4tzlich noch eine Metallplatte zwischengeschaltet, auf die ausgew\u00e4hlte Ampullen - gegen Asthma oder Anti-Rauchen - gelegt werden.","breadcrumb":{"@id":"https:\/\/diamondshieldzapper.com\/en\/was-ist-plate-zapping\/#breadcrumb"},"inLanguage":"en-US","potentialAction":[{"@type":"ReadAction","target":["https:\/\/diamondshieldzapper.com\/en\/was-ist-plate-zapping\/"]}]},{"@type":"ImageObject","inLanguage":"en-US","@id":"https:\/\/diamondshieldzapper.com\/en\/was-ist-plate-zapping\/#primaryimage","url":"https:\/\/diamondshieldzapper.com\/wp-content\/uploads\/2015\/01\/ie-plate-ensemble-klein.jpg","contentUrl":"https:\/\/diamondshieldzapper.com\/wp-content\/uploads\/2015\/01\/ie-plate-ensemble-klein.jpg"},{"@type":"BreadcrumbList","@id":"https:\/\/diamondshieldzapper.com\/en\/was-ist-plate-zapping\/#breadcrumb","itemListElement":[{"@type":"ListItem","position":1,"name":"Home","item":"https:\/\/diamondshieldzapper.com\/en\/"},{"@type":"ListItem","position":2,"name":"Was ist Plate-Zapping?"}]},{"@type":"WebSite","@id":"https:\/\/diamondshieldzapper.com\/en\/#website","url":"https:\/\/diamondshieldzapper.com\/en\/","name":"Diamond Shield Zapper","description":"einfach nur Zappen war gestern","potentialAction":[{"@type":"SearchAction","target":{"@type":"EntryPoint","urlTemplate":"https:\/\/diamondshieldzapper.com\/en\/?s={search_term_string}"},"query-input":{"@type":"PropertyValueSpecification","valueRequired":true,"valueName":"search_term_string"}}],"inLanguage":"en-US"}]}},"_links":{"self":[{"href":"https:\/\/diamondshieldzapper.com\/en\/wp-json\/wp\/v2\/pages\/1115","targetHints":{"allow":["GET"]}}],"collection":[{"href":"https:\/\/diamondshieldzapper.com\/en\/wp-json\/wp\/v2\/pages"}],"about":[{"href":"https:\/\/diamondshieldzapper.com\/en\/wp-json\/wp\/v2\/types\/page"}],"author":[{"embeddable":true,"href":"https:\/\/diamondshieldzapper.com\/en\/wp-json\/wp\/v2\/users\/2"}],"replies":[{"embeddable":true,"href":"https:\/\/diamondshieldzapper.com\/en\/wp-json\/wp\/v2\/comments?post=1115"}],"version-history":[{"count":1,"href":"https:\/\/diamondshieldzapper.com\/en\/wp-json\/wp\/v2\/pages\/1115\/revisions"}],"predecessor-version":[{"id":8651,"href":"https:\/\/diamondshieldzapper.com\/en\/wp-json\/wp\/v2\/pages\/1115\/revisions\/8651"}],"wp:attachment":[{"href":"https:\/\/diamondshieldzapper.com\/en\/wp-json\/wp\/v2\/media?parent=1115"}],"curies":[{"name":"wp","href":"https:\/\/api.w.org\/{rel}","templated":true}]}}