{"id":1124,"date":"2014-12-30T11:50:48","date_gmt":"2014-12-30T11:50:48","guid":{"rendered":"https:\/\/diamondshieldzapper.com\/?page_id=1124"},"modified":"2024-07-18T09:04:01","modified_gmt":"2024-07-18T09:04:01","slug":"harmonische-schwingungen-nach-baklayan","status":"publish","type":"page","link":"https:\/\/diamondshieldzapper.com\/en\/harmonische-schwingungen-nach-baklayan\/","title":{"rendered":"Harmonische Schwingungen nach Baklayan"},"content":{"rendered":"<p>Der Ursprung des Begriffs \u201e<strong>Harmonik<\/strong>\u201c liegt in einem Verbum, das die Bedeutung \u201eordnen und f\u00fcgen\u201c hat. Der urspr\u00fcngliche Bedeutungsinhalt des Wortes Harmonik, wie ihn Pythagoras und\u00a0seine Anh\u00e4nger entworfen haben, lautet Ordnung, gef\u00fcgt aus Ton und Zahl, ausflie\u00dfend in eine Harmonie der Welt (Kosmos).<\/p>\n<p>Der zugrunde liegende <strong>Kerngedanke des Pythagoras<\/strong> l\u00e4sst sich folgenderma\u00dfen zusammenfassen: \u201edas gesamte Weltall ist Harmonie und Zahl\u201c. Zus\u00e4tzlich hat das griechische Wort Harmonie noch eine weitere Bedeutung: Es kann auch ein musikalisches Intervall, genauer gesagt eine Oktave, damit gemeint sein. Das Besondere an der Oktave ist die Tatsache, dass sie alle T\u00f6ne umfasst und sich von der Tiefe bis zur H\u00f6he fortlaufend immer wiederholt.<\/p>\n<p>F\u00fcr ihre Untersuchungen wandten die Pythagoreer vorwiegend ein Messinstrument an, welches unter dem Begriff \u201e<strong>Monochord<\/strong>\u201c bekannt geworden ist. Es handelt sich hierbei um eine Box aus Holz, auf der der L\u00e4nge nach mehrere Saiten gespannt sind, \u00e4hnlich einem Streichinstrument. Unter den Saiten konnte man Stege frei verr\u00fccken und unterschiedliche L\u00e4ngen nachmessen.<\/p>\n<p>Durch dieses Ger\u00e4t konnte genau nachgewiesen werden, dass es eine <strong>Reziprozit\u00e4t von Seitenl\u00e4ngen und Frequenzen<\/strong> gibt (Ton).<\/p>\n<p>Vermutlich ist eine exakte Analogie zwischen einem Sinneseindruck und einem wissenschaftlichen mathematischen Verh\u00e4ltnis einzigartig.<\/p>\n<p>Denn wir sind alle damit aufgewachsen, dass unsere Sinneswahrnehmungen als unsere Verbindung zur Welt scheinbar selbstverst\u00e4ndlich als etwas sehr Subjektives gelten. Diese Vorstellung findet beispielsweise durch Alltagsweisheiten wie \u201eEs liegt im Auge des Betrachters\u201c ihren Ausdruck. Die erstaunliche Entdeckung, dass das H\u00f6ren dazu in der Lage ist, eine exakte Gesetzm\u00e4\u00dfigkeit zu erfassen, stellte diese Anschauungen auf den Kopf.<\/p>\n<p>Um ein Verst\u00e4ndnis f\u00fcr die Funktionsweise der <strong>Harmonikalischen Frequenztherapie<\/strong> nach Baklayan\u00ae zu erlangen, sollte folgende Tatsache &#8211; die \u00fcbrigens jeder Musikinstrumentenbauer zu seinem Wissen z\u00e4hlt &#8211; hinreichend bekannt sein, da die Herstellung aller Musikinstrumente auf diesem Prinzip beruht:<\/p>\n<p><strong>Das Verh\u00e4ltnis 1 zu \u00bd stellt eine Frequenzverdoppelung dar und somit dieselbe Note der n\u00e4chsten Oktave.\u00a0Solche mathematischen Verh\u00e4ltnisse gelten ebenso f\u00fcr alle restlichen Noten einer Oktave.<\/strong><\/p>\n<p>Das G ist im Verh\u00e4ltnis zum C bei einem Drittel der Saitenl\u00e4nge aufzufinden, dies entspricht folglich dem Verh\u00e4ltnis eins zu drei \u2013 1\/3. Die anderen T\u00f6ne der Oktave basieren ebenso auf mathematisch harmonischen Relationen.<\/p>\n<p><strong>Tabelle von Intervallen<\/strong><\/p>\n<table border=\"1\">\n<tbody>\n<tr>\n<td>Intervall<\/td>\n<td align=\"center\">Oktave<\/td>\n<td align=\"center\">Quinte<\/td>\n<td align=\"center\">Gro\u00dfe Terz<\/td>\n<td align=\"center\">Kleine Terz<\/td>\n<td align=\"center\">Quarte<\/td>\n<td align=\"center\">Kleine Sext<\/td>\n<td align=\"center\">Gro\u00dfe Sext<\/td>\n<td align=\"center\">Ganzton<\/td>\n<\/tr>\n<tr>\n<td>Frequenz-<br \/>\nverh\u00e4ltnis<\/td>\n<td align=\"center\">2:1<\/td>\n<td align=\"center\">3:2<\/td>\n<td align=\"center\">5:4<\/td>\n<td align=\"center\">6:5<\/td>\n<td align=\"center\">4:3<\/td>\n<td align=\"center\">8:5<\/td>\n<td align=\"center\">5:3<\/td>\n<td align=\"center\">9:8<\/td>\n<\/tr>\n<\/tbody>\n<\/table>\n<p>Heilpraktiker Baklayan war \u00fcberzeugt, dass\u00a0auch der K\u00f6rper mit all seinen Meridian-Systemen und Organen auch in seinen Funktionen aus solchen Verh\u00e4ltnism\u00e4\u00dfigkeiten bestehen m\u00fcsste. In 20-j\u00e4hriger Forschungsarbeit\u00a0machte er es sich zur Aufgabe diesen Zusammenhang zu beweisen. Dieses gelang Ihm dann endlich 2010, was er dann auch ver\u00f6ffentlichte.<\/p>\n<p>Ein Durchbruch war das Feststellen der Meridian-Grundfrequenzen. Daraus entstammen die 24 Frequenzen\u00a0<strong>des Diamond Shield Programms.<\/strong><\/p>\n<p>Wegen ihrer Sicherheit und Effektivit\u00e4t konnten diese Frequenzen\u00a0als Ausgangspunkt weiterer Betrachtungen dienen.<\/p>\n<p>Nach fast 20 Jahren der Forschung wurden <strong>zwei Tatsachen<\/strong> bewusst, die eigentlich l\u00e4ngst bekannt waren:<\/p>\n<ol>\n<li>dass es zw\u00f6lf Haupt-Meridiane gibt<\/li>\n<li>dass es innerhalb einer Oktave 12 T\u00f6ne gibt wenn man die Halbt\u00f6ne dazu z\u00e4hlt.<\/li>\n<\/ol>\n<p>Au\u00dferdem ist der <strong>traditionellen chinesischen Medizin<\/strong> seit Jahrtausenden bekannt, dass die \u00dcbertragung der Energie von einem Meridian zum anderen einer sorgf\u00e4ltig festgelegten Sequenz folgt. Dieses Ph\u00e4nomen hat im Westen vor allem durch die <strong>chinesische Organuhr<\/strong> Bekanntheit erlangt. Um das Frequenzspektrum jedes einzelnen Meridians bestimmen zu k\u00f6nnen, musste bei den Meridianen die Frequenz \u2013 sowohl die des Anfangspunktes als auch die des Endpunktes \u2013 abgegrenzt werden.<\/p>\n<p>Nach dem Anlegen einer Tabelle, die quasi von unten nach oben 25 Ebenen definiert, wurde klar, dass jede dieser Ebenen in sich ein komplettes <strong>Anwendungssystem<\/strong> f\u00fcr das Wohlsein des Menschen beinhaltet:<\/p>\n<ul>\n<li>Psychosomatische-Ebene<\/li>\n<li>Steuerungs-Ebene<\/li>\n<li>Organ-Ebene<\/li>\n<li>Meridian-Ebene<\/li>\n<li>Chakren-Ebene<\/li>\n<li>Vegetative Ebene<\/li>\n<li>Organ-Entgiftungs-Ebene<\/li>\n<\/ul>\n<p>usw.<\/p>\n","protected":false},"excerpt":{"rendered":"<p>Der Ursprung des Begriffs \u201eHarmonik\u201c liegt in einem Verbum, das die Bedeutung \u201eordnen und f\u00fcgen\u201c hat. Der urspr\u00fcngliche Bedeutungsinhalt des Wortes Harmonik, wie ihn Pythagoras und\u00a0seine Anh\u00e4nger entworfen haben, lautet Ordnung, gef\u00fcgt aus Ton und Zahl, ausflie\u00dfend in eine Harmonie der Welt (Kosmos). Der zugrunde liegende Kerngedanke des Pythagoras l\u00e4sst sich folgenderma\u00dfen zusammenfassen: \u201edas gesamte Weltall ist Harmonie und Zahl\u201c. &#8230; <a href=\"https:\/\/diamondshieldzapper.com\/en\/harmonische-schwingungen-nach-baklayan\/\" class=\"more-link\">Read More<\/a><\/p>\n","protected":false},"author":2,"featured_media":0,"parent":0,"menu_order":0,"comment_status":"closed","ping_status":"open","template":"","meta":{"_bbp_topic_count":0,"_bbp_reply_count":0,"_bbp_total_topic_count":0,"_bbp_total_reply_count":0,"_bbp_voice_count":0,"_bbp_anonymous_reply_count":0,"_bbp_topic_count_hidden":0,"_bbp_reply_count_hidden":0,"_bbp_forum_subforum_count":0,"rs_blank_template":"","rs_page_bg_color":"","slide_template_v7":"","_monsterinsights_skip_tracking":false,"_monsterinsights_sitenote_active":false,"_monsterinsights_sitenote_note":"","_monsterinsights_sitenote_category":0,"footnotes":""},"class_list":["post-1124","page","type-page","status-publish","hentry","no-post-thumbnail"],"yoast_head":"<!-- This site is optimized with the Yoast SEO plugin v27.3 - https:\/\/yoast.com\/product\/yoast-seo-wordpress\/ -->\n<title>Harmonische Schwingungen nach Baklayan - Diamond Shield Zapper<\/title>\n<meta name=\"description\" content=\"Mit Harmonische Schwingungen nach Baklayan bildete der erfahrene Heilpraktiker Alan E. Baklayan den Grundstock f\u00fcr die Entwicklung des Diamond Shield IE.\" \/>\n<meta name=\"robots\" content=\"index, follow, max-snippet:-1, max-image-preview:large, max-video-preview:-1\" \/>\n<link rel=\"canonical\" href=\"https:\/\/diamondshieldzapper.com\/en\/harmonische-schwingungen-nach-baklayan\/\" \/>\n<meta property=\"og:locale\" content=\"en_US\" \/>\n<meta property=\"og:type\" content=\"article\" \/>\n<meta property=\"og:title\" content=\"Harmonische Schwingungen nach Baklayan - Diamond Shield Zapper\" \/>\n<meta property=\"og:description\" content=\"Mit Harmonische Schwingungen nach Baklayan bildete der erfahrene Heilpraktiker Alan E. Baklayan den Grundstock f\u00fcr die Entwicklung des Diamond Shield IE.\" \/>\n<meta property=\"og:url\" content=\"https:\/\/diamondshieldzapper.com\/en\/harmonische-schwingungen-nach-baklayan\/\" \/>\n<meta property=\"og:site_name\" content=\"Diamond Shield Zapper\" \/>\n<meta property=\"article:publisher\" content=\"https:\/\/www.facebook.com\/heilpraktiker.baklayan\/\" \/>\n<meta property=\"article:modified_time\" content=\"2024-07-18T09:04:01+00:00\" \/>\n<meta property=\"og:image\" content=\"https:\/\/diamondshieldzapper.com\/wp-content\/uploads\/2015\/10\/slider-crystal-2-1000x.jpg\" \/>\n<meta name=\"twitter:label1\" content=\"Est. reading time\" \/>\n\t<meta name=\"twitter:data1\" content=\"3 minutes\" \/>\n<script type=\"application\/ld+json\" class=\"yoast-schema-graph\">{\"@context\":\"https:\\\/\\\/schema.org\",\"@graph\":[{\"@type\":\"WebPage\",\"@id\":\"https:\\\/\\\/diamondshieldzapper.com\\\/en\\\/harmonische-schwingungen-nach-baklayan\\\/\",\"url\":\"https:\\\/\\\/diamondshieldzapper.com\\\/en\\\/harmonische-schwingungen-nach-baklayan\\\/\",\"name\":\"Harmonische Schwingungen nach Baklayan - Diamond Shield Zapper\",\"isPartOf\":{\"@id\":\"https:\\\/\\\/diamondshieldzapper.com\\\/en\\\/#website\"},\"datePublished\":\"2014-12-30T11:50:48+00:00\",\"dateModified\":\"2024-07-18T09:04:01+00:00\",\"description\":\"Mit Harmonische Schwingungen nach Baklayan bildete der erfahrene Heilpraktiker Alan E. Baklayan den Grundstock f\u00fcr die Entwicklung des Diamond Shield IE.\",\"breadcrumb\":{\"@id\":\"https:\\\/\\\/diamondshieldzapper.com\\\/en\\\/harmonische-schwingungen-nach-baklayan\\\/#breadcrumb\"},\"inLanguage\":\"en-US\",\"potentialAction\":[{\"@type\":\"ReadAction\",\"target\":[\"https:\\\/\\\/diamondshieldzapper.com\\\/en\\\/harmonische-schwingungen-nach-baklayan\\\/\"]}]},{\"@type\":\"BreadcrumbList\",\"@id\":\"https:\\\/\\\/diamondshieldzapper.com\\\/en\\\/harmonische-schwingungen-nach-baklayan\\\/#breadcrumb\",\"itemListElement\":[{\"@type\":\"ListItem\",\"position\":1,\"name\":\"Home\",\"item\":\"https:\\\/\\\/diamondshieldzapper.com\\\/en\\\/\"},{\"@type\":\"ListItem\",\"position\":2,\"name\":\"Harmonische Schwingungen nach Baklayan\"}]},{\"@type\":\"WebSite\",\"@id\":\"https:\\\/\\\/diamondshieldzapper.com\\\/en\\\/#website\",\"url\":\"https:\\\/\\\/diamondshieldzapper.com\\\/en\\\/\",\"name\":\"Diamond Shield Zapper\",\"description\":\"einfach nur Zappen war gestern\",\"potentialAction\":[{\"@type\":\"SearchAction\",\"target\":{\"@type\":\"EntryPoint\",\"urlTemplate\":\"https:\\\/\\\/diamondshieldzapper.com\\\/en\\\/?s={search_term_string}\"},\"query-input\":{\"@type\":\"PropertyValueSpecification\",\"valueRequired\":true,\"valueName\":\"search_term_string\"}}],\"inLanguage\":\"en-US\"}]}<\/script>\n<!-- \/ Yoast SEO plugin. -->","yoast_head_json":{"title":"Harmonische Schwingungen nach Baklayan - Diamond Shield Zapper","description":"Mit Harmonische Schwingungen nach Baklayan bildete der erfahrene Heilpraktiker Alan E. Baklayan den Grundstock f\u00fcr die Entwicklung des Diamond Shield IE.","robots":{"index":"index","follow":"follow","max-snippet":"max-snippet:-1","max-image-preview":"max-image-preview:large","max-video-preview":"max-video-preview:-1"},"canonical":"https:\/\/diamondshieldzapper.com\/en\/harmonische-schwingungen-nach-baklayan\/","og_locale":"en_US","og_type":"article","og_title":"Harmonische Schwingungen nach Baklayan - Diamond Shield Zapper","og_description":"Mit Harmonische Schwingungen nach Baklayan bildete der erfahrene Heilpraktiker Alan E. Baklayan den Grundstock f\u00fcr die Entwicklung des Diamond Shield IE.","og_url":"https:\/\/diamondshieldzapper.com\/en\/harmonische-schwingungen-nach-baklayan\/","og_site_name":"Diamond Shield Zapper","article_publisher":"https:\/\/www.facebook.com\/heilpraktiker.baklayan\/","article_modified_time":"2024-07-18T09:04:01+00:00","og_image":[{"url":"https:\/\/diamondshieldzapper.com\/wp-content\/uploads\/2015\/10\/slider-crystal-2-1000x.jpg","type":"","width":"","height":""}],"twitter_misc":{"Est. reading time":"3 minutes"},"schema":{"@context":"https:\/\/schema.org","@graph":[{"@type":"WebPage","@id":"https:\/\/diamondshieldzapper.com\/en\/harmonische-schwingungen-nach-baklayan\/","url":"https:\/\/diamondshieldzapper.com\/en\/harmonische-schwingungen-nach-baklayan\/","name":"Harmonische Schwingungen nach Baklayan - Diamond Shield Zapper","isPartOf":{"@id":"https:\/\/diamondshieldzapper.com\/en\/#website"},"datePublished":"2014-12-30T11:50:48+00:00","dateModified":"2024-07-18T09:04:01+00:00","description":"Mit Harmonische Schwingungen nach Baklayan bildete der erfahrene Heilpraktiker Alan E. Baklayan den Grundstock f\u00fcr die Entwicklung des Diamond Shield IE.","breadcrumb":{"@id":"https:\/\/diamondshieldzapper.com\/en\/harmonische-schwingungen-nach-baklayan\/#breadcrumb"},"inLanguage":"en-US","potentialAction":[{"@type":"ReadAction","target":["https:\/\/diamondshieldzapper.com\/en\/harmonische-schwingungen-nach-baklayan\/"]}]},{"@type":"BreadcrumbList","@id":"https:\/\/diamondshieldzapper.com\/en\/harmonische-schwingungen-nach-baklayan\/#breadcrumb","itemListElement":[{"@type":"ListItem","position":1,"name":"Home","item":"https:\/\/diamondshieldzapper.com\/en\/"},{"@type":"ListItem","position":2,"name":"Harmonische Schwingungen nach Baklayan"}]},{"@type":"WebSite","@id":"https:\/\/diamondshieldzapper.com\/en\/#website","url":"https:\/\/diamondshieldzapper.com\/en\/","name":"Diamond Shield Zapper","description":"einfach nur Zappen war gestern","potentialAction":[{"@type":"SearchAction","target":{"@type":"EntryPoint","urlTemplate":"https:\/\/diamondshieldzapper.com\/en\/?s={search_term_string}"},"query-input":{"@type":"PropertyValueSpecification","valueRequired":true,"valueName":"search_term_string"}}],"inLanguage":"en-US"}]}},"_links":{"self":[{"href":"https:\/\/diamondshieldzapper.com\/en\/wp-json\/wp\/v2\/pages\/1124","targetHints":{"allow":["GET"]}}],"collection":[{"href":"https:\/\/diamondshieldzapper.com\/en\/wp-json\/wp\/v2\/pages"}],"about":[{"href":"https:\/\/diamondshieldzapper.com\/en\/wp-json\/wp\/v2\/types\/page"}],"author":[{"embeddable":true,"href":"https:\/\/diamondshieldzapper.com\/en\/wp-json\/wp\/v2\/users\/2"}],"replies":[{"embeddable":true,"href":"https:\/\/diamondshieldzapper.com\/en\/wp-json\/wp\/v2\/comments?post=1124"}],"version-history":[{"count":1,"href":"https:\/\/diamondshieldzapper.com\/en\/wp-json\/wp\/v2\/pages\/1124\/revisions"}],"predecessor-version":[{"id":10287,"href":"https:\/\/diamondshieldzapper.com\/en\/wp-json\/wp\/v2\/pages\/1124\/revisions\/10287"}],"wp:attachment":[{"href":"https:\/\/diamondshieldzapper.com\/en\/wp-json\/wp\/v2\/media?parent=1124"}],"curies":[{"name":"wp","href":"https:\/\/api.w.org\/{rel}","templated":true}]}}