{"id":4569,"date":"2018-09-11T19:51:57","date_gmt":"2018-09-11T19:51:57","guid":{"rendered":"https:\/\/diamondshieldzapper.com\/diamond-shield-zapper-chipcard-magen\/"},"modified":"2022-10-24T13:18:50","modified_gmt":"2022-10-24T13:18:50","slug":"diamond-shield-zapper-chipcard-magen","status":"publish","type":"page","link":"https:\/\/diamondshieldzapper.com\/en\/diamond-shield-zapper-chipcard-magen\/","title":{"rendered":"Diamond Shield Zapper Chipcard Ma &#8211; Magen"},"content":{"rendered":"<div id=\"cs-content\" class=\"cs-content\"><\/div>\n","protected":false},"excerpt":{"rendered":"<p>At a glance This ChipCard supports all essential functions of the stomach. Bioenergetic testing by therapist stomach meridian For self-help:\u00a0 Supporting ChipCards: FvE opening of the intracellular space DTX activates excretion and detoxification Prepare with BiBlo to eliminate bioenergetic blockades LY Lymphatic drainage Relaxation Program Diamond Shield Program Basic balancing of energy levels Crystal for a deep regulation of the &#8230; <a href=\"https:\/\/diamondshieldzapper.com\/en\/diamond-shield-zapper-chipcard-magen\/\" class=\"more-link\">Read More<\/a><\/p>\n","protected":false},"author":2,"featured_media":0,"parent":0,"menu_order":0,"comment_status":"closed","ping_status":"closed","template":"","meta":{"_bbp_topic_count":0,"_bbp_reply_count":0,"_bbp_total_topic_count":0,"_bbp_total_reply_count":0,"_bbp_voice_count":0,"_bbp_anonymous_reply_count":0,"_bbp_topic_count_hidden":0,"_bbp_reply_count_hidden":0,"_bbp_forum_subforum_count":0,"rs_blank_template":"","rs_page_bg_color":"","slide_template_v7":"","_monsterinsights_skip_tracking":false,"_monsterinsights_sitenote_active":false,"_monsterinsights_sitenote_note":"","_monsterinsights_sitenote_category":0,"footnotes":""},"class_list":["post-4569","page","type-page","status-publish","hentry","no-post-thumbnail"],"yoast_head":"<!-- This site is optimized with the Yoast SEO plugin v27.3 - https:\/\/yoast.com\/product\/yoast-seo-wordpress\/ -->\n<title>Diamond Shield Zapper Chipcard Ma - Magen<\/title>\n<meta name=\"description\" content=\"Diamond Shield Zapper Chipcard Ma - Magen - Der Magen ist nach der alten Humoralpathologie der Hauptsitz des Tonus des K\u00f6rpers. Wenn er \u00fcberfordert, \u00fcbers\u00e4uert oder schlaff wird, kann dies durchaus Funktionen beeinflussen, die man gew\u00f6hnlich nicht mit ihm in Zusammenhang bringt.\" \/>\n<meta name=\"robots\" content=\"index, follow, max-snippet:-1, max-image-preview:large, max-video-preview:-1\" \/>\n<link rel=\"canonical\" href=\"https:\/\/diamondshieldzapper.com\/en\/diamond-shield-zapper-chipcard-magen\/\" \/>\n<meta property=\"og:locale\" content=\"en_US\" \/>\n<meta property=\"og:type\" content=\"article\" \/>\n<meta property=\"og:title\" content=\"Diamond Shield Zapper Chipcard Ma - Magen\" \/>\n<meta property=\"og:description\" content=\"Diamond Shield Zapper Chipcard Ma - Magen - Der Magen ist nach der alten Humoralpathologie der Hauptsitz des Tonus des K\u00f6rpers. Wenn er \u00fcberfordert, \u00fcbers\u00e4uert oder schlaff wird, kann dies durchaus Funktionen beeinflussen, die man gew\u00f6hnlich nicht mit ihm in Zusammenhang bringt.\" \/>\n<meta property=\"og:url\" content=\"https:\/\/diamondshieldzapper.com\/en\/diamond-shield-zapper-chipcard-magen\/\" \/>\n<meta property=\"og:site_name\" content=\"Diamond Shield Zapper\" \/>\n<meta property=\"article:publisher\" content=\"https:\/\/www.facebook.com\/heilpraktiker.baklayan\/\" \/>\n<meta property=\"article:modified_time\" content=\"2022-10-24T13:18:50+00:00\" \/>\n<meta property=\"og:image\" content=\"https:\/\/diamondshieldzapper.com\/wp-content\/uploads\/2015\/10\/slider-crystal-2-1000x.jpg\" \/>\n<script type=\"application\/ld+json\" class=\"yoast-schema-graph\">{\"@context\":\"https:\\\/\\\/schema.org\",\"@graph\":[{\"@type\":\"WebPage\",\"@id\":\"https:\\\/\\\/diamondshieldzapper.com\\\/en\\\/diamond-shield-zapper-chipcard-magen\\\/\",\"url\":\"https:\\\/\\\/diamondshieldzapper.com\\\/en\\\/diamond-shield-zapper-chipcard-magen\\\/\",\"name\":\"Diamond Shield Zapper Chipcard Ma - Magen\",\"isPartOf\":{\"@id\":\"https:\\\/\\\/diamondshieldzapper.com\\\/en\\\/#website\"},\"datePublished\":\"2018-09-11T19:51:57+00:00\",\"dateModified\":\"2022-10-24T13:18:50+00:00\",\"description\":\"Diamond Shield Zapper Chipcard Ma - Magen - Der Magen ist nach der alten Humoralpathologie der Hauptsitz des Tonus des K\u00f6rpers. Wenn er \u00fcberfordert, \u00fcbers\u00e4uert oder schlaff wird, kann dies durchaus Funktionen beeinflussen, die man gew\u00f6hnlich nicht mit ihm in Zusammenhang bringt.\",\"breadcrumb\":{\"@id\":\"https:\\\/\\\/diamondshieldzapper.com\\\/en\\\/diamond-shield-zapper-chipcard-magen\\\/#breadcrumb\"},\"inLanguage\":\"en-US\",\"potentialAction\":[{\"@type\":\"ReadAction\",\"target\":[\"https:\\\/\\\/diamondshieldzapper.com\\\/en\\\/diamond-shield-zapper-chipcard-magen\\\/\"]}]},{\"@type\":\"BreadcrumbList\",\"@id\":\"https:\\\/\\\/diamondshieldzapper.com\\\/en\\\/diamond-shield-zapper-chipcard-magen\\\/#breadcrumb\",\"itemListElement\":[{\"@type\":\"ListItem\",\"position\":1,\"name\":\"Home\",\"item\":\"https:\\\/\\\/diamondshieldzapper.com\\\/en\\\/\"},{\"@type\":\"ListItem\",\"position\":2,\"name\":\"Diamond Shield Zapper Chipcard Ma &#8211; Magen\"}]},{\"@type\":\"WebSite\",\"@id\":\"https:\\\/\\\/diamondshieldzapper.com\\\/en\\\/#website\",\"url\":\"https:\\\/\\\/diamondshieldzapper.com\\\/en\\\/\",\"name\":\"Diamond Shield Zapper\",\"description\":\"einfach nur Zappen war gestern\",\"potentialAction\":[{\"@type\":\"SearchAction\",\"target\":{\"@type\":\"EntryPoint\",\"urlTemplate\":\"https:\\\/\\\/diamondshieldzapper.com\\\/en\\\/?s={search_term_string}\"},\"query-input\":{\"@type\":\"PropertyValueSpecification\",\"valueRequired\":true,\"valueName\":\"search_term_string\"}}],\"inLanguage\":\"en-US\"}]}<\/script>\n<!-- \/ Yoast SEO plugin. -->","yoast_head_json":{"title":"Diamond Shield Zapper Chipcard Ma - Magen","description":"Diamond Shield Zapper Chipcard Ma - Magen - Der Magen ist nach der alten Humoralpathologie der Hauptsitz des Tonus des K\u00f6rpers. Wenn er \u00fcberfordert, \u00fcbers\u00e4uert oder schlaff wird, kann dies durchaus Funktionen beeinflussen, die man gew\u00f6hnlich nicht mit ihm in Zusammenhang bringt.","robots":{"index":"index","follow":"follow","max-snippet":"max-snippet:-1","max-image-preview":"max-image-preview:large","max-video-preview":"max-video-preview:-1"},"canonical":"https:\/\/diamondshieldzapper.com\/en\/diamond-shield-zapper-chipcard-magen\/","og_locale":"en_US","og_type":"article","og_title":"Diamond Shield Zapper Chipcard Ma - Magen","og_description":"Diamond Shield Zapper Chipcard Ma - Magen - Der Magen ist nach der alten Humoralpathologie der Hauptsitz des Tonus des K\u00f6rpers. Wenn er \u00fcberfordert, \u00fcbers\u00e4uert oder schlaff wird, kann dies durchaus Funktionen beeinflussen, die man gew\u00f6hnlich nicht mit ihm in Zusammenhang bringt.","og_url":"https:\/\/diamondshieldzapper.com\/en\/diamond-shield-zapper-chipcard-magen\/","og_site_name":"Diamond Shield Zapper","article_publisher":"https:\/\/www.facebook.com\/heilpraktiker.baklayan\/","article_modified_time":"2022-10-24T13:18:50+00:00","og_image":[{"url":"https:\/\/diamondshieldzapper.com\/wp-content\/uploads\/2015\/10\/slider-crystal-2-1000x.jpg","type":"","width":"","height":""}],"schema":{"@context":"https:\/\/schema.org","@graph":[{"@type":"WebPage","@id":"https:\/\/diamondshieldzapper.com\/en\/diamond-shield-zapper-chipcard-magen\/","url":"https:\/\/diamondshieldzapper.com\/en\/diamond-shield-zapper-chipcard-magen\/","name":"Diamond Shield Zapper Chipcard Ma - Magen","isPartOf":{"@id":"https:\/\/diamondshieldzapper.com\/en\/#website"},"datePublished":"2018-09-11T19:51:57+00:00","dateModified":"2022-10-24T13:18:50+00:00","description":"Diamond Shield Zapper Chipcard Ma - Magen - Der Magen ist nach der alten Humoralpathologie der Hauptsitz des Tonus des K\u00f6rpers. Wenn er \u00fcberfordert, \u00fcbers\u00e4uert oder schlaff wird, kann dies durchaus Funktionen beeinflussen, die man gew\u00f6hnlich nicht mit ihm in Zusammenhang bringt.","breadcrumb":{"@id":"https:\/\/diamondshieldzapper.com\/en\/diamond-shield-zapper-chipcard-magen\/#breadcrumb"},"inLanguage":"en-US","potentialAction":[{"@type":"ReadAction","target":["https:\/\/diamondshieldzapper.com\/en\/diamond-shield-zapper-chipcard-magen\/"]}]},{"@type":"BreadcrumbList","@id":"https:\/\/diamondshieldzapper.com\/en\/diamond-shield-zapper-chipcard-magen\/#breadcrumb","itemListElement":[{"@type":"ListItem","position":1,"name":"Home","item":"https:\/\/diamondshieldzapper.com\/en\/"},{"@type":"ListItem","position":2,"name":"Diamond Shield Zapper Chipcard Ma &#8211; Magen"}]},{"@type":"WebSite","@id":"https:\/\/diamondshieldzapper.com\/en\/#website","url":"https:\/\/diamondshieldzapper.com\/en\/","name":"Diamond Shield Zapper","description":"einfach nur Zappen war gestern","potentialAction":[{"@type":"SearchAction","target":{"@type":"EntryPoint","urlTemplate":"https:\/\/diamondshieldzapper.com\/en\/?s={search_term_string}"},"query-input":{"@type":"PropertyValueSpecification","valueRequired":true,"valueName":"search_term_string"}}],"inLanguage":"en-US"}]}},"_links":{"self":[{"href":"https:\/\/diamondshieldzapper.com\/en\/wp-json\/wp\/v2\/pages\/4569","targetHints":{"allow":["GET"]}}],"collection":[{"href":"https:\/\/diamondshieldzapper.com\/en\/wp-json\/wp\/v2\/pages"}],"about":[{"href":"https:\/\/diamondshieldzapper.com\/en\/wp-json\/wp\/v2\/types\/page"}],"author":[{"embeddable":true,"href":"https:\/\/diamondshieldzapper.com\/en\/wp-json\/wp\/v2\/users\/2"}],"replies":[{"embeddable":true,"href":"https:\/\/diamondshieldzapper.com\/en\/wp-json\/wp\/v2\/comments?post=4569"}],"version-history":[{"count":0,"href":"https:\/\/diamondshieldzapper.com\/en\/wp-json\/wp\/v2\/pages\/4569\/revisions"}],"wp:attachment":[{"href":"https:\/\/diamondshieldzapper.com\/en\/wp-json\/wp\/v2\/media?parent=4569"}],"curies":[{"name":"wp","href":"https:\/\/api.w.org\/{rel}","templated":true}]}}