{"id":4609,"date":"2018-09-12T19:19:48","date_gmt":"2018-09-12T19:19:48","guid":{"rendered":"https:\/\/diamondshieldzapper.com\/diamond-shield-zapper-chipcard-tinnitus\/"},"modified":"2022-10-24T13:19:27","modified_gmt":"2022-10-24T13:19:27","slug":"diamond-shield-zapper-chipcard-tinnitus","status":"publish","type":"page","link":"https:\/\/diamondshieldzapper.com\/en\/diamond-shield-zapper-chipcard-tinnitus\/","title":{"rendered":"Diamond Shield Zapper Chipcard Tin &#8211; Tinnitus"},"content":{"rendered":"<div id=\"cs-content\" class=\"cs-content\"><\/div>\n","protected":false},"excerpt":{"rendered":"<p>At a glance No more noises in the ear Bioenergetic testing by therapist nerve system and lymph meridians For self-help: Supporting ChipCards: Prepare with BiBlo to eliminate bioenergetic blockades DTX activates excretion and detoxification HNO with bacterial loads Diamond Shield Program Basic balancing of energy levels Crystal for a deep regulation of the entire meridian system Combination with: WOOD Support &#8230; <a href=\"https:\/\/diamondshieldzapper.com\/en\/diamond-shield-zapper-chipcard-tinnitus\/\" class=\"more-link\">Read More<\/a><\/p>\n","protected":false},"author":2,"featured_media":0,"parent":0,"menu_order":0,"comment_status":"closed","ping_status":"closed","template":"","meta":{"_bbp_topic_count":0,"_bbp_reply_count":0,"_bbp_total_topic_count":0,"_bbp_total_reply_count":0,"_bbp_voice_count":0,"_bbp_anonymous_reply_count":0,"_bbp_topic_count_hidden":0,"_bbp_reply_count_hidden":0,"_bbp_forum_subforum_count":0,"rs_blank_template":"","rs_page_bg_color":"","slide_template_v7":"","_monsterinsights_skip_tracking":false,"_monsterinsights_sitenote_active":false,"_monsterinsights_sitenote_note":"","_monsterinsights_sitenote_category":0,"footnotes":""},"class_list":["post-4609","page","type-page","status-publish","hentry","no-post-thumbnail"],"yoast_head":"<!-- This site is optimized with the Yoast SEO plugin v27.3 - https:\/\/yoast.com\/product\/yoast-seo-wordpress\/ -->\n<title>Diamond Shield Zapper Chipcard Tin - Tinnitus - Ohrensausen<\/title>\n<meta name=\"description\" content=\"Diamond Shield Zapper Chipcard Tin - Tinnitus - Die Ursachen f\u00fcr Tinnitus k\u00f6nnen vielf\u00e4ltig sein. Es kommen Schwermetalle, Medikamenten-Nebenwirkungen, N\u00e4hrstoff-m\u00e4ngel, Folgen eines Morbus Meni\u00e8re oder einer Otitis, Zahn- oder Mastoidherde sowie eine Infektion mit Trichinella spiralis in Frage\" \/>\n<meta name=\"robots\" content=\"index, follow, max-snippet:-1, max-image-preview:large, max-video-preview:-1\" \/>\n<link rel=\"canonical\" href=\"https:\/\/diamondshieldzapper.com\/en\/diamond-shield-zapper-chipcard-tinnitus\/\" \/>\n<meta property=\"og:locale\" content=\"en_US\" \/>\n<meta property=\"og:type\" content=\"article\" \/>\n<meta property=\"og:title\" content=\"Diamond Shield Zapper Chipcard Tin - Tinnitus - Ohrensausen\" \/>\n<meta property=\"og:description\" content=\"Diamond Shield Zapper Chipcard Tin - Tinnitus - Die Ursachen f\u00fcr Tinnitus k\u00f6nnen vielf\u00e4ltig sein. Es kommen Schwermetalle, Medikamenten-Nebenwirkungen, N\u00e4hrstoff-m\u00e4ngel, Folgen eines Morbus Meni\u00e8re oder einer Otitis, Zahn- oder Mastoidherde sowie eine Infektion mit Trichinella spiralis in Frage\" \/>\n<meta property=\"og:url\" content=\"https:\/\/diamondshieldzapper.com\/en\/diamond-shield-zapper-chipcard-tinnitus\/\" \/>\n<meta property=\"og:site_name\" content=\"Diamond Shield Zapper\" \/>\n<meta property=\"article:publisher\" content=\"https:\/\/www.facebook.com\/heilpraktiker.baklayan\/\" \/>\n<meta property=\"article:modified_time\" content=\"2022-10-24T13:19:27+00:00\" \/>\n<meta property=\"og:image\" content=\"https:\/\/diamondshieldzapper.com\/wp-content\/uploads\/2015\/10\/slider-crystal-2-1000x.jpg\" \/>\n<script type=\"application\/ld+json\" class=\"yoast-schema-graph\">{\"@context\":\"https:\\\/\\\/schema.org\",\"@graph\":[{\"@type\":\"WebPage\",\"@id\":\"https:\\\/\\\/diamondshieldzapper.com\\\/en\\\/diamond-shield-zapper-chipcard-tinnitus\\\/\",\"url\":\"https:\\\/\\\/diamondshieldzapper.com\\\/en\\\/diamond-shield-zapper-chipcard-tinnitus\\\/\",\"name\":\"Diamond Shield Zapper Chipcard Tin - Tinnitus - Ohrensausen\",\"isPartOf\":{\"@id\":\"https:\\\/\\\/diamondshieldzapper.com\\\/en\\\/#website\"},\"datePublished\":\"2018-09-12T19:19:48+00:00\",\"dateModified\":\"2022-10-24T13:19:27+00:00\",\"description\":\"Diamond Shield Zapper Chipcard Tin - Tinnitus - Die Ursachen f\u00fcr Tinnitus k\u00f6nnen vielf\u00e4ltig sein. Es kommen Schwermetalle, Medikamenten-Nebenwirkungen, N\u00e4hrstoff-m\u00e4ngel, Folgen eines Morbus Meni\u00e8re oder einer Otitis, Zahn- oder Mastoidherde sowie eine Infektion mit Trichinella spiralis in Frage\",\"breadcrumb\":{\"@id\":\"https:\\\/\\\/diamondshieldzapper.com\\\/en\\\/diamond-shield-zapper-chipcard-tinnitus\\\/#breadcrumb\"},\"inLanguage\":\"en-US\",\"potentialAction\":[{\"@type\":\"ReadAction\",\"target\":[\"https:\\\/\\\/diamondshieldzapper.com\\\/en\\\/diamond-shield-zapper-chipcard-tinnitus\\\/\"]}]},{\"@type\":\"BreadcrumbList\",\"@id\":\"https:\\\/\\\/diamondshieldzapper.com\\\/en\\\/diamond-shield-zapper-chipcard-tinnitus\\\/#breadcrumb\",\"itemListElement\":[{\"@type\":\"ListItem\",\"position\":1,\"name\":\"Home\",\"item\":\"https:\\\/\\\/diamondshieldzapper.com\\\/en\\\/\"},{\"@type\":\"ListItem\",\"position\":2,\"name\":\"Diamond Shield Zapper Chipcard Tin &#8211; Tinnitus\"}]},{\"@type\":\"WebSite\",\"@id\":\"https:\\\/\\\/diamondshieldzapper.com\\\/en\\\/#website\",\"url\":\"https:\\\/\\\/diamondshieldzapper.com\\\/en\\\/\",\"name\":\"Diamond Shield Zapper\",\"description\":\"einfach nur Zappen war gestern\",\"potentialAction\":[{\"@type\":\"SearchAction\",\"target\":{\"@type\":\"EntryPoint\",\"urlTemplate\":\"https:\\\/\\\/diamondshieldzapper.com\\\/en\\\/?s={search_term_string}\"},\"query-input\":{\"@type\":\"PropertyValueSpecification\",\"valueRequired\":true,\"valueName\":\"search_term_string\"}}],\"inLanguage\":\"en-US\"}]}<\/script>\n<!-- \/ Yoast SEO plugin. -->","yoast_head_json":{"title":"Diamond Shield Zapper Chipcard Tin - Tinnitus - Ohrensausen","description":"Diamond Shield Zapper Chipcard Tin - Tinnitus - Die Ursachen f\u00fcr Tinnitus k\u00f6nnen vielf\u00e4ltig sein. Es kommen Schwermetalle, Medikamenten-Nebenwirkungen, N\u00e4hrstoff-m\u00e4ngel, Folgen eines Morbus Meni\u00e8re oder einer Otitis, Zahn- oder Mastoidherde sowie eine Infektion mit Trichinella spiralis in Frage","robots":{"index":"index","follow":"follow","max-snippet":"max-snippet:-1","max-image-preview":"max-image-preview:large","max-video-preview":"max-video-preview:-1"},"canonical":"https:\/\/diamondshieldzapper.com\/en\/diamond-shield-zapper-chipcard-tinnitus\/","og_locale":"en_US","og_type":"article","og_title":"Diamond Shield Zapper Chipcard Tin - Tinnitus - Ohrensausen","og_description":"Diamond Shield Zapper Chipcard Tin - Tinnitus - Die Ursachen f\u00fcr Tinnitus k\u00f6nnen vielf\u00e4ltig sein. Es kommen Schwermetalle, Medikamenten-Nebenwirkungen, N\u00e4hrstoff-m\u00e4ngel, Folgen eines Morbus Meni\u00e8re oder einer Otitis, Zahn- oder Mastoidherde sowie eine Infektion mit Trichinella spiralis in Frage","og_url":"https:\/\/diamondshieldzapper.com\/en\/diamond-shield-zapper-chipcard-tinnitus\/","og_site_name":"Diamond Shield Zapper","article_publisher":"https:\/\/www.facebook.com\/heilpraktiker.baklayan\/","article_modified_time":"2022-10-24T13:19:27+00:00","og_image":[{"url":"https:\/\/diamondshieldzapper.com\/wp-content\/uploads\/2015\/10\/slider-crystal-2-1000x.jpg","type":"","width":"","height":""}],"schema":{"@context":"https:\/\/schema.org","@graph":[{"@type":"WebPage","@id":"https:\/\/diamondshieldzapper.com\/en\/diamond-shield-zapper-chipcard-tinnitus\/","url":"https:\/\/diamondshieldzapper.com\/en\/diamond-shield-zapper-chipcard-tinnitus\/","name":"Diamond Shield Zapper Chipcard Tin - Tinnitus - Ohrensausen","isPartOf":{"@id":"https:\/\/diamondshieldzapper.com\/en\/#website"},"datePublished":"2018-09-12T19:19:48+00:00","dateModified":"2022-10-24T13:19:27+00:00","description":"Diamond Shield Zapper Chipcard Tin - Tinnitus - Die Ursachen f\u00fcr Tinnitus k\u00f6nnen vielf\u00e4ltig sein. Es kommen Schwermetalle, Medikamenten-Nebenwirkungen, N\u00e4hrstoff-m\u00e4ngel, Folgen eines Morbus Meni\u00e8re oder einer Otitis, Zahn- oder Mastoidherde sowie eine Infektion mit Trichinella spiralis in Frage","breadcrumb":{"@id":"https:\/\/diamondshieldzapper.com\/en\/diamond-shield-zapper-chipcard-tinnitus\/#breadcrumb"},"inLanguage":"en-US","potentialAction":[{"@type":"ReadAction","target":["https:\/\/diamondshieldzapper.com\/en\/diamond-shield-zapper-chipcard-tinnitus\/"]}]},{"@type":"BreadcrumbList","@id":"https:\/\/diamondshieldzapper.com\/en\/diamond-shield-zapper-chipcard-tinnitus\/#breadcrumb","itemListElement":[{"@type":"ListItem","position":1,"name":"Home","item":"https:\/\/diamondshieldzapper.com\/en\/"},{"@type":"ListItem","position":2,"name":"Diamond Shield Zapper Chipcard Tin &#8211; Tinnitus"}]},{"@type":"WebSite","@id":"https:\/\/diamondshieldzapper.com\/en\/#website","url":"https:\/\/diamondshieldzapper.com\/en\/","name":"Diamond Shield Zapper","description":"einfach nur Zappen war gestern","potentialAction":[{"@type":"SearchAction","target":{"@type":"EntryPoint","urlTemplate":"https:\/\/diamondshieldzapper.com\/en\/?s={search_term_string}"},"query-input":{"@type":"PropertyValueSpecification","valueRequired":true,"valueName":"search_term_string"}}],"inLanguage":"en-US"}]}},"_links":{"self":[{"href":"https:\/\/diamondshieldzapper.com\/en\/wp-json\/wp\/v2\/pages\/4609","targetHints":{"allow":["GET"]}}],"collection":[{"href":"https:\/\/diamondshieldzapper.com\/en\/wp-json\/wp\/v2\/pages"}],"about":[{"href":"https:\/\/diamondshieldzapper.com\/en\/wp-json\/wp\/v2\/types\/page"}],"author":[{"embeddable":true,"href":"https:\/\/diamondshieldzapper.com\/en\/wp-json\/wp\/v2\/users\/2"}],"replies":[{"embeddable":true,"href":"https:\/\/diamondshieldzapper.com\/en\/wp-json\/wp\/v2\/comments?post=4609"}],"version-history":[{"count":0,"href":"https:\/\/diamondshieldzapper.com\/en\/wp-json\/wp\/v2\/pages\/4609\/revisions"}],"wp:attachment":[{"href":"https:\/\/diamondshieldzapper.com\/en\/wp-json\/wp\/v2\/media?parent=4609"}],"curies":[{"name":"wp","href":"https:\/\/api.w.org\/{rel}","templated":true}]}}