{"id":5837,"date":"2022-10-06T12:27:22","date_gmt":"2022-10-06T12:27:22","guid":{"rendered":"https:\/\/diamondshieldzapper.com\/?page_id=5837"},"modified":"2022-10-26T09:20:08","modified_gmt":"2022-10-26T09:20:08","slug":"diamond-shield-zapper-chipcard-hb-heliobacter","status":"publish","type":"page","link":"https:\/\/diamondshieldzapper.com\/en\/diamond-shield-zapper-chipcard-hb-heliobacter\/","title":{"rendered":"Diamond Shield Zapper Chipcard Hb &#8211; Helicobacter"},"content":{"rendered":"<div id=\"cs-content\" class=\"cs-content\"><\/div>\n","protected":false},"excerpt":{"rendered":"<p>Bioenergetic testing by therapist: Stomach-Meridian Self-help with: Supporting ChipCards DTX activates elimination and detoxification Diamond Shield programme Basic balancing of energy levels \u00a0 In combination with: Ma for general support of the stomach functions Element-ChipCard EARTH Low to attenuate an overexcited stomach \u00a0 Intensification: Healing Frequency Search Terms Heartburn, gastritis, gastric hyperacidity, gastric weakness, gastric ulcer, gastric cancer. ChipCard Hb-Helicobacter &#8230; <a href=\"https:\/\/diamondshieldzapper.com\/en\/diamond-shield-zapper-chipcard-hb-heliobacter\/\" class=\"more-link\">Read More<\/a><\/p>\n","protected":false},"author":2,"featured_media":0,"parent":0,"menu_order":0,"comment_status":"closed","ping_status":"closed","template":"","meta":{"_bbp_topic_count":0,"_bbp_reply_count":0,"_bbp_total_topic_count":0,"_bbp_total_reply_count":0,"_bbp_voice_count":0,"_bbp_anonymous_reply_count":0,"_bbp_topic_count_hidden":0,"_bbp_reply_count_hidden":0,"_bbp_forum_subforum_count":0,"rs_blank_template":"","rs_page_bg_color":"","slide_template_v7":"","_monsterinsights_skip_tracking":false,"_monsterinsights_sitenote_active":false,"_monsterinsights_sitenote_note":"","_monsterinsights_sitenote_category":0,"footnotes":""},"class_list":["post-5837","page","type-page","status-publish","hentry","no-post-thumbnail"],"yoast_head":"<!-- This site is optimized with the Yoast SEO plugin v27.3 - https:\/\/yoast.com\/product\/yoast-seo-wordpress\/ -->\n<title>Diamond Shield Zapper Chipcard Hb - Helicobacter - Diamond Shield Zapper<\/title>\n<meta name=\"description\" content=\"Diamond Shield Zapper Chipcard A -Asthma: Gro\u00dfartige Erfolge, auch bei schwerem Asthma. Die Grundlage f\u00fcr die Erfolge dieser Behandlung bildet die auf Dr. Hulda Clark zur\u00fcckzuf\u00fchrende Entdeckung, dass bei Asthmatikern so gut wie immer ein Spulwurm (Ascaris) aufzufinden ist.\" \/>\n<meta name=\"robots\" content=\"index, follow, max-snippet:-1, max-image-preview:large, max-video-preview:-1\" \/>\n<link rel=\"canonical\" href=\"https:\/\/diamondshieldzapper.com\/en\/diamond-shield-zapper-chipcard-hb-heliobacter\/\" \/>\n<meta property=\"og:locale\" content=\"en_US\" \/>\n<meta property=\"og:type\" content=\"article\" \/>\n<meta property=\"og:title\" content=\"Diamond Shield Zapper Chipcard Hb - Helicobacter - Diamond Shield Zapper\" \/>\n<meta property=\"og:description\" content=\"Diamond Shield Zapper Chipcard A -Asthma: Gro\u00dfartige Erfolge, auch bei schwerem Asthma. Die Grundlage f\u00fcr die Erfolge dieser Behandlung bildet die auf Dr. Hulda Clark zur\u00fcckzuf\u00fchrende Entdeckung, dass bei Asthmatikern so gut wie immer ein Spulwurm (Ascaris) aufzufinden ist.\" \/>\n<meta property=\"og:url\" content=\"https:\/\/diamondshieldzapper.com\/en\/diamond-shield-zapper-chipcard-hb-heliobacter\/\" \/>\n<meta property=\"og:site_name\" content=\"Diamond Shield Zapper\" \/>\n<meta property=\"article:publisher\" content=\"https:\/\/www.facebook.com\/heilpraktiker.baklayan\/\" \/>\n<meta property=\"article:modified_time\" content=\"2022-10-26T09:20:08+00:00\" \/>\n<meta property=\"og:image\" content=\"https:\/\/diamondshieldzapper.com\/wp-content\/uploads\/2015\/10\/slider-crystal-2-1000x.jpg\" \/>\n<meta name=\"twitter:label1\" content=\"Est. reading time\" \/>\n\t<meta name=\"twitter:data1\" content=\"1 minute\" \/>\n<script type=\"application\/ld+json\" class=\"yoast-schema-graph\">{\"@context\":\"https:\\\/\\\/schema.org\",\"@graph\":[{\"@type\":\"WebPage\",\"@id\":\"https:\\\/\\\/diamondshieldzapper.com\\\/en\\\/diamond-shield-zapper-chipcard-hb-heliobacter\\\/\",\"url\":\"https:\\\/\\\/diamondshieldzapper.com\\\/en\\\/diamond-shield-zapper-chipcard-hb-heliobacter\\\/\",\"name\":\"Diamond Shield Zapper Chipcard Hb - Helicobacter - Diamond Shield Zapper\",\"isPartOf\":{\"@id\":\"https:\\\/\\\/diamondshieldzapper.com\\\/en\\\/#website\"},\"datePublished\":\"2022-10-06T12:27:22+00:00\",\"dateModified\":\"2022-10-26T09:20:08+00:00\",\"description\":\"Diamond Shield Zapper Chipcard A -Asthma: Gro\u00dfartige Erfolge, auch bei schwerem Asthma. Die Grundlage f\u00fcr die Erfolge dieser Behandlung bildet die auf Dr. Hulda Clark zur\u00fcckzuf\u00fchrende Entdeckung, dass bei Asthmatikern so gut wie immer ein Spulwurm (Ascaris) aufzufinden ist.\",\"breadcrumb\":{\"@id\":\"https:\\\/\\\/diamondshieldzapper.com\\\/en\\\/diamond-shield-zapper-chipcard-hb-heliobacter\\\/#breadcrumb\"},\"inLanguage\":\"en-US\",\"potentialAction\":[{\"@type\":\"ReadAction\",\"target\":[\"https:\\\/\\\/diamondshieldzapper.com\\\/en\\\/diamond-shield-zapper-chipcard-hb-heliobacter\\\/\"]}]},{\"@type\":\"BreadcrumbList\",\"@id\":\"https:\\\/\\\/diamondshieldzapper.com\\\/en\\\/diamond-shield-zapper-chipcard-hb-heliobacter\\\/#breadcrumb\",\"itemListElement\":[{\"@type\":\"ListItem\",\"position\":1,\"name\":\"Home\",\"item\":\"https:\\\/\\\/diamondshieldzapper.com\\\/en\\\/\"},{\"@type\":\"ListItem\",\"position\":2,\"name\":\"Diamond Shield Zapper Chipcard Hb &#8211; Helicobacter\"}]},{\"@type\":\"WebSite\",\"@id\":\"https:\\\/\\\/diamondshieldzapper.com\\\/en\\\/#website\",\"url\":\"https:\\\/\\\/diamondshieldzapper.com\\\/en\\\/\",\"name\":\"Diamond Shield Zapper\",\"description\":\"einfach nur Zappen war gestern\",\"potentialAction\":[{\"@type\":\"SearchAction\",\"target\":{\"@type\":\"EntryPoint\",\"urlTemplate\":\"https:\\\/\\\/diamondshieldzapper.com\\\/en\\\/?s={search_term_string}\"},\"query-input\":{\"@type\":\"PropertyValueSpecification\",\"valueRequired\":true,\"valueName\":\"search_term_string\"}}],\"inLanguage\":\"en-US\"}]}<\/script>\n<!-- \/ Yoast SEO plugin. -->","yoast_head_json":{"title":"Diamond Shield Zapper Chipcard Hb - Helicobacter - Diamond Shield Zapper","description":"Diamond Shield Zapper Chipcard A -Asthma: Gro\u00dfartige Erfolge, auch bei schwerem Asthma. Die Grundlage f\u00fcr die Erfolge dieser Behandlung bildet die auf Dr. Hulda Clark zur\u00fcckzuf\u00fchrende Entdeckung, dass bei Asthmatikern so gut wie immer ein Spulwurm (Ascaris) aufzufinden ist.","robots":{"index":"index","follow":"follow","max-snippet":"max-snippet:-1","max-image-preview":"max-image-preview:large","max-video-preview":"max-video-preview:-1"},"canonical":"https:\/\/diamondshieldzapper.com\/en\/diamond-shield-zapper-chipcard-hb-heliobacter\/","og_locale":"en_US","og_type":"article","og_title":"Diamond Shield Zapper Chipcard Hb - Helicobacter - Diamond Shield Zapper","og_description":"Diamond Shield Zapper Chipcard A -Asthma: Gro\u00dfartige Erfolge, auch bei schwerem Asthma. Die Grundlage f\u00fcr die Erfolge dieser Behandlung bildet die auf Dr. Hulda Clark zur\u00fcckzuf\u00fchrende Entdeckung, dass bei Asthmatikern so gut wie immer ein Spulwurm (Ascaris) aufzufinden ist.","og_url":"https:\/\/diamondshieldzapper.com\/en\/diamond-shield-zapper-chipcard-hb-heliobacter\/","og_site_name":"Diamond Shield Zapper","article_publisher":"https:\/\/www.facebook.com\/heilpraktiker.baklayan\/","article_modified_time":"2022-10-26T09:20:08+00:00","og_image":[{"url":"https:\/\/diamondshieldzapper.com\/wp-content\/uploads\/2015\/10\/slider-crystal-2-1000x.jpg","type":"","width":"","height":""}],"twitter_misc":{"Est. reading time":"1 minute"},"schema":{"@context":"https:\/\/schema.org","@graph":[{"@type":"WebPage","@id":"https:\/\/diamondshieldzapper.com\/en\/diamond-shield-zapper-chipcard-hb-heliobacter\/","url":"https:\/\/diamondshieldzapper.com\/en\/diamond-shield-zapper-chipcard-hb-heliobacter\/","name":"Diamond Shield Zapper Chipcard Hb - Helicobacter - Diamond Shield Zapper","isPartOf":{"@id":"https:\/\/diamondshieldzapper.com\/en\/#website"},"datePublished":"2022-10-06T12:27:22+00:00","dateModified":"2022-10-26T09:20:08+00:00","description":"Diamond Shield Zapper Chipcard A -Asthma: Gro\u00dfartige Erfolge, auch bei schwerem Asthma. Die Grundlage f\u00fcr die Erfolge dieser Behandlung bildet die auf Dr. Hulda Clark zur\u00fcckzuf\u00fchrende Entdeckung, dass bei Asthmatikern so gut wie immer ein Spulwurm (Ascaris) aufzufinden ist.","breadcrumb":{"@id":"https:\/\/diamondshieldzapper.com\/en\/diamond-shield-zapper-chipcard-hb-heliobacter\/#breadcrumb"},"inLanguage":"en-US","potentialAction":[{"@type":"ReadAction","target":["https:\/\/diamondshieldzapper.com\/en\/diamond-shield-zapper-chipcard-hb-heliobacter\/"]}]},{"@type":"BreadcrumbList","@id":"https:\/\/diamondshieldzapper.com\/en\/diamond-shield-zapper-chipcard-hb-heliobacter\/#breadcrumb","itemListElement":[{"@type":"ListItem","position":1,"name":"Home","item":"https:\/\/diamondshieldzapper.com\/en\/"},{"@type":"ListItem","position":2,"name":"Diamond Shield Zapper Chipcard Hb &#8211; Helicobacter"}]},{"@type":"WebSite","@id":"https:\/\/diamondshieldzapper.com\/en\/#website","url":"https:\/\/diamondshieldzapper.com\/en\/","name":"Diamond Shield Zapper","description":"einfach nur Zappen war gestern","potentialAction":[{"@type":"SearchAction","target":{"@type":"EntryPoint","urlTemplate":"https:\/\/diamondshieldzapper.com\/en\/?s={search_term_string}"},"query-input":{"@type":"PropertyValueSpecification","valueRequired":true,"valueName":"search_term_string"}}],"inLanguage":"en-US"}]}},"_links":{"self":[{"href":"https:\/\/diamondshieldzapper.com\/en\/wp-json\/wp\/v2\/pages\/5837","targetHints":{"allow":["GET"]}}],"collection":[{"href":"https:\/\/diamondshieldzapper.com\/en\/wp-json\/wp\/v2\/pages"}],"about":[{"href":"https:\/\/diamondshieldzapper.com\/en\/wp-json\/wp\/v2\/types\/page"}],"author":[{"embeddable":true,"href":"https:\/\/diamondshieldzapper.com\/en\/wp-json\/wp\/v2\/users\/2"}],"replies":[{"embeddable":true,"href":"https:\/\/diamondshieldzapper.com\/en\/wp-json\/wp\/v2\/comments?post=5837"}],"version-history":[{"count":0,"href":"https:\/\/diamondshieldzapper.com\/en\/wp-json\/wp\/v2\/pages\/5837\/revisions"}],"wp:attachment":[{"href":"https:\/\/diamondshieldzapper.com\/en\/wp-json\/wp\/v2\/media?parent=5837"}],"curies":[{"name":"wp","href":"https:\/\/api.w.org\/{rel}","templated":true}]}}