{"id":8664,"date":"2024-04-09T14:21:44","date_gmt":"2024-04-09T14:21:44","guid":{"rendered":"https:\/\/diamondshieldzapper.com\/?page_id=8664"},"modified":"2024-04-09T14:21:45","modified_gmt":"2024-04-09T14:21:45","slug":"diamond-shield-zapper-chipcard-cv-corona","status":"publish","type":"page","link":"https:\/\/diamondshieldzapper.com\/en\/diamond-shield-zapper-chipcard-cv-corona\/","title":{"rendered":"Diamond Shield Zapper Chipcard CV &#8211; Corona"},"content":{"rendered":"<div id=\"cs-content\" class=\"cs-content\"><\/div>\n","protected":false},"excerpt":{"rendered":"<p>At a glance Activate protection against all CV types Bioenergetic testing by therapist: Viruses can be tested well on the nervous system, the hormone system and the lymphatic system as well as on liver and lung: nerve system, TW, lymph, liver and lung meridian. Open the intracellular space with the FvE-ChipCard for 7 minutes prior to this. For self-help: Supporting &#8230; <a href=\"https:\/\/diamondshieldzapper.com\/en\/diamond-shield-zapper-chipcard-cv-corona\/\" class=\"more-link\">Read More<\/a><\/p>\n","protected":false},"author":2,"featured_media":0,"parent":0,"menu_order":0,"comment_status":"closed","ping_status":"closed","template":"","meta":{"_bbp_topic_count":0,"_bbp_reply_count":0,"_bbp_total_topic_count":0,"_bbp_total_reply_count":0,"_bbp_voice_count":0,"_bbp_anonymous_reply_count":0,"_bbp_topic_count_hidden":0,"_bbp_reply_count_hidden":0,"_bbp_forum_subforum_count":0,"rs_blank_template":"","rs_page_bg_color":"","slide_template_v7":"","_monsterinsights_skip_tracking":false,"_monsterinsights_sitenote_active":false,"_monsterinsights_sitenote_note":"","_monsterinsights_sitenote_category":0,"footnotes":""},"class_list":["post-8664","page","type-page","status-publish","hentry","no-post-thumbnail"],"yoast_head":"<!-- This site is optimized with the Yoast SEO plugin v27.3 - https:\/\/yoast.com\/product\/yoast-seo-wordpress\/ -->\n<title>Diamond Shield Zapper Chipcard CAN - Candida - Infektionen<\/title>\n<meta name=\"description\" content=\"Diamond Shield Zapper Chipcard CAN - Candida - Heutzutage wissen wir, dass f\u00fcr die Entstehung von Krebs zahllose Erreger ma\u00dfgeblich beteiligt sind. Der BR-Chip dient der gezielten Bek\u00e4mpfung aller dieser Erreger.\" \/>\n<meta name=\"robots\" content=\"index, follow, max-snippet:-1, max-image-preview:large, max-video-preview:-1\" \/>\n<link rel=\"canonical\" href=\"https:\/\/diamondshieldzapper.com\/en\/diamond-shield-zapper-chipcard-cv-corona\/\" \/>\n<meta property=\"og:locale\" content=\"en_US\" \/>\n<meta property=\"og:type\" content=\"article\" \/>\n<meta property=\"og:title\" content=\"Diamond Shield Zapper Chipcard CAN - Candida - Infektionen\" \/>\n<meta property=\"og:description\" content=\"Diamond Shield Zapper Chipcard CAN - Candida - Heutzutage wissen wir, dass f\u00fcr die Entstehung von Krebs zahllose Erreger ma\u00dfgeblich beteiligt sind. Der BR-Chip dient der gezielten Bek\u00e4mpfung aller dieser Erreger.\" \/>\n<meta property=\"og:url\" content=\"https:\/\/diamondshieldzapper.com\/en\/diamond-shield-zapper-chipcard-cv-corona\/\" \/>\n<meta property=\"og:site_name\" content=\"Diamond Shield Zapper\" \/>\n<meta property=\"article:publisher\" content=\"https:\/\/www.facebook.com\/heilpraktiker.baklayan\/\" \/>\n<meta property=\"article:modified_time\" content=\"2024-04-09T14:21:45+00:00\" \/>\n<meta property=\"og:image\" content=\"https:\/\/diamondshieldzapper.com\/wp-content\/uploads\/2015\/10\/slider-crystal-2-1000x.jpg\" \/>\n<meta name=\"twitter:label1\" content=\"Est. reading time\" \/>\n\t<meta name=\"twitter:data1\" content=\"2 minutes\" \/>\n<script type=\"application\/ld+json\" class=\"yoast-schema-graph\">{\"@context\":\"https:\\\/\\\/schema.org\",\"@graph\":[{\"@type\":\"WebPage\",\"@id\":\"https:\\\/\\\/diamondshieldzapper.com\\\/en\\\/diamond-shield-zapper-chipcard-cv-corona\\\/\",\"url\":\"https:\\\/\\\/diamondshieldzapper.com\\\/en\\\/diamond-shield-zapper-chipcard-cv-corona\\\/\",\"name\":\"Diamond Shield Zapper Chipcard CAN - Candida - Infektionen\",\"isPartOf\":{\"@id\":\"https:\\\/\\\/diamondshieldzapper.com\\\/en\\\/#website\"},\"datePublished\":\"2024-04-09T14:21:44+00:00\",\"dateModified\":\"2024-04-09T14:21:45+00:00\",\"description\":\"Diamond Shield Zapper Chipcard CAN - Candida - Heutzutage wissen wir, dass f\u00fcr die Entstehung von Krebs zahllose Erreger ma\u00dfgeblich beteiligt sind. Der BR-Chip dient der gezielten Bek\u00e4mpfung aller dieser Erreger.\",\"breadcrumb\":{\"@id\":\"https:\\\/\\\/diamondshieldzapper.com\\\/en\\\/diamond-shield-zapper-chipcard-cv-corona\\\/#breadcrumb\"},\"inLanguage\":\"en-US\",\"potentialAction\":[{\"@type\":\"ReadAction\",\"target\":[\"https:\\\/\\\/diamondshieldzapper.com\\\/en\\\/diamond-shield-zapper-chipcard-cv-corona\\\/\"]}]},{\"@type\":\"BreadcrumbList\",\"@id\":\"https:\\\/\\\/diamondshieldzapper.com\\\/en\\\/diamond-shield-zapper-chipcard-cv-corona\\\/#breadcrumb\",\"itemListElement\":[{\"@type\":\"ListItem\",\"position\":1,\"name\":\"Home\",\"item\":\"https:\\\/\\\/diamondshieldzapper.com\\\/en\\\/\"},{\"@type\":\"ListItem\",\"position\":2,\"name\":\"Diamond Shield Zapper Chipcard CV &#8211; Corona\"}]},{\"@type\":\"WebSite\",\"@id\":\"https:\\\/\\\/diamondshieldzapper.com\\\/en\\\/#website\",\"url\":\"https:\\\/\\\/diamondshieldzapper.com\\\/en\\\/\",\"name\":\"Diamond Shield Zapper\",\"description\":\"einfach nur Zappen war gestern\",\"potentialAction\":[{\"@type\":\"SearchAction\",\"target\":{\"@type\":\"EntryPoint\",\"urlTemplate\":\"https:\\\/\\\/diamondshieldzapper.com\\\/en\\\/?s={search_term_string}\"},\"query-input\":{\"@type\":\"PropertyValueSpecification\",\"valueRequired\":true,\"valueName\":\"search_term_string\"}}],\"inLanguage\":\"en-US\"}]}<\/script>\n<!-- \/ Yoast SEO plugin. -->","yoast_head_json":{"title":"Diamond Shield Zapper Chipcard CAN - Candida - Infektionen","description":"Diamond Shield Zapper Chipcard CAN - Candida - Heutzutage wissen wir, dass f\u00fcr die Entstehung von Krebs zahllose Erreger ma\u00dfgeblich beteiligt sind. Der BR-Chip dient der gezielten Bek\u00e4mpfung aller dieser Erreger.","robots":{"index":"index","follow":"follow","max-snippet":"max-snippet:-1","max-image-preview":"max-image-preview:large","max-video-preview":"max-video-preview:-1"},"canonical":"https:\/\/diamondshieldzapper.com\/en\/diamond-shield-zapper-chipcard-cv-corona\/","og_locale":"en_US","og_type":"article","og_title":"Diamond Shield Zapper Chipcard CAN - Candida - Infektionen","og_description":"Diamond Shield Zapper Chipcard CAN - Candida - Heutzutage wissen wir, dass f\u00fcr die Entstehung von Krebs zahllose Erreger ma\u00dfgeblich beteiligt sind. Der BR-Chip dient der gezielten Bek\u00e4mpfung aller dieser Erreger.","og_url":"https:\/\/diamondshieldzapper.com\/en\/diamond-shield-zapper-chipcard-cv-corona\/","og_site_name":"Diamond Shield Zapper","article_publisher":"https:\/\/www.facebook.com\/heilpraktiker.baklayan\/","article_modified_time":"2024-04-09T14:21:45+00:00","og_image":[{"url":"https:\/\/diamondshieldzapper.com\/wp-content\/uploads\/2015\/10\/slider-crystal-2-1000x.jpg","type":"","width":"","height":""}],"twitter_misc":{"Est. reading time":"2 minutes"},"schema":{"@context":"https:\/\/schema.org","@graph":[{"@type":"WebPage","@id":"https:\/\/diamondshieldzapper.com\/en\/diamond-shield-zapper-chipcard-cv-corona\/","url":"https:\/\/diamondshieldzapper.com\/en\/diamond-shield-zapper-chipcard-cv-corona\/","name":"Diamond Shield Zapper Chipcard CAN - Candida - Infektionen","isPartOf":{"@id":"https:\/\/diamondshieldzapper.com\/en\/#website"},"datePublished":"2024-04-09T14:21:44+00:00","dateModified":"2024-04-09T14:21:45+00:00","description":"Diamond Shield Zapper Chipcard CAN - Candida - Heutzutage wissen wir, dass f\u00fcr die Entstehung von Krebs zahllose Erreger ma\u00dfgeblich beteiligt sind. Der BR-Chip dient der gezielten Bek\u00e4mpfung aller dieser Erreger.","breadcrumb":{"@id":"https:\/\/diamondshieldzapper.com\/en\/diamond-shield-zapper-chipcard-cv-corona\/#breadcrumb"},"inLanguage":"en-US","potentialAction":[{"@type":"ReadAction","target":["https:\/\/diamondshieldzapper.com\/en\/diamond-shield-zapper-chipcard-cv-corona\/"]}]},{"@type":"BreadcrumbList","@id":"https:\/\/diamondshieldzapper.com\/en\/diamond-shield-zapper-chipcard-cv-corona\/#breadcrumb","itemListElement":[{"@type":"ListItem","position":1,"name":"Home","item":"https:\/\/diamondshieldzapper.com\/en\/"},{"@type":"ListItem","position":2,"name":"Diamond Shield Zapper Chipcard CV &#8211; Corona"}]},{"@type":"WebSite","@id":"https:\/\/diamondshieldzapper.com\/en\/#website","url":"https:\/\/diamondshieldzapper.com\/en\/","name":"Diamond Shield Zapper","description":"einfach nur Zappen war gestern","potentialAction":[{"@type":"SearchAction","target":{"@type":"EntryPoint","urlTemplate":"https:\/\/diamondshieldzapper.com\/en\/?s={search_term_string}"},"query-input":{"@type":"PropertyValueSpecification","valueRequired":true,"valueName":"search_term_string"}}],"inLanguage":"en-US"}]}},"_links":{"self":[{"href":"https:\/\/diamondshieldzapper.com\/en\/wp-json\/wp\/v2\/pages\/8664","targetHints":{"allow":["GET"]}}],"collection":[{"href":"https:\/\/diamondshieldzapper.com\/en\/wp-json\/wp\/v2\/pages"}],"about":[{"href":"https:\/\/diamondshieldzapper.com\/en\/wp-json\/wp\/v2\/types\/page"}],"author":[{"embeddable":true,"href":"https:\/\/diamondshieldzapper.com\/en\/wp-json\/wp\/v2\/users\/2"}],"replies":[{"embeddable":true,"href":"https:\/\/diamondshieldzapper.com\/en\/wp-json\/wp\/v2\/comments?post=8664"}],"version-history":[{"count":2,"href":"https:\/\/diamondshieldzapper.com\/en\/wp-json\/wp\/v2\/pages\/8664\/revisions"}],"predecessor-version":[{"id":8670,"href":"https:\/\/diamondshieldzapper.com\/en\/wp-json\/wp\/v2\/pages\/8664\/revisions\/8670"}],"wp:attachment":[{"href":"https:\/\/diamondshieldzapper.com\/en\/wp-json\/wp\/v2\/media?parent=8664"}],"curies":[{"name":"wp","href":"https:\/\/api.w.org\/{rel}","templated":true}]}}