{"id":1884,"date":"2015-10-01T18:47:31","date_gmt":"2015-10-01T18:47:31","guid":{"rendered":"https:\/\/diamondshieldzapper.com\/enlaces-sobre-el-zapper\/"},"modified":"2017-06-12T19:59:59","modified_gmt":"2017-06-12T19:59:59","slug":"enlaces-sobre-el-zapper","status":"publish","type":"page","link":"https:\/\/diamondshieldzapper.com\/es\/enlaces-sobre-el-zapper\/","title":{"rendered":"Enlaces sobre el Zapper"},"content":{"rendered":"[title size=&#8221;1&#8243; content_align=&#8221;left&#8221; style_type=&#8221;single&#8221; sep_color=&#8221;&#8221; class=&#8221;&#8221; id=&#8221;&#8221;]A continuaci\u00f3n, le recomendamos algunos sitios web de inter\u00e9s: [\/title][checklist icon=&#8221;fa-star&#8221; iconcolor=&#8221;#ffffff&#8221; circle=&#8221;yes&#8221; circlecolor=&#8221;#81d742&#8243; size=&#8221;small&#8221; class=&#8221;&#8221; id=&#8221;&#8221;][li_item icon=&#8221;&#8221;]\n<p><strong><a href=\"http:\/\/www.baklayan.de\/\" target=\"_blank\">Sitio web del m\u00e9dico homeop\u00e1tico Baklayan<\/a><\/strong><\/p>\n<p>P\u00e1gina de consulta del natur\u00f3pata A. E. Baklayan, creador del Diamond Shield Zapper IE. El se\u00f1or Baklayan dirige, entre otras, la escuela de Kung Fu y Tai Chi m\u00e1s antigua y prestigiosa de Munich y tiene a sus espaldas 30 a\u00f1os de experienca profesional. Aqu\u00ed encontrar\u00e1 m\u00e1s informaci\u00f3n sobre su trayectoria profesional y las consultas y seminarios actuales que organiza peri\u00f3dicamente por el natur\u00f3pata Baklayan.<\/p>\n[\/li_item][li_item icon=&#8221;&#8221;]\n<p><a href=\"http:\/\/www.selbsthilfe-baklayan.com\/index-de.htm\" target=\"_blank\"><strong>Auto ayuda de Baklayan<\/strong><\/a><\/p>\n<p>Aqu\u00ed encontrar\u00e1 informaci\u00f3n sobre posibles causas de muchas enfermedades cr\u00f3nicas como, por ejemplo, asma, alergias, psoriasis, neurodermitis, etc, y sobre la supresi\u00f3n y sobrecarga de la respuesta inmunitaria natural provocada por par\u00e1sitos, brucelosis cr\u00f3nica y contaminaci\u00f3n ambiental.<\/p>\n[\/li_item][li_item icon=&#8221;&#8221;]\n<p><a href=\"http:\/\/www.dr-neidert.de\/index.php\/borreliose-top\" target=\"_blank\"><strong>El Dr. Neidert recomienda el Zapper<\/strong><\/a><\/p>\n<p>Adem\u00e1s, el Dr. Jens Neidert recomienda el uso habitual del Zapper en el tratamiento de la brucelosis cr\u00f3nica para fortalecer el sistema inmunitario.<\/p>\n[\/li_item][li_item icon=&#8221;&#8221;]\n<p><a href=\"https:\/\/diamondshieldzapper.com\/diamondshield-ChipCard-ebook-de.pdf\" target=\"_blank\"><strong>Resumen de la terapia de radio frecuencia curativa con la tecnolog\u00eda de tarjetas de memoria<\/strong><\/a><\/p>\n<p>Este enlace le llevar\u00e1 a un resumen comprensible y claro sobre los programas disponibles en las tarjetas de memoria.<\/p>\n[\/li_item][li_item icon=&#8221;&#8221;]\n<p><strong><a href=\"https:\/\/diamondshieldzapper.com\/zapper-erfahrungsberichte-diamondshield.htm\" target=\"_blank\">Testimonios sobre el Diamond Shield IE Zapper<\/a><\/strong><\/p>\n<p>Si desea leer historias de \u00e9xito que ya ha propiciado el Zapper no deje de echarle un vistazo a este enlace. Los usuarios cuentan su experiencia con el Zapper y describen c\u00f3mo les ha ayudado a mejorar su vida.<\/p>\n[\/li_item][li_item icon=&#8221;&#8221;]\n<p><strong><a href=\"http:\/\/trikombin.com\/\">Trikombin\u00a0<\/a><\/strong><\/p>\n<p>Adem\u00e1s del Diamond Shield Zapper, que tanto alivia la vida de sus pacientes, Alan E. Baklayan ha desarrollado TRIKOMBIN, el dispositivo de frecuencias tridimensional. Se trata de un dispositivo \u00fanico y revolucionario que facilitar\u00e1 el trabajo de los profesionales y le evitar\u00e1 la exposici\u00f3n a las cargas negativas de los tratamientos convencionales empleados hasta el momento.<\/p>\n[\/li_item][li_item icon=&#8221;&#8221;]\n<p><a href=\"https:\/\/diamondshieldzapper.com\/es\/la-doctora-hulda-clark-y-el-zapper-de-la-doctora-clark\/\"><strong>Dr. Hulda Clark<\/strong><\/a><\/p>\n<p>La Dra. Hulda Clark fue una de las personas que puso la primera piedra del camino hacia el estado actual del Diamond Shield Zapper. Gracias al Zapper de la doctora Clark, el natur\u00f3pata Alan E. Baklayan pudo ampliar y explorar las fronteras de la aplicaci\u00f3n de frecuencias. <\/p>\n[\/li_item][\/checklist][sharing tagline=&#8221;Artikel teilen:&#8221; tagline_color=&#8221;&#8221; title=&#8221;&#8221; link=&#8221;&#8221; description=&#8221;&#8221; pinterest_image=&#8221;&#8221; icons_boxed=&#8221;&#8221; icons_boxed_radius=&#8221;4px&#8221; box_colors=&#8221;&#8221; icon_colors=&#8221;&#8221; tooltip_placement=&#8221;&#8221; backgroundcolor=&#8221;&#8221; class=&#8221;&#8221; id=&#8221;&#8221;][\/sharing]\n","protected":false},"excerpt":{"rendered":"<p>[title size=&#8221;1&#8243; content_align=&#8221;left&#8221; style_type=&#8221;single&#8221; sep_color=&#8221;&#8221; class=&#8221;&#8221; id=&#8221;&#8221;]A continuaci\u00f3n, le recomendamos algunos sitios web de inter\u00e9s: [\/title][checklist icon=&#8221;fa-star&#8221; iconcolor=&#8221;#ffffff&#8221; circle=&#8221;yes&#8221; circlecolor=&#8221;#81d742&#8243; size=&#8221;small&#8221; class=&#8221;&#8221; id=&#8221;&#8221;][li_item icon=&#8221;&#8221;] Sitio web del m\u00e9dico homeop\u00e1tico Baklayan P\u00e1gina de consulta del natur\u00f3pata A. E. Baklayan, creador del Diamond Shield Zapper IE. El se\u00f1or Baklayan dirige, entre otras, la escuela de Kung Fu y Tai Chi m\u00e1s antigua &#8230; <a href=\"https:\/\/diamondshieldzapper.com\/es\/enlaces-sobre-el-zapper\/\" class=\"more-link\">Read More<\/a><\/p>\n","protected":false},"author":1,"featured_media":0,"parent":0,"menu_order":0,"comment_status":"closed","ping_status":"open","template":"","meta":{"_bbp_topic_count":0,"_bbp_reply_count":0,"_bbp_total_topic_count":0,"_bbp_total_reply_count":0,"_bbp_voice_count":0,"_bbp_anonymous_reply_count":0,"_bbp_topic_count_hidden":0,"_bbp_reply_count_hidden":0,"_bbp_forum_subforum_count":0,"rs_blank_template":"","rs_page_bg_color":"","slide_template_v7":"","_monsterinsights_skip_tracking":false,"_monsterinsights_sitenote_active":false,"_monsterinsights_sitenote_note":"","_monsterinsights_sitenote_category":0,"footnotes":""},"class_list":["post-1884","page","type-page","status-publish","hentry","no-post-thumbnail"],"yoast_head":"<!-- This site is optimized with the Yoast SEO plugin v27.4 - https:\/\/yoast.com\/product\/yoast-seo-wordpress\/ -->\n<title>Enlaces sobre el Zapper - Diamond Shield Zapper<\/title>\n<meta name=\"description\" content=\"Si desea obtener m\u00e1s informaci\u00f3n como, por ejemplo, testimonios sobre el Zapper o el natur\u00f3pata Baklayan, aqu\u00ed encontrar\u00e1 algunos enlaces \u00fatiles.\" \/>\n<meta name=\"robots\" content=\"index, follow, max-snippet:-1, max-image-preview:large, max-video-preview:-1\" \/>\n<link rel=\"canonical\" href=\"https:\/\/diamondshieldzapper.com\/es\/enlaces-sobre-el-zapper\/\" \/>\n<meta property=\"og:locale\" content=\"es_ES\" \/>\n<meta property=\"og:type\" content=\"article\" \/>\n<meta property=\"og:title\" content=\"Enlaces sobre el Zapper - Diamond Shield Zapper\" \/>\n<meta property=\"og:description\" content=\"Si desea obtener m\u00e1s informaci\u00f3n como, por ejemplo, testimonios sobre el Zapper o el natur\u00f3pata Baklayan, aqu\u00ed encontrar\u00e1 algunos enlaces \u00fatiles.\" \/>\n<meta property=\"og:url\" content=\"https:\/\/diamondshieldzapper.com\/es\/enlaces-sobre-el-zapper\/\" \/>\n<meta property=\"og:site_name\" content=\"Diamond Shield Zapper\" \/>\n<meta property=\"article:publisher\" content=\"https:\/\/www.facebook.com\/heilpraktiker.baklayan\/\" \/>\n<meta property=\"article:modified_time\" content=\"2017-06-12T19:59:59+00:00\" \/>\n<meta property=\"og:image\" content=\"https:\/\/diamondshieldzapper.com\/wp-content\/uploads\/2015\/10\/slider-crystal-2-1000x.jpg\" \/>\n<meta name=\"twitter:label1\" content=\"Tiempo de lectura\" \/>\n\t<meta name=\"twitter:data1\" content=\"2 minutos\" \/>\n<script type=\"application\/ld+json\" class=\"yoast-schema-graph\">{\"@context\":\"https:\\\/\\\/schema.org\",\"@graph\":[{\"@type\":\"WebPage\",\"@id\":\"https:\\\/\\\/diamondshieldzapper.com\\\/es\\\/enlaces-sobre-el-zapper\\\/\",\"url\":\"https:\\\/\\\/diamondshieldzapper.com\\\/es\\\/enlaces-sobre-el-zapper\\\/\",\"name\":\"Enlaces sobre el Zapper - Diamond Shield Zapper\",\"isPartOf\":{\"@id\":\"https:\\\/\\\/diamondshieldzapper.com\\\/es\\\/#website\"},\"datePublished\":\"2015-10-01T18:47:31+00:00\",\"dateModified\":\"2017-06-12T19:59:59+00:00\",\"description\":\"Si desea obtener m\u00e1s informaci\u00f3n como, por ejemplo, testimonios sobre el Zapper o el natur\u00f3pata Baklayan, aqu\u00ed encontrar\u00e1 algunos enlaces \u00fatiles.\",\"breadcrumb\":{\"@id\":\"https:\\\/\\\/diamondshieldzapper.com\\\/es\\\/enlaces-sobre-el-zapper\\\/#breadcrumb\"},\"inLanguage\":\"es\",\"potentialAction\":[{\"@type\":\"ReadAction\",\"target\":[\"https:\\\/\\\/diamondshieldzapper.com\\\/es\\\/enlaces-sobre-el-zapper\\\/\"]}]},{\"@type\":\"BreadcrumbList\",\"@id\":\"https:\\\/\\\/diamondshieldzapper.com\\\/es\\\/enlaces-sobre-el-zapper\\\/#breadcrumb\",\"itemListElement\":[{\"@type\":\"ListItem\",\"position\":1,\"name\":\"Home\",\"item\":\"https:\\\/\\\/diamondshieldzapper.com\\\/es\\\/?page_id=7559\"},{\"@type\":\"ListItem\",\"position\":2,\"name\":\"Enlaces sobre el Zapper\"}]},{\"@type\":\"WebSite\",\"@id\":\"https:\\\/\\\/diamondshieldzapper.com\\\/es\\\/#website\",\"url\":\"https:\\\/\\\/diamondshieldzapper.com\\\/es\\\/\",\"name\":\"Diamond Shield Zapper\",\"description\":\"einfach nur Zappen war gestern\",\"potentialAction\":[{\"@type\":\"SearchAction\",\"target\":{\"@type\":\"EntryPoint\",\"urlTemplate\":\"https:\\\/\\\/diamondshieldzapper.com\\\/es\\\/?s={search_term_string}\"},\"query-input\":{\"@type\":\"PropertyValueSpecification\",\"valueRequired\":true,\"valueName\":\"search_term_string\"}}],\"inLanguage\":\"es\"}]}<\/script>\n<!-- \/ Yoast SEO plugin. -->","yoast_head_json":{"title":"Enlaces sobre el Zapper - Diamond Shield Zapper","description":"Si desea obtener m\u00e1s informaci\u00f3n como, por ejemplo, testimonios sobre el Zapper o el natur\u00f3pata Baklayan, aqu\u00ed encontrar\u00e1 algunos enlaces \u00fatiles.","robots":{"index":"index","follow":"follow","max-snippet":"max-snippet:-1","max-image-preview":"max-image-preview:large","max-video-preview":"max-video-preview:-1"},"canonical":"https:\/\/diamondshieldzapper.com\/es\/enlaces-sobre-el-zapper\/","og_locale":"es_ES","og_type":"article","og_title":"Enlaces sobre el Zapper - Diamond Shield Zapper","og_description":"Si desea obtener m\u00e1s informaci\u00f3n como, por ejemplo, testimonios sobre el Zapper o el natur\u00f3pata Baklayan, aqu\u00ed encontrar\u00e1 algunos enlaces \u00fatiles.","og_url":"https:\/\/diamondshieldzapper.com\/es\/enlaces-sobre-el-zapper\/","og_site_name":"Diamond Shield Zapper","article_publisher":"https:\/\/www.facebook.com\/heilpraktiker.baklayan\/","article_modified_time":"2017-06-12T19:59:59+00:00","og_image":[{"url":"https:\/\/diamondshieldzapper.com\/wp-content\/uploads\/2015\/10\/slider-crystal-2-1000x.jpg","type":"","width":"","height":""}],"twitter_misc":{"Tiempo de lectura":"2 minutos"},"schema":{"@context":"https:\/\/schema.org","@graph":[{"@type":"WebPage","@id":"https:\/\/diamondshieldzapper.com\/es\/enlaces-sobre-el-zapper\/","url":"https:\/\/diamondshieldzapper.com\/es\/enlaces-sobre-el-zapper\/","name":"Enlaces sobre el Zapper - Diamond Shield Zapper","isPartOf":{"@id":"https:\/\/diamondshieldzapper.com\/es\/#website"},"datePublished":"2015-10-01T18:47:31+00:00","dateModified":"2017-06-12T19:59:59+00:00","description":"Si desea obtener m\u00e1s informaci\u00f3n como, por ejemplo, testimonios sobre el Zapper o el natur\u00f3pata Baklayan, aqu\u00ed encontrar\u00e1 algunos enlaces \u00fatiles.","breadcrumb":{"@id":"https:\/\/diamondshieldzapper.com\/es\/enlaces-sobre-el-zapper\/#breadcrumb"},"inLanguage":"es","potentialAction":[{"@type":"ReadAction","target":["https:\/\/diamondshieldzapper.com\/es\/enlaces-sobre-el-zapper\/"]}]},{"@type":"BreadcrumbList","@id":"https:\/\/diamondshieldzapper.com\/es\/enlaces-sobre-el-zapper\/#breadcrumb","itemListElement":[{"@type":"ListItem","position":1,"name":"Home","item":"https:\/\/diamondshieldzapper.com\/es\/?page_id=7559"},{"@type":"ListItem","position":2,"name":"Enlaces sobre el Zapper"}]},{"@type":"WebSite","@id":"https:\/\/diamondshieldzapper.com\/es\/#website","url":"https:\/\/diamondshieldzapper.com\/es\/","name":"Diamond Shield Zapper","description":"einfach nur Zappen war gestern","potentialAction":[{"@type":"SearchAction","target":{"@type":"EntryPoint","urlTemplate":"https:\/\/diamondshieldzapper.com\/es\/?s={search_term_string}"},"query-input":{"@type":"PropertyValueSpecification","valueRequired":true,"valueName":"search_term_string"}}],"inLanguage":"es"}]}},"_links":{"self":[{"href":"https:\/\/diamondshieldzapper.com\/es\/wp-json\/wp\/v2\/pages\/1884","targetHints":{"allow":["GET"]}}],"collection":[{"href":"https:\/\/diamondshieldzapper.com\/es\/wp-json\/wp\/v2\/pages"}],"about":[{"href":"https:\/\/diamondshieldzapper.com\/es\/wp-json\/wp\/v2\/types\/page"}],"author":[{"embeddable":true,"href":"https:\/\/diamondshieldzapper.com\/es\/wp-json\/wp\/v2\/users\/1"}],"replies":[{"embeddable":true,"href":"https:\/\/diamondshieldzapper.com\/es\/wp-json\/wp\/v2\/comments?post=1884"}],"version-history":[{"count":0,"href":"https:\/\/diamondshieldzapper.com\/es\/wp-json\/wp\/v2\/pages\/1884\/revisions"}],"wp:attachment":[{"href":"https:\/\/diamondshieldzapper.com\/es\/wp-json\/wp\/v2\/media?parent=1884"}],"curies":[{"name":"wp","href":"https:\/\/api.w.org\/{rel}","templated":true}]}}