{"id":1885,"date":"2015-10-14T12:43:46","date_gmt":"2015-10-14T12:43:46","guid":{"rendered":"https:\/\/diamondshieldzapper.com\/historia-del-zapper\/"},"modified":"2015-10-14T12:43:46","modified_gmt":"2015-10-14T12:43:46","slug":"historia-del-zapper","status":"publish","type":"page","link":"https:\/\/diamondshieldzapper.com\/es\/historia-del-zapper\/","title":{"rendered":"Historia del Zapper"},"content":{"rendered":"[title size=&#8221;1&#8243; content_align=&#8221;left&#8221; style_type=&#8221;single&#8221; sep_color=&#8221;&#8221; class=&#8221;&#8221; id=&#8221;&#8221;]Desde los or\u00edgenes del Zapper hasta la actualidad[\/title][checklist icon=&#8221;fa-caret-right&#8221; iconcolor=&#8221;#000000&#8243; circle=&#8221;no&#8221; circlecolor=&#8221;&#8221; size=&#8221;small&#8221; class=&#8221;&#8221; id=&#8221;&#8221;][li_item icon=&#8221;&#8221;]El primer dispositivo de electro acupuntura fue desarrollado por el Profesor Doctor <strong>Roger de la Fuye (1890-1961)<\/strong>.[\/li_item][li_item icon=&#8221;&#8221;]Entre 1945 y 1950 el <strong>Dr. R. Rife<\/strong> utiliz\u00f3 un generador de frecuencias para combatir a los agentes pat\u00f3genos (ve\u00e1se La cura del c\u00e1ncer que funcion\u00f3, de Barry Lines).[\/li_item][li_item icon=&#8221;&#8221;]En 1950, el <strong>Dr. Reinhold Voll<\/strong> comienza a difundir la idea de la electroacupuntura seg\u00fan Voll.[\/li_item][li_item icon=&#8221;&#8221;]Hacia 1970 se desarrollan los dispositivos <strong>TENS<\/strong> (estimulaci\u00f3n nerviosa el\u00e9ctrica transcut\u00e1nea por sus siglas en ingl\u00e9s).[\/li_item][li_item icon=&#8221;&#8221;]En 1988\/1989, la <strong>Dra. Hulda Clark<\/strong> (1929-2009), una biof\u00edsica y fisi\u00f3loga americana, descubri\u00f3 la frecuencia<img loading=\"lazy\" decoding=\"async\" class=\"alignright size-full wp-image-67\" src=\"https:\/\/diamondshieldzapper.com\/wp-content\/uploads\/2014\/12\/drclark.jpg\" alt=\"Dra. Hulda Clark, inventor del Zapper de la doctora Clark\" width=\"220\" height=\"300\" \/>electr\u00f3nica de diferentes par\u00e1sitos y agentes pat\u00f3genos (v\u00e9ase la obra &#8220;La cura de todas las enfermedades&#8221;).<\/p>\n<p>En sus libros habla sobre una correlaci\u00f3n entre <strong>cargas de par\u00e1sitos<\/strong> y en algunos casos <strong>enfermedades graves y resistentes<\/strong> y desarroll\u00f3 un dispositivo de prueba conocido como Synchrometer. Con la ayuda de este dispositivo y mediante una respuesta de resonancia a determinadas frecuencias se pudieron detectar sustancias nocivas acumuladas en el organismo (como, por ejemplo, restos de cosm\u00e9ticos, alimentos de origen industrial y otros productos cotidianos), as\u00ed como diferentes virus, bacterias, par\u00e1sitos y hongos. Seg\u00fan la Dra. Clark estos se albergan en el organismo y pueden provocar <strong>enfermedades cr\u00f3nicas graves<\/strong>.<\/p>\n<p>Seg\u00fan su teor\u00eda, las sustancias nocivas y par\u00e1sitos mencionados se &#8220;revelan&#8221; mediante una respuesta de resonancia que se puede medir seg\u00fan &#8220;su&#8221; frecuencia espec\u00edfica. Mediante una <strong>estimulaci\u00f3n el\u00e9ctrica<\/strong> calibrada con un Zapper, un dispositivo que desarroll\u00f3 en 1994 para aplicaciones cl\u00e1sicas de onda cuadrada con offset positivo, logr\u00f3 debilitar las frecuencias antes mencionadas (de agentes pat\u00f3genos como, por ejemplo, par\u00e1sitos).<\/p>\n<p>En su libro &#8220;La cura de todas las enfermedades&#8221; incluye las instrucciones para la fabricaci\u00f3n casera de un Zapper (t\u00edtulo original: The Cure For All Diseases) y ofrece informaci\u00f3n sobre la atenuaci\u00f3n espec\u00edfica y drenaje de toxinas y par\u00e1sitos mediante estimulaci\u00f3n el\u00e9ctrica calibrada en frecuencias espec\u00edficas.<\/p>\n<p>Adem\u00e1s, desarroll\u00f3 f\u00f3rmulas e instrucciones (p. ej. limpieza de ri\u00f1ones, colon e h\u00edgado) para purificar el aparato excretor.[\/li_item][\/checklist][fusion_text]\n<p style=\"text-align: left;\" align=\"CENTER\"><strong>Estas son sus palabras sobre el Zapper y su aplicaci\u00f3n:<\/strong><\/p>\n<blockquote>\n<p style=\"text-align: left;\" align=\"CENTER\"><em>\u2026 El &#8220;zapeo&#8221; significa la electrocuci\u00f3n selectiva de agentes pat\u00f3genos. Llevo a\u00f1os usando un generador de frecuencias convencional para &#8220;zapear&#8221; un pat\u00f3geno tras otro\u2026<\/em><\/p>\n<p style=\"text-align: left;\" align=\"CENTER\"><em>En 1994, mi hijo Geoffrey se uni\u00f3n a la investigaci\u00f3n y nos pusimos a trabajar en un nuevo enfoque. \u2026 En 1994, cre\u00f3 una generador de frecuencias port\u00e1til que funcionaba con pilas \u2026 El objetivo era que todo el mundo \u2026 pudiese eliminar el trem\u00e1todo intestinal a 434000 Hz (frecuencia de este par\u00e1sito). \u2026 Sin embargo, cuando prob\u00e9 el dispositivo en una de mis bacterias, comprob\u00e9 que tambi\u00e9n mataba a otras tres bacterias a frecuencias muy diferentes. Algo as\u00ed no hab\u00eda sucedido nunca. \u2026 Cuando lo prob\u00e9 en otras personas, a pesar de tener decenas de agentes pat\u00f3genos, \u00a1murieron todos! \u2026 \u00a1Esto ocurri\u00f3 porque el aparato funcionaba con pilas! \u2026<\/em><\/p>\n<p style=\"text-align: left;\" align=\"CENTER\"><em>Cualquier frecuencia con offset positivo mata a todas las bacterias, virus y par\u00e1sitos simult\u00e1neamente si se aplica un voltaje suficiente (de 5 a 10 voltios), duraci\u00f3n (siete minutos) y frecuencia (entre 10 y 500.000 Hz). \u2026<\/em><\/p>\n<p style=\"text-align: left;\" align=\"CENTER\"><em>La generaci\u00f3n de frecuencias de offset positivo es la mejor manera de matar a los agentes pat\u00f3genos r\u00e1pidamente&#8230;.&#8221;<\/em><\/p>\n<p style=\"text-align: left;\" align=\"CENTER\">(&#8220;La cura de todas las enfermedades&#8221;, 1995)<\/p>\n<\/blockquote>\n<p style=\"text-align: left;\" align=\"CENTER\"><strong>As\u00ed explica la doctora Clark la aplicaci\u00f3n y el efecto del Zapper:<\/strong><\/p>\n<blockquote>\n<p style=\"text-align: left;\" align=\"CENTER\"><em>&#8221; &#8230; Hacen falta tres tratamientos para eliminar a todos agentes pat\u00f3genos. \u2026 El primer zapeo mata virus, bacterias y par\u00e1sitos. Pero a los pocos minutos reaparecen los virus \u2026 La eliminaci\u00f3n de par\u00e1sitos libera virus y bacterias. \u2026 El segundo zapeo elimina los virus y bacterias que se han liberado, pero en breve vuelven a aparecer m\u00e1s virus. \u2026 Tras el tercer zapeo, no suelo encontrar m\u00e1s virus, bacterias o par\u00e1sitos, ni siquiera horas despu\u00e9s.\u00a0\u2026&#8221;<\/em><\/p>\n<\/blockquote>\n<p style=\"text-align: left;\" align=\"CENTER\"><img loading=\"lazy\" decoding=\"async\" class=\"alignleft size-medium wp-image-68\" src=\"https:\/\/diamondshieldzapper.com\/wp-content\/uploads\/2014\/12\/SquareWave2-300x190.jpg\" alt=\"Ondas cuadradas\" width=\"300\" height=\"190\" srcset=\"https:\/\/diamondshieldzapper.com\/wp-content\/uploads\/2014\/12\/SquareWave2-300x190.jpg 300w, https:\/\/diamondshieldzapper.com\/wp-content\/uploads\/2014\/12\/SquareWave2-320x202.jpg 320w, https:\/\/diamondshieldzapper.com\/wp-content\/uploads\/2014\/12\/SquareWave2.jpg 406w\" sizes=\"auto, (max-width: 300px) 100vw, 300px\" \/>Este desarrollo permiti\u00f3 a la Dr. Clark entender que la <strong>onda cuadrada<\/strong> y el <strong>offset positivo<\/strong> son lo m\u00e1s importante y que el efecto de resonancia con su frecuencia natural exacta no parece ser una condici\u00f3n indispensable para el efecto debilitante de par\u00e1sitos y dem\u00e1s agentes.<\/p>\n<p style=\"text-align: left;\" align=\"CENTER\">Esto significaba que solo hac\u00eda falta un Zapper (que se puede construir en casa), que solo ten\u00eda que trabajar con <strong>una frecuencia<\/strong>.<\/p>\n<p>Esto significa que el Zapper convencional de la doctora Clark funciona con una sola frecuencia en el offset positivo mencinado.<\/p>\n<p style=\"text-align: left;\" align=\"CENTER\">En cualquier caso, la doctora Clark relativiz\u00f3 estas afirmaciones en sus diferente obras, en las que tambi\u00e9n introdujo el zapeo selectivo, tambi\u00e9n llamado<strong> platos de zapeo<\/strong>, con una <strong>placa de metal intermedia<\/strong>. Esta placa de metal se utiliza como una especie de <strong>filtro<\/strong>: informaci\u00f3n adicional en forma de ampollas equilibradas o muestras de sustancias originales que se colocan sobre las placas y ampl\u00edan el zapeo sencillo. Fundamentalmente, las placas de zapeo no son otra cosa que una variante simplificada de la <strong>terapia de bioresonancia<\/strong>. El Zapper convencional de la doctora Clark apenas trabaja con un sola frecuencia del offset positivo mencionado.<\/p>\n[\/fusion_text][checklist icon=&#8221;fa-caret-right&#8221; iconcolor=&#8221;#000000&#8243; circle=&#8221;no&#8221; circlecolor=&#8221;&#8221; size=&#8221;small&#8221; class=&#8221;&#8221; id=&#8221;&#8221;][li_item icon=&#8221;&#8221;]En 1998, el <strong>Dr. Beck <\/strong>public\u00f3 su investigaci\u00f3n en el \u00e1mbito de la terapia de baja frecuencia (3,92 Hz).[\/li_item][li_item icon=&#8221;&#8221;]Finalmente, en 2006 <strong>el natur\u00f3pata profesional A. E. Baklayan<\/strong> descubre las primeras frecuencias TREF (Repolarizaci\u00f3n del organismo mediante frecuencias el\u00e9ctricas) y en 2009 desarrolla una compilaci\u00f3n de 24 frecuencias, que equilibran los meridianos del cuerpo y se dieron a conocer como <strong>Programa Golden Stream<\/strong>.[\/li_item][li_item icon=&#8221;&#8221;]En 2010 el <strong>natur\u00f3pata profesional Baklayan<\/strong> descubri\u00f3 la <strong>terapia de frecuencia arm\u00f3nica<\/strong>. Esta terapia crea una relaci\u00f3n matem\u00e1tica entre todas las v\u00edas y funciones energ\u00e9ticas del organismo.[\/li_item][li_item icon=&#8221;&#8221;]En 2012, <strong>A. E. Baklayan<\/strong> realiza grandes avances y descubrimientos. En primer lugar, descubre el revolucionario m\u00e9todo de la <strong>terapia de descarga de impulsos y matriz<\/strong>. Y, por otra parte, el natur\u00f3pata Hp Baklayan desarrolla el original<strong> Diamond Shield<\/strong> a partir de los fundamentos del programa Golden Stream mencionado anteriormente. Primero, lleg\u00f3 a darse cuenta de ello al ver que algunas frecuencias ten\u00edan que sustituirse porque se hab\u00eda descifrado el sistema de frecuencias arm\u00f3nicas del organismo y, por lo tanto, pod\u00edan utilizarse frecuencias m\u00e1s precias \u2192 esto se corresponde con la regulaci\u00f3n y necesidad de equilibrio del organismo.<br \/>\nY, en segundo lugar, se dio cuenta de ello debido al hecho de que todas las frecuencias de Diamond Shield se modulaban por una segunda frecuencia que guarda una relaci\u00f3n matem\u00e1tica precisa con la primera. De esta forma, se multiplica la efectividad de esta aplicaci\u00f3n.[\/li_item][\/checklist][content_boxes layout=&#8221;icon-on-top&#8221; icon_circle_size=&#8221;large&#8221; icon_align=&#8221;left&#8221; columns=&#8221;1&#8243; class=&#8221;&#8221; id=&#8221;&#8221;][content_box title=&#8221;&#8221; icon=&#8221;fa-star-o&#8221; backgroundcolor=&#8221;#f2f2f2&#8243; iconcolor=&#8221;#ffffff&#8221; circlecolor=&#8221;#81d742&#8243; circlebordercolor=&#8221;#ffffff&#8221; iconflip=&#8221;&#8221; iconrotate=&#8221;&#8221; iconspin=&#8221;no&#8221; image=&#8221;&#8221; image_width=&#8221;35&#8243; image_height=&#8221;35&#8243; link=&#8221;&#8221; linktext=&#8221;&#8221; linktarget=&#8221;_self&#8221; animation_type=&#8221;0&#8243; animation_direction=&#8221;down&#8221; animation_speed=&#8221;0.1&#8243;] <strong>Por consiguiente, el Diamond Shield es el primer dispositivo de frecuencias universal que equilibra y regula todo el sistema de meridianos del organismo (la estructura energ\u00e9tica) en unos pocos minutos. El Diamond Shield Zapper avanzado IE incluye dos programas Clark est\u00e1ndar: el programa de zapeo a largo plazo y el programa de 3 aplicaciones de 7 minutos con pausas de 20 minutos. La frecuencia de ambos programas es de 33,3 Hz. Adem\u00e1s de los programas Clark est\u00e1ndar, contiene programas de frecuencia para aplicaciones espec\u00edficas<\/strong>\u00a0<b>(como, por ejemplo, el programa Beck blood Zapper y los programas Diamond Shield, Bo, Wf, Es, R\u00fc de Baklayan)<\/b>\u00a0<strong>y puede ejecutar cualquier programa que desee usando varias tarjetas de memoria.<\/strong><\/p>\n<p><strong>El Diamond Shield encierra 120 a\u00f1os de investigaci\u00f3n y desarrollo en un dispositivo m\u00f3vil, peque\u00f1o y asequible. <\/strong>[\/content_box][\/content_boxes][sharing tagline=&#8221;Artikel teilen:&#8221; tagline_color=&#8221;&#8221; title=&#8221;&#8221; link=&#8221;&#8221; description=&#8221;&#8221; pinterest_image=&#8221;&#8221; icons_boxed=&#8221;&#8221; icons_boxed_radius=&#8221;4px&#8221; box_colors=&#8221;&#8221; icon_colors=&#8221;&#8221; tooltip_placement=&#8221;&#8221; backgroundcolor=&#8221;&#8221; class=&#8221;&#8221; id=&#8221;&#8221;][\/sharing]\n","protected":false},"excerpt":{"rendered":"<p>[title size=&#8221;1&#8243; content_align=&#8221;left&#8221; style_type=&#8221;single&#8221; sep_color=&#8221;&#8221; class=&#8221;&#8221; id=&#8221;&#8221;]Desde los or\u00edgenes del Zapper hasta la actualidad[\/title][checklist icon=&#8221;fa-caret-right&#8221; iconcolor=&#8221;#000000&#8243; circle=&#8221;no&#8221; circlecolor=&#8221;&#8221; size=&#8221;small&#8221; class=&#8221;&#8221; id=&#8221;&#8221;][li_item icon=&#8221;&#8221;]El primer dispositivo de electro acupuntura fue desarrollado por el Profesor Doctor Roger de la Fuye (1890-1961).[\/li_item][li_item icon=&#8221;&#8221;]Entre 1945 y 1950 el Dr. R. Rife utiliz\u00f3 un generador de frecuencias para combatir a los agentes pat\u00f3genos (ve\u00e1se La cura &#8230; <a href=\"https:\/\/diamondshieldzapper.com\/es\/historia-del-zapper\/\" class=\"more-link\">Read More<\/a><\/p>\n","protected":false},"author":1,"featured_media":0,"parent":0,"menu_order":0,"comment_status":"closed","ping_status":"open","template":"","meta":{"_bbp_topic_count":0,"_bbp_reply_count":0,"_bbp_total_topic_count":0,"_bbp_total_reply_count":0,"_bbp_voice_count":0,"_bbp_anonymous_reply_count":0,"_bbp_topic_count_hidden":0,"_bbp_reply_count_hidden":0,"_bbp_forum_subforum_count":0,"rs_blank_template":"","rs_page_bg_color":"","slide_template_v7":"","_monsterinsights_skip_tracking":false,"_monsterinsights_sitenote_active":false,"_monsterinsights_sitenote_note":"","_monsterinsights_sitenote_category":0,"footnotes":""},"class_list":["post-1885","page","type-page","status-publish","hentry","no-post-thumbnail"],"yoast_head":"<!-- This site is optimized with the Yoast SEO plugin v27.3 - https:\/\/yoast.com\/product\/yoast-seo-wordpress\/ -->\n<title>Historia del Zapper - Diamond Shield Zapper<\/title>\n<meta name=\"description\" content=\"Personas inteligentes como la doctora Hulda Clark han contribuido considerablemente en las versiones actuales del Zapper. Alan E. Baklayan ha sido capaz de mejorar todav\u00eda m\u00e1s sus investigaciones.\" \/>\n<meta name=\"robots\" content=\"index, follow, max-snippet:-1, max-image-preview:large, max-video-preview:-1\" \/>\n<link rel=\"canonical\" href=\"https:\/\/diamondshieldzapper.com\/es\/historia-del-zapper\/\" \/>\n<meta property=\"og:locale\" content=\"es_ES\" \/>\n<meta property=\"og:type\" content=\"article\" \/>\n<meta property=\"og:title\" content=\"Historia del Zapper - Diamond Shield Zapper\" \/>\n<meta property=\"og:description\" content=\"Personas inteligentes como la doctora Hulda Clark han contribuido considerablemente en las versiones actuales del Zapper. Alan E. Baklayan ha sido capaz de mejorar todav\u00eda m\u00e1s sus investigaciones.\" \/>\n<meta property=\"og:url\" content=\"https:\/\/diamondshieldzapper.com\/es\/historia-del-zapper\/\" \/>\n<meta property=\"og:site_name\" content=\"Diamond Shield Zapper\" \/>\n<meta property=\"article:publisher\" content=\"https:\/\/www.facebook.com\/heilpraktiker.baklayan\/\" \/>\n<meta property=\"og:image\" content=\"https:\/\/diamondshieldzapper.com\/wp-content\/uploads\/2014\/12\/drclark.jpg\" \/>\n<meta name=\"twitter:label1\" content=\"Tiempo de lectura\" \/>\n\t<meta name=\"twitter:data1\" content=\"7 minutos\" \/>\n<script type=\"application\/ld+json\" class=\"yoast-schema-graph\">{\"@context\":\"https:\\\/\\\/schema.org\",\"@graph\":[{\"@type\":\"WebPage\",\"@id\":\"https:\\\/\\\/diamondshieldzapper.com\\\/es\\\/historia-del-zapper\\\/\",\"url\":\"https:\\\/\\\/diamondshieldzapper.com\\\/es\\\/historia-del-zapper\\\/\",\"name\":\"Historia del Zapper - Diamond Shield Zapper\",\"isPartOf\":{\"@id\":\"https:\\\/\\\/diamondshieldzapper.com\\\/es\\\/#website\"},\"primaryImageOfPage\":{\"@id\":\"https:\\\/\\\/diamondshieldzapper.com\\\/es\\\/historia-del-zapper\\\/#primaryimage\"},\"image\":{\"@id\":\"https:\\\/\\\/diamondshieldzapper.com\\\/es\\\/historia-del-zapper\\\/#primaryimage\"},\"thumbnailUrl\":\"https:\\\/\\\/diamondshieldzapper.com\\\/wp-content\\\/uploads\\\/2014\\\/12\\\/drclark.jpg\",\"datePublished\":\"2015-10-14T12:43:46+00:00\",\"description\":\"Personas inteligentes como la doctora Hulda Clark han contribuido considerablemente en las versiones actuales del Zapper. Alan E. Baklayan ha sido capaz de mejorar todav\u00eda m\u00e1s sus investigaciones.\",\"breadcrumb\":{\"@id\":\"https:\\\/\\\/diamondshieldzapper.com\\\/es\\\/historia-del-zapper\\\/#breadcrumb\"},\"inLanguage\":\"es\",\"potentialAction\":[{\"@type\":\"ReadAction\",\"target\":[\"https:\\\/\\\/diamondshieldzapper.com\\\/es\\\/historia-del-zapper\\\/\"]}]},{\"@type\":\"ImageObject\",\"inLanguage\":\"es\",\"@id\":\"https:\\\/\\\/diamondshieldzapper.com\\\/es\\\/historia-del-zapper\\\/#primaryimage\",\"url\":\"https:\\\/\\\/diamondshieldzapper.com\\\/wp-content\\\/uploads\\\/2014\\\/12\\\/drclark.jpg\",\"contentUrl\":\"https:\\\/\\\/diamondshieldzapper.com\\\/wp-content\\\/uploads\\\/2014\\\/12\\\/drclark.jpg\"},{\"@type\":\"BreadcrumbList\",\"@id\":\"https:\\\/\\\/diamondshieldzapper.com\\\/es\\\/historia-del-zapper\\\/#breadcrumb\",\"itemListElement\":[{\"@type\":\"ListItem\",\"position\":1,\"name\":\"Home\",\"item\":\"https:\\\/\\\/diamondshieldzapper.com\\\/es\\\/?page_id=7559\"},{\"@type\":\"ListItem\",\"position\":2,\"name\":\"Historia del Zapper\"}]},{\"@type\":\"WebSite\",\"@id\":\"https:\\\/\\\/diamondshieldzapper.com\\\/es\\\/#website\",\"url\":\"https:\\\/\\\/diamondshieldzapper.com\\\/es\\\/\",\"name\":\"Diamond Shield Zapper\",\"description\":\"einfach nur Zappen war gestern\",\"potentialAction\":[{\"@type\":\"SearchAction\",\"target\":{\"@type\":\"EntryPoint\",\"urlTemplate\":\"https:\\\/\\\/diamondshieldzapper.com\\\/es\\\/?s={search_term_string}\"},\"query-input\":{\"@type\":\"PropertyValueSpecification\",\"valueRequired\":true,\"valueName\":\"search_term_string\"}}],\"inLanguage\":\"es\"}]}<\/script>\n<!-- \/ Yoast SEO plugin. -->","yoast_head_json":{"title":"Historia del Zapper - Diamond Shield Zapper","description":"Personas inteligentes como la doctora Hulda Clark han contribuido considerablemente en las versiones actuales del Zapper. Alan E. Baklayan ha sido capaz de mejorar todav\u00eda m\u00e1s sus investigaciones.","robots":{"index":"index","follow":"follow","max-snippet":"max-snippet:-1","max-image-preview":"max-image-preview:large","max-video-preview":"max-video-preview:-1"},"canonical":"https:\/\/diamondshieldzapper.com\/es\/historia-del-zapper\/","og_locale":"es_ES","og_type":"article","og_title":"Historia del Zapper - Diamond Shield Zapper","og_description":"Personas inteligentes como la doctora Hulda Clark han contribuido considerablemente en las versiones actuales del Zapper. Alan E. Baklayan ha sido capaz de mejorar todav\u00eda m\u00e1s sus investigaciones.","og_url":"https:\/\/diamondshieldzapper.com\/es\/historia-del-zapper\/","og_site_name":"Diamond Shield Zapper","article_publisher":"https:\/\/www.facebook.com\/heilpraktiker.baklayan\/","og_image":[{"url":"https:\/\/diamondshieldzapper.com\/wp-content\/uploads\/2014\/12\/drclark.jpg","type":"","width":"","height":""}],"twitter_misc":{"Tiempo de lectura":"7 minutos"},"schema":{"@context":"https:\/\/schema.org","@graph":[{"@type":"WebPage","@id":"https:\/\/diamondshieldzapper.com\/es\/historia-del-zapper\/","url":"https:\/\/diamondshieldzapper.com\/es\/historia-del-zapper\/","name":"Historia del Zapper - Diamond Shield Zapper","isPartOf":{"@id":"https:\/\/diamondshieldzapper.com\/es\/#website"},"primaryImageOfPage":{"@id":"https:\/\/diamondshieldzapper.com\/es\/historia-del-zapper\/#primaryimage"},"image":{"@id":"https:\/\/diamondshieldzapper.com\/es\/historia-del-zapper\/#primaryimage"},"thumbnailUrl":"https:\/\/diamondshieldzapper.com\/wp-content\/uploads\/2014\/12\/drclark.jpg","datePublished":"2015-10-14T12:43:46+00:00","description":"Personas inteligentes como la doctora Hulda Clark han contribuido considerablemente en las versiones actuales del Zapper. Alan E. Baklayan ha sido capaz de mejorar todav\u00eda m\u00e1s sus investigaciones.","breadcrumb":{"@id":"https:\/\/diamondshieldzapper.com\/es\/historia-del-zapper\/#breadcrumb"},"inLanguage":"es","potentialAction":[{"@type":"ReadAction","target":["https:\/\/diamondshieldzapper.com\/es\/historia-del-zapper\/"]}]},{"@type":"ImageObject","inLanguage":"es","@id":"https:\/\/diamondshieldzapper.com\/es\/historia-del-zapper\/#primaryimage","url":"https:\/\/diamondshieldzapper.com\/wp-content\/uploads\/2014\/12\/drclark.jpg","contentUrl":"https:\/\/diamondshieldzapper.com\/wp-content\/uploads\/2014\/12\/drclark.jpg"},{"@type":"BreadcrumbList","@id":"https:\/\/diamondshieldzapper.com\/es\/historia-del-zapper\/#breadcrumb","itemListElement":[{"@type":"ListItem","position":1,"name":"Home","item":"https:\/\/diamondshieldzapper.com\/es\/?page_id=7559"},{"@type":"ListItem","position":2,"name":"Historia del Zapper"}]},{"@type":"WebSite","@id":"https:\/\/diamondshieldzapper.com\/es\/#website","url":"https:\/\/diamondshieldzapper.com\/es\/","name":"Diamond Shield Zapper","description":"einfach nur Zappen war gestern","potentialAction":[{"@type":"SearchAction","target":{"@type":"EntryPoint","urlTemplate":"https:\/\/diamondshieldzapper.com\/es\/?s={search_term_string}"},"query-input":{"@type":"PropertyValueSpecification","valueRequired":true,"valueName":"search_term_string"}}],"inLanguage":"es"}]}},"_links":{"self":[{"href":"https:\/\/diamondshieldzapper.com\/es\/wp-json\/wp\/v2\/pages\/1885","targetHints":{"allow":["GET"]}}],"collection":[{"href":"https:\/\/diamondshieldzapper.com\/es\/wp-json\/wp\/v2\/pages"}],"about":[{"href":"https:\/\/diamondshieldzapper.com\/es\/wp-json\/wp\/v2\/types\/page"}],"author":[{"embeddable":true,"href":"https:\/\/diamondshieldzapper.com\/es\/wp-json\/wp\/v2\/users\/1"}],"replies":[{"embeddable":true,"href":"https:\/\/diamondshieldzapper.com\/es\/wp-json\/wp\/v2\/comments?post=1885"}],"version-history":[{"count":0,"href":"https:\/\/diamondshieldzapper.com\/es\/wp-json\/wp\/v2\/pages\/1885\/revisions"}],"wp:attachment":[{"href":"https:\/\/diamondshieldzapper.com\/es\/wp-json\/wp\/v2\/media?parent=1885"}],"curies":[{"name":"wp","href":"https:\/\/api.w.org\/{rel}","templated":true}]}}