{"id":1946,"date":"2015-10-06T17:27:46","date_gmt":"2015-10-06T17:27:46","guid":{"rendered":"https:\/\/diamondshieldzapper.com\/la-doctora-hulda-clark-y-el-zapper-de-la-doctora-clark\/"},"modified":"2015-10-06T17:27:46","modified_gmt":"2015-10-06T17:27:46","slug":"la-doctora-hulda-clark-y-el-zapper-de-la-doctora-clark","status":"publish","type":"page","link":"https:\/\/diamondshieldzapper.com\/es\/la-doctora-hulda-clark-y-el-zapper-de-la-doctora-clark\/","title":{"rendered":"La doctora Hulda Clark y el Zapper de la doctora Clark"},"content":{"rendered":"[title size=&#8221;1&#8243; content_align=&#8221;left&#8221; style_type=&#8221;single&#8221; sep_color=&#8221;&#8221; class=&#8221;&#8221; id=&#8221;&#8221;]La doctora Hulda Clark y el Zapper de la doctora Clark[\/title][fusion_text]\n<p align=\"justify\"><strong><img loading=\"lazy\" decoding=\"async\" class=\"alignleft size-full wp-image-67\" src=\"https:\/\/diamondshieldzapper.com\/wp-content\/uploads\/2014\/12\/drclark.jpg\" alt=\"Dra. Hulda Clark, inventora del Zapper de la doctora Clark\" width=\"220\" height=\"300\" \/><\/strong><\/p>\n<p>Nacida en Canad\u00e1, la <b>doctora Hulda Clark<\/b> (1928-2009) le debe su fama actual al <b>Zapper de la doctora Clark<\/b> y a su obra <b>&#8220;La cura de todas las enfermedades&#8221;<\/b> (t\u00edtulo  original en ingl\u00e9s: The Cure for all Diseases).<\/p>\n<p>La <b>doctora Clark<\/b> supo conectar de una forma perfecta dos temas como ciencia y naturopat\u00eda. Tras estudiar biolog\u00eda y obtener el doctorado en psicolog\u00eda, se dedic\u00f3 por completo a la medicina homeop\u00e1tica con el objeto de desarrollar dispositivos y tratamientos (como, por ejemplo el Zapper de la <b>doctora Clark<\/b>, que ofreciesen a las personas posibilidades de autocuraci\u00f3n.<\/p>\n<p>En 1963, la <b>doctora Clark<\/b> abri\u00f3 su consulta homeop\u00e1tica, donde ejerci\u00f3 como m\u00e9dico home\u00f3pata hasta el a\u00f1o 2007, centr\u00e1ndose b\u00e1sicamente en el tratamiento del c\u00e1ncer. Durante 44 a\u00f1os de profesi\u00f3n, la <strong>doctora Hulda Clark<\/strong> acumul\u00f3 una amplia experiencia y la difundi\u00f3 en 8 obras, de las que 6 trataron sobre la lucha contra el c\u00e1ncer.<\/p>\n<p>Seg\u00fan la <b>terapia de la doctora Clark<\/b>, las enfermedades cr\u00f3nicas tienen fundamentalmente dos causas: el par\u00e1sito <i>Fasciolopsis buski<\/i> y las toxinas ambientales.<\/p>\n<p>La <b>doctora Hulda Clark<\/b> desarroll\u00f3 un <strong>dispositivo de prueba<\/strong> llamado <b>Synchrometer,<\/b> para detectar las toxinas acumuladas por el consumo de alimentos industriales, cosm\u00e9ticos y otros productos b\u00e1sicos cotidianos, as\u00ed como diferentes par\u00e1sitos, bacterias y hongos, (mediante una respuesta de resonancia a frecuencias espec\u00edficas), que, seg\u00fan su teor\u00eda, se acumulan en el <strong>organismo y causan enfermedades cr\u00f3nicas graves<\/strong>. Seg\u00fan la <b>doctora Clark<\/b>, las toxinas, bacterias, virus y hongos \u201cse revelan\u201d mediante una respuesta de resonancia a una frecuencia espec\u00edfica \u201cpropia\u201d y pueden debilitarse con una estimulaci\u00f3n el\u00e9ctrica suave con el mencionado Zapper en esta misma frecuencia.<\/p>\n<p>En su obra <strong>La cura de todas las enfermedades <\/strong>(t\u00edtulo original en ingl\u00e9s: The Cure for all Diseases) la <b>doctora Clark<\/b> ofrece las instrucciones para construir en casa el <b>Zapper de la doctora Clark<\/b> dise\u00f1ado por ella e informaci\u00f3n detallada sobre el debilitamiento dirigido y eliminaci\u00f3n de toxinas y par\u00e1sitos mediante la estimulaci\u00f3n el\u00e9ctrica suave en frecuencias espec\u00edficas. La doctora <b>Hulda Clark<\/b> desarrollo recetas y tratamientos para, por ejemplo, la limpieza del h\u00edgado, de los ri\u00f1ones y de los intestinos.<\/p>\n<p>Al difundir las instrucciones para la construcci\u00f3n del <b>Zapper de la doctora Clark<\/b>, la <b>doctora Clark<\/b> quiso que todo el mundo dispusiese de una auto ayuda para combatir las toxinas ambientales, par\u00e1sitos y, especialmente, el c\u00e1ncer.<\/p>\n<p>A pesar de la oposici\u00f3n a la que tuvo que hacer frente, la <b>doctora Clark<\/b> no cedi\u00f3 ante el desaliento y sigui\u00f3 insistiendo en romper los esquemas de pensamiento establecidos. Se atrevi\u00f3 a emprender un camino que combinaba la ciencia y la medicina homeop\u00e1tica.<\/p>\n<p>Incluso despu\u00e9s del acoso legal, la <b>doctora Clark<\/b> no se dej\u00f3 amedrentar y sigui\u00f3 manteniendo su convicci\u00f3n de que la terapia con el Zapper es efectiva para combatir tipos de c\u00e1ncer graves, como afirmaba en sus libros.<\/p>\n<p>M\u00e1s tarde, la <b>doctora Clark<\/b> empez\u00f3 a interesarse por el sistema inmunitario, es decir, sobre el fortalecimiento de las defensas del organismo. Sus investigaciones animaron a miles de personas a ayudarse a s\u00ed mismas y concienciarse en su propia salud.<\/p>\n[checklist icon=&#8221;fa-star-o&#8221; iconcolor=&#8221;#ffffff&#8221; circle=&#8221;yes&#8221; circlecolor=&#8221;#81d742&#8243; size=&#8221;medium&#8221; class=&#8221;&#8221; id=&#8221;&#8221;]\n[li_item icon=&#8221;&#8221;]<strong>El dispositivo Diamond Shield Zapper es la evoluci\u00f3n de esta formidable dispositivo de la doctora Hulda Clark y nos ofrece m\u00e1s posibilidades y novedades que el modelo original.<\/strong> [\/li_item]\n[\/checklist][\/fusion_text][sharing tagline=&#8221;Compartir art\u00edculo:&#8221; tagline_color=&#8221;&#8221; title=&#8221;&#8221; link=&#8221;&#8221; description=&#8221;&#8221; pinterest_image=&#8221;&#8221; icons_boxed=&#8221;&#8221; icons_boxed_radius=&#8221;4px&#8221; box_colors=&#8221;&#8221; icon_colors=&#8221;&#8221; tooltip_placement=&#8221;&#8221; backgroundcolor=&#8221;&#8221; class=&#8221;&#8221; id=&#8221;&#8221;][\/sharing]\n","protected":false},"excerpt":{"rendered":"<p>[title size=&#8221;1&#8243; content_align=&#8221;left&#8221; style_type=&#8221;single&#8221; sep_color=&#8221;&#8221; class=&#8221;&#8221; id=&#8221;&#8221;]La doctora Hulda Clark y el Zapper de la doctora Clark[\/title][fusion_text] Nacida en Canad\u00e1, la doctora Hulda Clark (1928-2009) le debe su fama actual al Zapper de la doctora Clark y a su obra &#8220;La cura de todas las enfermedades&#8221; (t\u00edtulo original en ingl\u00e9s: The Cure for all Diseases). La doctora Clark supo conectar &#8230; <a href=\"https:\/\/diamondshieldzapper.com\/es\/la-doctora-hulda-clark-y-el-zapper-de-la-doctora-clark\/\" class=\"more-link\">Read More<\/a><\/p>\n","protected":false},"author":2,"featured_media":0,"parent":0,"menu_order":0,"comment_status":"closed","ping_status":"open","template":"","meta":{"_bbp_topic_count":0,"_bbp_reply_count":0,"_bbp_total_topic_count":0,"_bbp_total_reply_count":0,"_bbp_voice_count":0,"_bbp_anonymous_reply_count":0,"_bbp_topic_count_hidden":0,"_bbp_reply_count_hidden":0,"_bbp_forum_subforum_count":0,"rs_blank_template":"","rs_page_bg_color":"","slide_template_v7":"","_monsterinsights_skip_tracking":false,"_monsterinsights_sitenote_active":false,"_monsterinsights_sitenote_note":"","_monsterinsights_sitenote_category":0,"footnotes":""},"class_list":["post-1946","page","type-page","status-publish","hentry","no-post-thumbnail"],"yoast_head":"<!-- This site is optimized with the Yoast SEO plugin v27.3 - https:\/\/yoast.com\/product\/yoast-seo-wordpress\/ -->\n<title>La doctora Hulda Clark y el Zapper de la doctora Clark<\/title>\n<meta name=\"description\" content=\"El Zapper de la doctora Clark y la terapia de la doctora Clark alentaron a una gran cantidad de personas a tomar conciencia de su propia salud.\" \/>\n<meta name=\"robots\" content=\"index, follow, max-snippet:-1, max-image-preview:large, max-video-preview:-1\" \/>\n<link rel=\"canonical\" href=\"https:\/\/diamondshieldzapper.com\/es\/la-doctora-hulda-clark-y-el-zapper-de-la-doctora-clark\/\" \/>\n<meta property=\"og:locale\" content=\"es_ES\" \/>\n<meta property=\"og:type\" content=\"article\" \/>\n<meta property=\"og:title\" content=\"La doctora Hulda Clark y el Zapper de la doctora Clark\" \/>\n<meta property=\"og:description\" content=\"El Zapper de la doctora Clark y la terapia de la doctora Clark alentaron a una gran cantidad de personas a tomar conciencia de su propia salud.\" \/>\n<meta property=\"og:url\" content=\"https:\/\/diamondshieldzapper.com\/es\/la-doctora-hulda-clark-y-el-zapper-de-la-doctora-clark\/\" \/>\n<meta property=\"og:site_name\" content=\"Diamond Shield Zapper\" \/>\n<meta property=\"article:publisher\" content=\"https:\/\/www.facebook.com\/heilpraktiker.baklayan\/\" \/>\n<meta property=\"og:image\" content=\"https:\/\/diamondshieldzapper.com\/wp-content\/uploads\/2014\/12\/drclark.jpg\" \/>\n<meta name=\"twitter:label1\" content=\"Tiempo de lectura\" \/>\n\t<meta name=\"twitter:data1\" content=\"3 minutos\" \/>\n<script type=\"application\/ld+json\" class=\"yoast-schema-graph\">{\"@context\":\"https:\\\/\\\/schema.org\",\"@graph\":[{\"@type\":\"WebPage\",\"@id\":\"https:\\\/\\\/diamondshieldzapper.com\\\/es\\\/la-doctora-hulda-clark-y-el-zapper-de-la-doctora-clark\\\/\",\"url\":\"https:\\\/\\\/diamondshieldzapper.com\\\/es\\\/la-doctora-hulda-clark-y-el-zapper-de-la-doctora-clark\\\/\",\"name\":\"La doctora Hulda Clark y el Zapper de la doctora Clark\",\"isPartOf\":{\"@id\":\"https:\\\/\\\/diamondshieldzapper.com\\\/es\\\/#website\"},\"primaryImageOfPage\":{\"@id\":\"https:\\\/\\\/diamondshieldzapper.com\\\/es\\\/la-doctora-hulda-clark-y-el-zapper-de-la-doctora-clark\\\/#primaryimage\"},\"image\":{\"@id\":\"https:\\\/\\\/diamondshieldzapper.com\\\/es\\\/la-doctora-hulda-clark-y-el-zapper-de-la-doctora-clark\\\/#primaryimage\"},\"thumbnailUrl\":\"https:\\\/\\\/diamondshieldzapper.com\\\/wp-content\\\/uploads\\\/2014\\\/12\\\/drclark.jpg\",\"datePublished\":\"2015-10-06T17:27:46+00:00\",\"description\":\"El Zapper de la doctora Clark y la terapia de la doctora Clark alentaron a una gran cantidad de personas a tomar conciencia de su propia salud.\",\"breadcrumb\":{\"@id\":\"https:\\\/\\\/diamondshieldzapper.com\\\/es\\\/la-doctora-hulda-clark-y-el-zapper-de-la-doctora-clark\\\/#breadcrumb\"},\"inLanguage\":\"es\",\"potentialAction\":[{\"@type\":\"ReadAction\",\"target\":[\"https:\\\/\\\/diamondshieldzapper.com\\\/es\\\/la-doctora-hulda-clark-y-el-zapper-de-la-doctora-clark\\\/\"]}]},{\"@type\":\"ImageObject\",\"inLanguage\":\"es\",\"@id\":\"https:\\\/\\\/diamondshieldzapper.com\\\/es\\\/la-doctora-hulda-clark-y-el-zapper-de-la-doctora-clark\\\/#primaryimage\",\"url\":\"https:\\\/\\\/diamondshieldzapper.com\\\/wp-content\\\/uploads\\\/2014\\\/12\\\/drclark.jpg\",\"contentUrl\":\"https:\\\/\\\/diamondshieldzapper.com\\\/wp-content\\\/uploads\\\/2014\\\/12\\\/drclark.jpg\"},{\"@type\":\"BreadcrumbList\",\"@id\":\"https:\\\/\\\/diamondshieldzapper.com\\\/es\\\/la-doctora-hulda-clark-y-el-zapper-de-la-doctora-clark\\\/#breadcrumb\",\"itemListElement\":[{\"@type\":\"ListItem\",\"position\":1,\"name\":\"Home\",\"item\":\"https:\\\/\\\/diamondshieldzapper.com\\\/es\\\/?page_id=7559\"},{\"@type\":\"ListItem\",\"position\":2,\"name\":\"La doctora Hulda Clark y el Zapper de la doctora Clark\"}]},{\"@type\":\"WebSite\",\"@id\":\"https:\\\/\\\/diamondshieldzapper.com\\\/es\\\/#website\",\"url\":\"https:\\\/\\\/diamondshieldzapper.com\\\/es\\\/\",\"name\":\"Diamond Shield Zapper\",\"description\":\"einfach nur Zappen war gestern\",\"potentialAction\":[{\"@type\":\"SearchAction\",\"target\":{\"@type\":\"EntryPoint\",\"urlTemplate\":\"https:\\\/\\\/diamondshieldzapper.com\\\/es\\\/?s={search_term_string}\"},\"query-input\":{\"@type\":\"PropertyValueSpecification\",\"valueRequired\":true,\"valueName\":\"search_term_string\"}}],\"inLanguage\":\"es\"}]}<\/script>\n<!-- \/ Yoast SEO plugin. -->","yoast_head_json":{"title":"La doctora Hulda Clark y el Zapper de la doctora Clark","description":"El Zapper de la doctora Clark y la terapia de la doctora Clark alentaron a una gran cantidad de personas a tomar conciencia de su propia salud.","robots":{"index":"index","follow":"follow","max-snippet":"max-snippet:-1","max-image-preview":"max-image-preview:large","max-video-preview":"max-video-preview:-1"},"canonical":"https:\/\/diamondshieldzapper.com\/es\/la-doctora-hulda-clark-y-el-zapper-de-la-doctora-clark\/","og_locale":"es_ES","og_type":"article","og_title":"La doctora Hulda Clark y el Zapper de la doctora Clark","og_description":"El Zapper de la doctora Clark y la terapia de la doctora Clark alentaron a una gran cantidad de personas a tomar conciencia de su propia salud.","og_url":"https:\/\/diamondshieldzapper.com\/es\/la-doctora-hulda-clark-y-el-zapper-de-la-doctora-clark\/","og_site_name":"Diamond Shield Zapper","article_publisher":"https:\/\/www.facebook.com\/heilpraktiker.baklayan\/","og_image":[{"url":"https:\/\/diamondshieldzapper.com\/wp-content\/uploads\/2014\/12\/drclark.jpg","type":"","width":"","height":""}],"twitter_misc":{"Tiempo de lectura":"3 minutos"},"schema":{"@context":"https:\/\/schema.org","@graph":[{"@type":"WebPage","@id":"https:\/\/diamondshieldzapper.com\/es\/la-doctora-hulda-clark-y-el-zapper-de-la-doctora-clark\/","url":"https:\/\/diamondshieldzapper.com\/es\/la-doctora-hulda-clark-y-el-zapper-de-la-doctora-clark\/","name":"La doctora Hulda Clark y el Zapper de la doctora Clark","isPartOf":{"@id":"https:\/\/diamondshieldzapper.com\/es\/#website"},"primaryImageOfPage":{"@id":"https:\/\/diamondshieldzapper.com\/es\/la-doctora-hulda-clark-y-el-zapper-de-la-doctora-clark\/#primaryimage"},"image":{"@id":"https:\/\/diamondshieldzapper.com\/es\/la-doctora-hulda-clark-y-el-zapper-de-la-doctora-clark\/#primaryimage"},"thumbnailUrl":"https:\/\/diamondshieldzapper.com\/wp-content\/uploads\/2014\/12\/drclark.jpg","datePublished":"2015-10-06T17:27:46+00:00","description":"El Zapper de la doctora Clark y la terapia de la doctora Clark alentaron a una gran cantidad de personas a tomar conciencia de su propia salud.","breadcrumb":{"@id":"https:\/\/diamondshieldzapper.com\/es\/la-doctora-hulda-clark-y-el-zapper-de-la-doctora-clark\/#breadcrumb"},"inLanguage":"es","potentialAction":[{"@type":"ReadAction","target":["https:\/\/diamondshieldzapper.com\/es\/la-doctora-hulda-clark-y-el-zapper-de-la-doctora-clark\/"]}]},{"@type":"ImageObject","inLanguage":"es","@id":"https:\/\/diamondshieldzapper.com\/es\/la-doctora-hulda-clark-y-el-zapper-de-la-doctora-clark\/#primaryimage","url":"https:\/\/diamondshieldzapper.com\/wp-content\/uploads\/2014\/12\/drclark.jpg","contentUrl":"https:\/\/diamondshieldzapper.com\/wp-content\/uploads\/2014\/12\/drclark.jpg"},{"@type":"BreadcrumbList","@id":"https:\/\/diamondshieldzapper.com\/es\/la-doctora-hulda-clark-y-el-zapper-de-la-doctora-clark\/#breadcrumb","itemListElement":[{"@type":"ListItem","position":1,"name":"Home","item":"https:\/\/diamondshieldzapper.com\/es\/?page_id=7559"},{"@type":"ListItem","position":2,"name":"La doctora Hulda Clark y el Zapper de la doctora Clark"}]},{"@type":"WebSite","@id":"https:\/\/diamondshieldzapper.com\/es\/#website","url":"https:\/\/diamondshieldzapper.com\/es\/","name":"Diamond Shield Zapper","description":"einfach nur Zappen war gestern","potentialAction":[{"@type":"SearchAction","target":{"@type":"EntryPoint","urlTemplate":"https:\/\/diamondshieldzapper.com\/es\/?s={search_term_string}"},"query-input":{"@type":"PropertyValueSpecification","valueRequired":true,"valueName":"search_term_string"}}],"inLanguage":"es"}]}},"_links":{"self":[{"href":"https:\/\/diamondshieldzapper.com\/es\/wp-json\/wp\/v2\/pages\/1946","targetHints":{"allow":["GET"]}}],"collection":[{"href":"https:\/\/diamondshieldzapper.com\/es\/wp-json\/wp\/v2\/pages"}],"about":[{"href":"https:\/\/diamondshieldzapper.com\/es\/wp-json\/wp\/v2\/types\/page"}],"author":[{"embeddable":true,"href":"https:\/\/diamondshieldzapper.com\/es\/wp-json\/wp\/v2\/users\/2"}],"replies":[{"embeddable":true,"href":"https:\/\/diamondshieldzapper.com\/es\/wp-json\/wp\/v2\/comments?post=1946"}],"version-history":[{"count":0,"href":"https:\/\/diamondshieldzapper.com\/es\/wp-json\/wp\/v2\/pages\/1946\/revisions"}],"wp:attachment":[{"href":"https:\/\/diamondshieldzapper.com\/es\/wp-json\/wp\/v2\/media?parent=1946"}],"curies":[{"name":"wp","href":"https:\/\/api.w.org\/{rel}","templated":true}]}}