{"id":1963,"date":"2015-10-09T01:46:10","date_gmt":"2015-10-09T01:46:10","guid":{"rendered":"https:\/\/diamondshieldzapper.com\/que-es-la-descarga-por-pulsos-y-para-que-la-necesito\/"},"modified":"2015-10-26T13:33:13","modified_gmt":"2015-10-26T13:33:13","slug":"que-es-la-descarga-por-pulsos-y-para-que-la-necesito","status":"publish","type":"page","link":"https:\/\/diamondshieldzapper.com\/es\/que-es-la-descarga-por-pulsos-y-para-que-la-necesito\/","title":{"rendered":"\u00bfQu\u00e9 es la descarga por pulsos y para qu\u00e9 la necesito?"},"content":{"rendered":"[title size=&#8221;1&#8243; content_align=&#8221;left&#8221; style_type=&#8221;single&#8221; sep_color=&#8221;&#8221; class=&#8221;&#8221; id=&#8221;&#8221;]Descarga por pulsos[\/title][fusion_text]<strong>Para disfrutar de una salud equilibrada son necesarios dos elementos:<\/strong><\/p>\n<p><strong>Un dispositivo Diamond Shield y descargas regulares controladas.<\/strong><\/p>\n<hr \/>\n<p><strong>\u00bfQu\u00e9 conexi\u00f3n existe entre estos dos principios?<\/strong><\/p>\n<p>A lo largo de la superficie corporal existe una delicada red de meridianos, que transporta la energ\u00eda vital, el Qi. Cada uno de estos meridianos representa la energ\u00eda y es un circuito funcional de un \u00f3rgano y transporta y regula todas las cargas del \u00f3rgano asignado a cada uno de dichos meridianos. Esta red es la que alimenta a todas las partes y elimina aquello que sobra. De esta manera, si aplicamos todos los d\u00edas a los meridianos el <strong>IMPULSO<\/strong> adecuado mediante vibraciones propias de los meridianos y, al mismo tiempo, los <strong>DESCARGAMOS<\/strong>, estaremos reforzando el escudo protector y eliminando pr\u00e1cticamente todos los contaminantes perjudiciales.<\/p>\n<p>\u00bfD\u00f3nde van exactamente los residuos eliminados (cargas)?<br \/>\nVan hacia donde todas las descargas de la naturaleza:<img loading=\"lazy\" decoding=\"async\" class=\"alignright wp-image-278\" src=\"https:\/\/diamondshieldzapper.com\/wp-content\/uploads\/2014\/12\/zappen-erden-300x166.jpg\" alt=\"Conexi\u00f3n a tierra con el Zapper\" width=\"392\" height=\"217\" srcset=\"https:\/\/diamondshieldzapper.com\/wp-content\/uploads\/2014\/12\/zappen-erden-300x166.jpg 300w, https:\/\/diamondshieldzapper.com\/wp-content\/uploads\/2014\/12\/zappen-erden-1024x567.jpg 1024w, https:\/\/diamondshieldzapper.com\/wp-content\/uploads\/2014\/12\/zappen-erden-120x66.jpg 120w, https:\/\/diamondshieldzapper.com\/wp-content\/uploads\/2014\/12\/zappen-erden-500x277.jpg 500w, https:\/\/diamondshieldzapper.com\/wp-content\/uploads\/2014\/12\/zappen-erden.jpg 1322w\" sizes=\"auto, (max-width: 392px) 100vw, 392px\" \/><\/p>\n<p><strong>\u00a1A LA TIERRA!<\/strong><\/p>\n<p>Tan solo tenemos que estimular todos los meridianos con su propia frecuencia,<br \/>\npor lo que dejamos que el programa Diamond Shield se encargue de ello:<\/p>\n<ul>\n<li>De esta forma se disuelven y transportan todas las cargas: <strong>pulsos<\/strong><\/li>\n<li>y al estar conectados a tierra, podemos eliminar estas cargas: <strong>descarga<\/strong><\/li>\n<\/ul>\n<p>Despu\u00e9s de ello, todos los meridianos pueden retomar sus funci\u00f3n energ\u00e9tica y arm\u00f3nica, al ser estimulados por las frecuencias del programa de Diamond Shield.<\/p>\n<h3>AMPLIACI\u00d3N DE LA APLICACI\u00d3N DE DESCARGAS POR PULSOS:<\/h3>\n<p>Resulta muy sensato aplicar esta pr\u00e1ctica funci\u00f3n a otros \u00e1mbitos:<\/p>\n<h2><img loading=\"lazy\" decoding=\"async\" class=\"alignleft size-medium wp-image-322\" src=\"https:\/\/diamondshieldzapper.com\/wp-content\/uploads\/2014\/12\/zappen-erden2.png\" alt=\"Conexi\u00f3n a tierra mediante zapeo\" width=\"300\" height=\"228\" srcset=\"https:\/\/diamondshieldzapper.com\/wp-content\/uploads\/2014\/12\/zappen-erden2.png 573w, https:\/\/diamondshieldzapper.com\/wp-content\/uploads\/2014\/12\/zappen-erden2-300x228.png 300w, https:\/\/diamondshieldzapper.com\/wp-content\/uploads\/2014\/12\/zappen-erden2-180x138.png 180w, https:\/\/diamondshieldzapper.com\/wp-content\/uploads\/2014\/12\/zappen-erden2-120x91.png 120w, https:\/\/diamondshieldzapper.com\/wp-content\/uploads\/2014\/12\/zappen-erden2-500x380.png 500w\" sizes=\"auto, (max-width: 300px) 100vw, 300px\" \/>Conexi\u00f3n a tierra<\/h2>\n<p>La emergencia de determinadas <strong>tendencias y modas<\/strong> no es algo extraordinario en naturopat\u00eda, ya que en este \u00e1mbito el esp\u00edritu de la \u00e9poca tambi\u00e9n repercute en las preferencias por un tratamiento. La mayor\u00eda de estos fen\u00f3menos desaparecen una vez que superan el punto \u00e1lgido. Sin embargo, existen algunas excepciones, entre las que se incluye el descubrimiento del sorprendente tema de la conexi\u00f3n a tierra, aunque m\u00e1s bien se trata de un redescubrimiento, ya que no cabe duda de que todos nos hemos topado alguna vez con aplicaciones terap\u00e9uticas en este \u00e1mbito, sobre todo la acci\u00f3n de &#8220;caminar descalzos por el c\u00e9sped&#8221; en el marco del m\u00e9todo Kneipp.<\/p>\n<p>Es sobretodo en nuestra vida cotidiana, en la que el uso de electricidad se ha convertido en algo tan evidente, donde hemos obviado un hecho importante que solo entenderemos si recordamos lo siguiente: cuando caminamos sobre suelos aislados o con calzado de suela de pl\u00e1stico, se produce una acumulaci\u00f3n continua de <strong>electricidad est\u00e1tica<\/strong>, que (y aqu\u00ed est\u00e1 el problema) pr\u00e1cticamente <strong>no se descarga o no puede ser descargada.<\/strong> Adem\u00e1s, el uso cada vez mayor de aparatos el\u00e9ctricos, as\u00ed como el funcionamiento de dispositivos en modo de espera, significa que siempre nos movemos por un <strong>campo de tensi\u00f3n el\u00e9ctrica<\/strong>. Este campo de tensi\u00f3n (corriente alterna) se puede medir y en algunos espacios alcanza los 7,5 voltios (el valor biol\u00f3gico aceptado es de 0,1 voltios).<\/p>\n<p>Adem\u00e1s, existe una carga est\u00e1tica. En un recinto, esta carga aumenta 200 voltios cada metro. Por ejemplo, en un piso de cuatro metros, estamos expuestos a una tensi\u00f3n de 4 x 200 = 800 voltios. Las personas que, por ejemplo, viven en el tercer piso de un inmueble est\u00e1n expuestas a una carga est\u00e1tica de 3 x 800 = 2400 voltios. \u00a1D\u00eda y noche!<\/p>\n<p>Cuando hablamos de <strong>electrodos<\/strong> debemos diferenciar entre electrodos positivos y negativos. Los primeros est\u00e1n clasificados como &#8220;malos&#8221;, porque, al igual que los radicales libres, son perjudiciales para nuestro organismo y, por ello deben ser neutralizados mediante agentes quelantes de radicales libres. Por el contrario, los electrodos negativos son los &#8220;buenos&#8221; y nuestro organismo los necesita.<\/p>\n<p>Estas ideas fundamentales deben bastar para entender el tema de forma gen\u00e9rica.<\/p>\n<p>Los hallazgos de experimentos sobre la conexi\u00f3n a tierra sugieren el siguiente fen\u00f3meno sorprendente: tras cada aplicaci\u00f3n del Zapper y la posterior conexi\u00f3n a tierra del paciente, los valores mejoraron a una velocidad sin precedentes. Fueron principalmente los pacientes con una mayor carga los que reaccionaron particularmente bien a la conexi\u00f3n a tierra. Otra de las consecuencias de ello, fue que estos pacientes se mostraron m\u00e1s abiertos a la <strong>terapia con frecuencias el\u00e9ctricas<\/strong>.<\/p>\n<p>B\u00e1sicamente, las personas se pueden comparar a <strong>recipientes<\/strong>, que est\u00e1n llenas hasta el borde con tensi\u00f3n el\u00e9ctrica debido al flujo de informaci\u00f3n actual. La condici\u00f3n indispensable para poder asimilar informaci\u00f3n nueva es que se produzca una descarga de la informaci\u00f3n antigua. Durante la adici\u00f3n de informaci\u00f3n ha quedado claro que es mejor si la descarga se produce al mismo tiempo que la carga con electrones negativos &#8220;buenos&#8221;.<\/p>\n<p>Por consiguiente, el usuario del Zapper debe estar conectado a tierra y, sobre todo, permanecer en dicho estado durante un tiempo una vez finalizado el programa.\u00a0Cuando la informaci\u00f3n, es decir, el <strong>PULSO<\/strong> se aplica a la persona, no es necesario realizar la conexi\u00f3n a tierra.<\/p>\n<p>De esta forma comienza el tratamiento de <strong>d<\/strong>escarga por<strong> p<\/strong>ulsos, <strong>IE<\/strong>, por sus siglas en alem\u00e1n. Nota: ya existe una patente registrada. Gracias a ello el dispositivo\u00a0Diamond Shield Zapper IE es \u00fanico y exclusivo en el mercado.<\/p>\n<p>Es un aparato verdaderamente f\u00e1cil de usar. El paciente necesita \u00fanicamente el <strong>cable de conexi\u00f3n a tierra<\/strong> suministrado, que debe conectar a una toma convencional. (Las clavijas de cer\u00e1mica del enchufe no son conductoras, solo sirven para que encaje en la toma de forma segura. El contacto solo se realiza con la conexi\u00f3n a tierra de la toma. Tenga en cuenta que primero deber\u00e1 comprobar si la toma tiene conexi\u00f3n a tierra.)[\/fusion_text][checklist icon=&#8221;fa-star-o&#8221; iconcolor=&#8221;#ffffff&#8221; circle=&#8221;yes&#8221; circlecolor=&#8221;#81d742&#8243; size=&#8221;small&#8221; class=&#8221;&#8221; id=&#8221;&#8221;][li_item icon=&#8221;&#8221;]<strong>Procedimiento de conexi\u00f3n a tierra del dispositivo Diamond Shield Zapper<\/strong><\/p>\n<p>Tan solo tiene que conectar el cable de toma de tierra al dispositivo Diamond Shield Zapper y el enchufe especial de conexi\u00f3n a tierra en la toma de corriente. En el extranjero deber\u00e1 conseguir un enchufe adaptador correspondiente.<br \/>\n<strong>Atenci\u00f3n:<\/strong> se trata de un conector de pl\u00e1stico que solo tiene contacto con la toma de tierra, lo que significa que no est\u00e1 conectado a la red el\u00e9ctrica. Compruebe si la toma de corriente est\u00e1 conectada a tierra (con la ayuda de un electricista o usando un probador de tomas), de lo contrario se perder\u00e1 una parte del efecto.[\/li_item][\/checklist][sharing tagline=&#8221;Compartir art\u00edculo:&#8221; tagline_color=&#8221;&#8221; title=&#8221;&#8221; link=&#8221;&#8221; description=&#8221;&#8221; pinterest_image=&#8221;&#8221; icons_boxed=&#8221;&#8221; icons_boxed_radius=&#8221;4px&#8221; box_colors=&#8221;&#8221; icon_colors=&#8221;&#8221; tooltip_placement=&#8221;&#8221; backgroundcolor=&#8221;&#8221; class=&#8221;&#8221; id=&#8221;&#8221;][\/sharing]\n","protected":false},"excerpt":{"rendered":"<p>[title size=&#8221;1&#8243; content_align=&#8221;left&#8221; style_type=&#8221;single&#8221; sep_color=&#8221;&#8221; class=&#8221;&#8221; id=&#8221;&#8221;]Descarga por pulsos[\/title][fusion_text]Para disfrutar de una salud equilibrada son necesarios dos elementos: Un dispositivo Diamond Shield y descargas regulares controladas. \u00bfQu\u00e9 conexi\u00f3n existe entre estos dos principios? A lo largo de la superficie corporal existe una delicada red de meridianos, que transporta la energ\u00eda vital, el Qi. Cada uno de estos meridianos representa la &#8230; <a href=\"https:\/\/diamondshieldzapper.com\/es\/que-es-la-descarga-por-pulsos-y-para-que-la-necesito\/\" class=\"more-link\">Read More<\/a><\/p>\n","protected":false},"author":2,"featured_media":0,"parent":0,"menu_order":0,"comment_status":"closed","ping_status":"closed","template":"","meta":{"_bbp_topic_count":0,"_bbp_reply_count":0,"_bbp_total_topic_count":0,"_bbp_total_reply_count":0,"_bbp_voice_count":0,"_bbp_anonymous_reply_count":0,"_bbp_topic_count_hidden":0,"_bbp_reply_count_hidden":0,"_bbp_forum_subforum_count":0,"rs_blank_template":"","rs_page_bg_color":"","slide_template_v7":"","_monsterinsights_skip_tracking":false,"_monsterinsights_sitenote_active":false,"_monsterinsights_sitenote_note":"","_monsterinsights_sitenote_category":0,"footnotes":""},"class_list":["post-1963","page","type-page","status-publish","hentry","no-post-thumbnail"],"yoast_head":"<!-- This site is optimized with the Yoast SEO plugin v27.3 - https:\/\/yoast.com\/product\/yoast-seo-wordpress\/ -->\n<title>\u00bfQu\u00e9 es la descarga por pulsos y para qu\u00e9 la necesito? - Diamond Shield Zapper<\/title>\n<meta name=\"description\" content=\"Para garantizar el bienestar necesitamos dos cosas: un dispositivo Diamond Shield y una descarga regular de la energ\u00eda negativa.\" \/>\n<meta name=\"robots\" content=\"index, follow, max-snippet:-1, max-image-preview:large, max-video-preview:-1\" \/>\n<link rel=\"canonical\" href=\"https:\/\/diamondshieldzapper.com\/es\/que-es-la-descarga-por-pulsos-y-para-que-la-necesito\/\" \/>\n<meta property=\"og:locale\" content=\"es_ES\" \/>\n<meta property=\"og:type\" content=\"article\" \/>\n<meta property=\"og:title\" content=\"\u00bfQu\u00e9 es la descarga por pulsos y para qu\u00e9 la necesito? - Diamond Shield Zapper\" \/>\n<meta property=\"og:description\" content=\"Para garantizar el bienestar necesitamos dos cosas: un dispositivo Diamond Shield y una descarga regular de la energ\u00eda negativa.\" \/>\n<meta property=\"og:url\" content=\"https:\/\/diamondshieldzapper.com\/es\/que-es-la-descarga-por-pulsos-y-para-que-la-necesito\/\" \/>\n<meta property=\"og:site_name\" content=\"Diamond Shield Zapper\" \/>\n<meta property=\"article:publisher\" content=\"https:\/\/www.facebook.com\/heilpraktiker.baklayan\/\" \/>\n<meta property=\"article:modified_time\" content=\"2015-10-26T13:33:13+00:00\" \/>\n<meta property=\"og:image\" content=\"https:\/\/diamondshieldzapper.com\/wp-content\/uploads\/2014\/12\/zappen-erden-300x166.jpg\" \/>\n<meta name=\"twitter:label1\" content=\"Tiempo de lectura\" \/>\n\t<meta name=\"twitter:data1\" content=\"6 minutos\" \/>\n<script type=\"application\/ld+json\" class=\"yoast-schema-graph\">{\"@context\":\"https:\\\/\\\/schema.org\",\"@graph\":[{\"@type\":\"WebPage\",\"@id\":\"https:\\\/\\\/diamondshieldzapper.com\\\/es\\\/que-es-la-descarga-por-pulsos-y-para-que-la-necesito\\\/\",\"url\":\"https:\\\/\\\/diamondshieldzapper.com\\\/es\\\/que-es-la-descarga-por-pulsos-y-para-que-la-necesito\\\/\",\"name\":\"\u00bfQu\u00e9 es la descarga por pulsos y para qu\u00e9 la necesito? - Diamond Shield Zapper\",\"isPartOf\":{\"@id\":\"https:\\\/\\\/diamondshieldzapper.com\\\/es\\\/#website\"},\"primaryImageOfPage\":{\"@id\":\"https:\\\/\\\/diamondshieldzapper.com\\\/es\\\/que-es-la-descarga-por-pulsos-y-para-que-la-necesito\\\/#primaryimage\"},\"image\":{\"@id\":\"https:\\\/\\\/diamondshieldzapper.com\\\/es\\\/que-es-la-descarga-por-pulsos-y-para-que-la-necesito\\\/#primaryimage\"},\"thumbnailUrl\":\"https:\\\/\\\/diamondshieldzapper.com\\\/wp-content\\\/uploads\\\/2014\\\/12\\\/zappen-erden-300x166.jpg\",\"datePublished\":\"2015-10-09T01:46:10+00:00\",\"dateModified\":\"2015-10-26T13:33:13+00:00\",\"description\":\"Para garantizar el bienestar necesitamos dos cosas: un dispositivo Diamond Shield y una descarga regular de la energ\u00eda negativa.\",\"breadcrumb\":{\"@id\":\"https:\\\/\\\/diamondshieldzapper.com\\\/es\\\/que-es-la-descarga-por-pulsos-y-para-que-la-necesito\\\/#breadcrumb\"},\"inLanguage\":\"es\",\"potentialAction\":[{\"@type\":\"ReadAction\",\"target\":[\"https:\\\/\\\/diamondshieldzapper.com\\\/es\\\/que-es-la-descarga-por-pulsos-y-para-que-la-necesito\\\/\"]}]},{\"@type\":\"ImageObject\",\"inLanguage\":\"es\",\"@id\":\"https:\\\/\\\/diamondshieldzapper.com\\\/es\\\/que-es-la-descarga-por-pulsos-y-para-que-la-necesito\\\/#primaryimage\",\"url\":\"https:\\\/\\\/diamondshieldzapper.com\\\/wp-content\\\/uploads\\\/2014\\\/12\\\/zappen-erden-300x166.jpg\",\"contentUrl\":\"https:\\\/\\\/diamondshieldzapper.com\\\/wp-content\\\/uploads\\\/2014\\\/12\\\/zappen-erden-300x166.jpg\"},{\"@type\":\"BreadcrumbList\",\"@id\":\"https:\\\/\\\/diamondshieldzapper.com\\\/es\\\/que-es-la-descarga-por-pulsos-y-para-que-la-necesito\\\/#breadcrumb\",\"itemListElement\":[{\"@type\":\"ListItem\",\"position\":1,\"name\":\"Home\",\"item\":\"https:\\\/\\\/diamondshieldzapper.com\\\/es\\\/?page_id=7559\"},{\"@type\":\"ListItem\",\"position\":2,\"name\":\"\u00bfQu\u00e9 es la descarga por pulsos y para qu\u00e9 la necesito?\"}]},{\"@type\":\"WebSite\",\"@id\":\"https:\\\/\\\/diamondshieldzapper.com\\\/es\\\/#website\",\"url\":\"https:\\\/\\\/diamondshieldzapper.com\\\/es\\\/\",\"name\":\"Diamond Shield Zapper\",\"description\":\"einfach nur Zappen war gestern\",\"potentialAction\":[{\"@type\":\"SearchAction\",\"target\":{\"@type\":\"EntryPoint\",\"urlTemplate\":\"https:\\\/\\\/diamondshieldzapper.com\\\/es\\\/?s={search_term_string}\"},\"query-input\":{\"@type\":\"PropertyValueSpecification\",\"valueRequired\":true,\"valueName\":\"search_term_string\"}}],\"inLanguage\":\"es\"}]}<\/script>\n<!-- \/ Yoast SEO plugin. -->","yoast_head_json":{"title":"\u00bfQu\u00e9 es la descarga por pulsos y para qu\u00e9 la necesito? - Diamond Shield Zapper","description":"Para garantizar el bienestar necesitamos dos cosas: un dispositivo Diamond Shield y una descarga regular de la energ\u00eda negativa.","robots":{"index":"index","follow":"follow","max-snippet":"max-snippet:-1","max-image-preview":"max-image-preview:large","max-video-preview":"max-video-preview:-1"},"canonical":"https:\/\/diamondshieldzapper.com\/es\/que-es-la-descarga-por-pulsos-y-para-que-la-necesito\/","og_locale":"es_ES","og_type":"article","og_title":"\u00bfQu\u00e9 es la descarga por pulsos y para qu\u00e9 la necesito? - Diamond Shield Zapper","og_description":"Para garantizar el bienestar necesitamos dos cosas: un dispositivo Diamond Shield y una descarga regular de la energ\u00eda negativa.","og_url":"https:\/\/diamondshieldzapper.com\/es\/que-es-la-descarga-por-pulsos-y-para-que-la-necesito\/","og_site_name":"Diamond Shield Zapper","article_publisher":"https:\/\/www.facebook.com\/heilpraktiker.baklayan\/","article_modified_time":"2015-10-26T13:33:13+00:00","og_image":[{"url":"https:\/\/diamondshieldzapper.com\/wp-content\/uploads\/2014\/12\/zappen-erden-300x166.jpg","type":"","width":"","height":""}],"twitter_misc":{"Tiempo de lectura":"6 minutos"},"schema":{"@context":"https:\/\/schema.org","@graph":[{"@type":"WebPage","@id":"https:\/\/diamondshieldzapper.com\/es\/que-es-la-descarga-por-pulsos-y-para-que-la-necesito\/","url":"https:\/\/diamondshieldzapper.com\/es\/que-es-la-descarga-por-pulsos-y-para-que-la-necesito\/","name":"\u00bfQu\u00e9 es la descarga por pulsos y para qu\u00e9 la necesito? - Diamond Shield Zapper","isPartOf":{"@id":"https:\/\/diamondshieldzapper.com\/es\/#website"},"primaryImageOfPage":{"@id":"https:\/\/diamondshieldzapper.com\/es\/que-es-la-descarga-por-pulsos-y-para-que-la-necesito\/#primaryimage"},"image":{"@id":"https:\/\/diamondshieldzapper.com\/es\/que-es-la-descarga-por-pulsos-y-para-que-la-necesito\/#primaryimage"},"thumbnailUrl":"https:\/\/diamondshieldzapper.com\/wp-content\/uploads\/2014\/12\/zappen-erden-300x166.jpg","datePublished":"2015-10-09T01:46:10+00:00","dateModified":"2015-10-26T13:33:13+00:00","description":"Para garantizar el bienestar necesitamos dos cosas: un dispositivo Diamond Shield y una descarga regular de la energ\u00eda negativa.","breadcrumb":{"@id":"https:\/\/diamondshieldzapper.com\/es\/que-es-la-descarga-por-pulsos-y-para-que-la-necesito\/#breadcrumb"},"inLanguage":"es","potentialAction":[{"@type":"ReadAction","target":["https:\/\/diamondshieldzapper.com\/es\/que-es-la-descarga-por-pulsos-y-para-que-la-necesito\/"]}]},{"@type":"ImageObject","inLanguage":"es","@id":"https:\/\/diamondshieldzapper.com\/es\/que-es-la-descarga-por-pulsos-y-para-que-la-necesito\/#primaryimage","url":"https:\/\/diamondshieldzapper.com\/wp-content\/uploads\/2014\/12\/zappen-erden-300x166.jpg","contentUrl":"https:\/\/diamondshieldzapper.com\/wp-content\/uploads\/2014\/12\/zappen-erden-300x166.jpg"},{"@type":"BreadcrumbList","@id":"https:\/\/diamondshieldzapper.com\/es\/que-es-la-descarga-por-pulsos-y-para-que-la-necesito\/#breadcrumb","itemListElement":[{"@type":"ListItem","position":1,"name":"Home","item":"https:\/\/diamondshieldzapper.com\/es\/?page_id=7559"},{"@type":"ListItem","position":2,"name":"\u00bfQu\u00e9 es la descarga por pulsos y para qu\u00e9 la necesito?"}]},{"@type":"WebSite","@id":"https:\/\/diamondshieldzapper.com\/es\/#website","url":"https:\/\/diamondshieldzapper.com\/es\/","name":"Diamond Shield Zapper","description":"einfach nur Zappen war gestern","potentialAction":[{"@type":"SearchAction","target":{"@type":"EntryPoint","urlTemplate":"https:\/\/diamondshieldzapper.com\/es\/?s={search_term_string}"},"query-input":{"@type":"PropertyValueSpecification","valueRequired":true,"valueName":"search_term_string"}}],"inLanguage":"es"}]}},"_links":{"self":[{"href":"https:\/\/diamondshieldzapper.com\/es\/wp-json\/wp\/v2\/pages\/1963","targetHints":{"allow":["GET"]}}],"collection":[{"href":"https:\/\/diamondshieldzapper.com\/es\/wp-json\/wp\/v2\/pages"}],"about":[{"href":"https:\/\/diamondshieldzapper.com\/es\/wp-json\/wp\/v2\/types\/page"}],"author":[{"embeddable":true,"href":"https:\/\/diamondshieldzapper.com\/es\/wp-json\/wp\/v2\/users\/2"}],"replies":[{"embeddable":true,"href":"https:\/\/diamondshieldzapper.com\/es\/wp-json\/wp\/v2\/comments?post=1963"}],"version-history":[{"count":0,"href":"https:\/\/diamondshieldzapper.com\/es\/wp-json\/wp\/v2\/pages\/1963\/revisions"}],"wp:attachment":[{"href":"https:\/\/diamondshieldzapper.com\/es\/wp-json\/wp\/v2\/media?parent=1963"}],"curies":[{"name":"wp","href":"https:\/\/api.w.org\/{rel}","templated":true}]}}