{"id":1972,"date":"2015-10-17T08:11:03","date_gmt":"2015-10-17T08:11:03","guid":{"rendered":"https:\/\/diamondshieldzapper.com\/vibraciones-armonicas-segun-baklayan\/"},"modified":"2015-10-17T08:11:03","modified_gmt":"2015-10-17T08:11:03","slug":"vibraciones-armonicas-segun-baklayan","status":"publish","type":"page","link":"https:\/\/diamondshieldzapper.com\/es\/vibraciones-armonicas-segun-baklayan\/","title":{"rendered":"Vibraciones arm\u00f3nicas seg\u00fan Baklayan"},"content":{"rendered":"[title size=&#8221;1&#8243; content_align=&#8221;left&#8221; style_type=&#8221;single&#8221; sep_color=&#8221;&#8221; class=&#8221;&#8221; id=&#8221;&#8221;]Pit\u00e1goras y la ense\u00f1anza de la armon\u00eda[\/title][fusion_text]El origen del concepto <strong>&#8220;armon\u00eda&#8221;<\/strong> est\u00e1 en un verbo que significa &#8220;ordenar y unir&#8221;. El significado original de la palabra armon\u00eda seg\u00fan la concepci\u00f3n de Pit\u00e1goras y sus seguidores es orden, constituido con sonido y n\u00fameros, que fluye hacia la armon\u00eda del mundo (Cosmos).<\/p>\n<p>La <strong>filosof\u00eda b\u00e1sica de Pit\u00e1goras<\/strong> puede resumirse de la siguiente manera: &#8220;todo el universo es armon\u00eda y n\u00famero\u201c. Adem\u00e1s, esta palabra griega tiene otro significado: se puede utilizar para designar un intervalo musical, m\u00e1s exactamente una octava. El rasgo especial de la octava es el hecho de que contiene todos los tonos y siempre se repiten una y otra vez de forma ascendente.<\/p>\n<p>En sus investigaciones, los pitagorianos aplicaron, principalmente, un instrumento de medida, que se ha dado a conocer como &#8220;<strong>monocordio<\/strong>&#8220;. Se trata de una caja de resonancia de madera, a lo largo de la cual se tensa una cuerda, de forma similar a los instrumentos de cuerda. Debajo de la cuerda era posible desplazar un peque\u00f1o puente m\u00f3vil y medir los intervalos.<br \/>\n<img loading=\"lazy\" decoding=\"async\" src=\"http:\/\/www.derma-vit.com\/images\/product_images\/original_images\/monochord-oktave.jpg\" alt=\"\" width=\"400\" height=\"221\" align=\"absMiddle\" \/><br \/>\nEste instrumento permite demostrar con exactitud que existe una <strong>reciprocidad entre la longitud de la cuerda y las frecuencias<\/strong> (tonos).<\/p>\n<p>Probablemente, esta analog\u00eda exacta entre una sensaci\u00f3n y una relaci\u00f3n matem\u00e1tica cient\u00edfica es \u00fanica.<\/p>\n<p>As\u00ed pues, todos hemos crecido con la idea de que la percepci\u00f3n sensorial como elemento para establecer contacto con el mundo se considera, de una forma supuestamente obvia, un hecho muy subjetivo. La sabidur\u00eda popular refleja esta idea mediante la expresi\u00f3n &#8220;Todo est\u00e1 en los ojos del que mira&#8221;. El sorprendente descubrimiento de que mediante la escucha es posible captar una ley exacta le dio la vuelta a esta concepci\u00f3n.<\/p>\n<p>Para entender el funcionamiento de la <strong>terapia con frecuencias arm\u00f3nicas<\/strong> seg\u00fan Baklayan\u00ae, como bien saben lo fabricantes de instrumentos musicales, hay que tener claro que la fabricaci\u00f3n de cualquier instrumento musical se basa en el siguiente principio:<\/p>\n<p><strong>La relaci\u00f3n 1 a \u00bd representa una duplicaci\u00f3n de la frecuencia y, por consiguiente, la misma nota de la siguiente octava. Estas relaciones matem\u00e1ticas se establecen exactamente igual en el resto de notas de una octava.<\/strong><\/p>\n<p>La nota Sol se encuentra en un tercio de la cuerda con respecto a la nota Do y, por lo tanto, la relaci\u00f3n existente es de 1 a 3: 1\/3. Lo mismo ocurre con el resto de tonos de la octava, que est\u00e1n basados en la misma relaci\u00f3n arm\u00f3nica matem\u00e1tica.<\/p>\n<p><strong>Tabla de intervalos<\/strong><\/p>\n<table border=\"1\">\n<tbody>\n<tr>\n<td>Intervalo<\/td>\n<td align=\"center\">Octava<\/td>\n<td align=\"center\">Quinto<\/td>\n<td align=\"center\">Tercera mayor<\/td>\n<td align=\"center\">Tercera menor<\/td>\n<td align=\"center\">Cuarta<\/td>\n<td align=\"center\">Sexta menor<\/td>\n<td align=\"center\">Sexta mayor<\/td>\n<td align=\"center\">Segunda<\/td>\n<\/tr>\n<tr>\n<td>Relaci\u00f3n de<br \/>\nfrecuencia<\/td>\n<td align=\"center\">2:1<\/td>\n<td align=\"center\">3:2<\/td>\n<td align=\"center\">5:4<\/td>\n<td align=\"center\">6:5<\/td>\n<td align=\"center\">4:3<\/td>\n<td align=\"center\">8:5<\/td>\n<td align=\"center\">5:3<\/td>\n<td align=\"center\">9:8<\/td>\n<\/tr>\n<\/tbody>\n<\/table>\n<p>El natur\u00f3pata profesional Baklayan estaba convencido de que en el funcionamiento del sistema de meridianos y \u00f3rganos de todo el cuerpo existen las mismas proporcionalidades. Durante 20 a\u00f1os de trabajo de investigaci\u00f3n su objetivo fue demostrar esta relaci\u00f3n. Finalmente, lo logr\u00f3 en el a\u00f1o 2010, momento en el que public\u00f3 los resultados de sus estudios.<\/p>\n<p>Uno de los avances fue la clasificaci\u00f3n de las frecuencias b\u00e1sicas de los meridianos. De ah\u00ed, surgieron las 24 frecuencias del <strong>programa Diamond Shield.<\/strong><\/p>\n<p>Gracias a su seguridad y efectividad estas frecuencias sirvieron como punto de partida para an\u00e1lisis posteriores.<\/p>\n<p>Tras 20 a\u00f1os de investigaci\u00f3n, se pusieron de manifiesto <strong>dos hechos<\/strong> que, en realidad, hac\u00eda tiempo que se conoc\u00edan:<\/p>\n<ol>\n<li>Que hay doce meridianos principales<\/li>\n<li>Que en una octava hay 12 tonos si tambi\u00e9n se cuentan los semitonos.<\/li>\n<\/ol>\n<p><img loading=\"lazy\" decoding=\"async\" src=\"http:\/\/www.derma-vit.com\/images\/product_images\/original_images\/meridianuhr-f.jpg\" alt=\"\" width=\"250\" height=\"247\" align=\"right\" \/>Adem\u00e1s, la <strong>medicina tradicional china<\/strong> descubri\u00f3 hace miles de a\u00f1os que la transferencia de energ\u00eda de un meridiano a otro se realiza siguiendo un orden establecido. Este fen\u00f3meno se ha difundido en Occidente mediante el uso del <strong>reloj org\u00e1nico chino<\/strong>. Para establecer el espectro de frecuencia de cada meridiano es necesario definir la frecuencia en los meridianos, as\u00ed como en el punto de partida y en el punto de llegada.<\/p>\n<p>Tras crear una tabla que define 25 niveles en orden ascendente, por decirlo de alguna manera, qued\u00f3 demostrado que cada uno de estos niveles contiene un <strong>sistema de aplicaci\u00f3n<\/strong> para favorecer el bienestar del organismo:<\/p>\n<ul>\n<li>Nivel psicosom\u00e1tico<\/li>\n<li>Nivel de control<\/li>\n<li>Nivel org\u00e1nico<\/li>\n<li>Nivel de meridiano<\/li>\n<li>Nivel de chacra<\/li>\n<li>Nivel vegetativo<\/li>\n<li>Nivel de desintoxicaci\u00f3n org\u00e1nica<\/li>\n<\/ul>\n<p>usw.[\/fusion_text][sharing tagline=&#8221;Compartir art\u00edculo:&#8221; tagline_color=&#8221;&#8221; title=&#8221;&#8221; link=&#8221;&#8221; description=&#8221;&#8221; pinterest_image=&#8221;&#8221; icons_boxed=&#8221;&#8221; icons_boxed_radius=&#8221;4px&#8221; box_colors=&#8221;&#8221; icon_colors=&#8221;&#8221; tooltip_placement=&#8221;&#8221; backgroundcolor=&#8221;&#8221; class=&#8221;&#8221; id=&#8221;&#8221;][\/sharing]\n","protected":false},"excerpt":{"rendered":"<p>[title size=&#8221;1&#8243; content_align=&#8221;left&#8221; style_type=&#8221;single&#8221; sep_color=&#8221;&#8221; class=&#8221;&#8221; id=&#8221;&#8221;]Pit\u00e1goras y la ense\u00f1anza de la armon\u00eda[\/title][fusion_text]El origen del concepto &#8220;armon\u00eda&#8221; est\u00e1 en un verbo que significa &#8220;ordenar y unir&#8221;. El significado original de la palabra armon\u00eda seg\u00fan la concepci\u00f3n de Pit\u00e1goras y sus seguidores es orden, constituido con sonido y n\u00fameros, que fluye hacia la armon\u00eda del mundo (Cosmos). La filosof\u00eda b\u00e1sica de &#8230; <a href=\"https:\/\/diamondshieldzapper.com\/es\/vibraciones-armonicas-segun-baklayan\/\" class=\"more-link\">Read More<\/a><\/p>\n","protected":false},"author":2,"featured_media":0,"parent":0,"menu_order":0,"comment_status":"closed","ping_status":"open","template":"","meta":{"_bbp_topic_count":0,"_bbp_reply_count":0,"_bbp_total_topic_count":0,"_bbp_total_reply_count":0,"_bbp_voice_count":0,"_bbp_anonymous_reply_count":0,"_bbp_topic_count_hidden":0,"_bbp_reply_count_hidden":0,"_bbp_forum_subforum_count":0,"rs_blank_template":"","rs_page_bg_color":"","slide_template_v7":"","_monsterinsights_skip_tracking":false,"_monsterinsights_sitenote_active":false,"_monsterinsights_sitenote_note":"","_monsterinsights_sitenote_category":0,"footnotes":""},"class_list":["post-1972","page","type-page","status-publish","hentry","no-post-thumbnail"],"yoast_head":"<!-- This site is optimized with the Yoast SEO plugin v27.3 - https:\/\/yoast.com\/product\/yoast-seo-wordpress\/ -->\n<title>Vibraciones arm\u00f3nicas seg\u00fan Baklayan - Diamond Shield Zapper<\/title>\n<meta name=\"description\" content=\"Con las frecuencias arm\u00f3nicas seg\u00fan Baklayan, el natur\u00f3pata profesional Alan E. Baklayan asent\u00f3 los fundamentos b\u00e1sicos para el desarrollo del dispositivo Diamond Shield IE.\" \/>\n<meta name=\"robots\" content=\"index, follow, max-snippet:-1, max-image-preview:large, max-video-preview:-1\" \/>\n<link rel=\"canonical\" href=\"https:\/\/diamondshieldzapper.com\/es\/vibraciones-armonicas-segun-baklayan\/\" \/>\n<meta property=\"og:locale\" content=\"es_ES\" \/>\n<meta property=\"og:type\" content=\"article\" \/>\n<meta property=\"og:title\" content=\"Vibraciones arm\u00f3nicas seg\u00fan Baklayan - Diamond Shield Zapper\" \/>\n<meta property=\"og:description\" content=\"Con las frecuencias arm\u00f3nicas seg\u00fan Baklayan, el natur\u00f3pata profesional Alan E. Baklayan asent\u00f3 los fundamentos b\u00e1sicos para el desarrollo del dispositivo Diamond Shield IE.\" \/>\n<meta property=\"og:url\" content=\"https:\/\/diamondshieldzapper.com\/es\/vibraciones-armonicas-segun-baklayan\/\" \/>\n<meta property=\"og:site_name\" content=\"Diamond Shield Zapper\" \/>\n<meta property=\"article:publisher\" content=\"https:\/\/www.facebook.com\/heilpraktiker.baklayan\/\" \/>\n<meta property=\"og:image\" content=\"http:\/\/www.derma-vit.com\/images\/product_images\/original_images\/monochord-oktave.jpg\" \/>\n<meta name=\"twitter:label1\" content=\"Tiempo de lectura\" \/>\n\t<meta name=\"twitter:data1\" content=\"4 minutos\" \/>\n<script type=\"application\/ld+json\" class=\"yoast-schema-graph\">{\"@context\":\"https:\\\/\\\/schema.org\",\"@graph\":[{\"@type\":\"WebPage\",\"@id\":\"https:\\\/\\\/diamondshieldzapper.com\\\/es\\\/vibraciones-armonicas-segun-baklayan\\\/\",\"url\":\"https:\\\/\\\/diamondshieldzapper.com\\\/es\\\/vibraciones-armonicas-segun-baklayan\\\/\",\"name\":\"Vibraciones arm\u00f3nicas seg\u00fan Baklayan - Diamond Shield Zapper\",\"isPartOf\":{\"@id\":\"https:\\\/\\\/diamondshieldzapper.com\\\/es\\\/#website\"},\"primaryImageOfPage\":{\"@id\":\"https:\\\/\\\/diamondshieldzapper.com\\\/es\\\/vibraciones-armonicas-segun-baklayan\\\/#primaryimage\"},\"image\":{\"@id\":\"https:\\\/\\\/diamondshieldzapper.com\\\/es\\\/vibraciones-armonicas-segun-baklayan\\\/#primaryimage\"},\"thumbnailUrl\":\"http:\\\/\\\/www.derma-vit.com\\\/images\\\/product_images\\\/original_images\\\/monochord-oktave.jpg\",\"datePublished\":\"2015-10-17T08:11:03+00:00\",\"description\":\"Con las frecuencias arm\u00f3nicas seg\u00fan Baklayan, el natur\u00f3pata profesional Alan E. Baklayan asent\u00f3 los fundamentos b\u00e1sicos para el desarrollo del dispositivo Diamond Shield IE.\",\"breadcrumb\":{\"@id\":\"https:\\\/\\\/diamondshieldzapper.com\\\/es\\\/vibraciones-armonicas-segun-baklayan\\\/#breadcrumb\"},\"inLanguage\":\"es\",\"potentialAction\":[{\"@type\":\"ReadAction\",\"target\":[\"https:\\\/\\\/diamondshieldzapper.com\\\/es\\\/vibraciones-armonicas-segun-baklayan\\\/\"]}]},{\"@type\":\"ImageObject\",\"inLanguage\":\"es\",\"@id\":\"https:\\\/\\\/diamondshieldzapper.com\\\/es\\\/vibraciones-armonicas-segun-baklayan\\\/#primaryimage\",\"url\":\"http:\\\/\\\/www.derma-vit.com\\\/images\\\/product_images\\\/original_images\\\/monochord-oktave.jpg\",\"contentUrl\":\"http:\\\/\\\/www.derma-vit.com\\\/images\\\/product_images\\\/original_images\\\/monochord-oktave.jpg\"},{\"@type\":\"BreadcrumbList\",\"@id\":\"https:\\\/\\\/diamondshieldzapper.com\\\/es\\\/vibraciones-armonicas-segun-baklayan\\\/#breadcrumb\",\"itemListElement\":[{\"@type\":\"ListItem\",\"position\":1,\"name\":\"Home\",\"item\":\"https:\\\/\\\/diamondshieldzapper.com\\\/es\\\/?page_id=7559\"},{\"@type\":\"ListItem\",\"position\":2,\"name\":\"Vibraciones arm\u00f3nicas seg\u00fan Baklayan\"}]},{\"@type\":\"WebSite\",\"@id\":\"https:\\\/\\\/diamondshieldzapper.com\\\/es\\\/#website\",\"url\":\"https:\\\/\\\/diamondshieldzapper.com\\\/es\\\/\",\"name\":\"Diamond Shield Zapper\",\"description\":\"einfach nur Zappen war gestern\",\"potentialAction\":[{\"@type\":\"SearchAction\",\"target\":{\"@type\":\"EntryPoint\",\"urlTemplate\":\"https:\\\/\\\/diamondshieldzapper.com\\\/es\\\/?s={search_term_string}\"},\"query-input\":{\"@type\":\"PropertyValueSpecification\",\"valueRequired\":true,\"valueName\":\"search_term_string\"}}],\"inLanguage\":\"es\"}]}<\/script>\n<!-- \/ Yoast SEO plugin. -->","yoast_head_json":{"title":"Vibraciones arm\u00f3nicas seg\u00fan Baklayan - Diamond Shield Zapper","description":"Con las frecuencias arm\u00f3nicas seg\u00fan Baklayan, el natur\u00f3pata profesional Alan E. Baklayan asent\u00f3 los fundamentos b\u00e1sicos para el desarrollo del dispositivo Diamond Shield IE.","robots":{"index":"index","follow":"follow","max-snippet":"max-snippet:-1","max-image-preview":"max-image-preview:large","max-video-preview":"max-video-preview:-1"},"canonical":"https:\/\/diamondshieldzapper.com\/es\/vibraciones-armonicas-segun-baklayan\/","og_locale":"es_ES","og_type":"article","og_title":"Vibraciones arm\u00f3nicas seg\u00fan Baklayan - Diamond Shield Zapper","og_description":"Con las frecuencias arm\u00f3nicas seg\u00fan Baklayan, el natur\u00f3pata profesional Alan E. Baklayan asent\u00f3 los fundamentos b\u00e1sicos para el desarrollo del dispositivo Diamond Shield IE.","og_url":"https:\/\/diamondshieldzapper.com\/es\/vibraciones-armonicas-segun-baklayan\/","og_site_name":"Diamond Shield Zapper","article_publisher":"https:\/\/www.facebook.com\/heilpraktiker.baklayan\/","og_image":[{"url":"http:\/\/www.derma-vit.com\/images\/product_images\/original_images\/monochord-oktave.jpg","type":"","width":"","height":""}],"twitter_misc":{"Tiempo de lectura":"4 minutos"},"schema":{"@context":"https:\/\/schema.org","@graph":[{"@type":"WebPage","@id":"https:\/\/diamondshieldzapper.com\/es\/vibraciones-armonicas-segun-baklayan\/","url":"https:\/\/diamondshieldzapper.com\/es\/vibraciones-armonicas-segun-baklayan\/","name":"Vibraciones arm\u00f3nicas seg\u00fan Baklayan - Diamond Shield Zapper","isPartOf":{"@id":"https:\/\/diamondshieldzapper.com\/es\/#website"},"primaryImageOfPage":{"@id":"https:\/\/diamondshieldzapper.com\/es\/vibraciones-armonicas-segun-baklayan\/#primaryimage"},"image":{"@id":"https:\/\/diamondshieldzapper.com\/es\/vibraciones-armonicas-segun-baklayan\/#primaryimage"},"thumbnailUrl":"http:\/\/www.derma-vit.com\/images\/product_images\/original_images\/monochord-oktave.jpg","datePublished":"2015-10-17T08:11:03+00:00","description":"Con las frecuencias arm\u00f3nicas seg\u00fan Baklayan, el natur\u00f3pata profesional Alan E. Baklayan asent\u00f3 los fundamentos b\u00e1sicos para el desarrollo del dispositivo Diamond Shield IE.","breadcrumb":{"@id":"https:\/\/diamondshieldzapper.com\/es\/vibraciones-armonicas-segun-baklayan\/#breadcrumb"},"inLanguage":"es","potentialAction":[{"@type":"ReadAction","target":["https:\/\/diamondshieldzapper.com\/es\/vibraciones-armonicas-segun-baklayan\/"]}]},{"@type":"ImageObject","inLanguage":"es","@id":"https:\/\/diamondshieldzapper.com\/es\/vibraciones-armonicas-segun-baklayan\/#primaryimage","url":"http:\/\/www.derma-vit.com\/images\/product_images\/original_images\/monochord-oktave.jpg","contentUrl":"http:\/\/www.derma-vit.com\/images\/product_images\/original_images\/monochord-oktave.jpg"},{"@type":"BreadcrumbList","@id":"https:\/\/diamondshieldzapper.com\/es\/vibraciones-armonicas-segun-baklayan\/#breadcrumb","itemListElement":[{"@type":"ListItem","position":1,"name":"Home","item":"https:\/\/diamondshieldzapper.com\/es\/?page_id=7559"},{"@type":"ListItem","position":2,"name":"Vibraciones arm\u00f3nicas seg\u00fan Baklayan"}]},{"@type":"WebSite","@id":"https:\/\/diamondshieldzapper.com\/es\/#website","url":"https:\/\/diamondshieldzapper.com\/es\/","name":"Diamond Shield Zapper","description":"einfach nur Zappen war gestern","potentialAction":[{"@type":"SearchAction","target":{"@type":"EntryPoint","urlTemplate":"https:\/\/diamondshieldzapper.com\/es\/?s={search_term_string}"},"query-input":{"@type":"PropertyValueSpecification","valueRequired":true,"valueName":"search_term_string"}}],"inLanguage":"es"}]}},"_links":{"self":[{"href":"https:\/\/diamondshieldzapper.com\/es\/wp-json\/wp\/v2\/pages\/1972","targetHints":{"allow":["GET"]}}],"collection":[{"href":"https:\/\/diamondshieldzapper.com\/es\/wp-json\/wp\/v2\/pages"}],"about":[{"href":"https:\/\/diamondshieldzapper.com\/es\/wp-json\/wp\/v2\/types\/page"}],"author":[{"embeddable":true,"href":"https:\/\/diamondshieldzapper.com\/es\/wp-json\/wp\/v2\/users\/2"}],"replies":[{"embeddable":true,"href":"https:\/\/diamondshieldzapper.com\/es\/wp-json\/wp\/v2\/comments?post=1972"}],"version-history":[{"count":0,"href":"https:\/\/diamondshieldzapper.com\/es\/wp-json\/wp\/v2\/pages\/1972\/revisions"}],"wp:attachment":[{"href":"https:\/\/diamondshieldzapper.com\/es\/wp-json\/wp\/v2\/media?parent=1972"}],"curies":[{"name":"wp","href":"https:\/\/api.w.org\/{rel}","templated":true}]}}