{"id":1974,"date":"2015-10-13T16:55:53","date_gmt":"2015-10-13T16:55:53","guid":{"rendered":"https:\/\/diamondshieldzapper.com\/diamond-shield-el-escudo-protector\/"},"modified":"2015-10-13T16:55:53","modified_gmt":"2015-10-13T16:55:53","slug":"diamond-shield-el-escudo-protector","status":"publish","type":"page","link":"https:\/\/diamondshieldzapper.com\/es\/diamond-shield-el-escudo-protector\/","title":{"rendered":"Diamond Shield: el escudo protector"},"content":{"rendered":"[title size=&#8221;1&#8243; content_align=&#8221;left&#8221; style_type=&#8221;single&#8221; sep_color=&#8221;&#8221; class=&#8221;&#8221; id=&#8221;&#8221;]Proteja su salud con un escudo protector[\/title][fusion_text]<strong>Nuestro organismo se expone de forma cotidiana a sustancias ambientales nocivas, de las que no podemos escapar. Que maravilloso ser\u00eda disponer de una armadura que pudi\u00e9semos llevar puesta para protegernos contra las influencias pat\u00f3genas.<\/strong><\/p>\n<p>De hecho, ya existe un escudo protector natural que lo permite en forma de una red de meridianos que se extiende por todo nuestro organismo, aunque suele perder su capacidad operativa debido a la excesiva exposici\u00f3n a cargas y tensiones que nos somete la vida moderna.<img loading=\"lazy\" decoding=\"async\" class=\"alignright size-medium wp-image-595\" src=\"https:\/\/diamondshieldzapper.com\/wp-content\/uploads\/2014\/12\/ooopsR\u00fcstung1-248x300.jpg\" alt=\"Protecci\u00f3n de meridianos desgastada\" width=\"248\" height=\"300\" srcset=\"https:\/\/diamondshieldzapper.com\/wp-content\/uploads\/2014\/12\/ooopsR\u00fcstung1-248x300.jpg 248w, https:\/\/diamondshieldzapper.com\/wp-content\/uploads\/2014\/12\/ooopsR\u00fcstung1.jpg 600w\" sizes=\"auto, (max-width: 248px) 100vw, 248px\" \/><\/p>\n<hr \/>\n<p><strong>El sistema de meridianos energ\u00e9ticos que se extiende por la superficie corporal no tiene otra funci\u00f3n que protegernos contra las influencias externas.<\/strong><\/p>\n<hr \/>\n<p>El sistema de meridianos perfectamente regulado recorre toda la superficie corporal y permite la libre circulaci\u00f3n de la energ\u00eda vital Qi por sus canales. Esta red protectora se puede comparar a la coraza de una armadura, que como todos sabemos su funci\u00f3n es contener posibles impactos o sacudidas y procurar que el cuerpo sufra la menor cantidad de lesiones posible.<\/p>\n<p>Sin embargo, este tipo de protecci\u00f3n no parece tener una resistencia ilimitada. Si la coraza de la armadura es maltratada a diario con una gran cantidad de golpes acabar\u00e1 resquebraj\u00e1ndose poco a poco. Por lo tanto, desaparecen algunas partes que son necesarias para ofrecer una protecci\u00f3n de todo el cuerpo. Las condiciones atmosf\u00e9ricas provocan la oxidaci\u00f3n (cargas).<\/p>\n<p>Nuestro sistema de meridianos tambi\u00e9n se encuentra en una situaci\u00f3n muy inestable: el escudo protector est\u00e1 tan degenerado que funciona bajo m\u00ednimos.<\/p>\n<p>La idea de contrarrestar el debilitamiento del escudo protector fortaleciendo el sistema de meridianos no es nueva. Sobre todo el Chi Gung y las artes marciales chinas siempre han buscado garantizar el fortalecimiento y la limpieza del sistema de meridianos mediante el ejercicio para crear, en \u00faltima instancia, un cuerpo de diamante perfecto que repele todo tipo de influencias negativas.<\/p>\n<hr \/>\n[\/fusion_text][content_boxes layout=&#8221;icon-on-top&#8221; icon_circle_size=&#8221;small&#8221; icon_align=&#8221;left&#8221; columns=&#8221;3&#8243; class=&#8221;&#8221; id=&#8221;&#8221;][content_box title=&#8221;&#8221; icon=&#8221;&#8221; backgroundcolor=&#8221;&#8221; iconcolor=&#8221;&#8221; circlecolor=&#8221;&#8221; circlebordercolor=&#8221;&#8221; iconflip=&#8221;&#8221; iconrotate=&#8221;&#8221; iconspin=&#8221;no&#8221; image=&#8221;&#8221; image_width=&#8221;35&#8243; image_height=&#8221;35&#8243; link=&#8221;&#8221; linktext=&#8221;&#8221; linktarget=&#8221;_self&#8221; animation_type=&#8221;0&#8243; animation_direction=&#8221;down&#8221; animation_speed=&#8221;0.1&#8243;]<img loading=\"lazy\" decoding=\"async\" class=\"aligncenter  wp-image-597\" src=\"https:\/\/diamondshieldzapper.com\/wp-content\/uploads\/2014\/12\/ooopsSchutzschirm1-214x300.jpg\" alt=\"Escudo protector de diamante\" width=\"138\" height=\"194\" srcset=\"https:\/\/diamondshieldzapper.com\/wp-content\/uploads\/2014\/12\/ooopsSchutzschirm1-214x300.jpg 214w, https:\/\/diamondshieldzapper.com\/wp-content\/uploads\/2014\/12\/ooopsSchutzschirm1.jpg 500w\" sizes=\"auto, (max-width: 138px) 100vw, 138px\" \/>[\/content_box][content_box title=&#8221;&#8221; icon=&#8221;fa-star-o&#8221; backgroundcolor=&#8221;&#8221; iconcolor=&#8221;#ffffff&#8221; circlecolor=&#8221;#81d742&#8243; circlebordercolor=&#8221;#ffffff&#8221; iconflip=&#8221;&#8221; iconrotate=&#8221;&#8221; iconspin=&#8221;no&#8221; image=&#8221;&#8221; image_width=&#8221;35&#8243; image_height=&#8221;35&#8243; link=&#8221;&#8221; linktext=&#8221;&#8221; linktarget=&#8221;_self&#8221; animation_type=&#8221;0&#8243; animation_direction=&#8221;down&#8221; animation_speed=&#8221;0.1&#8243;] <strong>\u00danicamente necesitamos dos cosas:<br \/>\nuna descarga regular y un escudo protector de diamante en perfectas condiciones de funcionamiento.<\/strong>[\/content_box][content_box title=&#8221;&#8221; icon=&#8221;&#8221; backgroundcolor=&#8221;&#8221; iconcolor=&#8221;&#8221; circlecolor=&#8221;&#8221; circlebordercolor=&#8221;&#8221; iconflip=&#8221;&#8221; iconrotate=&#8221;&#8221; iconspin=&#8221;no&#8221; image=&#8221;&#8221; image_width=&#8221;35&#8243; image_height=&#8221;35&#8243; link=&#8221;&#8221; linktext=&#8221;&#8221; linktarget=&#8221;_self&#8221; animation_type=&#8221;0&#8243; animation_direction=&#8221;down&#8221; animation_speed=&#8221;0.1&#8243;]<img loading=\"lazy\" decoding=\"async\" class=\"aligncenter  wp-image-598\" src=\"https:\/\/diamondshieldzapper.com\/wp-content\/uploads\/2014\/12\/ooopsBallance1-210x300.jpg\" alt=\"Lograr el equilibro con el Zapper\" width=\"126\" height=\"180\" srcset=\"https:\/\/diamondshieldzapper.com\/wp-content\/uploads\/2014\/12\/ooopsBallance1-210x300.jpg 210w, https:\/\/diamondshieldzapper.com\/wp-content\/uploads\/2014\/12\/ooopsBallance1.jpg 500w\" sizes=\"auto, (max-width: 126px) 100vw, 126px\" \/>[\/content_box][\/content_boxes][sharing tagline=&#8221;Compartir art\u00edculo:&#8221; tagline_color=&#8221;&#8221; title=&#8221;&#8221; link=&#8221;&#8221; description=&#8221;&#8221; pinterest_image=&#8221;&#8221; icons_boxed=&#8221;&#8221; icons_boxed_radius=&#8221;4px&#8221; box_colors=&#8221;&#8221; icon_colors=&#8221;&#8221; tooltip_placement=&#8221;&#8221; backgroundcolor=&#8221;&#8221; class=&#8221;&#8221; id=&#8221;&#8221;][\/sharing]\n","protected":false},"excerpt":{"rendered":"<p>[title size=&#8221;1&#8243; content_align=&#8221;left&#8221; style_type=&#8221;single&#8221; sep_color=&#8221;&#8221; class=&#8221;&#8221; id=&#8221;&#8221;]Proteja su salud con un escudo protector[\/title][fusion_text]Nuestro organismo se expone de forma cotidiana a sustancias ambientales nocivas, de las que no podemos escapar. Que maravilloso ser\u00eda disponer de una armadura que pudi\u00e9semos llevar puesta para protegernos contra las influencias pat\u00f3genas. De hecho, ya existe un escudo protector natural que lo permite en forma de &#8230; <a href=\"https:\/\/diamondshieldzapper.com\/es\/diamond-shield-el-escudo-protector\/\" class=\"more-link\">Read More<\/a><\/p>\n","protected":false},"author":2,"featured_media":0,"parent":0,"menu_order":0,"comment_status":"closed","ping_status":"open","template":"","meta":{"_bbp_topic_count":0,"_bbp_reply_count":0,"_bbp_total_topic_count":0,"_bbp_total_reply_count":0,"_bbp_voice_count":0,"_bbp_anonymous_reply_count":0,"_bbp_topic_count_hidden":0,"_bbp_reply_count_hidden":0,"_bbp_forum_subforum_count":0,"rs_blank_template":"","rs_page_bg_color":"","slide_template_v7":"","_monsterinsights_skip_tracking":false,"_monsterinsights_sitenote_active":false,"_monsterinsights_sitenote_note":"","_monsterinsights_sitenote_category":0,"footnotes":""},"class_list":["post-1974","page","type-page","status-publish","hentry","no-post-thumbnail"],"yoast_head":"<!-- This site is optimized with the Yoast SEO plugin v27.5 - https:\/\/yoast.com\/product\/yoast-seo-wordpress\/ -->\n<title>Diamond Shield: el escudo protector - Diamond Shield Zapper<\/title>\n<meta name=\"description\" content=\"Una de las funciones importantes del dispositivo Diamond Shield Zapper es que regenera y fortalece el escudo protector de diamante de nuestro cuerpo.\" \/>\n<meta name=\"robots\" content=\"index, follow, max-snippet:-1, max-image-preview:large, max-video-preview:-1\" \/>\n<link rel=\"canonical\" href=\"https:\/\/diamondshieldzapper.com\/es\/diamond-shield-el-escudo-protector\/\" \/>\n<meta property=\"og:locale\" content=\"es_ES\" \/>\n<meta property=\"og:type\" content=\"article\" \/>\n<meta property=\"og:title\" content=\"Diamond Shield: el escudo protector - Diamond Shield Zapper\" \/>\n<meta property=\"og:description\" content=\"Una de las funciones importantes del dispositivo Diamond Shield Zapper es que regenera y fortalece el escudo protector de diamante de nuestro cuerpo.\" \/>\n<meta property=\"og:url\" content=\"https:\/\/diamondshieldzapper.com\/es\/diamond-shield-el-escudo-protector\/\" \/>\n<meta property=\"og:site_name\" content=\"Diamond Shield Zapper\" \/>\n<meta property=\"article:publisher\" content=\"https:\/\/www.facebook.com\/heilpraktiker.baklayan\/\" \/>\n<meta property=\"og:image\" content=\"https:\/\/diamondshieldzapper.com\/wp-content\/uploads\/2014\/12\/ooopsSchutzschirm1-214x300.jpg\" \/>\n<meta name=\"twitter:label1\" content=\"Tiempo de lectura\" \/>\n\t<meta name=\"twitter:data1\" content=\"2 minutos\" \/>\n<script type=\"application\/ld+json\" class=\"yoast-schema-graph\">{\"@context\":\"https:\\\/\\\/schema.org\",\"@graph\":[{\"@type\":\"WebPage\",\"@id\":\"https:\\\/\\\/diamondshieldzapper.com\\\/es\\\/diamond-shield-el-escudo-protector\\\/\",\"url\":\"https:\\\/\\\/diamondshieldzapper.com\\\/es\\\/diamond-shield-el-escudo-protector\\\/\",\"name\":\"Diamond Shield: el escudo protector - Diamond Shield Zapper\",\"isPartOf\":{\"@id\":\"https:\\\/\\\/diamondshieldzapper.com\\\/es\\\/#website\"},\"primaryImageOfPage\":{\"@id\":\"https:\\\/\\\/diamondshieldzapper.com\\\/es\\\/diamond-shield-el-escudo-protector\\\/#primaryimage\"},\"image\":{\"@id\":\"https:\\\/\\\/diamondshieldzapper.com\\\/es\\\/diamond-shield-el-escudo-protector\\\/#primaryimage\"},\"thumbnailUrl\":\"https:\\\/\\\/diamondshieldzapper.com\\\/wp-content\\\/uploads\\\/2014\\\/12\\\/ooopsSchutzschirm1-214x300.jpg\",\"datePublished\":\"2015-10-13T16:55:53+00:00\",\"description\":\"Una de las funciones importantes del dispositivo Diamond Shield Zapper es que regenera y fortalece el escudo protector de diamante de nuestro cuerpo.\",\"breadcrumb\":{\"@id\":\"https:\\\/\\\/diamondshieldzapper.com\\\/es\\\/diamond-shield-el-escudo-protector\\\/#breadcrumb\"},\"inLanguage\":\"es\",\"potentialAction\":[{\"@type\":\"ReadAction\",\"target\":[\"https:\\\/\\\/diamondshieldzapper.com\\\/es\\\/diamond-shield-el-escudo-protector\\\/\"]}]},{\"@type\":\"ImageObject\",\"inLanguage\":\"es\",\"@id\":\"https:\\\/\\\/diamondshieldzapper.com\\\/es\\\/diamond-shield-el-escudo-protector\\\/#primaryimage\",\"url\":\"https:\\\/\\\/diamondshieldzapper.com\\\/wp-content\\\/uploads\\\/2014\\\/12\\\/ooopsSchutzschirm1-214x300.jpg\",\"contentUrl\":\"https:\\\/\\\/diamondshieldzapper.com\\\/wp-content\\\/uploads\\\/2014\\\/12\\\/ooopsSchutzschirm1-214x300.jpg\"},{\"@type\":\"BreadcrumbList\",\"@id\":\"https:\\\/\\\/diamondshieldzapper.com\\\/es\\\/diamond-shield-el-escudo-protector\\\/#breadcrumb\",\"itemListElement\":[{\"@type\":\"ListItem\",\"position\":1,\"name\":\"Home\",\"item\":\"https:\\\/\\\/diamondshieldzapper.com\\\/es\\\/?page_id=7559\"},{\"@type\":\"ListItem\",\"position\":2,\"name\":\"Diamond Shield: el escudo protector\"}]},{\"@type\":\"WebSite\",\"@id\":\"https:\\\/\\\/diamondshieldzapper.com\\\/es\\\/#website\",\"url\":\"https:\\\/\\\/diamondshieldzapper.com\\\/es\\\/\",\"name\":\"Diamond Shield Zapper\",\"description\":\"einfach nur Zappen war gestern\",\"potentialAction\":[{\"@type\":\"SearchAction\",\"target\":{\"@type\":\"EntryPoint\",\"urlTemplate\":\"https:\\\/\\\/diamondshieldzapper.com\\\/es\\\/?s={search_term_string}\"},\"query-input\":{\"@type\":\"PropertyValueSpecification\",\"valueRequired\":true,\"valueName\":\"search_term_string\"}}],\"inLanguage\":\"es\"}]}<\/script>\n<!-- \/ Yoast SEO plugin. -->","yoast_head_json":{"title":"Diamond Shield: el escudo protector - Diamond Shield Zapper","description":"Una de las funciones importantes del dispositivo Diamond Shield Zapper es que regenera y fortalece el escudo protector de diamante de nuestro cuerpo.","robots":{"index":"index","follow":"follow","max-snippet":"max-snippet:-1","max-image-preview":"max-image-preview:large","max-video-preview":"max-video-preview:-1"},"canonical":"https:\/\/diamondshieldzapper.com\/es\/diamond-shield-el-escudo-protector\/","og_locale":"es_ES","og_type":"article","og_title":"Diamond Shield: el escudo protector - Diamond Shield Zapper","og_description":"Una de las funciones importantes del dispositivo Diamond Shield Zapper es que regenera y fortalece el escudo protector de diamante de nuestro cuerpo.","og_url":"https:\/\/diamondshieldzapper.com\/es\/diamond-shield-el-escudo-protector\/","og_site_name":"Diamond Shield Zapper","article_publisher":"https:\/\/www.facebook.com\/heilpraktiker.baklayan\/","og_image":[{"url":"https:\/\/diamondshieldzapper.com\/wp-content\/uploads\/2014\/12\/ooopsSchutzschirm1-214x300.jpg","type":"","width":"","height":""}],"twitter_misc":{"Tiempo de lectura":"2 minutos"},"schema":{"@context":"https:\/\/schema.org","@graph":[{"@type":"WebPage","@id":"https:\/\/diamondshieldzapper.com\/es\/diamond-shield-el-escudo-protector\/","url":"https:\/\/diamondshieldzapper.com\/es\/diamond-shield-el-escudo-protector\/","name":"Diamond Shield: el escudo protector - Diamond Shield Zapper","isPartOf":{"@id":"https:\/\/diamondshieldzapper.com\/es\/#website"},"primaryImageOfPage":{"@id":"https:\/\/diamondshieldzapper.com\/es\/diamond-shield-el-escudo-protector\/#primaryimage"},"image":{"@id":"https:\/\/diamondshieldzapper.com\/es\/diamond-shield-el-escudo-protector\/#primaryimage"},"thumbnailUrl":"https:\/\/diamondshieldzapper.com\/wp-content\/uploads\/2014\/12\/ooopsSchutzschirm1-214x300.jpg","datePublished":"2015-10-13T16:55:53+00:00","description":"Una de las funciones importantes del dispositivo Diamond Shield Zapper es que regenera y fortalece el escudo protector de diamante de nuestro cuerpo.","breadcrumb":{"@id":"https:\/\/diamondshieldzapper.com\/es\/diamond-shield-el-escudo-protector\/#breadcrumb"},"inLanguage":"es","potentialAction":[{"@type":"ReadAction","target":["https:\/\/diamondshieldzapper.com\/es\/diamond-shield-el-escudo-protector\/"]}]},{"@type":"ImageObject","inLanguage":"es","@id":"https:\/\/diamondshieldzapper.com\/es\/diamond-shield-el-escudo-protector\/#primaryimage","url":"https:\/\/diamondshieldzapper.com\/wp-content\/uploads\/2014\/12\/ooopsSchutzschirm1-214x300.jpg","contentUrl":"https:\/\/diamondshieldzapper.com\/wp-content\/uploads\/2014\/12\/ooopsSchutzschirm1-214x300.jpg"},{"@type":"BreadcrumbList","@id":"https:\/\/diamondshieldzapper.com\/es\/diamond-shield-el-escudo-protector\/#breadcrumb","itemListElement":[{"@type":"ListItem","position":1,"name":"Home","item":"https:\/\/diamondshieldzapper.com\/es\/?page_id=7559"},{"@type":"ListItem","position":2,"name":"Diamond Shield: el escudo protector"}]},{"@type":"WebSite","@id":"https:\/\/diamondshieldzapper.com\/es\/#website","url":"https:\/\/diamondshieldzapper.com\/es\/","name":"Diamond Shield Zapper","description":"einfach nur Zappen war gestern","potentialAction":[{"@type":"SearchAction","target":{"@type":"EntryPoint","urlTemplate":"https:\/\/diamondshieldzapper.com\/es\/?s={search_term_string}"},"query-input":{"@type":"PropertyValueSpecification","valueRequired":true,"valueName":"search_term_string"}}],"inLanguage":"es"}]}},"_links":{"self":[{"href":"https:\/\/diamondshieldzapper.com\/es\/wp-json\/wp\/v2\/pages\/1974","targetHints":{"allow":["GET"]}}],"collection":[{"href":"https:\/\/diamondshieldzapper.com\/es\/wp-json\/wp\/v2\/pages"}],"about":[{"href":"https:\/\/diamondshieldzapper.com\/es\/wp-json\/wp\/v2\/types\/page"}],"author":[{"embeddable":true,"href":"https:\/\/diamondshieldzapper.com\/es\/wp-json\/wp\/v2\/users\/2"}],"replies":[{"embeddable":true,"href":"https:\/\/diamondshieldzapper.com\/es\/wp-json\/wp\/v2\/comments?post=1974"}],"version-history":[{"count":0,"href":"https:\/\/diamondshieldzapper.com\/es\/wp-json\/wp\/v2\/pages\/1974\/revisions"}],"wp:attachment":[{"href":"https:\/\/diamondshieldzapper.com\/es\/wp-json\/wp\/v2\/media?parent=1974"}],"curies":[{"name":"wp","href":"https:\/\/api.w.org\/{rel}","templated":true}]}}