{"id":1975,"date":"2015-10-13T17:37:44","date_gmt":"2015-10-13T17:37:44","guid":{"rendered":"https:\/\/diamondshieldzapper.com\/diamond-shield-professional-2\/"},"modified":"2015-10-27T15:27:57","modified_gmt":"2015-10-27T15:27:57","slug":"diamond-shield-professional-2","status":"publish","type":"page","link":"https:\/\/diamondshieldzapper.com\/es\/diamond-shield-professional-2\/","title":{"rendered":"Diamond Shield Professional"},"content":{"rendered":"[title size=&#8221;1&#8243; content_align=&#8221;left&#8221; style_type=&#8221;default&#8221; sep_color=&#8221;&#8221; class=&#8221;&#8221; id=&#8221;&#8221;]Noticias[\/title][title size=&#8221;2&#8243; content_align=&#8221;left&#8221; style_type=&#8221;default&#8221; sep_color=&#8221;&#8221; class=&#8221;&#8221; id=&#8221;&#8221;]Diamond Shield Crystal Zapper[\/title][fusion_text]\n<h3><a href=\"https:\/\/diamondshieldzapper.com\/wp-content\/uploads\/2015\/06\/Diamondshield-Crystal-250x-8bit.png\"><img loading=\"lazy\" decoding=\"async\" class=\"alignleft wp-image-1590\" src=\"https:\/\/diamondshieldzapper.com\/wp-content\/uploads\/2015\/06\/Diamondshield-Crystal-250x-8bit.png\" alt=\"Diamondshield Crystal 250 x 8 bits\" width=\"162\" height=\"259\" srcset=\"https:\/\/diamondshieldzapper.com\/wp-content\/uploads\/2015\/06\/Diamondshield-Crystal-250x-8bit.png 250w, https:\/\/diamondshieldzapper.com\/wp-content\/uploads\/2015\/06\/Diamondshield-Crystal-250x-8bit-188x300.png 188w\" sizes=\"auto, (max-width: 162px) 100vw, 162px\" \/><\/a><\/h3>\n<h3>Zapper de gama alta con m\u00faltiples aplicaciones<\/h3>\n<p align=\"justify\">Nuevo <strong>Diamond Shield Crystal Zapper<\/strong>: una revoluci\u00f3n en la aplicaciones y posibilidades de la tecnolog\u00eda del Zapper.<\/p>\n<p align=\"justify\"><strong>Nuevo programa:<\/strong><\/p>\n<p align=\"justify\"><strong>Programa Crystal para una regulaci\u00f3n profunda de todo el sistema de meridianos<\/strong><\/p>\n<p>(los usuarios del dispositivo Diamond Shield Zapper tambi\u00e9n disponen de este programa en la tarjeta de memoria)<\/p>\n<p align=\"justify\">y muchas otras <strong>mejoras<\/strong>&#8230;<\/p>\n<p align=\"justify\">Si desea consultar casos de estudio e informaci\u00f3n especial para terapeutas, reg\u00edstrese gratis en nuestra p\u00e1gina:<\/p>\n<p align=\"justify\"><a  class=\"x-btn x-btn-3d x-btn-square\"  href=\"#\"     data-options=\"thumbnail: ''\">M\u00e1s informaci\u00f3n sobre Crystal Zapper para terapeutas<\/a>\n[\/fusion_text][two_third last=&#8221;no&#8221; spacing=&#8221;yes&#8221; center_content=&#8221;no&#8221; hide_on_mobile=&#8221;no&#8221; background_color=&#8221;&#8221; background_image=&#8221;&#8221; background_repeat=&#8221;no-repeat&#8221; background_position=&#8221;left top&#8221; border_size=&#8221;0px&#8221; border_color=&#8221;&#8221; border_style=&#8221;&#8221; padding=&#8221;&#8221; margin_top=&#8221;&#8221; margin_bottom=&#8221;&#8221; animation_type=&#8221;&#8221; animation_direction=&#8221;&#8221; animation_speed=&#8221;0.1&#8243; class=&#8221;&#8221; id=&#8221;&#8221;][fusion_text]\n<h3>El dispositivo de frecuencias para terapeutas profesionales<\/h3>\n<ul>\n<li>Zapper f\u00e1cil de usar<\/li>\n<li>Modos de funcionamiento en el equipamiento b\u00e1sico del Zapper:\n<ul>\n<li>17 programas est\u00e1ndar con 116 frecuencias\n<ul>\n<li>p. ej.:\n<ul>\n<li>Diamond Shield<\/li>\n<li>7 &#8211; 20 &#8211; 7 &#8211; 20 &#8211; 7 seg\u00fan la doctora Clark<\/li>\n<li>Zapeo continuo<\/li>\n<li>Zappikator<\/li>\n<li>Doctor Beck<\/li>\n<li>Programa de bienestar<\/li>\n<li>Programa de relajaci\u00f3n<\/li>\n<li>Programa para la espalda<\/li>\n<li>Programa BO<\/li>\n<\/ul>\n<\/li>\n<\/ul>\n<\/li>\n<\/ul>\n<\/li>\n<li><a title=\"\u00bfQu\u00e9 es la descarga por pulsos y para qu\u00e9 la necesito?\" href=\"https:\/\/diamondshieldzapper.com\/was-ist-impuls-entladung-und-wofuer-benoetige-ich-das\/\" target=\"_blank\">Descarga por pulsos<\/a><\/li>\n<li><a title=\"Vibraciones arm\u00f3nicas seg\u00fan Baklayan\" href=\"https:\/\/diamondshieldzapper.com\/harmonische-schwingungen-nach-baklayan\/\" target=\"_blank\">Vibraciones arm\u00f3nicas seg\u00fan Baklayan<\/a><\/li>\n<li>Reproducci\u00f3n de frecuencias desde la tarjeta de memoria<\/li>\n<li><strong>Se pueden introducir frecuencias y programarse en tarjetas de memoria individuales<\/strong><\/li>\n<li>Tarjetas de memoria con diferentes indicaciones<\/li>\n<li>Forma de onda: cuadrada<\/li>\n<li>Offset positivo<\/li>\n<li><a title=\"\u00bfQu\u00e9 son las microcorrientes?\" href=\"https:\/\/diamondshieldzapper.com\/was-sind-mikrostroeme\/\">Microcorrientes<\/a><\/li>\n<li><a title=\"\u00bfQu\u00e9 es la vibraci\u00f3n?\" href=\"https:\/\/diamondshieldzapper.com\/was-ist-wobbeln\/\" target=\"_blank\">Vibraciones<\/a> (siempre una octava entera), tiempo de vibraci\u00f3n ajustable<\/li>\n<li><a title=\"\u00bfEn qu\u00e9 consiste la modulaci\u00f3n?\" href=\"https:\/\/diamondshieldzapper.com\/was-hat-es-mit-dem-modulieren-auf-sich\/\">Modulaci\u00f3n<\/a><\/li>\n<li>Descarga por pulsos<\/li>\n<li>Modulaci\u00f3n y vibraci\u00f3n simult\u00e1nea<\/li>\n<li>Modulaci\u00f3n, vibraci\u00f3n y descarga por pulsos simult\u00e1nea<\/li>\n<\/ul>\n<h3>Permite almacenar las terapias de frecuencia probadas en la tarjeta de memoria<\/h3>\n<ul>\n<li>El dispositivo Diamond Shield Professional permite almacenar en la tarjeta de memoria las frecuencias biol\u00f3gicas propias del paciente<\/li>\n<li>El paciente puede utilizar la tarjeta de memoria con programas personalizados en su dispositivo Diamond Shield Zapper IE<\/li>\n<li>Las tarjetas de memoria puede programarse nuevamente siempre que lo desee el usuario<\/li>\n<\/ul>\n<p>Tarjetas de memoria:<\/p>\n<ul>\n<li>Tarjetas de memoria preprogramadas con diferentes desarrollos de frecuencia<\/li>\n<\/ul>\n<h4>CONTENIDO DEL EMBALAJE<\/h4>\n<ul>\n<li>Diamond Shield Professional<\/li>\n<li>Mu\u00f1equeras met\u00e1licas<\/li>\n<li>Cable de electrodos<\/li>\n<li>Cable de toma de tierra<\/li>\n<li>Pilas de 9V<\/li>\n<li>Caja de pl\u00e1stico<\/li>\n<\/ul>\n[\/fusion_text][\/two_third][one_third last=&#8221;yes&#8221; spacing=&#8221;yes&#8221; center_content=&#8221;no&#8221; hide_on_mobile=&#8221;no&#8221; background_color=&#8221;&#8221; background_image=&#8221;&#8221; background_repeat=&#8221;no-repeat&#8221; background_position=&#8221;left top&#8221; border_size=&#8221;0px&#8221; border_color=&#8221;&#8221; border_style=&#8221;&#8221; padding=&#8221;&#8221; margin_top=&#8221;&#8221; margin_bottom=&#8221;&#8221; animation_type=&#8221;&#8221; animation_direction=&#8221;&#8221; animation_speed=&#8221;0.1&#8243; class=&#8221;&#8221; id=&#8221;&#8221;][imageframe lightbox=&#8221;no&#8221; lightbox_image=&#8221;&#8221; style_type=&#8221;none&#8221; bordercolor=&#8221;&#8221; bordersize=&#8221;0px&#8221; borderradius=&#8221;0&#8243; stylecolor=&#8221;&#8221; align=&#8221;none&#8221; link=&#8221;&#8221; linktarget=&#8221;_self&#8221; animation_type=&#8221;0&#8243; animation_direction=&#8221;down&#8221; animation_speed=&#8221;0.1&#8243; hide_on_mobile=&#8221;no&#8221; class=&#8221;&#8221; id=&#8221;&#8221;]<img decoding=\"async\" src=\"https:\/\/diamondshieldzapper.com\/wp-content\/uploads\/2015\/01\/zapper_pro_klein.jpg\" alt=\"Diamond Shield Professional\" \/>[\/imageframe][\/one_third][separator style_type=&#8221;shadow&#8221; top_margin=&#8221;20&#8243; bottom_margin=&#8221;20&#8243; sep_color=&#8221;&#8221; border_size=&#8221;&#8221; icon=&#8221;&#8221; icon_circle=&#8221;&#8221; icon_circle_color=&#8221;&#8221; width=&#8221;&#8221; alignment=&#8221;center&#8221; class=&#8221;&#8221; id=&#8221;&#8221;][sharing tagline=&#8221;Compartir art\u00edculo:&#8221; tagline_color=&#8221;&#8221; title=&#8221;&#8221; link=&#8221;&#8221; description=&#8221;&#8221; pinterest_image=&#8221;&#8221; icons_boxed=&#8221;&#8221; icons_boxed_radius=&#8221;4px&#8221; box_colors=&#8221;&#8221; icon_colors=&#8221;&#8221; tooltip_placement=&#8221;&#8221; backgroundcolor=&#8221;&#8221; class=&#8221;&#8221; id=&#8221;&#8221;][\/sharing]\n","protected":false},"excerpt":{"rendered":"<p>[title size=&#8221;1&#8243; content_align=&#8221;left&#8221; style_type=&#8221;default&#8221; sep_color=&#8221;&#8221; class=&#8221;&#8221; id=&#8221;&#8221;]Noticias[\/title][title size=&#8221;2&#8243; content_align=&#8221;left&#8221; style_type=&#8221;default&#8221; sep_color=&#8221;&#8221; class=&#8221;&#8221; id=&#8221;&#8221;]Diamond Shield Crystal Zapper[\/title][fusion_text] Zapper de gama alta con m\u00faltiples aplicaciones Nuevo Diamond Shield Crystal Zapper: una revoluci\u00f3n en la aplicaciones y posibilidades de la tecnolog\u00eda del Zapper. Nuevo programa: Programa Crystal para una regulaci\u00f3n profunda de todo el sistema de meridianos (los usuarios del dispositivo Diamond Shield &#8230; <a href=\"https:\/\/diamondshieldzapper.com\/es\/diamond-shield-professional-2\/\" class=\"more-link\">Read More<\/a><\/p>\n","protected":false},"author":1,"featured_media":0,"parent":0,"menu_order":0,"comment_status":"closed","ping_status":"open","template":"","meta":{"_bbp_topic_count":0,"_bbp_reply_count":0,"_bbp_total_topic_count":0,"_bbp_total_reply_count":0,"_bbp_voice_count":0,"_bbp_anonymous_reply_count":0,"_bbp_topic_count_hidden":0,"_bbp_reply_count_hidden":0,"_bbp_forum_subforum_count":0,"rs_blank_template":"","rs_page_bg_color":"","slide_template_v7":"","_monsterinsights_skip_tracking":false,"_monsterinsights_sitenote_active":false,"_monsterinsights_sitenote_note":"","_monsterinsights_sitenote_category":0,"footnotes":""},"class_list":["post-1975","page","type-page","status-publish","hentry","no-post-thumbnail"],"yoast_head":"<!-- This site is optimized with the Yoast SEO plugin v27.4 - https:\/\/yoast.com\/product\/yoast-seo-wordpress\/ -->\n<title>Diamond Shield Professional - Diamond Shield Zapper<\/title>\n<meta name=\"description\" content=\"El dispositivo Diamond Shield Professional ha sido concebido para terapeutas profesionales y gracias a las tarjetas de memoria es posible crear terapias espec\u00edficas para cada tipo de paciente.\" \/>\n<meta name=\"robots\" content=\"index, follow, max-snippet:-1, max-image-preview:large, max-video-preview:-1\" \/>\n<link rel=\"canonical\" href=\"https:\/\/diamondshieldzapper.com\/es\/diamond-shield-professional-2\/\" \/>\n<meta property=\"og:locale\" content=\"es_ES\" \/>\n<meta property=\"og:type\" content=\"article\" \/>\n<meta property=\"og:title\" content=\"Diamond Shield Professional - Diamond Shield Zapper\" \/>\n<meta property=\"og:description\" content=\"El dispositivo Diamond Shield Professional ha sido concebido para terapeutas profesionales y gracias a las tarjetas de memoria es posible crear terapias espec\u00edficas para cada tipo de paciente.\" \/>\n<meta property=\"og:url\" content=\"https:\/\/diamondshieldzapper.com\/es\/diamond-shield-professional-2\/\" \/>\n<meta property=\"og:site_name\" content=\"Diamond Shield Zapper\" \/>\n<meta property=\"article:publisher\" content=\"https:\/\/www.facebook.com\/heilpraktiker.baklayan\/\" \/>\n<meta property=\"article:modified_time\" content=\"2015-10-27T15:27:57+00:00\" \/>\n<meta property=\"og:image\" content=\"https:\/\/diamondshieldzapper.com\/wp-content\/uploads\/2015\/06\/Diamondshield-Crystal-250x-8bit.png\" \/>\n<meta name=\"twitter:label1\" content=\"Tiempo de lectura\" \/>\n\t<meta name=\"twitter:data1\" content=\"3 minutos\" \/>\n<script type=\"application\/ld+json\" class=\"yoast-schema-graph\">{\"@context\":\"https:\\\/\\\/schema.org\",\"@graph\":[{\"@type\":\"WebPage\",\"@id\":\"https:\\\/\\\/diamondshieldzapper.com\\\/es\\\/diamond-shield-professional-2\\\/\",\"url\":\"https:\\\/\\\/diamondshieldzapper.com\\\/es\\\/diamond-shield-professional-2\\\/\",\"name\":\"Diamond Shield Professional - Diamond Shield Zapper\",\"isPartOf\":{\"@id\":\"https:\\\/\\\/diamondshieldzapper.com\\\/es\\\/#website\"},\"primaryImageOfPage\":{\"@id\":\"https:\\\/\\\/diamondshieldzapper.com\\\/es\\\/diamond-shield-professional-2\\\/#primaryimage\"},\"image\":{\"@id\":\"https:\\\/\\\/diamondshieldzapper.com\\\/es\\\/diamond-shield-professional-2\\\/#primaryimage\"},\"thumbnailUrl\":\"https:\\\/\\\/diamondshieldzapper.com\\\/wp-content\\\/uploads\\\/2015\\\/06\\\/Diamondshield-Crystal-250x-8bit.png\",\"datePublished\":\"2015-10-13T17:37:44+00:00\",\"dateModified\":\"2015-10-27T15:27:57+00:00\",\"description\":\"El dispositivo Diamond Shield Professional ha sido concebido para terapeutas profesionales y gracias a las tarjetas de memoria es posible crear terapias espec\u00edficas para cada tipo de paciente.\",\"breadcrumb\":{\"@id\":\"https:\\\/\\\/diamondshieldzapper.com\\\/es\\\/diamond-shield-professional-2\\\/#breadcrumb\"},\"inLanguage\":\"es\",\"potentialAction\":[{\"@type\":\"ReadAction\",\"target\":[\"https:\\\/\\\/diamondshieldzapper.com\\\/es\\\/diamond-shield-professional-2\\\/\"]}]},{\"@type\":\"ImageObject\",\"inLanguage\":\"es\",\"@id\":\"https:\\\/\\\/diamondshieldzapper.com\\\/es\\\/diamond-shield-professional-2\\\/#primaryimage\",\"url\":\"https:\\\/\\\/diamondshieldzapper.com\\\/wp-content\\\/uploads\\\/2015\\\/06\\\/Diamondshield-Crystal-250x-8bit.png\",\"contentUrl\":\"https:\\\/\\\/diamondshieldzapper.com\\\/wp-content\\\/uploads\\\/2015\\\/06\\\/Diamondshield-Crystal-250x-8bit.png\"},{\"@type\":\"BreadcrumbList\",\"@id\":\"https:\\\/\\\/diamondshieldzapper.com\\\/es\\\/diamond-shield-professional-2\\\/#breadcrumb\",\"itemListElement\":[{\"@type\":\"ListItem\",\"position\":1,\"name\":\"Home\",\"item\":\"https:\\\/\\\/diamondshieldzapper.com\\\/es\\\/?page_id=7559\"},{\"@type\":\"ListItem\",\"position\":2,\"name\":\"Diamond Shield Professional\"}]},{\"@type\":\"WebSite\",\"@id\":\"https:\\\/\\\/diamondshieldzapper.com\\\/es\\\/#website\",\"url\":\"https:\\\/\\\/diamondshieldzapper.com\\\/es\\\/\",\"name\":\"Diamond Shield Zapper\",\"description\":\"einfach nur Zappen war gestern\",\"potentialAction\":[{\"@type\":\"SearchAction\",\"target\":{\"@type\":\"EntryPoint\",\"urlTemplate\":\"https:\\\/\\\/diamondshieldzapper.com\\\/es\\\/?s={search_term_string}\"},\"query-input\":{\"@type\":\"PropertyValueSpecification\",\"valueRequired\":true,\"valueName\":\"search_term_string\"}}],\"inLanguage\":\"es\"}]}<\/script>\n<!-- \/ Yoast SEO plugin. -->","yoast_head_json":{"title":"Diamond Shield Professional - Diamond Shield Zapper","description":"El dispositivo Diamond Shield Professional ha sido concebido para terapeutas profesionales y gracias a las tarjetas de memoria es posible crear terapias espec\u00edficas para cada tipo de paciente.","robots":{"index":"index","follow":"follow","max-snippet":"max-snippet:-1","max-image-preview":"max-image-preview:large","max-video-preview":"max-video-preview:-1"},"canonical":"https:\/\/diamondshieldzapper.com\/es\/diamond-shield-professional-2\/","og_locale":"es_ES","og_type":"article","og_title":"Diamond Shield Professional - Diamond Shield Zapper","og_description":"El dispositivo Diamond Shield Professional ha sido concebido para terapeutas profesionales y gracias a las tarjetas de memoria es posible crear terapias espec\u00edficas para cada tipo de paciente.","og_url":"https:\/\/diamondshieldzapper.com\/es\/diamond-shield-professional-2\/","og_site_name":"Diamond Shield Zapper","article_publisher":"https:\/\/www.facebook.com\/heilpraktiker.baklayan\/","article_modified_time":"2015-10-27T15:27:57+00:00","og_image":[{"url":"https:\/\/diamondshieldzapper.com\/wp-content\/uploads\/2015\/06\/Diamondshield-Crystal-250x-8bit.png","type":"","width":"","height":""}],"twitter_misc":{"Tiempo de lectura":"3 minutos"},"schema":{"@context":"https:\/\/schema.org","@graph":[{"@type":"WebPage","@id":"https:\/\/diamondshieldzapper.com\/es\/diamond-shield-professional-2\/","url":"https:\/\/diamondshieldzapper.com\/es\/diamond-shield-professional-2\/","name":"Diamond Shield Professional - Diamond Shield Zapper","isPartOf":{"@id":"https:\/\/diamondshieldzapper.com\/es\/#website"},"primaryImageOfPage":{"@id":"https:\/\/diamondshieldzapper.com\/es\/diamond-shield-professional-2\/#primaryimage"},"image":{"@id":"https:\/\/diamondshieldzapper.com\/es\/diamond-shield-professional-2\/#primaryimage"},"thumbnailUrl":"https:\/\/diamondshieldzapper.com\/wp-content\/uploads\/2015\/06\/Diamondshield-Crystal-250x-8bit.png","datePublished":"2015-10-13T17:37:44+00:00","dateModified":"2015-10-27T15:27:57+00:00","description":"El dispositivo Diamond Shield Professional ha sido concebido para terapeutas profesionales y gracias a las tarjetas de memoria es posible crear terapias espec\u00edficas para cada tipo de paciente.","breadcrumb":{"@id":"https:\/\/diamondshieldzapper.com\/es\/diamond-shield-professional-2\/#breadcrumb"},"inLanguage":"es","potentialAction":[{"@type":"ReadAction","target":["https:\/\/diamondshieldzapper.com\/es\/diamond-shield-professional-2\/"]}]},{"@type":"ImageObject","inLanguage":"es","@id":"https:\/\/diamondshieldzapper.com\/es\/diamond-shield-professional-2\/#primaryimage","url":"https:\/\/diamondshieldzapper.com\/wp-content\/uploads\/2015\/06\/Diamondshield-Crystal-250x-8bit.png","contentUrl":"https:\/\/diamondshieldzapper.com\/wp-content\/uploads\/2015\/06\/Diamondshield-Crystal-250x-8bit.png"},{"@type":"BreadcrumbList","@id":"https:\/\/diamondshieldzapper.com\/es\/diamond-shield-professional-2\/#breadcrumb","itemListElement":[{"@type":"ListItem","position":1,"name":"Home","item":"https:\/\/diamondshieldzapper.com\/es\/?page_id=7559"},{"@type":"ListItem","position":2,"name":"Diamond Shield Professional"}]},{"@type":"WebSite","@id":"https:\/\/diamondshieldzapper.com\/es\/#website","url":"https:\/\/diamondshieldzapper.com\/es\/","name":"Diamond Shield Zapper","description":"einfach nur Zappen war gestern","potentialAction":[{"@type":"SearchAction","target":{"@type":"EntryPoint","urlTemplate":"https:\/\/diamondshieldzapper.com\/es\/?s={search_term_string}"},"query-input":{"@type":"PropertyValueSpecification","valueRequired":true,"valueName":"search_term_string"}}],"inLanguage":"es"}]}},"_links":{"self":[{"href":"https:\/\/diamondshieldzapper.com\/es\/wp-json\/wp\/v2\/pages\/1975","targetHints":{"allow":["GET"]}}],"collection":[{"href":"https:\/\/diamondshieldzapper.com\/es\/wp-json\/wp\/v2\/pages"}],"about":[{"href":"https:\/\/diamondshieldzapper.com\/es\/wp-json\/wp\/v2\/types\/page"}],"author":[{"embeddable":true,"href":"https:\/\/diamondshieldzapper.com\/es\/wp-json\/wp\/v2\/users\/1"}],"replies":[{"embeddable":true,"href":"https:\/\/diamondshieldzapper.com\/es\/wp-json\/wp\/v2\/comments?post=1975"}],"version-history":[{"count":0,"href":"https:\/\/diamondshieldzapper.com\/es\/wp-json\/wp\/v2\/pages\/1975\/revisions"}],"wp:attachment":[{"href":"https:\/\/diamondshieldzapper.com\/es\/wp-json\/wp\/v2\/media?parent=1975"}],"curies":[{"name":"wp","href":"https:\/\/api.w.org\/{rel}","templated":true}]}}