{"id":1977,"date":"2015-10-14T12:36:08","date_gmt":"2015-10-14T12:36:08","guid":{"rendered":"https:\/\/diamondshieldzapper.com\/que-son-las-microcorrientes\/"},"modified":"2015-10-14T12:36:08","modified_gmt":"2015-10-14T12:36:08","slug":"que-son-las-microcorrientes","status":"publish","type":"page","link":"https:\/\/diamondshieldzapper.com\/es\/que-son-las-microcorrientes\/","title":{"rendered":"\u00bfQu\u00e9 son las microcorrientes?"},"content":{"rendered":"[fusion_text]\n<h1>Microcorrientes: una nueva dimensi\u00f3n de la regulaci\u00f3n<\/h1>\n<div id=\"attachment_339\" style=\"width: 360px\" class=\"wp-caption alignleft\"><img loading=\"lazy\" decoding=\"async\" aria-describedby=\"caption-attachment-339\" class=\"wp-image-339 size-full\" src=\"https:\/\/diamondshieldzapper.com\/wp-content\/uploads\/2014\/12\/mikrostr\u00f6me.jpg\" alt=\"microcorrientes\" width=\"350\" height=\"233\" srcset=\"https:\/\/diamondshieldzapper.com\/wp-content\/uploads\/2014\/12\/mikrostr\u00f6me.jpg 350w, https:\/\/diamondshieldzapper.com\/wp-content\/uploads\/2014\/12\/mikrostr\u00f6me-300x199.jpg 300w, https:\/\/diamondshieldzapper.com\/wp-content\/uploads\/2014\/12\/mikrostr\u00f6me-120x79.jpg 120w\" sizes=\"auto, (max-width: 350px) 100vw, 350px\" \/><p id=\"caption-attachment-339\" class=\"wp-caption-text\">Electrodos para la terapia de biofrecuencias<\/p><\/div>\n[checklist icon=&#8221;fa-star-o&#8221; iconcolor=&#8221;#ffffff&#8221; circle=&#8221;yes&#8221; circlecolor=&#8221;#81d742&#8243; size=&#8221;small&#8221; class=&#8221;&#8221; id=&#8221;&#8221;]\n[li_item icon=&#8221;&#8221;]<strong>Las microcorrientes consisten en tensi\u00f3n el\u00e9ctrica con un voltaje determinado:<\/strong>[\/li_item]\n[\/checklist]\n<p>Existe un amplio consenso a la hora de afirmar que la mentalidad humana se caracteriza por creer que &#8220;cuanto m\u00e1s mejor&#8221;. En Biolog\u00eda, esta idea tiene muy poca validez y en muchas ocasiones el efecto suele ser m\u00e1s bien el contrario. Pensemos, por ejemplo, en la distribuci\u00f3n de las hormonas: la cantidad adecuada (peque\u00f1a) tiene una importancia vital. Un exceso puede tener consecuencias catastr\u00f3ficas\u2026<br \/>\nEl <strong>natur\u00f3pata profesional A. E. Baklayan<\/strong> observ\u00f3 una y otra vez durante la realizaci\u00f3n de pruebas bioenerg\u00e9ticas que los programas compatibles, es decir, los llamados &#8220;programas de bienestar con vibraciones arm\u00f3nicas&#8221;, que emiten voltajes extremadamente bajos (menos de un voltio), arrojaron los mejores resultados. En este caso, menos siempre sol\u00eda ser m\u00e1s.<br \/>\nComenz\u00f3 trabajando con voltajes inferiores a un voltio y observ\u00f3, con sorpresa, que en realidad los efectos eran mucho m\u00e1s potentes que con el uso de los voltajes habituales de 2,2 a 15 voltios.<br \/>\nA partir de entonces, utiliz\u00f3 sistem\u00e1ticamente estas <strong>tensiones bajas<\/strong> y comprob\u00f3 que sus pacientes notaban un efecto mucho m\u00e1s intenso de lo habitual.<\/p>\n<p>La <strong>ley Arndt-Schultz<\/strong> establece que la \u201cestimulaci\u00f3n suave aumenta la actividad fisiol\u00f3gica y la estimulaci\u00f3n muy fuerte reprime o destruye la actividad\u201c.<\/p>\n<p>A lo largo de a\u00f1os de pr\u00e1ctica, Baklayan observ\u00f3 que para la eliminaci\u00f3n de par\u00e1sitos, virus, micosis y bacterias mediante la aplicaci\u00f3n de las frecuencias el\u00e9ctricas de la doctora Clark y el doctor Rife siempre funcionaban mejor las tensiones m\u00e1ximas. \u00a1Sin embargo, para la <strong>regulaci\u00f3n, tendencia de curaci\u00f3n y desintoxicaci\u00f3n<\/strong> las microcorrientes eran mucho mejor!<\/p>\n<p>Hasta ahora, el valor de voltaje m\u00e1s bajo de un Zapper era 1 voltio (las mediciones m\u00e1s precisas realizadas en el laboratorio mostraron que el valor m\u00e1s bajo era 1,3 voltios, en lugar de 1 voltio que muestra la pantalla), por lo que en ocasiones resultaba demasiado alto.<br \/>\nEl <strong>nuevo dispositivo Diamond Shield Zapper IE<\/strong> ha sido dise\u00f1ado de una forma que puede regularse hasta <strong>0,1 voltios<\/strong>.<\/p>\n<p>Por este motivo, es totalmente leg\u00edtimo referirse al Diamond Shield Zapper IE como el primer dispositivo de relajaci\u00f3n y bienestar.[\/fusion_text][sharing tagline=&#8221;Compartir art\u00edculo:&#8221; tagline_color=&#8221;&#8221; title=&#8221;&#8221; link=&#8221;&#8221; description=&#8221;&#8221; pinterest_image=&#8221;&#8221; icons_boxed=&#8221;&#8221; icons_boxed_radius=&#8221;4px&#8221; box_colors=&#8221;&#8221; icon_colors=&#8221;&#8221; tooltip_placement=&#8221;&#8221; backgroundcolor=&#8221;&#8221; class=&#8221;&#8221; id=&#8221;&#8221;][\/sharing]\n","protected":false},"excerpt":{"rendered":"<p>[fusion_text] Microcorrientes: una nueva dimensi\u00f3n de la regulaci\u00f3n [checklist icon=&#8221;fa-star-o&#8221; iconcolor=&#8221;#ffffff&#8221; circle=&#8221;yes&#8221; circlecolor=&#8221;#81d742&#8243; size=&#8221;small&#8221; class=&#8221;&#8221; id=&#8221;&#8221;] [li_item icon=&#8221;&#8221;]Las microcorrientes consisten en tensi\u00f3n el\u00e9ctrica con un voltaje determinado:[\/li_item] [\/checklist] Existe un amplio consenso a la hora de afirmar que la mentalidad humana se caracteriza por creer que &#8220;cuanto m\u00e1s mejor&#8221;. En Biolog\u00eda, esta idea tiene muy poca validez y en muchas &#8230; <a href=\"https:\/\/diamondshieldzapper.com\/es\/que-son-las-microcorrientes\/\" class=\"more-link\">Read More<\/a><\/p>\n","protected":false},"author":2,"featured_media":0,"parent":0,"menu_order":0,"comment_status":"closed","ping_status":"closed","template":"","meta":{"_bbp_topic_count":0,"_bbp_reply_count":0,"_bbp_total_topic_count":0,"_bbp_total_reply_count":0,"_bbp_voice_count":0,"_bbp_anonymous_reply_count":0,"_bbp_topic_count_hidden":0,"_bbp_reply_count_hidden":0,"_bbp_forum_subforum_count":0,"rs_blank_template":"","rs_page_bg_color":"","slide_template_v7":"","_monsterinsights_skip_tracking":false,"_monsterinsights_sitenote_active":false,"_monsterinsights_sitenote_note":"","_monsterinsights_sitenote_category":0,"footnotes":""},"class_list":["post-1977","page","type-page","status-publish","hentry","no-post-thumbnail"],"yoast_head":"<!-- This site is optimized with the Yoast SEO plugin v27.3 - https:\/\/yoast.com\/product\/yoast-seo-wordpress\/ -->\n<title>\u00bfQu\u00e9 son las microcorrientes? - Diamond Shield Zapper<\/title>\n<meta name=\"description\" content=\"Las microcorrientes consisten en tensi\u00f3n el\u00e9ctrica con un voltaje determinado. El dispositivo Diamond Shield las controla para provocar el efecto deseado.\" \/>\n<meta name=\"robots\" content=\"index, follow, max-snippet:-1, max-image-preview:large, max-video-preview:-1\" \/>\n<link rel=\"canonical\" href=\"https:\/\/diamondshieldzapper.com\/es\/que-son-las-microcorrientes\/\" \/>\n<meta property=\"og:locale\" content=\"es_ES\" \/>\n<meta property=\"og:type\" content=\"article\" \/>\n<meta property=\"og:title\" content=\"\u00bfQu\u00e9 son las microcorrientes? - Diamond Shield Zapper\" \/>\n<meta property=\"og:description\" content=\"Las microcorrientes consisten en tensi\u00f3n el\u00e9ctrica con un voltaje determinado. El dispositivo Diamond Shield las controla para provocar el efecto deseado.\" \/>\n<meta property=\"og:url\" content=\"https:\/\/diamondshieldzapper.com\/es\/que-son-las-microcorrientes\/\" \/>\n<meta property=\"og:site_name\" content=\"Diamond Shield Zapper\" \/>\n<meta property=\"article:publisher\" content=\"https:\/\/www.facebook.com\/heilpraktiker.baklayan\/\" \/>\n<meta property=\"og:image\" content=\"https:\/\/diamondshieldzapper.com\/wp-content\/uploads\/2015\/10\/slider-crystal-2-1000x.jpg\" \/>\n<meta name=\"twitter:label1\" content=\"Tiempo de lectura\" \/>\n\t<meta name=\"twitter:data1\" content=\"2 minutos\" \/>\n<script type=\"application\/ld+json\" class=\"yoast-schema-graph\">{\"@context\":\"https:\\\/\\\/schema.org\",\"@graph\":[{\"@type\":\"WebPage\",\"@id\":\"https:\\\/\\\/diamondshieldzapper.com\\\/es\\\/que-son-las-microcorrientes\\\/\",\"url\":\"https:\\\/\\\/diamondshieldzapper.com\\\/es\\\/que-son-las-microcorrientes\\\/\",\"name\":\"\u00bfQu\u00e9 son las microcorrientes? - Diamond Shield Zapper\",\"isPartOf\":{\"@id\":\"https:\\\/\\\/diamondshieldzapper.com\\\/es\\\/#website\"},\"datePublished\":\"2015-10-14T12:36:08+00:00\",\"description\":\"Las microcorrientes consisten en tensi\u00f3n el\u00e9ctrica con un voltaje determinado. El dispositivo Diamond Shield las controla para provocar el efecto deseado.\",\"breadcrumb\":{\"@id\":\"https:\\\/\\\/diamondshieldzapper.com\\\/es\\\/que-son-las-microcorrientes\\\/#breadcrumb\"},\"inLanguage\":\"es\",\"potentialAction\":[{\"@type\":\"ReadAction\",\"target\":[\"https:\\\/\\\/diamondshieldzapper.com\\\/es\\\/que-son-las-microcorrientes\\\/\"]}]},{\"@type\":\"BreadcrumbList\",\"@id\":\"https:\\\/\\\/diamondshieldzapper.com\\\/es\\\/que-son-las-microcorrientes\\\/#breadcrumb\",\"itemListElement\":[{\"@type\":\"ListItem\",\"position\":1,\"name\":\"Home\",\"item\":\"https:\\\/\\\/diamondshieldzapper.com\\\/es\\\/?page_id=7559\"},{\"@type\":\"ListItem\",\"position\":2,\"name\":\"\u00bfQu\u00e9 son las microcorrientes?\"}]},{\"@type\":\"WebSite\",\"@id\":\"https:\\\/\\\/diamondshieldzapper.com\\\/es\\\/#website\",\"url\":\"https:\\\/\\\/diamondshieldzapper.com\\\/es\\\/\",\"name\":\"Diamond Shield Zapper\",\"description\":\"einfach nur Zappen war gestern\",\"potentialAction\":[{\"@type\":\"SearchAction\",\"target\":{\"@type\":\"EntryPoint\",\"urlTemplate\":\"https:\\\/\\\/diamondshieldzapper.com\\\/es\\\/?s={search_term_string}\"},\"query-input\":{\"@type\":\"PropertyValueSpecification\",\"valueRequired\":true,\"valueName\":\"search_term_string\"}}],\"inLanguage\":\"es\"}]}<\/script>\n<!-- \/ Yoast SEO plugin. -->","yoast_head_json":{"title":"\u00bfQu\u00e9 son las microcorrientes? - Diamond Shield Zapper","description":"Las microcorrientes consisten en tensi\u00f3n el\u00e9ctrica con un voltaje determinado. El dispositivo Diamond Shield las controla para provocar el efecto deseado.","robots":{"index":"index","follow":"follow","max-snippet":"max-snippet:-1","max-image-preview":"max-image-preview:large","max-video-preview":"max-video-preview:-1"},"canonical":"https:\/\/diamondshieldzapper.com\/es\/que-son-las-microcorrientes\/","og_locale":"es_ES","og_type":"article","og_title":"\u00bfQu\u00e9 son las microcorrientes? - Diamond Shield Zapper","og_description":"Las microcorrientes consisten en tensi\u00f3n el\u00e9ctrica con un voltaje determinado. El dispositivo Diamond Shield las controla para provocar el efecto deseado.","og_url":"https:\/\/diamondshieldzapper.com\/es\/que-son-las-microcorrientes\/","og_site_name":"Diamond Shield Zapper","article_publisher":"https:\/\/www.facebook.com\/heilpraktiker.baklayan\/","og_image":[{"url":"https:\/\/diamondshieldzapper.com\/wp-content\/uploads\/2015\/10\/slider-crystal-2-1000x.jpg","type":"","width":"","height":""}],"twitter_misc":{"Tiempo de lectura":"2 minutos"},"schema":{"@context":"https:\/\/schema.org","@graph":[{"@type":"WebPage","@id":"https:\/\/diamondshieldzapper.com\/es\/que-son-las-microcorrientes\/","url":"https:\/\/diamondshieldzapper.com\/es\/que-son-las-microcorrientes\/","name":"\u00bfQu\u00e9 son las microcorrientes? - Diamond Shield Zapper","isPartOf":{"@id":"https:\/\/diamondshieldzapper.com\/es\/#website"},"datePublished":"2015-10-14T12:36:08+00:00","description":"Las microcorrientes consisten en tensi\u00f3n el\u00e9ctrica con un voltaje determinado. El dispositivo Diamond Shield las controla para provocar el efecto deseado.","breadcrumb":{"@id":"https:\/\/diamondshieldzapper.com\/es\/que-son-las-microcorrientes\/#breadcrumb"},"inLanguage":"es","potentialAction":[{"@type":"ReadAction","target":["https:\/\/diamondshieldzapper.com\/es\/que-son-las-microcorrientes\/"]}]},{"@type":"BreadcrumbList","@id":"https:\/\/diamondshieldzapper.com\/es\/que-son-las-microcorrientes\/#breadcrumb","itemListElement":[{"@type":"ListItem","position":1,"name":"Home","item":"https:\/\/diamondshieldzapper.com\/es\/?page_id=7559"},{"@type":"ListItem","position":2,"name":"\u00bfQu\u00e9 son las microcorrientes?"}]},{"@type":"WebSite","@id":"https:\/\/diamondshieldzapper.com\/es\/#website","url":"https:\/\/diamondshieldzapper.com\/es\/","name":"Diamond Shield Zapper","description":"einfach nur Zappen war gestern","potentialAction":[{"@type":"SearchAction","target":{"@type":"EntryPoint","urlTemplate":"https:\/\/diamondshieldzapper.com\/es\/?s={search_term_string}"},"query-input":{"@type":"PropertyValueSpecification","valueRequired":true,"valueName":"search_term_string"}}],"inLanguage":"es"}]}},"_links":{"self":[{"href":"https:\/\/diamondshieldzapper.com\/es\/wp-json\/wp\/v2\/pages\/1977","targetHints":{"allow":["GET"]}}],"collection":[{"href":"https:\/\/diamondshieldzapper.com\/es\/wp-json\/wp\/v2\/pages"}],"about":[{"href":"https:\/\/diamondshieldzapper.com\/es\/wp-json\/wp\/v2\/types\/page"}],"author":[{"embeddable":true,"href":"https:\/\/diamondshieldzapper.com\/es\/wp-json\/wp\/v2\/users\/2"}],"replies":[{"embeddable":true,"href":"https:\/\/diamondshieldzapper.com\/es\/wp-json\/wp\/v2\/comments?post=1977"}],"version-history":[{"count":0,"href":"https:\/\/diamondshieldzapper.com\/es\/wp-json\/wp\/v2\/pages\/1977\/revisions"}],"wp:attachment":[{"href":"https:\/\/diamondshieldzapper.com\/es\/wp-json\/wp\/v2\/media?parent=1977"}],"curies":[{"name":"wp","href":"https:\/\/api.w.org\/{rel}","templated":true}]}}