{"id":1981,"date":"2015-10-14T17:49:00","date_gmt":"2015-10-14T17:49:00","guid":{"rendered":"https:\/\/diamondshieldzapper.com\/autocuracion-suave-con-vibraciones-armonicas\/"},"modified":"2015-10-14T17:49:00","modified_gmt":"2015-10-14T17:49:00","slug":"autocuracion-suave-con-vibraciones-armonicas","status":"publish","type":"page","link":"https:\/\/diamondshieldzapper.com\/es\/autocuracion-suave-con-vibraciones-armonicas\/","title":{"rendered":"Autocuraci\u00f3n suave con vibraciones arm\u00f3nicas"},"content":{"rendered":"[fullwidth background_color=&#8221;&#8221; background_image=&#8221;&#8221; background_parallax=&#8221;none&#8221; enable_mobile=&#8221;no&#8221; parallax_speed=&#8221;0.3&#8243; background_repeat=&#8221;no-repeat&#8221; background_position=&#8221;left top&#8221; video_url=&#8221;&#8221; video_aspect_ratio=&#8221;16:9&#8243; video_webm=&#8221;&#8221; video_mp4=&#8221;&#8221; video_ogv=&#8221;&#8221; video_preview_image=&#8221;&#8221; overlay_color=&#8221;&#8221; overlay_opacity=&#8221;0.5&#8243; video_mute=&#8221;yes&#8221; video_loop=&#8221;yes&#8221; fade=&#8221;no&#8221; border_size=&#8221;0px&#8221; border_color=&#8221;&#8221; border_style=&#8221;&#8221; padding_top=&#8221;20px&#8221; padding_bottom=&#8221;20px&#8221; padding_left=&#8221;0px&#8221; padding_right=&#8221;0px&#8221; hundred_percent=&#8221;no&#8221; equal_height_columns=&#8221;no&#8221; hide_on_mobile=&#8221;no&#8221; menu_anchor=&#8221;&#8221; class=&#8221;&#8221; id=&#8221;&#8221;][title size=&#8221;2&#8243; content_align=&#8221;left&#8221; style_type=&#8221;single&#8221; sep_color=&#8221;&#8221; class=&#8221;&#8221; id=&#8221;&#8221;]Autocuraci\u00f3n suave con vibraciones arm\u00f3nicas[\/title][two_third last=&#8221;no&#8221; spacing=&#8221;yes&#8221; center_content=&#8221;no&#8221; hide_on_mobile=&#8221;no&#8221; background_color=&#8221;&#8221; background_image=&#8221;&#8221; background_repeat=&#8221;no-repeat&#8221; background_position=&#8221;left top&#8221; border_size=&#8221;0px&#8221; border_color=&#8221;&#8221; border_style=&#8221;&#8221; padding=&#8221;&#8221; margin_top=&#8221;&#8221; margin_bottom=&#8221;&#8221; animation_type=&#8221;&#8221; animation_direction=&#8221;&#8221; animation_speed=&#8221;0.1&#8243; class=&#8221;&#8221; id=&#8221;&#8221;][fusion_text]Aqu\u00ed podr\u00e1 leer un extracto de la nueva obra <strong>&#8220;Autocuraci\u00f3n suave con vibraciones arm\u00f3nicas: libro basado en la pr\u00e1ctica&#8221;<\/strong> de Alan E. Baklayan. El libro fue publicado en verano de 2015.<\/p>\n<p>En este libro, el natur\u00f3pata profesional Baklayan describe casos de pacientes que lograron una calidad de vida considerablemente superior gracias a la autoterapia con el Zapper y se propone tratar la mayor cantidad posible de enfermedades y presentar una amplia variedad de formas de autoayuda.<\/p>\n<p>Incluso aquellos pacientes que, por motivos econ\u00f3micos o geogr\u00e1ficos, no pueden asistir regularmente a la consulta de su m\u00e9dico de confianza, tendr\u00e1n la posibilidad, por no decir la obligaci\u00f3n, de hacer algo por si mismos.<\/p>\n<p>En este libro basado en la pr\u00e1ctica, el natur\u00f3pata profesional se propone demostrar que este tipo de terapia puede producir resultados esperanzadores y que no se trata, en absoluto, de ninguna fantas\u00eda.[\/fusion_text][fusion_text]\n<h3>Fragmento:<\/h3>\n<p>Aqu\u00ed podr\u00e1 leer los fragmentos 3 y 4 publicados recientemente. Como la fecha de publicaci\u00f3n est\u00e1 cada vez m\u00e1s cerca, hemos seleccionado los dos primeros cap\u00edtulos. Gracias a la breve demora en el plazo de publicaci\u00f3n el autor Autor Alan E. Baklayan tuvo la posibilidad de ampliar el contenido y, entre otros, a\u00f1adir el cap\u00edtulo\u00a0&#8220;Brucelosis y virus de Epstein-Barr.[\/fusion_text][\/two_third][one_third last=&#8221;yes&#8221; spacing=&#8221;yes&#8221; center_content=&#8221;no&#8221; hide_on_mobile=&#8221;no&#8221; background_color=&#8221;&#8221; background_image=&#8221;&#8221; background_repeat=&#8221;no-repeat&#8221; background_position=&#8221;left top&#8221; border_size=&#8221;0px&#8221; border_color=&#8221;&#8221; border_style=&#8221;&#8221; padding=&#8221;&#8221; margin_top=&#8221;&#8221; margin_bottom=&#8221;&#8221; animation_type=&#8221;&#8221; animation_direction=&#8221;&#8221; animation_speed=&#8221;0.1&#8243; class=&#8221;&#8221; id=&#8221;&#8221;][imageframe lightbox=&#8221;no&#8221; lightbox_image=&#8221;&#8221; style_type=&#8221;dropshadow&#8221; bordercolor=&#8221;&#8221; bordersize=&#8221;0px&#8221; borderradius=&#8221;0&#8243; stylecolor=&#8221;&#8221; align=&#8221;none&#8221; link=&#8221;&#8221; linktarget=&#8221;_self&#8221; animation_type=&#8221;0&#8243; animation_direction=&#8221;down&#8221; animation_speed=&#8221;0.1&#8243; hide_on_mobile=&#8221;no&#8221; class=&#8221;&#8221; id=&#8221;&#8221;]<img decoding=\"async\" src=\"https:\/\/diamondshieldzapper.com\/wp-content\/uploads\/2015\/03\/Sanfte-Selbstheilung_200x267.png\" alt=\"Fragmento \" \/>[\/imageframe][\/one_third][one_fourth last=&#8221;no&#8221; spacing=&#8221;yes&#8221; center_content=&#8221;no&#8221; hide_on_mobile=&#8221;no&#8221; background_color=&#8221;&#8221; background_image=&#8221;&#8221; background_repeat=&#8221;no-repeat&#8221; background_position=&#8221;left top&#8221; border_size=&#8221;0px&#8221; border_color=&#8221;&#8221; border_style=&#8221;&#8221; padding=&#8221;&#8221; margin_top=&#8221;&#8221; margin_bottom=&#8221;&#8221; animation_type=&#8221;&#8221; animation_direction=&#8221;&#8221; animation_speed=&#8221;0.1&#8243; class=&#8221;&#8221; id=&#8221;&#8221;]<a  class=\"x-btn x-btn-3d x-btn-square x-btn-medium\"  href=\"#\"     data-options=\"thumbnail: ''\">Ir al fragmento 3<\/a>[\/one_fourth][one_fourth last=&#8221;yes&#8221; spacing=&#8221;yes&#8221; center_content=&#8221;no&#8221; hide_on_mobile=&#8221;no&#8221; background_color=&#8221;&#8221; background_image=&#8221;&#8221; background_repeat=&#8221;no-repeat&#8221; background_position=&#8221;left top&#8221; border_size=&#8221;0px&#8221; border_color=&#8221;&#8221; border_style=&#8221;&#8221; padding=&#8221;&#8221; margin_top=&#8221;&#8221; margin_bottom=&#8221;&#8221; animation_type=&#8221;&#8221; animation_direction=&#8221;&#8221; animation_speed=&#8221;0.1&#8243; class=&#8221;&#8221; id=&#8221;&#8221;]<a  class=\"x-btn x-btn-3d x-btn-square x-btn-medium\"  href=\"#\"     data-options=\"thumbnail: ''\">Ir al fragmento 4<\/a>[\/one_fourth][\/fullwidth]\n","protected":false},"excerpt":{"rendered":"<p>[fullwidth background_color=&#8221;&#8221; background_image=&#8221;&#8221; background_parallax=&#8221;none&#8221; enable_mobile=&#8221;no&#8221; parallax_speed=&#8221;0.3&#8243; background_repeat=&#8221;no-repeat&#8221; background_position=&#8221;left top&#8221; video_url=&#8221;&#8221; video_aspect_ratio=&#8221;16:9&#8243; video_webm=&#8221;&#8221; video_mp4=&#8221;&#8221; video_ogv=&#8221;&#8221; video_preview_image=&#8221;&#8221; overlay_color=&#8221;&#8221; overlay_opacity=&#8221;0.5&#8243; video_mute=&#8221;yes&#8221; video_loop=&#8221;yes&#8221; fade=&#8221;no&#8221; border_size=&#8221;0px&#8221; border_color=&#8221;&#8221; border_style=&#8221;&#8221; padding_top=&#8221;20px&#8221; padding_bottom=&#8221;20px&#8221; padding_left=&#8221;0px&#8221; padding_right=&#8221;0px&#8221; hundred_percent=&#8221;no&#8221; equal_height_columns=&#8221;no&#8221; hide_on_mobile=&#8221;no&#8221; menu_anchor=&#8221;&#8221; class=&#8221;&#8221; id=&#8221;&#8221;][title size=&#8221;2&#8243; content_align=&#8221;left&#8221; style_type=&#8221;single&#8221; sep_color=&#8221;&#8221; class=&#8221;&#8221; id=&#8221;&#8221;]Autocuraci\u00f3n suave con vibraciones arm\u00f3nicas[\/title][two_third last=&#8221;no&#8221; spacing=&#8221;yes&#8221; center_content=&#8221;no&#8221; hide_on_mobile=&#8221;no&#8221; background_color=&#8221;&#8221; background_image=&#8221;&#8221; background_repeat=&#8221;no-repeat&#8221; background_position=&#8221;left top&#8221; border_size=&#8221;0px&#8221; border_color=&#8221;&#8221; border_style=&#8221;&#8221; padding=&#8221;&#8221; margin_top=&#8221;&#8221; margin_bottom=&#8221;&#8221; animation_type=&#8221;&#8221; animation_direction=&#8221;&#8221; &#8230; <a href=\"https:\/\/diamondshieldzapper.com\/es\/autocuracion-suave-con-vibraciones-armonicas\/\" class=\"more-link\">Read More<\/a><\/p>\n","protected":false},"author":1,"featured_media":0,"parent":0,"menu_order":0,"comment_status":"closed","ping_status":"open","template":"","meta":{"_bbp_topic_count":0,"_bbp_reply_count":0,"_bbp_total_topic_count":0,"_bbp_total_reply_count":0,"_bbp_voice_count":0,"_bbp_anonymous_reply_count":0,"_bbp_topic_count_hidden":0,"_bbp_reply_count_hidden":0,"_bbp_forum_subforum_count":0,"rs_blank_template":"","rs_page_bg_color":"","slide_template_v7":"","_monsterinsights_skip_tracking":false,"_monsterinsights_sitenote_active":false,"_monsterinsights_sitenote_note":"","_monsterinsights_sitenote_category":0,"footnotes":""},"class_list":["post-1981","page","type-page","status-publish","hentry","no-post-thumbnail"],"yoast_head":"<!-- This site is optimized with the Yoast SEO plugin v27.3 - https:\/\/yoast.com\/product\/yoast-seo-wordpress\/ -->\n<title>Autocuraci\u00f3n suave con vibraciones arm\u00f3nicas<\/title>\n<meta name=\"description\" content=\"La nueva obra de Alan E. Baklayan fue publicada en verano de 2015 y lleva por t\u00edtulo Autocuraci\u00f3n suave con vibraciones arm\u00f3nicas. Un libro basado en la pr\u00e1ctica.\" \/>\n<meta name=\"robots\" content=\"index, follow, max-snippet:-1, max-image-preview:large, max-video-preview:-1\" \/>\n<link rel=\"canonical\" href=\"https:\/\/diamondshieldzapper.com\/es\/autocuracion-suave-con-vibraciones-armonicas\/\" \/>\n<meta property=\"og:locale\" content=\"es_ES\" \/>\n<meta property=\"og:type\" content=\"article\" \/>\n<meta property=\"og:title\" content=\"Autocuraci\u00f3n suave con vibraciones arm\u00f3nicas\" \/>\n<meta property=\"og:description\" content=\"La nueva obra de Alan E. Baklayan fue publicada en verano de 2015 y lleva por t\u00edtulo Autocuraci\u00f3n suave con vibraciones arm\u00f3nicas. Un libro basado en la pr\u00e1ctica.\" \/>\n<meta property=\"og:url\" content=\"https:\/\/diamondshieldzapper.com\/es\/autocuracion-suave-con-vibraciones-armonicas\/\" \/>\n<meta property=\"og:site_name\" content=\"Diamond Shield Zapper\" \/>\n<meta property=\"article:publisher\" content=\"https:\/\/www.facebook.com\/heilpraktiker.baklayan\/\" \/>\n<meta property=\"og:image\" content=\"https:\/\/diamondshieldzapper.com\/wp-content\/uploads\/2015\/03\/Sanfte-Selbstheilung_200x267.png\" \/>\n<meta name=\"twitter:label1\" content=\"Tiempo de lectura\" \/>\n\t<meta name=\"twitter:data1\" content=\"3 minutos\" \/>\n<script type=\"application\/ld+json\" class=\"yoast-schema-graph\">{\"@context\":\"https:\\\/\\\/schema.org\",\"@graph\":[{\"@type\":\"WebPage\",\"@id\":\"https:\\\/\\\/diamondshieldzapper.com\\\/es\\\/autocuracion-suave-con-vibraciones-armonicas\\\/\",\"url\":\"https:\\\/\\\/diamondshieldzapper.com\\\/es\\\/autocuracion-suave-con-vibraciones-armonicas\\\/\",\"name\":\"Autocuraci\u00f3n suave con vibraciones arm\u00f3nicas\",\"isPartOf\":{\"@id\":\"https:\\\/\\\/diamondshieldzapper.com\\\/es\\\/#website\"},\"primaryImageOfPage\":{\"@id\":\"https:\\\/\\\/diamondshieldzapper.com\\\/es\\\/autocuracion-suave-con-vibraciones-armonicas\\\/#primaryimage\"},\"image\":{\"@id\":\"https:\\\/\\\/diamondshieldzapper.com\\\/es\\\/autocuracion-suave-con-vibraciones-armonicas\\\/#primaryimage\"},\"thumbnailUrl\":\"https:\\\/\\\/diamondshieldzapper.com\\\/wp-content\\\/uploads\\\/2015\\\/03\\\/Sanfte-Selbstheilung_200x267.png\",\"datePublished\":\"2015-10-14T17:49:00+00:00\",\"description\":\"La nueva obra de Alan E. Baklayan fue publicada en verano de 2015 y lleva por t\u00edtulo Autocuraci\u00f3n suave con vibraciones arm\u00f3nicas. Un libro basado en la pr\u00e1ctica.\",\"breadcrumb\":{\"@id\":\"https:\\\/\\\/diamondshieldzapper.com\\\/es\\\/autocuracion-suave-con-vibraciones-armonicas\\\/#breadcrumb\"},\"inLanguage\":\"es\",\"potentialAction\":[{\"@type\":\"ReadAction\",\"target\":[\"https:\\\/\\\/diamondshieldzapper.com\\\/es\\\/autocuracion-suave-con-vibraciones-armonicas\\\/\"]}]},{\"@type\":\"ImageObject\",\"inLanguage\":\"es\",\"@id\":\"https:\\\/\\\/diamondshieldzapper.com\\\/es\\\/autocuracion-suave-con-vibraciones-armonicas\\\/#primaryimage\",\"url\":\"https:\\\/\\\/diamondshieldzapper.com\\\/wp-content\\\/uploads\\\/2015\\\/03\\\/Sanfte-Selbstheilung_200x267.png\",\"contentUrl\":\"https:\\\/\\\/diamondshieldzapper.com\\\/wp-content\\\/uploads\\\/2015\\\/03\\\/Sanfte-Selbstheilung_200x267.png\"},{\"@type\":\"BreadcrumbList\",\"@id\":\"https:\\\/\\\/diamondshieldzapper.com\\\/es\\\/autocuracion-suave-con-vibraciones-armonicas\\\/#breadcrumb\",\"itemListElement\":[{\"@type\":\"ListItem\",\"position\":1,\"name\":\"Home\",\"item\":\"https:\\\/\\\/diamondshieldzapper.com\\\/es\\\/?page_id=7559\"},{\"@type\":\"ListItem\",\"position\":2,\"name\":\"Autocuraci\u00f3n suave con vibraciones arm\u00f3nicas\"}]},{\"@type\":\"WebSite\",\"@id\":\"https:\\\/\\\/diamondshieldzapper.com\\\/es\\\/#website\",\"url\":\"https:\\\/\\\/diamondshieldzapper.com\\\/es\\\/\",\"name\":\"Diamond Shield Zapper\",\"description\":\"einfach nur Zappen war gestern\",\"potentialAction\":[{\"@type\":\"SearchAction\",\"target\":{\"@type\":\"EntryPoint\",\"urlTemplate\":\"https:\\\/\\\/diamondshieldzapper.com\\\/es\\\/?s={search_term_string}\"},\"query-input\":{\"@type\":\"PropertyValueSpecification\",\"valueRequired\":true,\"valueName\":\"search_term_string\"}}],\"inLanguage\":\"es\"}]}<\/script>\n<!-- \/ Yoast SEO plugin. -->","yoast_head_json":{"title":"Autocuraci\u00f3n suave con vibraciones arm\u00f3nicas","description":"La nueva obra de Alan E. Baklayan fue publicada en verano de 2015 y lleva por t\u00edtulo Autocuraci\u00f3n suave con vibraciones arm\u00f3nicas. Un libro basado en la pr\u00e1ctica.","robots":{"index":"index","follow":"follow","max-snippet":"max-snippet:-1","max-image-preview":"max-image-preview:large","max-video-preview":"max-video-preview:-1"},"canonical":"https:\/\/diamondshieldzapper.com\/es\/autocuracion-suave-con-vibraciones-armonicas\/","og_locale":"es_ES","og_type":"article","og_title":"Autocuraci\u00f3n suave con vibraciones arm\u00f3nicas","og_description":"La nueva obra de Alan E. Baklayan fue publicada en verano de 2015 y lleva por t\u00edtulo Autocuraci\u00f3n suave con vibraciones arm\u00f3nicas. Un libro basado en la pr\u00e1ctica.","og_url":"https:\/\/diamondshieldzapper.com\/es\/autocuracion-suave-con-vibraciones-armonicas\/","og_site_name":"Diamond Shield Zapper","article_publisher":"https:\/\/www.facebook.com\/heilpraktiker.baklayan\/","og_image":[{"url":"https:\/\/diamondshieldzapper.com\/wp-content\/uploads\/2015\/03\/Sanfte-Selbstheilung_200x267.png","type":"","width":"","height":""}],"twitter_misc":{"Tiempo de lectura":"3 minutos"},"schema":{"@context":"https:\/\/schema.org","@graph":[{"@type":"WebPage","@id":"https:\/\/diamondshieldzapper.com\/es\/autocuracion-suave-con-vibraciones-armonicas\/","url":"https:\/\/diamondshieldzapper.com\/es\/autocuracion-suave-con-vibraciones-armonicas\/","name":"Autocuraci\u00f3n suave con vibraciones arm\u00f3nicas","isPartOf":{"@id":"https:\/\/diamondshieldzapper.com\/es\/#website"},"primaryImageOfPage":{"@id":"https:\/\/diamondshieldzapper.com\/es\/autocuracion-suave-con-vibraciones-armonicas\/#primaryimage"},"image":{"@id":"https:\/\/diamondshieldzapper.com\/es\/autocuracion-suave-con-vibraciones-armonicas\/#primaryimage"},"thumbnailUrl":"https:\/\/diamondshieldzapper.com\/wp-content\/uploads\/2015\/03\/Sanfte-Selbstheilung_200x267.png","datePublished":"2015-10-14T17:49:00+00:00","description":"La nueva obra de Alan E. Baklayan fue publicada en verano de 2015 y lleva por t\u00edtulo Autocuraci\u00f3n suave con vibraciones arm\u00f3nicas. Un libro basado en la pr\u00e1ctica.","breadcrumb":{"@id":"https:\/\/diamondshieldzapper.com\/es\/autocuracion-suave-con-vibraciones-armonicas\/#breadcrumb"},"inLanguage":"es","potentialAction":[{"@type":"ReadAction","target":["https:\/\/diamondshieldzapper.com\/es\/autocuracion-suave-con-vibraciones-armonicas\/"]}]},{"@type":"ImageObject","inLanguage":"es","@id":"https:\/\/diamondshieldzapper.com\/es\/autocuracion-suave-con-vibraciones-armonicas\/#primaryimage","url":"https:\/\/diamondshieldzapper.com\/wp-content\/uploads\/2015\/03\/Sanfte-Selbstheilung_200x267.png","contentUrl":"https:\/\/diamondshieldzapper.com\/wp-content\/uploads\/2015\/03\/Sanfte-Selbstheilung_200x267.png"},{"@type":"BreadcrumbList","@id":"https:\/\/diamondshieldzapper.com\/es\/autocuracion-suave-con-vibraciones-armonicas\/#breadcrumb","itemListElement":[{"@type":"ListItem","position":1,"name":"Home","item":"https:\/\/diamondshieldzapper.com\/es\/?page_id=7559"},{"@type":"ListItem","position":2,"name":"Autocuraci\u00f3n suave con vibraciones arm\u00f3nicas"}]},{"@type":"WebSite","@id":"https:\/\/diamondshieldzapper.com\/es\/#website","url":"https:\/\/diamondshieldzapper.com\/es\/","name":"Diamond Shield Zapper","description":"einfach nur Zappen war gestern","potentialAction":[{"@type":"SearchAction","target":{"@type":"EntryPoint","urlTemplate":"https:\/\/diamondshieldzapper.com\/es\/?s={search_term_string}"},"query-input":{"@type":"PropertyValueSpecification","valueRequired":true,"valueName":"search_term_string"}}],"inLanguage":"es"}]}},"_links":{"self":[{"href":"https:\/\/diamondshieldzapper.com\/es\/wp-json\/wp\/v2\/pages\/1981","targetHints":{"allow":["GET"]}}],"collection":[{"href":"https:\/\/diamondshieldzapper.com\/es\/wp-json\/wp\/v2\/pages"}],"about":[{"href":"https:\/\/diamondshieldzapper.com\/es\/wp-json\/wp\/v2\/types\/page"}],"author":[{"embeddable":true,"href":"https:\/\/diamondshieldzapper.com\/es\/wp-json\/wp\/v2\/users\/1"}],"replies":[{"embeddable":true,"href":"https:\/\/diamondshieldzapper.com\/es\/wp-json\/wp\/v2\/comments?post=1981"}],"version-history":[{"count":0,"href":"https:\/\/diamondshieldzapper.com\/es\/wp-json\/wp\/v2\/pages\/1981\/revisions"}],"wp:attachment":[{"href":"https:\/\/diamondshieldzapper.com\/es\/wp-json\/wp\/v2\/media?parent=1981"}],"curies":[{"name":"wp","href":"https:\/\/api.w.org\/{rel}","templated":true}]}}