{"id":1982,"date":"2015-10-15T15:59:18","date_gmt":"2015-10-15T15:59:18","guid":{"rendered":"https:\/\/diamondshieldzapper.com\/como-funciona-el-zapper\/"},"modified":"2015-10-15T15:59:18","modified_gmt":"2015-10-15T15:59:18","slug":"como-funciona-el-zapper","status":"publish","type":"page","link":"https:\/\/diamondshieldzapper.com\/es\/como-funciona-el-zapper\/","title":{"rendered":"\u00bfC\u00f3mo funciona el Zapper?"},"content":{"rendered":"[title size=&#8221;1&#8243; content_align=&#8221;left&#8221; style_type=&#8221;single&#8221; sep_color=&#8221;&#8221; class=&#8221;&#8221; id=&#8221;&#8221;]\u00bfC\u00f3mo funciona el Zapper?[\/title][fusion_text]Todos los d\u00edas nos exponemos a miles de influencias pat\u00f3genas externas que debilitan constantemente nuestra <strong>salud y vitalidad<\/strong>. Para contrarrestar esta carga debemos desarrollar dos principios:<\/p>\n[\/fusion_text][checklist icon=&#8221;fa-arrow-circle-o-right&#8221; iconcolor=&#8221;#81d742&#8243; circle=&#8221;no&#8221; circlecolor=&#8221;&#8221; size=&#8221;small&#8221; class=&#8221;&#8221; id=&#8221;&#8221;][li_item icon=&#8221;&#8221;]<strong>1. Descarga regular<\/strong><\/p>\n<p>Una <strong>carga<\/strong> es todo aquel estr\u00e9s no procesado o informaci\u00f3n en los niveles f\u00edsico, ps\u00edquico y otros. Las toxinas medioambientales, la contaminaci\u00f3n del aire, los factores de estr\u00e9s y la sobrecarga del organismo derivada del ritmo de vida moderno, que no podemos procesar, genera una carga. Si queremos mantener una salud equilibrada, no nos queda m\u00e1s remedio que encontrar una manera de descargar nuestro organismo.[\/li_item][li_item icon=&#8221;&#8221;]<strong>2. Un escudo protector de diamante funcional (Diamond Shield)<\/strong><\/p>\n<p>Nuestro organismo posee una compleja red interconectada, cuya tarea es protegernos de las influencias externas -&gt; <strong>el sistema de meridianos energ\u00e9ticos<\/strong>. Sin embargo, este sistema se debilita con el paso del tiempo por culpa de las cargas y, por lo tanto, pueden acumularse las cargas mencionadas anteriormente. Adem\u00e1s de descargar el organismo, tambi\u00e9n debemos encontrar una forma de regenerar y fortalecer permanentemente nuestro escudo protector[\/li_item][li_item icon=&#8221;fa-bolt&#8221;]<strong>\u00bfQu\u00e9 relaci\u00f3n existe entre estos dos principios?<\/strong><br \/>\n<img loading=\"lazy\" decoding=\"async\" class=\"alignright size-medium wp-image-528\" src=\"https:\/\/diamondshieldzapper.com\/wp-content\/uploads\/2014\/12\/ooopserde-271x300.jpg\" alt=\"conexi\u00f3n a tierra\" width=\"271\" height=\"300\" srcset=\"https:\/\/diamondshieldzapper.com\/wp-content\/uploads\/2014\/12\/ooopserde-271x300.jpg 271w, https:\/\/diamondshieldzapper.com\/wp-content\/uploads\/2014\/12\/ooopserde.jpg 600w\" sizes=\"auto, (max-width: 271px) 100vw, 271px\" \/><\/p>\n<p>Cada meridiano es un representante energ\u00e9tico y circuito funcional de un \u00f3rgano y transporta y regula las cargas que los \u00f3rganos que le corresponden. Para garantizar que esta funci\u00f3n se mantenga incluso bajo condiciones de fuerte presi\u00f3n, debemos ser capaces de aplicar los <strong>impulsos<\/strong> adecuados a nuestro sistema de meridianos mediante sus propias vibraciones y, al mismo tiempo, <strong>descargarlos<\/strong>.<\/p>\n<p>Para ilustrarlo, imag\u00ednese el sistema de meridiano con el sistema de <strong>abastecimiento de agua y desag\u00fce<\/strong> de un edificio. El edificio debe abastecerse con agua potable y, al mismo tiempo, el agua residual debe eliminarse por el sistema de alcantarillado. Si el sistema se sobrecarga en exceso y la infraestructura habitual deja de funcionar, el fontanero tiene que conectar una bomba de succi\u00f3n en el sistema (en nuestro caso el dispositivo<strong><\/strong>), que limpia las <strong>tuber\u00edas mediante succi\u00f3n<\/strong>. La suciedad de las paredes de las tuber\u00edas como, por ejemplo, cal y dem\u00e1s sustancias se eliminan por el desag\u00fce (en nuestro caso descarg\u00e1ndolas hacia la tierra). Las impurezas \u00fanicamente se disuelven si la frecuencia alcanza la <strong>frecuencia natural<\/strong> del material. Si la frecuencia es demasiado alta o demasiado baja (vibraci\u00f3n lenta), no tendr\u00e1 ning\u00fan efecto. \u00bfHacia d\u00f3nde van las impurezas (cargas) que se han liberado? \u00bfHacia donde van todas las descargas de la naturaleza? <strong>\u00a1HACIA LA TIERRA!<\/strong> Es as\u00ed de f\u00e1cil.[\/li_item][\/checklist][sharing tagline=&#8221;Compartir art\u00edculo: &#8221; tagline_color=&#8221;&#8221; title=&#8221;&#8221; link=&#8221;&#8221; description=&#8221;&#8221; pinterest_image=&#8221;&#8221; icons_boxed=&#8221;&#8221; icons_boxed_radius=&#8221;4px&#8221; box_colors=&#8221;&#8221; icon_colors=&#8221;&#8221; tooltip_placement=&#8221;&#8221; backgroundcolor=&#8221;&#8221; class=&#8221;&#8221; id=&#8221;&#8221;][\/sharing]\n","protected":false},"excerpt":{"rendered":"<p>[title size=&#8221;1&#8243; content_align=&#8221;left&#8221; style_type=&#8221;single&#8221; sep_color=&#8221;&#8221; class=&#8221;&#8221; id=&#8221;&#8221;]\u00bfC\u00f3mo funciona el Zapper?[\/title][fusion_text]Todos los d\u00edas nos exponemos a miles de influencias pat\u00f3genas externas que debilitan constantemente nuestra salud y vitalidad. Para contrarrestar esta carga debemos desarrollar dos principios: [\/fusion_text][checklist icon=&#8221;fa-arrow-circle-o-right&#8221; iconcolor=&#8221;#81d742&#8243; circle=&#8221;no&#8221; circlecolor=&#8221;&#8221; size=&#8221;small&#8221; class=&#8221;&#8221; id=&#8221;&#8221;][li_item icon=&#8221;&#8221;]1. Descarga regular Una carga es todo aquel estr\u00e9s no procesado o informaci\u00f3n en los niveles f\u00edsico, &#8230; <a href=\"https:\/\/diamondshieldzapper.com\/es\/como-funciona-el-zapper\/\" class=\"more-link\">Read More<\/a><\/p>\n","protected":false},"author":1,"featured_media":0,"parent":0,"menu_order":0,"comment_status":"closed","ping_status":"closed","template":"","meta":{"_bbp_topic_count":0,"_bbp_reply_count":0,"_bbp_total_topic_count":0,"_bbp_total_reply_count":0,"_bbp_voice_count":0,"_bbp_anonymous_reply_count":0,"_bbp_topic_count_hidden":0,"_bbp_reply_count_hidden":0,"_bbp_forum_subforum_count":0,"rs_blank_template":"","rs_page_bg_color":"","slide_template_v7":"","_monsterinsights_skip_tracking":false,"_monsterinsights_sitenote_active":false,"_monsterinsights_sitenote_note":"","_monsterinsights_sitenote_category":0,"footnotes":""},"class_list":["post-1982","page","type-page","status-publish","hentry","no-post-thumbnail"],"yoast_head":"<!-- This site is optimized with the Yoast SEO plugin v27.3 - https:\/\/yoast.com\/product\/yoast-seo-wordpress\/ -->\n<title>\u00bfC\u00f3mo funciona el Zapper? - Diamond Shield Zapper<\/title>\n<meta name=\"description\" content=\"El bienestar f\u00edsico y mental depende de dos principios importantes: mantener el escudo protector en buen estado y deshacerse de las cargas de energ\u00eda negativa.\" \/>\n<meta name=\"robots\" content=\"index, follow, max-snippet:-1, max-image-preview:large, max-video-preview:-1\" \/>\n<link rel=\"canonical\" href=\"https:\/\/diamondshieldzapper.com\/es\/como-funciona-el-zapper\/\" \/>\n<meta property=\"og:locale\" content=\"es_ES\" \/>\n<meta property=\"og:type\" content=\"article\" \/>\n<meta property=\"og:title\" content=\"\u00bfC\u00f3mo funciona el Zapper? - Diamond Shield Zapper\" \/>\n<meta property=\"og:description\" content=\"Todos los d\u00edas nos exponemos a miles de influencias pat\u00f3genas externas que debilitan constantemente nuestra salud y vitalidad. Para contrarrestar esta carga es necesario aplicar dos principios: una descarga regular de la energ\u00eda negativa y un escudo protector en perfecto estado de funcionamiento.\" \/>\n<meta property=\"og:url\" content=\"https:\/\/diamondshieldzapper.com\/es\/como-funciona-el-zapper\/\" \/>\n<meta property=\"og:site_name\" content=\"Diamond Shield Zapper\" \/>\n<meta property=\"article:publisher\" content=\"https:\/\/www.facebook.com\/heilpraktiker.baklayan\/\" \/>\n<meta property=\"og:image\" content=\"https:\/\/diamondshieldzapper.com\/wp-content\/uploads\/2014\/12\/ooopserde-271x300.jpg\" \/>\n<meta name=\"twitter:label1\" content=\"Tiempo de lectura\" \/>\n\t<meta name=\"twitter:data1\" content=\"3 minutos\" \/>\n<script type=\"application\/ld+json\" class=\"yoast-schema-graph\">{\"@context\":\"https:\\\/\\\/schema.org\",\"@graph\":[{\"@type\":\"WebPage\",\"@id\":\"https:\\\/\\\/diamondshieldzapper.com\\\/es\\\/como-funciona-el-zapper\\\/\",\"url\":\"https:\\\/\\\/diamondshieldzapper.com\\\/es\\\/como-funciona-el-zapper\\\/\",\"name\":\"\u00bfC\u00f3mo funciona el Zapper? - Diamond Shield Zapper\",\"isPartOf\":{\"@id\":\"https:\\\/\\\/diamondshieldzapper.com\\\/es\\\/#website\"},\"primaryImageOfPage\":{\"@id\":\"https:\\\/\\\/diamondshieldzapper.com\\\/es\\\/como-funciona-el-zapper\\\/#primaryimage\"},\"image\":{\"@id\":\"https:\\\/\\\/diamondshieldzapper.com\\\/es\\\/como-funciona-el-zapper\\\/#primaryimage\"},\"thumbnailUrl\":\"https:\\\/\\\/diamondshieldzapper.com\\\/wp-content\\\/uploads\\\/2014\\\/12\\\/ooopserde-271x300.jpg\",\"datePublished\":\"2015-10-15T15:59:18+00:00\",\"description\":\"El bienestar f\u00edsico y mental depende de dos principios importantes: mantener el escudo protector en buen estado y deshacerse de las cargas de energ\u00eda negativa.\",\"breadcrumb\":{\"@id\":\"https:\\\/\\\/diamondshieldzapper.com\\\/es\\\/como-funciona-el-zapper\\\/#breadcrumb\"},\"inLanguage\":\"es\",\"potentialAction\":[{\"@type\":\"ReadAction\",\"target\":[\"https:\\\/\\\/diamondshieldzapper.com\\\/es\\\/como-funciona-el-zapper\\\/\"]}]},{\"@type\":\"ImageObject\",\"inLanguage\":\"es\",\"@id\":\"https:\\\/\\\/diamondshieldzapper.com\\\/es\\\/como-funciona-el-zapper\\\/#primaryimage\",\"url\":\"https:\\\/\\\/diamondshieldzapper.com\\\/wp-content\\\/uploads\\\/2014\\\/12\\\/ooopserde-271x300.jpg\",\"contentUrl\":\"https:\\\/\\\/diamondshieldzapper.com\\\/wp-content\\\/uploads\\\/2014\\\/12\\\/ooopserde-271x300.jpg\"},{\"@type\":\"BreadcrumbList\",\"@id\":\"https:\\\/\\\/diamondshieldzapper.com\\\/es\\\/como-funciona-el-zapper\\\/#breadcrumb\",\"itemListElement\":[{\"@type\":\"ListItem\",\"position\":1,\"name\":\"Home\",\"item\":\"https:\\\/\\\/diamondshieldzapper.com\\\/es\\\/?page_id=7559\"},{\"@type\":\"ListItem\",\"position\":2,\"name\":\"\u00bfC\u00f3mo funciona el Zapper?\"}]},{\"@type\":\"WebSite\",\"@id\":\"https:\\\/\\\/diamondshieldzapper.com\\\/es\\\/#website\",\"url\":\"https:\\\/\\\/diamondshieldzapper.com\\\/es\\\/\",\"name\":\"Diamond Shield Zapper\",\"description\":\"einfach nur Zappen war gestern\",\"potentialAction\":[{\"@type\":\"SearchAction\",\"target\":{\"@type\":\"EntryPoint\",\"urlTemplate\":\"https:\\\/\\\/diamondshieldzapper.com\\\/es\\\/?s={search_term_string}\"},\"query-input\":{\"@type\":\"PropertyValueSpecification\",\"valueRequired\":true,\"valueName\":\"search_term_string\"}}],\"inLanguage\":\"es\"}]}<\/script>\n<!-- \/ Yoast SEO plugin. -->","yoast_head_json":{"title":"\u00bfC\u00f3mo funciona el Zapper? - Diamond Shield Zapper","description":"El bienestar f\u00edsico y mental depende de dos principios importantes: mantener el escudo protector en buen estado y deshacerse de las cargas de energ\u00eda negativa.","robots":{"index":"index","follow":"follow","max-snippet":"max-snippet:-1","max-image-preview":"max-image-preview:large","max-video-preview":"max-video-preview:-1"},"canonical":"https:\/\/diamondshieldzapper.com\/es\/como-funciona-el-zapper\/","og_locale":"es_ES","og_type":"article","og_title":"\u00bfC\u00f3mo funciona el Zapper? - Diamond Shield Zapper","og_description":"Todos los d\u00edas nos exponemos a miles de influencias pat\u00f3genas externas que debilitan constantemente nuestra salud y vitalidad. Para contrarrestar esta carga es necesario aplicar dos principios: una descarga regular de la energ\u00eda negativa y un escudo protector en perfecto estado de funcionamiento.","og_url":"https:\/\/diamondshieldzapper.com\/es\/como-funciona-el-zapper\/","og_site_name":"Diamond Shield Zapper","article_publisher":"https:\/\/www.facebook.com\/heilpraktiker.baklayan\/","og_image":[{"url":"https:\/\/diamondshieldzapper.com\/wp-content\/uploads\/2014\/12\/ooopserde-271x300.jpg","type":"","width":"","height":""}],"twitter_misc":{"Tiempo de lectura":"3 minutos"},"schema":{"@context":"https:\/\/schema.org","@graph":[{"@type":"WebPage","@id":"https:\/\/diamondshieldzapper.com\/es\/como-funciona-el-zapper\/","url":"https:\/\/diamondshieldzapper.com\/es\/como-funciona-el-zapper\/","name":"\u00bfC\u00f3mo funciona el Zapper? - Diamond Shield Zapper","isPartOf":{"@id":"https:\/\/diamondshieldzapper.com\/es\/#website"},"primaryImageOfPage":{"@id":"https:\/\/diamondshieldzapper.com\/es\/como-funciona-el-zapper\/#primaryimage"},"image":{"@id":"https:\/\/diamondshieldzapper.com\/es\/como-funciona-el-zapper\/#primaryimage"},"thumbnailUrl":"https:\/\/diamondshieldzapper.com\/wp-content\/uploads\/2014\/12\/ooopserde-271x300.jpg","datePublished":"2015-10-15T15:59:18+00:00","description":"El bienestar f\u00edsico y mental depende de dos principios importantes: mantener el escudo protector en buen estado y deshacerse de las cargas de energ\u00eda negativa.","breadcrumb":{"@id":"https:\/\/diamondshieldzapper.com\/es\/como-funciona-el-zapper\/#breadcrumb"},"inLanguage":"es","potentialAction":[{"@type":"ReadAction","target":["https:\/\/diamondshieldzapper.com\/es\/como-funciona-el-zapper\/"]}]},{"@type":"ImageObject","inLanguage":"es","@id":"https:\/\/diamondshieldzapper.com\/es\/como-funciona-el-zapper\/#primaryimage","url":"https:\/\/diamondshieldzapper.com\/wp-content\/uploads\/2014\/12\/ooopserde-271x300.jpg","contentUrl":"https:\/\/diamondshieldzapper.com\/wp-content\/uploads\/2014\/12\/ooopserde-271x300.jpg"},{"@type":"BreadcrumbList","@id":"https:\/\/diamondshieldzapper.com\/es\/como-funciona-el-zapper\/#breadcrumb","itemListElement":[{"@type":"ListItem","position":1,"name":"Home","item":"https:\/\/diamondshieldzapper.com\/es\/?page_id=7559"},{"@type":"ListItem","position":2,"name":"\u00bfC\u00f3mo funciona el Zapper?"}]},{"@type":"WebSite","@id":"https:\/\/diamondshieldzapper.com\/es\/#website","url":"https:\/\/diamondshieldzapper.com\/es\/","name":"Diamond Shield Zapper","description":"einfach nur Zappen war gestern","potentialAction":[{"@type":"SearchAction","target":{"@type":"EntryPoint","urlTemplate":"https:\/\/diamondshieldzapper.com\/es\/?s={search_term_string}"},"query-input":{"@type":"PropertyValueSpecification","valueRequired":true,"valueName":"search_term_string"}}],"inLanguage":"es"}]}},"_links":{"self":[{"href":"https:\/\/diamondshieldzapper.com\/es\/wp-json\/wp\/v2\/pages\/1982","targetHints":{"allow":["GET"]}}],"collection":[{"href":"https:\/\/diamondshieldzapper.com\/es\/wp-json\/wp\/v2\/pages"}],"about":[{"href":"https:\/\/diamondshieldzapper.com\/es\/wp-json\/wp\/v2\/types\/page"}],"author":[{"embeddable":true,"href":"https:\/\/diamondshieldzapper.com\/es\/wp-json\/wp\/v2\/users\/1"}],"replies":[{"embeddable":true,"href":"https:\/\/diamondshieldzapper.com\/es\/wp-json\/wp\/v2\/comments?post=1982"}],"version-history":[{"count":0,"href":"https:\/\/diamondshieldzapper.com\/es\/wp-json\/wp\/v2\/pages\/1982\/revisions"}],"wp:attachment":[{"href":"https:\/\/diamondshieldzapper.com\/es\/wp-json\/wp\/v2\/media?parent=1982"}],"curies":[{"name":"wp","href":"https:\/\/api.w.org\/{rel}","templated":true}]}}