{"id":1984,"date":"2015-10-15T16:33:37","date_gmt":"2015-10-15T16:33:37","guid":{"rendered":"https:\/\/diamondshieldzapper.com\/para-que-necesito-la-regulacion-de-corriente-constante\/"},"modified":"2015-10-15T16:33:37","modified_gmt":"2015-10-15T16:33:37","slug":"para-que-necesito-la-regulacion-de-corriente-constante","status":"publish","type":"page","link":"https:\/\/diamondshieldzapper.com\/es\/para-que-necesito-la-regulacion-de-corriente-constante\/","title":{"rendered":"\u00bfPara qu\u00e9 necesito la regulaci\u00f3n de corriente constante?"},"content":{"rendered":"[fusion_text]\n<h1>El dispositivo Diamond Shield Zapper tiene un sistema autom\u00e1tico de ajuste de corriente<\/h1>\n<p>Para los que no est\u00e1n versados en aspectos t\u00e9cnicos:<br \/>\nTodos los Zapper existentes en el mercado miden en voltios la tensi\u00f3n con la que funciona la aplicaci\u00f3n.<\/p>\n<hr \/>\n<p><strong>El problema de ello es:\u00a0\u00a0<\/strong><br \/>\n<strong>El voltaje depende en gran medida de la resistencia de la piel, es decir, en la humedad y conductividad individual de cada persona y de la humidificaci\u00f3n de los electrodos.<\/strong><\/p>\n<hr \/>\n<p>Al cabo de unos minutos los electrodos y las manos suelen secarse o, por el contrario, el paciente comienza a sudar. La diferencia entre el comienzo y el desarrollo de la aplicaci\u00f3n no es insignificante. \u00a1La diferencia puede ser de varios voltios!\u00a0 El voltaje adecuado definido inicialmente, <strong>no se mantendr\u00e1<\/strong>. Comienza con 8 voltios y no se da cuenta de que al cabo de varios minutos el voltaje aplicado es de solo 3 voltios o menos\u2026 Si trabaja con intensidades d\u00e9biles como, por ejemplo, en el intervalo de 1,5 voltios, podr\u00eda darse el caso de que al cabo de varios minutos <strong>deje de circular la corriente<\/strong>. Esta suele ser la explicaci\u00f3n de por qu\u00e9 <strong>no le funcionan<\/strong> las <strong>frecuencias adecuadas<\/strong> y <strong>las tarjetas de memoria<\/strong>.<\/p>\n<p><strong>Y ahora la sensaci\u00f3n:<img loading=\"lazy\" decoding=\"async\" class=\"alignright size-medium wp-image-334\" src=\"https:\/\/diamondshieldzapper.com\/wp-content\/uploads\/2014\/12\/konstantstrom2-300x185.png\" alt=\"Corriente constante\" width=\"300\" height=\"185\" srcset=\"https:\/\/diamondshieldzapper.com\/wp-content\/uploads\/2014\/12\/konstantstrom2-300x185.png 300w, https:\/\/diamondshieldzapper.com\/wp-content\/uploads\/2014\/12\/konstantstrom2-120x74.png 120w, https:\/\/diamondshieldzapper.com\/wp-content\/uploads\/2014\/12\/konstantstrom2.png 312w\" sizes=\"auto, (max-width: 300px) 100vw, 300px\" \/><\/strong> <strong>En el dispositivo Diamond Shield el flujo de corriente se regula en amperios y no en voltios.<\/strong><\/p>\n<p>Si, por ejemplo, ajusta el dispositivo 30 miliamperios, el flujo de corriente se mantendr\u00e1 constante, independientemente de que la piel o los electrodos se vayan secando o mojando durante el proceso. Adem\u00e1s, podr\u00e1 mirar en la pantalla como va cambiando el voltaje <strong>(adaptaci\u00f3n autom\u00e1ticas)<\/strong> mientras el flujo de corriente (indicado en amperios) permanece constante.<br \/>\nPor consiguiente, se garantiza el \u00e9xito de la aplicaci\u00f3n.<\/p>\n<p><strong>[\/fusion_text][checklist icon=&#8221;fa-star-o&#8221; iconcolor=&#8221;#ffffff&#8221; circle=&#8221;yes&#8221; circlecolor=&#8221;#81d742&#8243; size=&#8221;small&#8221; class=&#8221;&#8221; id=&#8221;&#8221;][li_item icon=&#8221;&#8221;]\u00a1La revoluci\u00f3n en la tecnolog\u00eda del Zapper![\/li_item][\/checklist][fusion_text][\/fusion_text]<\/strong>[sharing tagline=&#8221;Compartir art\u00edculo:&#8221; tagline_color=&#8221;&#8221; title=&#8221;&#8221; link=&#8221;&#8221; description=&#8221;&#8221; pinterest_image=&#8221;&#8221; icons_boxed=&#8221;&#8221; icons_boxed_radius=&#8221;4px&#8221; box_colors=&#8221;&#8221; icon_colors=&#8221;&#8221; tooltip_placement=&#8221;&#8221; backgroundcolor=&#8221;&#8221; class=&#8221;&#8221; id=&#8221;&#8221;][\/sharing]\n","protected":false},"excerpt":{"rendered":"<p>[fusion_text] El dispositivo Diamond Shield Zapper tiene un sistema autom\u00e1tico de ajuste de corriente Para los que no est\u00e1n versados en aspectos t\u00e9cnicos: Todos los Zapper existentes en el mercado miden en voltios la tensi\u00f3n con la que funciona la aplicaci\u00f3n. El problema de ello es:\u00a0\u00a0 El voltaje depende en gran medida de la resistencia de la piel, es decir, &#8230; <a href=\"https:\/\/diamondshieldzapper.com\/es\/para-que-necesito-la-regulacion-de-corriente-constante\/\" class=\"more-link\">Read More<\/a><\/p>\n","protected":false},"author":2,"featured_media":0,"parent":0,"menu_order":0,"comment_status":"closed","ping_status":"open","template":"","meta":{"_bbp_topic_count":0,"_bbp_reply_count":0,"_bbp_total_topic_count":0,"_bbp_total_reply_count":0,"_bbp_voice_count":0,"_bbp_anonymous_reply_count":0,"_bbp_topic_count_hidden":0,"_bbp_reply_count_hidden":0,"_bbp_forum_subforum_count":0,"rs_blank_template":"","rs_page_bg_color":"","slide_template_v7":"","_monsterinsights_skip_tracking":false,"_monsterinsights_sitenote_active":false,"_monsterinsights_sitenote_note":"","_monsterinsights_sitenote_category":0,"footnotes":""},"class_list":["post-1984","page","type-page","status-publish","hentry","no-post-thumbnail"],"yoast_head":"<!-- This site is optimized with the Yoast SEO plugin v27.3 - https:\/\/yoast.com\/product\/yoast-seo-wordpress\/ -->\n<title>\u00bfPara qu\u00e9 necesito la regulaci\u00f3n de corriente constante? - Diamond Shield Zapper<\/title>\n<meta name=\"description\" content=\"\u00a1En el dispositivo Diamond Shield el flujo de corriente se mide en amperios y no en voltios! As\u00ed se marca una gran diferencia en el manejo.\" \/>\n<meta name=\"robots\" content=\"index, follow, max-snippet:-1, max-image-preview:large, max-video-preview:-1\" \/>\n<link rel=\"canonical\" href=\"https:\/\/diamondshieldzapper.com\/es\/para-que-necesito-la-regulacion-de-corriente-constante\/\" \/>\n<meta property=\"og:locale\" content=\"es_ES\" \/>\n<meta property=\"og:type\" content=\"article\" \/>\n<meta property=\"og:title\" content=\"\u00bfPara qu\u00e9 necesito la regulaci\u00f3n de corriente constante? - Diamond Shield Zapper\" \/>\n<meta property=\"og:description\" content=\"\u00a1En el dispositivo Diamond Shield el flujo de corriente se mide en amperios y no en voltios! As\u00ed se marca una gran diferencia en el manejo.\" \/>\n<meta property=\"og:url\" content=\"https:\/\/diamondshieldzapper.com\/es\/para-que-necesito-la-regulacion-de-corriente-constante\/\" \/>\n<meta property=\"og:site_name\" content=\"Diamond Shield Zapper\" \/>\n<meta property=\"article:publisher\" content=\"https:\/\/www.facebook.com\/heilpraktiker.baklayan\/\" \/>\n<meta property=\"og:image\" content=\"https:\/\/diamondshieldzapper.com\/wp-content\/uploads\/2014\/12\/konstantstrom2-300x185.png\" \/>\n<meta name=\"twitter:label1\" content=\"Tiempo de lectura\" \/>\n\t<meta name=\"twitter:data1\" content=\"2 minutos\" \/>\n<script type=\"application\/ld+json\" class=\"yoast-schema-graph\">{\"@context\":\"https:\\\/\\\/schema.org\",\"@graph\":[{\"@type\":\"WebPage\",\"@id\":\"https:\\\/\\\/diamondshieldzapper.com\\\/es\\\/para-que-necesito-la-regulacion-de-corriente-constante\\\/\",\"url\":\"https:\\\/\\\/diamondshieldzapper.com\\\/es\\\/para-que-necesito-la-regulacion-de-corriente-constante\\\/\",\"name\":\"\u00bfPara qu\u00e9 necesito la regulaci\u00f3n de corriente constante? - Diamond Shield Zapper\",\"isPartOf\":{\"@id\":\"https:\\\/\\\/diamondshieldzapper.com\\\/es\\\/#website\"},\"primaryImageOfPage\":{\"@id\":\"https:\\\/\\\/diamondshieldzapper.com\\\/es\\\/para-que-necesito-la-regulacion-de-corriente-constante\\\/#primaryimage\"},\"image\":{\"@id\":\"https:\\\/\\\/diamondshieldzapper.com\\\/es\\\/para-que-necesito-la-regulacion-de-corriente-constante\\\/#primaryimage\"},\"thumbnailUrl\":\"https:\\\/\\\/diamondshieldzapper.com\\\/wp-content\\\/uploads\\\/2014\\\/12\\\/konstantstrom2-300x185.png\",\"datePublished\":\"2015-10-15T16:33:37+00:00\",\"description\":\"\u00a1En el dispositivo Diamond Shield el flujo de corriente se mide en amperios y no en voltios! As\u00ed se marca una gran diferencia en el manejo.\",\"breadcrumb\":{\"@id\":\"https:\\\/\\\/diamondshieldzapper.com\\\/es\\\/para-que-necesito-la-regulacion-de-corriente-constante\\\/#breadcrumb\"},\"inLanguage\":\"es\",\"potentialAction\":[{\"@type\":\"ReadAction\",\"target\":[\"https:\\\/\\\/diamondshieldzapper.com\\\/es\\\/para-que-necesito-la-regulacion-de-corriente-constante\\\/\"]}]},{\"@type\":\"ImageObject\",\"inLanguage\":\"es\",\"@id\":\"https:\\\/\\\/diamondshieldzapper.com\\\/es\\\/para-que-necesito-la-regulacion-de-corriente-constante\\\/#primaryimage\",\"url\":\"https:\\\/\\\/diamondshieldzapper.com\\\/wp-content\\\/uploads\\\/2014\\\/12\\\/konstantstrom2-300x185.png\",\"contentUrl\":\"https:\\\/\\\/diamondshieldzapper.com\\\/wp-content\\\/uploads\\\/2014\\\/12\\\/konstantstrom2-300x185.png\"},{\"@type\":\"BreadcrumbList\",\"@id\":\"https:\\\/\\\/diamondshieldzapper.com\\\/es\\\/para-que-necesito-la-regulacion-de-corriente-constante\\\/#breadcrumb\",\"itemListElement\":[{\"@type\":\"ListItem\",\"position\":1,\"name\":\"Home\",\"item\":\"https:\\\/\\\/diamondshieldzapper.com\\\/es\\\/?page_id=7559\"},{\"@type\":\"ListItem\",\"position\":2,\"name\":\"\u00bfPara qu\u00e9 necesito la regulaci\u00f3n de corriente constante?\"}]},{\"@type\":\"WebSite\",\"@id\":\"https:\\\/\\\/diamondshieldzapper.com\\\/es\\\/#website\",\"url\":\"https:\\\/\\\/diamondshieldzapper.com\\\/es\\\/\",\"name\":\"Diamond Shield Zapper\",\"description\":\"einfach nur Zappen war gestern\",\"potentialAction\":[{\"@type\":\"SearchAction\",\"target\":{\"@type\":\"EntryPoint\",\"urlTemplate\":\"https:\\\/\\\/diamondshieldzapper.com\\\/es\\\/?s={search_term_string}\"},\"query-input\":{\"@type\":\"PropertyValueSpecification\",\"valueRequired\":true,\"valueName\":\"search_term_string\"}}],\"inLanguage\":\"es\"}]}<\/script>\n<!-- \/ Yoast SEO plugin. -->","yoast_head_json":{"title":"\u00bfPara qu\u00e9 necesito la regulaci\u00f3n de corriente constante? - Diamond Shield Zapper","description":"\u00a1En el dispositivo Diamond Shield el flujo de corriente se mide en amperios y no en voltios! As\u00ed se marca una gran diferencia en el manejo.","robots":{"index":"index","follow":"follow","max-snippet":"max-snippet:-1","max-image-preview":"max-image-preview:large","max-video-preview":"max-video-preview:-1"},"canonical":"https:\/\/diamondshieldzapper.com\/es\/para-que-necesito-la-regulacion-de-corriente-constante\/","og_locale":"es_ES","og_type":"article","og_title":"\u00bfPara qu\u00e9 necesito la regulaci\u00f3n de corriente constante? - Diamond Shield Zapper","og_description":"\u00a1En el dispositivo Diamond Shield el flujo de corriente se mide en amperios y no en voltios! As\u00ed se marca una gran diferencia en el manejo.","og_url":"https:\/\/diamondshieldzapper.com\/es\/para-que-necesito-la-regulacion-de-corriente-constante\/","og_site_name":"Diamond Shield Zapper","article_publisher":"https:\/\/www.facebook.com\/heilpraktiker.baklayan\/","og_image":[{"url":"https:\/\/diamondshieldzapper.com\/wp-content\/uploads\/2014\/12\/konstantstrom2-300x185.png","type":"","width":"","height":""}],"twitter_misc":{"Tiempo de lectura":"2 minutos"},"schema":{"@context":"https:\/\/schema.org","@graph":[{"@type":"WebPage","@id":"https:\/\/diamondshieldzapper.com\/es\/para-que-necesito-la-regulacion-de-corriente-constante\/","url":"https:\/\/diamondshieldzapper.com\/es\/para-que-necesito-la-regulacion-de-corriente-constante\/","name":"\u00bfPara qu\u00e9 necesito la regulaci\u00f3n de corriente constante? - Diamond Shield Zapper","isPartOf":{"@id":"https:\/\/diamondshieldzapper.com\/es\/#website"},"primaryImageOfPage":{"@id":"https:\/\/diamondshieldzapper.com\/es\/para-que-necesito-la-regulacion-de-corriente-constante\/#primaryimage"},"image":{"@id":"https:\/\/diamondshieldzapper.com\/es\/para-que-necesito-la-regulacion-de-corriente-constante\/#primaryimage"},"thumbnailUrl":"https:\/\/diamondshieldzapper.com\/wp-content\/uploads\/2014\/12\/konstantstrom2-300x185.png","datePublished":"2015-10-15T16:33:37+00:00","description":"\u00a1En el dispositivo Diamond Shield el flujo de corriente se mide en amperios y no en voltios! As\u00ed se marca una gran diferencia en el manejo.","breadcrumb":{"@id":"https:\/\/diamondshieldzapper.com\/es\/para-que-necesito-la-regulacion-de-corriente-constante\/#breadcrumb"},"inLanguage":"es","potentialAction":[{"@type":"ReadAction","target":["https:\/\/diamondshieldzapper.com\/es\/para-que-necesito-la-regulacion-de-corriente-constante\/"]}]},{"@type":"ImageObject","inLanguage":"es","@id":"https:\/\/diamondshieldzapper.com\/es\/para-que-necesito-la-regulacion-de-corriente-constante\/#primaryimage","url":"https:\/\/diamondshieldzapper.com\/wp-content\/uploads\/2014\/12\/konstantstrom2-300x185.png","contentUrl":"https:\/\/diamondshieldzapper.com\/wp-content\/uploads\/2014\/12\/konstantstrom2-300x185.png"},{"@type":"BreadcrumbList","@id":"https:\/\/diamondshieldzapper.com\/es\/para-que-necesito-la-regulacion-de-corriente-constante\/#breadcrumb","itemListElement":[{"@type":"ListItem","position":1,"name":"Home","item":"https:\/\/diamondshieldzapper.com\/es\/?page_id=7559"},{"@type":"ListItem","position":2,"name":"\u00bfPara qu\u00e9 necesito la regulaci\u00f3n de corriente constante?"}]},{"@type":"WebSite","@id":"https:\/\/diamondshieldzapper.com\/es\/#website","url":"https:\/\/diamondshieldzapper.com\/es\/","name":"Diamond Shield Zapper","description":"einfach nur Zappen war gestern","potentialAction":[{"@type":"SearchAction","target":{"@type":"EntryPoint","urlTemplate":"https:\/\/diamondshieldzapper.com\/es\/?s={search_term_string}"},"query-input":{"@type":"PropertyValueSpecification","valueRequired":true,"valueName":"search_term_string"}}],"inLanguage":"es"}]}},"_links":{"self":[{"href":"https:\/\/diamondshieldzapper.com\/es\/wp-json\/wp\/v2\/pages\/1984","targetHints":{"allow":["GET"]}}],"collection":[{"href":"https:\/\/diamondshieldzapper.com\/es\/wp-json\/wp\/v2\/pages"}],"about":[{"href":"https:\/\/diamondshieldzapper.com\/es\/wp-json\/wp\/v2\/types\/page"}],"author":[{"embeddable":true,"href":"https:\/\/diamondshieldzapper.com\/es\/wp-json\/wp\/v2\/users\/2"}],"replies":[{"embeddable":true,"href":"https:\/\/diamondshieldzapper.com\/es\/wp-json\/wp\/v2\/comments?post=1984"}],"version-history":[{"count":0,"href":"https:\/\/diamondshieldzapper.com\/es\/wp-json\/wp\/v2\/pages\/1984\/revisions"}],"wp:attachment":[{"href":"https:\/\/diamondshieldzapper.com\/es\/wp-json\/wp\/v2\/media?parent=1984"}],"curies":[{"name":"wp","href":"https:\/\/api.w.org\/{rel}","templated":true}]}}