{"id":1985,"date":"2015-10-15T17:15:25","date_gmt":"2015-10-15T17:15:25","guid":{"rendered":"https:\/\/diamondshieldzapper.com\/curacion-suave-con-vibraciones-armonicas\/"},"modified":"2015-10-26T13:32:00","modified_gmt":"2015-10-26T13:32:00","slug":"curacion-suave-con-vibraciones-armonicas","status":"publish","type":"page","link":"https:\/\/diamondshieldzapper.com\/es\/curacion-suave-con-vibraciones-armonicas\/","title":{"rendered":"Curaci\u00f3n suave con vibraciones arm\u00f3nicas"},"content":{"rendered":"[title size=&#8221;1&#8243; content_align=&#8221;left&#8221; style_type=&#8221;single&#8221; sep_color=&#8221;&#8221; class=&#8221;&#8221; id=&#8221;&#8221;]Alan E. Baklayan: Curaci\u00f3n suave con vibraciones arm\u00f3nicas<\/p>\n<p>\u00a1elimine sus dolencias de forma sencilla![\/title][fusion_text]\n<div class=\"productInfo1\">\n<div class=\"floatbox\">\n<div class=\"basicData\">\n<p style=\"text-align: left;\" align=\"justify\"><img loading=\"lazy\" decoding=\"async\" class=\"alignright size-full wp-image-313\" src=\"https:\/\/diamondshieldzapper.com\/wp-content\/uploads\/2014\/12\/Sanftes-Heilen.jpg\" alt=\"Curaci\u00f3n suave con vibraciones arm\u00f3nicas\" width=\"210\" height=\"300\" \/><\/p>\n<p align=\"justify\">En 2003, el natur\u00f3pata profesional A. E. Baklayan public\u00f3 la obra &#8220;Curaci\u00f3n suave con biofrecuencias&#8221; y ya est\u00e1 disponible la tercera edici\u00f3n revisada y ampliada. Este importante manual redactado por el prestigios y pionero natur\u00f3pata profesional contiene informaci\u00f3n pr\u00e1ctica sobre la filosof\u00eda b\u00e1sica, m\u00e9todos y aplicaciones del Zapper.<\/p>\n<\/div>\n<\/div>\n<p align=\"justify\">En esta nueva edici\u00f3n se muestran toda clase de s\u00edntomas, profilaxis, ejemplos de aplicaci\u00f3n de la terapia de biofrecuencia con el Zapper.<\/p>\n<p align=\"justify\">La finalidad de esta obra es servir como introducci\u00f3n a los principios b\u00e1sicos y posibilidades de la aplicaci\u00f3n del Zapper de nueva generaci\u00f3n &#8220;Diamond Shield Zapper IE&#8221;.<br \/>\n<b>Los nuevos dispositivos no se limitan a mejorar las generaciones anteriores, sino que se adentran en dimensiones totalmente nuevas y desconocidas hasta el momento.<br \/>\n<\/b><\/p>\n<\/div>\n[\/fusion_text][checklist icon=&#8221;fa-star-o&#8221; iconcolor=&#8221;#ffffff&#8221; circle=&#8221;&#8221; circlecolor=&#8221;#81d742&#8243; size=&#8221;small&#8221; class=&#8221;&#8221; id=&#8221;&#8221;][li_item icon=&#8221;&#8221;]Microcorrientes[\/li_item][li_item icon=&#8221;&#8221;]Modulaci\u00f3n de frecuencias[\/li_item][li_item icon=&#8221;&#8221;]Descarga por pulsos como aplicaci\u00f3n de descarga y relajaci\u00f3n[\/li_item][li_item icon=&#8221;&#8221;]Terapia con vibraciones arm\u00f3nicas[\/li_item][li_item icon=&#8221;&#8221;]y el programa Diamond Shield como primer programa universal de regulaci\u00f3n[\/li_item][\/checklist][fusion_text]nos abren grandes posibilidades.<\/p>\n<p align=\"justify\">\u00bfSe imaginaba que el cuerpo puede tocarse como un instrumento musical y gracias a ello se afina todo el organismo?<\/p>\n<p align=\"justify\">\u00a1Se sorprender\u00e1! Este libro le ofrece una nueva perspectiva para recuperar y mantener un buen estado de salud\u2026<\/p>\n[\/fusion_text]<a  class=\"x-btn\"  href=\"#\"     data-options=\"thumbnail: ''\">Aqu\u00ed puede adquirir el libro<\/a>[sharing tagline=&#8221;Compartir art\u00edculo:&#8221; tagline_color=&#8221;&#8221; title=&#8221;&#8221; link=&#8221;&#8221; description=&#8221;&#8221; pinterest_image=&#8221;&#8221; icons_boxed=&#8221;&#8221; icons_boxed_radius=&#8221;4px&#8221; box_colors=&#8221;&#8221; icon_colors=&#8221;&#8221; tooltip_placement=&#8221;&#8221; backgroundcolor=&#8221;&#8221; class=&#8221;&#8221; id=&#8221;&#8221;][\/sharing]\n","protected":false},"excerpt":{"rendered":"<p>[title size=&#8221;1&#8243; content_align=&#8221;left&#8221; style_type=&#8221;single&#8221; sep_color=&#8221;&#8221; class=&#8221;&#8221; id=&#8221;&#8221;]Alan E. Baklayan: Curaci\u00f3n suave con vibraciones arm\u00f3nicas \u00a1elimine sus dolencias de forma sencilla![\/title][fusion_text] En 2003, el natur\u00f3pata profesional A. E. Baklayan public\u00f3 la obra &#8220;Curaci\u00f3n suave con biofrecuencias&#8221; y ya est\u00e1 disponible la tercera edici\u00f3n revisada y ampliada. Este importante manual redactado por el prestigios y pionero natur\u00f3pata profesional contiene informaci\u00f3n pr\u00e1ctica sobre &#8230; <a href=\"https:\/\/diamondshieldzapper.com\/es\/curacion-suave-con-vibraciones-armonicas\/\" class=\"more-link\">Read More<\/a><\/p>\n","protected":false},"author":2,"featured_media":0,"parent":0,"menu_order":0,"comment_status":"closed","ping_status":"open","template":"","meta":{"_bbp_topic_count":0,"_bbp_reply_count":0,"_bbp_total_topic_count":0,"_bbp_total_reply_count":0,"_bbp_voice_count":0,"_bbp_anonymous_reply_count":0,"_bbp_topic_count_hidden":0,"_bbp_reply_count_hidden":0,"_bbp_forum_subforum_count":0,"rs_blank_template":"","rs_page_bg_color":"","slide_template_v7":"","_monsterinsights_skip_tracking":false,"_monsterinsights_sitenote_active":false,"_monsterinsights_sitenote_note":"","_monsterinsights_sitenote_category":0,"footnotes":""},"class_list":["post-1985","page","type-page","status-publish","hentry","no-post-thumbnail"],"yoast_head":"<!-- This site is optimized with the Yoast SEO plugin v27.3 - https:\/\/yoast.com\/product\/yoast-seo-wordpress\/ -->\n<title>Curaci\u00f3n suave con vibraciones arm\u00f3nicas - Diamond Shield Zapper<\/title>\n<meta name=\"description\" content=\"El manual &quot;Curaci\u00f3n suave con vibraciones arm\u00f3nicas&quot; elaborado por el natur\u00f3pata profesional Alan E. Baklayan le ofrece gu\u00eda clara sobre el uso del Zapper.\" \/>\n<meta name=\"robots\" content=\"index, follow, max-snippet:-1, max-image-preview:large, max-video-preview:-1\" \/>\n<link rel=\"canonical\" href=\"https:\/\/diamondshieldzapper.com\/es\/curacion-suave-con-vibraciones-armonicas\/\" \/>\n<meta property=\"og:locale\" content=\"es_ES\" \/>\n<meta property=\"og:type\" content=\"article\" \/>\n<meta property=\"og:title\" content=\"Curaci\u00f3n suave con vibraciones arm\u00f3nicas - Diamond Shield Zapper\" \/>\n<meta property=\"og:description\" content=\"El manual &quot;Curaci\u00f3n suave con vibraciones arm\u00f3nicas&quot; elaborado por el natur\u00f3pata profesional Alan E. Baklayan le ofrece gu\u00eda clara sobre el uso del Zapper.\" \/>\n<meta property=\"og:url\" content=\"https:\/\/diamondshieldzapper.com\/es\/curacion-suave-con-vibraciones-armonicas\/\" \/>\n<meta property=\"og:site_name\" content=\"Diamond Shield Zapper\" \/>\n<meta property=\"article:publisher\" content=\"https:\/\/www.facebook.com\/heilpraktiker.baklayan\/\" \/>\n<meta property=\"article:modified_time\" content=\"2015-10-26T13:32:00+00:00\" \/>\n<meta property=\"og:image\" content=\"https:\/\/diamondshieldzapper.com\/wp-content\/uploads\/2014\/12\/Sanftes-Heilen.jpg\" \/>\n<meta name=\"twitter:label1\" content=\"Tiempo de lectura\" \/>\n\t<meta name=\"twitter:data1\" content=\"2 minutos\" \/>\n<script type=\"application\/ld+json\" class=\"yoast-schema-graph\">{\"@context\":\"https:\\\/\\\/schema.org\",\"@graph\":[{\"@type\":\"WebPage\",\"@id\":\"https:\\\/\\\/diamondshieldzapper.com\\\/es\\\/curacion-suave-con-vibraciones-armonicas\\\/\",\"url\":\"https:\\\/\\\/diamondshieldzapper.com\\\/es\\\/curacion-suave-con-vibraciones-armonicas\\\/\",\"name\":\"Curaci\u00f3n suave con vibraciones arm\u00f3nicas - Diamond Shield Zapper\",\"isPartOf\":{\"@id\":\"https:\\\/\\\/diamondshieldzapper.com\\\/es\\\/#website\"},\"primaryImageOfPage\":{\"@id\":\"https:\\\/\\\/diamondshieldzapper.com\\\/es\\\/curacion-suave-con-vibraciones-armonicas\\\/#primaryimage\"},\"image\":{\"@id\":\"https:\\\/\\\/diamondshieldzapper.com\\\/es\\\/curacion-suave-con-vibraciones-armonicas\\\/#primaryimage\"},\"thumbnailUrl\":\"https:\\\/\\\/diamondshieldzapper.com\\\/wp-content\\\/uploads\\\/2014\\\/12\\\/Sanftes-Heilen.jpg\",\"datePublished\":\"2015-10-15T17:15:25+00:00\",\"dateModified\":\"2015-10-26T13:32:00+00:00\",\"description\":\"El manual \\\"Curaci\u00f3n suave con vibraciones arm\u00f3nicas\\\" elaborado por el natur\u00f3pata profesional Alan E. Baklayan le ofrece gu\u00eda clara sobre el uso del Zapper.\",\"breadcrumb\":{\"@id\":\"https:\\\/\\\/diamondshieldzapper.com\\\/es\\\/curacion-suave-con-vibraciones-armonicas\\\/#breadcrumb\"},\"inLanguage\":\"es\",\"potentialAction\":[{\"@type\":\"ReadAction\",\"target\":[\"https:\\\/\\\/diamondshieldzapper.com\\\/es\\\/curacion-suave-con-vibraciones-armonicas\\\/\"]}]},{\"@type\":\"ImageObject\",\"inLanguage\":\"es\",\"@id\":\"https:\\\/\\\/diamondshieldzapper.com\\\/es\\\/curacion-suave-con-vibraciones-armonicas\\\/#primaryimage\",\"url\":\"https:\\\/\\\/diamondshieldzapper.com\\\/wp-content\\\/uploads\\\/2014\\\/12\\\/Sanftes-Heilen.jpg\",\"contentUrl\":\"https:\\\/\\\/diamondshieldzapper.com\\\/wp-content\\\/uploads\\\/2014\\\/12\\\/Sanftes-Heilen.jpg\"},{\"@type\":\"BreadcrumbList\",\"@id\":\"https:\\\/\\\/diamondshieldzapper.com\\\/es\\\/curacion-suave-con-vibraciones-armonicas\\\/#breadcrumb\",\"itemListElement\":[{\"@type\":\"ListItem\",\"position\":1,\"name\":\"Home\",\"item\":\"https:\\\/\\\/diamondshieldzapper.com\\\/es\\\/?page_id=7559\"},{\"@type\":\"ListItem\",\"position\":2,\"name\":\"Curaci\u00f3n suave con vibraciones arm\u00f3nicas\"}]},{\"@type\":\"WebSite\",\"@id\":\"https:\\\/\\\/diamondshieldzapper.com\\\/es\\\/#website\",\"url\":\"https:\\\/\\\/diamondshieldzapper.com\\\/es\\\/\",\"name\":\"Diamond Shield Zapper\",\"description\":\"einfach nur Zappen war gestern\",\"potentialAction\":[{\"@type\":\"SearchAction\",\"target\":{\"@type\":\"EntryPoint\",\"urlTemplate\":\"https:\\\/\\\/diamondshieldzapper.com\\\/es\\\/?s={search_term_string}\"},\"query-input\":{\"@type\":\"PropertyValueSpecification\",\"valueRequired\":true,\"valueName\":\"search_term_string\"}}],\"inLanguage\":\"es\"}]}<\/script>\n<!-- \/ Yoast SEO plugin. -->","yoast_head_json":{"title":"Curaci\u00f3n suave con vibraciones arm\u00f3nicas - Diamond Shield Zapper","description":"El manual \"Curaci\u00f3n suave con vibraciones arm\u00f3nicas\" elaborado por el natur\u00f3pata profesional Alan E. Baklayan le ofrece gu\u00eda clara sobre el uso del Zapper.","robots":{"index":"index","follow":"follow","max-snippet":"max-snippet:-1","max-image-preview":"max-image-preview:large","max-video-preview":"max-video-preview:-1"},"canonical":"https:\/\/diamondshieldzapper.com\/es\/curacion-suave-con-vibraciones-armonicas\/","og_locale":"es_ES","og_type":"article","og_title":"Curaci\u00f3n suave con vibraciones arm\u00f3nicas - Diamond Shield Zapper","og_description":"El manual \"Curaci\u00f3n suave con vibraciones arm\u00f3nicas\" elaborado por el natur\u00f3pata profesional Alan E. Baklayan le ofrece gu\u00eda clara sobre el uso del Zapper.","og_url":"https:\/\/diamondshieldzapper.com\/es\/curacion-suave-con-vibraciones-armonicas\/","og_site_name":"Diamond Shield Zapper","article_publisher":"https:\/\/www.facebook.com\/heilpraktiker.baklayan\/","article_modified_time":"2015-10-26T13:32:00+00:00","og_image":[{"url":"https:\/\/diamondshieldzapper.com\/wp-content\/uploads\/2014\/12\/Sanftes-Heilen.jpg","type":"","width":"","height":""}],"twitter_misc":{"Tiempo de lectura":"2 minutos"},"schema":{"@context":"https:\/\/schema.org","@graph":[{"@type":"WebPage","@id":"https:\/\/diamondshieldzapper.com\/es\/curacion-suave-con-vibraciones-armonicas\/","url":"https:\/\/diamondshieldzapper.com\/es\/curacion-suave-con-vibraciones-armonicas\/","name":"Curaci\u00f3n suave con vibraciones arm\u00f3nicas - Diamond Shield Zapper","isPartOf":{"@id":"https:\/\/diamondshieldzapper.com\/es\/#website"},"primaryImageOfPage":{"@id":"https:\/\/diamondshieldzapper.com\/es\/curacion-suave-con-vibraciones-armonicas\/#primaryimage"},"image":{"@id":"https:\/\/diamondshieldzapper.com\/es\/curacion-suave-con-vibraciones-armonicas\/#primaryimage"},"thumbnailUrl":"https:\/\/diamondshieldzapper.com\/wp-content\/uploads\/2014\/12\/Sanftes-Heilen.jpg","datePublished":"2015-10-15T17:15:25+00:00","dateModified":"2015-10-26T13:32:00+00:00","description":"El manual \"Curaci\u00f3n suave con vibraciones arm\u00f3nicas\" elaborado por el natur\u00f3pata profesional Alan E. Baklayan le ofrece gu\u00eda clara sobre el uso del Zapper.","breadcrumb":{"@id":"https:\/\/diamondshieldzapper.com\/es\/curacion-suave-con-vibraciones-armonicas\/#breadcrumb"},"inLanguage":"es","potentialAction":[{"@type":"ReadAction","target":["https:\/\/diamondshieldzapper.com\/es\/curacion-suave-con-vibraciones-armonicas\/"]}]},{"@type":"ImageObject","inLanguage":"es","@id":"https:\/\/diamondshieldzapper.com\/es\/curacion-suave-con-vibraciones-armonicas\/#primaryimage","url":"https:\/\/diamondshieldzapper.com\/wp-content\/uploads\/2014\/12\/Sanftes-Heilen.jpg","contentUrl":"https:\/\/diamondshieldzapper.com\/wp-content\/uploads\/2014\/12\/Sanftes-Heilen.jpg"},{"@type":"BreadcrumbList","@id":"https:\/\/diamondshieldzapper.com\/es\/curacion-suave-con-vibraciones-armonicas\/#breadcrumb","itemListElement":[{"@type":"ListItem","position":1,"name":"Home","item":"https:\/\/diamondshieldzapper.com\/es\/?page_id=7559"},{"@type":"ListItem","position":2,"name":"Curaci\u00f3n suave con vibraciones arm\u00f3nicas"}]},{"@type":"WebSite","@id":"https:\/\/diamondshieldzapper.com\/es\/#website","url":"https:\/\/diamondshieldzapper.com\/es\/","name":"Diamond Shield Zapper","description":"einfach nur Zappen war gestern","potentialAction":[{"@type":"SearchAction","target":{"@type":"EntryPoint","urlTemplate":"https:\/\/diamondshieldzapper.com\/es\/?s={search_term_string}"},"query-input":{"@type":"PropertyValueSpecification","valueRequired":true,"valueName":"search_term_string"}}],"inLanguage":"es"}]}},"_links":{"self":[{"href":"https:\/\/diamondshieldzapper.com\/es\/wp-json\/wp\/v2\/pages\/1985","targetHints":{"allow":["GET"]}}],"collection":[{"href":"https:\/\/diamondshieldzapper.com\/es\/wp-json\/wp\/v2\/pages"}],"about":[{"href":"https:\/\/diamondshieldzapper.com\/es\/wp-json\/wp\/v2\/types\/page"}],"author":[{"embeddable":true,"href":"https:\/\/diamondshieldzapper.com\/es\/wp-json\/wp\/v2\/users\/2"}],"replies":[{"embeddable":true,"href":"https:\/\/diamondshieldzapper.com\/es\/wp-json\/wp\/v2\/comments?post=1985"}],"version-history":[{"count":0,"href":"https:\/\/diamondshieldzapper.com\/es\/wp-json\/wp\/v2\/pages\/1985\/revisions"}],"wp:attachment":[{"href":"https:\/\/diamondshieldzapper.com\/es\/wp-json\/wp\/v2\/media?parent=1985"}],"curies":[{"name":"wp","href":"https:\/\/api.w.org\/{rel}","templated":true}]}}