{"id":1988,"date":"2015-10-18T15:27:05","date_gmt":"2015-10-18T15:27:05","guid":{"rendered":"https:\/\/diamondshieldzapper.com\/en-que-consiste-la-modulacion\/"},"modified":"2015-10-18T15:27:05","modified_gmt":"2015-10-18T15:27:05","slug":"en-que-consiste-la-modulacion","status":"publish","type":"page","link":"https:\/\/diamondshieldzapper.com\/es\/en-que-consiste-la-modulacion\/","title":{"rendered":"\u00bfEn qu\u00e9 consiste la modulaci\u00f3n?"},"content":{"rendered":"[title size=&#8221;1&#8243; content_align=&#8221;left&#8221; style_type=&#8221;single&#8221; sep_color=&#8221;&#8221; class=&#8221;&#8221; id=&#8221;&#8221;]Modulaci\u00f3n de frecuencias[\/title][fusion_text]Hasta el momento, la efectividad de la aplicaci\u00f3n del Zapper siempre se hab\u00eda visto limitada por un fen\u00f3meno de sobra conocido, seg\u00fan el cual la corriente siempre fluye por la superficie y, por ello, sigue el camino m\u00e1s corto. Esto imped\u00eda a muchas aplicaciones de Zapper dar lo que promet\u00edan, aunque se llevasen a cabo correctamente e, incluso, se utilizasen las frecuencias adecuadas.<\/p>\n<p>Hubo que esperar hasta la introducci\u00f3n de una innovaci\u00f3n t\u00e9cnica, conocida como modulaci\u00f3n, para eludir este problema mediante la <b>modulaci\u00f3n de frecuencias<\/b>.<\/p>\n<p>\u00bfQu\u00e9 significa eso?<\/p>\n<p>En nuestro caso, procedimos de la siguiente manera: si una frecuencia de, por ejemplo, 100 Hz (esto significa que la onda oscila 100 veces por segundo de positivo a negativo), act\u00faa sobre la piel, tambi\u00e9n se invierte su polaridad 100 veces por segundo y, gracias a ello, elude la resistencia de la piel.<\/p>\n<p>Si estos 100 Hz se modulan con otra frecuencia de, por ejemplo, 10 Hz, esto significa que el dispositivo se enciende y apaga 10 veces por segundo y \u00a0cada d\u00e9cima de segundo penetra con m\u00e1s profundidad en la ya quebrada resistencia de la piel.<\/p>\n<p>Los efectos que logramos de esta forma fueron cuatro veces m\u00e1s potentes que con el resto de aplicaciones conocidas.<\/p>\n<p><img loading=\"lazy\" decoding=\"async\" src=\"http:\/\/www.derma-vit.com\/images\/product_images\/original_images\/modulation.png\" alt=\"\" width=\"500\" height=\"345\" \/>[\/fusion_text]\n","protected":false},"excerpt":{"rendered":"<p>[title size=&#8221;1&#8243; content_align=&#8221;left&#8221; style_type=&#8221;single&#8221; sep_color=&#8221;&#8221; class=&#8221;&#8221; id=&#8221;&#8221;]Modulaci\u00f3n de frecuencias[\/title][fusion_text]Hasta el momento, la efectividad de la aplicaci\u00f3n del Zapper siempre se hab\u00eda visto limitada por un fen\u00f3meno de sobra conocido, seg\u00fan el cual la corriente siempre fluye por la superficie y, por ello, sigue el camino m\u00e1s corto. Esto imped\u00eda a muchas aplicaciones de Zapper dar lo que promet\u00edan, aunque se &#8230; <a href=\"https:\/\/diamondshieldzapper.com\/es\/en-que-consiste-la-modulacion\/\" class=\"more-link\">Read More<\/a><\/p>\n","protected":false},"author":2,"featured_media":0,"parent":0,"menu_order":0,"comment_status":"closed","ping_status":"closed","template":"","meta":{"_bbp_topic_count":0,"_bbp_reply_count":0,"_bbp_total_topic_count":0,"_bbp_total_reply_count":0,"_bbp_voice_count":0,"_bbp_anonymous_reply_count":0,"_bbp_topic_count_hidden":0,"_bbp_reply_count_hidden":0,"_bbp_forum_subforum_count":0,"rs_blank_template":"","rs_page_bg_color":"","slide_template_v7":"","_monsterinsights_skip_tracking":false,"_monsterinsights_sitenote_active":false,"_monsterinsights_sitenote_note":"","_monsterinsights_sitenote_category":0,"footnotes":""},"class_list":["post-1988","page","type-page","status-publish","hentry","no-post-thumbnail"],"yoast_head":"<!-- This site is optimized with the Yoast SEO plugin v27.5 - https:\/\/yoast.com\/product\/yoast-seo-wordpress\/ -->\n<title>\u00bfEn qu\u00e9 consiste la modulaci\u00f3n? - Diamond Shield Zapper<\/title>\n<meta name=\"description\" content=\"El nuevo dispositivo Diamond Shield Zapper incorpora la funci\u00f3n de modulaci\u00f3n, que permite modular las frecuencias y ofrecer la m\u00e1xima efectividad posible.\" \/>\n<meta name=\"robots\" content=\"index, follow, max-snippet:-1, max-image-preview:large, max-video-preview:-1\" \/>\n<link rel=\"canonical\" href=\"https:\/\/diamondshieldzapper.com\/es\/en-que-consiste-la-modulacion\/\" \/>\n<meta property=\"og:locale\" content=\"es_ES\" \/>\n<meta property=\"og:type\" content=\"article\" \/>\n<meta property=\"og:title\" content=\"\u00bfEn qu\u00e9 consiste la modulaci\u00f3n? - Diamond Shield Zapper\" \/>\n<meta property=\"og:description\" content=\"El nuevo dispositivo Diamond Shield Zapper incorpora la funci\u00f3n de modulaci\u00f3n, que permite modular las frecuencias y ofrecer la m\u00e1xima efectividad posible.\" \/>\n<meta property=\"og:url\" content=\"https:\/\/diamondshieldzapper.com\/es\/en-que-consiste-la-modulacion\/\" \/>\n<meta property=\"og:site_name\" content=\"Diamond Shield Zapper\" \/>\n<meta property=\"article:publisher\" content=\"https:\/\/www.facebook.com\/heilpraktiker.baklayan\/\" \/>\n<meta property=\"og:image\" content=\"http:\/\/www.derma-vit.com\/images\/product_images\/original_images\/modulation.png\" \/>\n<meta name=\"twitter:label1\" content=\"Tiempo de lectura\" \/>\n\t<meta name=\"twitter:data1\" content=\"1 minuto\" \/>\n<script type=\"application\/ld+json\" class=\"yoast-schema-graph\">{\"@context\":\"https:\\\/\\\/schema.org\",\"@graph\":[{\"@type\":\"WebPage\",\"@id\":\"https:\\\/\\\/diamondshieldzapper.com\\\/es\\\/en-que-consiste-la-modulacion\\\/\",\"url\":\"https:\\\/\\\/diamondshieldzapper.com\\\/es\\\/en-que-consiste-la-modulacion\\\/\",\"name\":\"\u00bfEn qu\u00e9 consiste la modulaci\u00f3n? - Diamond Shield Zapper\",\"isPartOf\":{\"@id\":\"https:\\\/\\\/diamondshieldzapper.com\\\/es\\\/#website\"},\"primaryImageOfPage\":{\"@id\":\"https:\\\/\\\/diamondshieldzapper.com\\\/es\\\/en-que-consiste-la-modulacion\\\/#primaryimage\"},\"image\":{\"@id\":\"https:\\\/\\\/diamondshieldzapper.com\\\/es\\\/en-que-consiste-la-modulacion\\\/#primaryimage\"},\"thumbnailUrl\":\"http:\\\/\\\/www.derma-vit.com\\\/images\\\/product_images\\\/original_images\\\/modulation.png\",\"datePublished\":\"2015-10-18T15:27:05+00:00\",\"description\":\"El nuevo dispositivo Diamond Shield Zapper incorpora la funci\u00f3n de modulaci\u00f3n, que permite modular las frecuencias y ofrecer la m\u00e1xima efectividad posible.\",\"breadcrumb\":{\"@id\":\"https:\\\/\\\/diamondshieldzapper.com\\\/es\\\/en-que-consiste-la-modulacion\\\/#breadcrumb\"},\"inLanguage\":\"es\",\"potentialAction\":[{\"@type\":\"ReadAction\",\"target\":[\"https:\\\/\\\/diamondshieldzapper.com\\\/es\\\/en-que-consiste-la-modulacion\\\/\"]}]},{\"@type\":\"ImageObject\",\"inLanguage\":\"es\",\"@id\":\"https:\\\/\\\/diamondshieldzapper.com\\\/es\\\/en-que-consiste-la-modulacion\\\/#primaryimage\",\"url\":\"http:\\\/\\\/www.derma-vit.com\\\/images\\\/product_images\\\/original_images\\\/modulation.png\",\"contentUrl\":\"http:\\\/\\\/www.derma-vit.com\\\/images\\\/product_images\\\/original_images\\\/modulation.png\"},{\"@type\":\"BreadcrumbList\",\"@id\":\"https:\\\/\\\/diamondshieldzapper.com\\\/es\\\/en-que-consiste-la-modulacion\\\/#breadcrumb\",\"itemListElement\":[{\"@type\":\"ListItem\",\"position\":1,\"name\":\"Home\",\"item\":\"https:\\\/\\\/diamondshieldzapper.com\\\/es\\\/?page_id=7559\"},{\"@type\":\"ListItem\",\"position\":2,\"name\":\"\u00bfEn qu\u00e9 consiste la modulaci\u00f3n?\"}]},{\"@type\":\"WebSite\",\"@id\":\"https:\\\/\\\/diamondshieldzapper.com\\\/es\\\/#website\",\"url\":\"https:\\\/\\\/diamondshieldzapper.com\\\/es\\\/\",\"name\":\"Diamond Shield Zapper\",\"description\":\"einfach nur Zappen war gestern\",\"potentialAction\":[{\"@type\":\"SearchAction\",\"target\":{\"@type\":\"EntryPoint\",\"urlTemplate\":\"https:\\\/\\\/diamondshieldzapper.com\\\/es\\\/?s={search_term_string}\"},\"query-input\":{\"@type\":\"PropertyValueSpecification\",\"valueRequired\":true,\"valueName\":\"search_term_string\"}}],\"inLanguage\":\"es\"}]}<\/script>\n<!-- \/ Yoast SEO plugin. -->","yoast_head_json":{"title":"\u00bfEn qu\u00e9 consiste la modulaci\u00f3n? - Diamond Shield Zapper","description":"El nuevo dispositivo Diamond Shield Zapper incorpora la funci\u00f3n de modulaci\u00f3n, que permite modular las frecuencias y ofrecer la m\u00e1xima efectividad posible.","robots":{"index":"index","follow":"follow","max-snippet":"max-snippet:-1","max-image-preview":"max-image-preview:large","max-video-preview":"max-video-preview:-1"},"canonical":"https:\/\/diamondshieldzapper.com\/es\/en-que-consiste-la-modulacion\/","og_locale":"es_ES","og_type":"article","og_title":"\u00bfEn qu\u00e9 consiste la modulaci\u00f3n? - Diamond Shield Zapper","og_description":"El nuevo dispositivo Diamond Shield Zapper incorpora la funci\u00f3n de modulaci\u00f3n, que permite modular las frecuencias y ofrecer la m\u00e1xima efectividad posible.","og_url":"https:\/\/diamondshieldzapper.com\/es\/en-que-consiste-la-modulacion\/","og_site_name":"Diamond Shield Zapper","article_publisher":"https:\/\/www.facebook.com\/heilpraktiker.baklayan\/","og_image":[{"url":"http:\/\/www.derma-vit.com\/images\/product_images\/original_images\/modulation.png","type":"","width":"","height":""}],"twitter_misc":{"Tiempo de lectura":"1 minuto"},"schema":{"@context":"https:\/\/schema.org","@graph":[{"@type":"WebPage","@id":"https:\/\/diamondshieldzapper.com\/es\/en-que-consiste-la-modulacion\/","url":"https:\/\/diamondshieldzapper.com\/es\/en-que-consiste-la-modulacion\/","name":"\u00bfEn qu\u00e9 consiste la modulaci\u00f3n? - Diamond Shield Zapper","isPartOf":{"@id":"https:\/\/diamondshieldzapper.com\/es\/#website"},"primaryImageOfPage":{"@id":"https:\/\/diamondshieldzapper.com\/es\/en-que-consiste-la-modulacion\/#primaryimage"},"image":{"@id":"https:\/\/diamondshieldzapper.com\/es\/en-que-consiste-la-modulacion\/#primaryimage"},"thumbnailUrl":"http:\/\/www.derma-vit.com\/images\/product_images\/original_images\/modulation.png","datePublished":"2015-10-18T15:27:05+00:00","description":"El nuevo dispositivo Diamond Shield Zapper incorpora la funci\u00f3n de modulaci\u00f3n, que permite modular las frecuencias y ofrecer la m\u00e1xima efectividad posible.","breadcrumb":{"@id":"https:\/\/diamondshieldzapper.com\/es\/en-que-consiste-la-modulacion\/#breadcrumb"},"inLanguage":"es","potentialAction":[{"@type":"ReadAction","target":["https:\/\/diamondshieldzapper.com\/es\/en-que-consiste-la-modulacion\/"]}]},{"@type":"ImageObject","inLanguage":"es","@id":"https:\/\/diamondshieldzapper.com\/es\/en-que-consiste-la-modulacion\/#primaryimage","url":"http:\/\/www.derma-vit.com\/images\/product_images\/original_images\/modulation.png","contentUrl":"http:\/\/www.derma-vit.com\/images\/product_images\/original_images\/modulation.png"},{"@type":"BreadcrumbList","@id":"https:\/\/diamondshieldzapper.com\/es\/en-que-consiste-la-modulacion\/#breadcrumb","itemListElement":[{"@type":"ListItem","position":1,"name":"Home","item":"https:\/\/diamondshieldzapper.com\/es\/?page_id=7559"},{"@type":"ListItem","position":2,"name":"\u00bfEn qu\u00e9 consiste la modulaci\u00f3n?"}]},{"@type":"WebSite","@id":"https:\/\/diamondshieldzapper.com\/es\/#website","url":"https:\/\/diamondshieldzapper.com\/es\/","name":"Diamond Shield Zapper","description":"einfach nur Zappen war gestern","potentialAction":[{"@type":"SearchAction","target":{"@type":"EntryPoint","urlTemplate":"https:\/\/diamondshieldzapper.com\/es\/?s={search_term_string}"},"query-input":{"@type":"PropertyValueSpecification","valueRequired":true,"valueName":"search_term_string"}}],"inLanguage":"es"}]}},"_links":{"self":[{"href":"https:\/\/diamondshieldzapper.com\/es\/wp-json\/wp\/v2\/pages\/1988","targetHints":{"allow":["GET"]}}],"collection":[{"href":"https:\/\/diamondshieldzapper.com\/es\/wp-json\/wp\/v2\/pages"}],"about":[{"href":"https:\/\/diamondshieldzapper.com\/es\/wp-json\/wp\/v2\/types\/page"}],"author":[{"embeddable":true,"href":"https:\/\/diamondshieldzapper.com\/es\/wp-json\/wp\/v2\/users\/2"}],"replies":[{"embeddable":true,"href":"https:\/\/diamondshieldzapper.com\/es\/wp-json\/wp\/v2\/comments?post=1988"}],"version-history":[{"count":0,"href":"https:\/\/diamondshieldzapper.com\/es\/wp-json\/wp\/v2\/pages\/1988\/revisions"}],"wp:attachment":[{"href":"https:\/\/diamondshieldzapper.com\/es\/wp-json\/wp\/v2\/media?parent=1988"}],"curies":[{"name":"wp","href":"https:\/\/api.w.org\/{rel}","templated":true}]}}