{"id":1996,"date":"2015-10-18T17:01:06","date_gmt":"2015-10-18T17:01:06","guid":{"rendered":"https:\/\/diamondshieldzapper.com\/que-es-la-vibracion\/"},"modified":"2015-10-18T17:01:06","modified_gmt":"2015-10-18T17:01:06","slug":"que-es-la-vibracion","status":"publish","type":"page","link":"https:\/\/diamondshieldzapper.com\/es\/que-es-la-vibracion\/","title":{"rendered":"\u00bfQu\u00e9 es la vibraci\u00f3n?"},"content":{"rendered":"[title size=&#8221;1&#8243; content_align=&#8221;left&#8221; style_type=&#8221;single&#8221; sep_color=&#8221;&#8221; class=&#8221;&#8221; id=&#8221;&#8221;]El Diamond Shield Zapper puede vibrar[\/title][fusion_text]<img loading=\"lazy\" decoding=\"async\" class=\"alignright size-medium wp-image-590\" src=\"https:\/\/diamondshieldzapper.com\/wp-content\/uploads\/2015\/01\/wobble-300x217.png\" alt=\"Vibraciones con el dispositivo Diamond Shield Zapper\" width=\"300\" height=\"217\" srcset=\"https:\/\/diamondshieldzapper.com\/wp-content\/uploads\/2015\/01\/wobble-300x217.png 300w, https:\/\/diamondshieldzapper.com\/wp-content\/uploads\/2015\/01\/wobble.png 763w\" sizes=\"auto, (max-width: 300px) 100vw, 300px\" \/><\/p>\n[checklist icon=&#8221;fa-star-o&#8221; iconcolor=&#8221;#ffffff&#8221; circle=&#8221;yes&#8221; circlecolor=&#8221;#81d742&#8243; size=&#8221;small&#8221; class=&#8221;&#8221; id=&#8221;&#8221;]\n[li_item icon=&#8221;&#8221;]\n<p>Existen muchos usuarios que adem\u00e1s de controlar <strong>frecuencias individuales<\/strong>, desean tener la posibilidad de cubrir <strong>todo el espectro<\/strong>.<\/p>\n<p>Sobre todo si utiliza las frecuencias de la doctora Clark, es muy importante poder cubrir todo el espectro. Por \u00faltimo, si bien no menos importante, la <strong>tabla de vibraciones arm\u00f3nicas<\/strong> seg\u00fan Baklayan incluye todos los niveles y meridianos, por lo que el Zapper debe poder cubrirlos todos.<\/p>\n[\/li_item]\n[\/checklist][\/fusion_text][sharing tagline=&#8221;Compartir art\u00edculo:&#8221; tagline_color=&#8221;&#8221; title=&#8221;&#8221; link=&#8221;&#8221; description=&#8221;&#8221; pinterest_image=&#8221;&#8221; icons_boxed=&#8221;&#8221; icons_boxed_radius=&#8221;4px&#8221; box_colors=&#8221;&#8221; icon_colors=&#8221;&#8221; tooltip_placement=&#8221;&#8221; backgroundcolor=&#8221;&#8221; class=&#8221;&#8221; id=&#8221;&#8221;][\/sharing]\n","protected":false},"excerpt":{"rendered":"<p>[title size=&#8221;1&#8243; content_align=&#8221;left&#8221; style_type=&#8221;single&#8221; sep_color=&#8221;&#8221; class=&#8221;&#8221; id=&#8221;&#8221;]El Diamond Shield Zapper puede vibrar[\/title][fusion_text] [checklist icon=&#8221;fa-star-o&#8221; iconcolor=&#8221;#ffffff&#8221; circle=&#8221;yes&#8221; circlecolor=&#8221;#81d742&#8243; size=&#8221;small&#8221; class=&#8221;&#8221; id=&#8221;&#8221;] [li_item icon=&#8221;&#8221;] Existen muchos usuarios que adem\u00e1s de controlar frecuencias individuales, desean tener la posibilidad de cubrir todo el espectro. Sobre todo si utiliza las frecuencias de la doctora Clark, es muy importante poder cubrir todo el espectro. Por \u00faltimo, &#8230; <a href=\"https:\/\/diamondshieldzapper.com\/es\/que-es-la-vibracion\/\" class=\"more-link\">Read More<\/a><\/p>\n","protected":false},"author":1,"featured_media":0,"parent":0,"menu_order":0,"comment_status":"closed","ping_status":"closed","template":"","meta":{"_bbp_topic_count":0,"_bbp_reply_count":0,"_bbp_total_topic_count":0,"_bbp_total_reply_count":0,"_bbp_voice_count":0,"_bbp_anonymous_reply_count":0,"_bbp_topic_count_hidden":0,"_bbp_reply_count_hidden":0,"_bbp_forum_subforum_count":0,"rs_blank_template":"","rs_page_bg_color":"","slide_template_v7":"","_monsterinsights_skip_tracking":false,"_monsterinsights_sitenote_active":false,"_monsterinsights_sitenote_note":"","_monsterinsights_sitenote_category":0,"footnotes":""},"class_list":["post-1996","page","type-page","status-publish","hentry","no-post-thumbnail"],"yoast_head":"<!-- This site is optimized with the Yoast SEO plugin v27.3 - https:\/\/yoast.com\/product\/yoast-seo-wordpress\/ -->\n<title>\u00bfQu\u00e9 es la vibraci\u00f3n? - Diamond Shield Zapper<\/title>\n<meta name=\"description\" content=\"Adem\u00e1s de frecuencias individuales, el dispositivo Diamond Shield le permite controlar todo el espectro de frecuencias.\" \/>\n<meta name=\"robots\" content=\"index, follow, max-snippet:-1, max-image-preview:large, max-video-preview:-1\" \/>\n<link rel=\"canonical\" href=\"https:\/\/diamondshieldzapper.com\/es\/que-es-la-vibracion\/\" \/>\n<meta property=\"og:locale\" content=\"es_ES\" \/>\n<meta property=\"og:type\" content=\"article\" \/>\n<meta property=\"og:title\" content=\"\u00bfQu\u00e9 es la vibraci\u00f3n? - Diamond Shield Zapper\" \/>\n<meta property=\"og:description\" content=\"Adem\u00e1s de frecuencias individuales, el dispositivo Diamond Shield le permite controlar todo el espectro de frecuencias.\" \/>\n<meta property=\"og:url\" content=\"https:\/\/diamondshieldzapper.com\/es\/que-es-la-vibracion\/\" \/>\n<meta property=\"og:site_name\" content=\"Diamond Shield Zapper\" \/>\n<meta property=\"article:publisher\" content=\"https:\/\/www.facebook.com\/heilpraktiker.baklayan\/\" \/>\n<meta property=\"og:image\" content=\"https:\/\/diamondshieldzapper.com\/wp-content\/uploads\/2015\/01\/wobble-300x217.png\" \/>\n<meta name=\"twitter:label1\" content=\"Tiempo de lectura\" \/>\n\t<meta name=\"twitter:data1\" content=\"1 minuto\" \/>\n<script type=\"application\/ld+json\" class=\"yoast-schema-graph\">{\"@context\":\"https:\\\/\\\/schema.org\",\"@graph\":[{\"@type\":\"WebPage\",\"@id\":\"https:\\\/\\\/diamondshieldzapper.com\\\/es\\\/que-es-la-vibracion\\\/\",\"url\":\"https:\\\/\\\/diamondshieldzapper.com\\\/es\\\/que-es-la-vibracion\\\/\",\"name\":\"\u00bfQu\u00e9 es la vibraci\u00f3n? - Diamond Shield Zapper\",\"isPartOf\":{\"@id\":\"https:\\\/\\\/diamondshieldzapper.com\\\/es\\\/#website\"},\"primaryImageOfPage\":{\"@id\":\"https:\\\/\\\/diamondshieldzapper.com\\\/es\\\/que-es-la-vibracion\\\/#primaryimage\"},\"image\":{\"@id\":\"https:\\\/\\\/diamondshieldzapper.com\\\/es\\\/que-es-la-vibracion\\\/#primaryimage\"},\"thumbnailUrl\":\"https:\\\/\\\/diamondshieldzapper.com\\\/wp-content\\\/uploads\\\/2015\\\/01\\\/wobble-300x217.png\",\"datePublished\":\"2015-10-18T17:01:06+00:00\",\"description\":\"Adem\u00e1s de frecuencias individuales, el dispositivo Diamond Shield le permite controlar todo el espectro de frecuencias.\",\"breadcrumb\":{\"@id\":\"https:\\\/\\\/diamondshieldzapper.com\\\/es\\\/que-es-la-vibracion\\\/#breadcrumb\"},\"inLanguage\":\"es\",\"potentialAction\":[{\"@type\":\"ReadAction\",\"target\":[\"https:\\\/\\\/diamondshieldzapper.com\\\/es\\\/que-es-la-vibracion\\\/\"]}]},{\"@type\":\"ImageObject\",\"inLanguage\":\"es\",\"@id\":\"https:\\\/\\\/diamondshieldzapper.com\\\/es\\\/que-es-la-vibracion\\\/#primaryimage\",\"url\":\"https:\\\/\\\/diamondshieldzapper.com\\\/wp-content\\\/uploads\\\/2015\\\/01\\\/wobble-300x217.png\",\"contentUrl\":\"https:\\\/\\\/diamondshieldzapper.com\\\/wp-content\\\/uploads\\\/2015\\\/01\\\/wobble-300x217.png\"},{\"@type\":\"BreadcrumbList\",\"@id\":\"https:\\\/\\\/diamondshieldzapper.com\\\/es\\\/que-es-la-vibracion\\\/#breadcrumb\",\"itemListElement\":[{\"@type\":\"ListItem\",\"position\":1,\"name\":\"Home\",\"item\":\"https:\\\/\\\/diamondshieldzapper.com\\\/es\\\/?page_id=7559\"},{\"@type\":\"ListItem\",\"position\":2,\"name\":\"\u00bfQu\u00e9 es la vibraci\u00f3n?\"}]},{\"@type\":\"WebSite\",\"@id\":\"https:\\\/\\\/diamondshieldzapper.com\\\/es\\\/#website\",\"url\":\"https:\\\/\\\/diamondshieldzapper.com\\\/es\\\/\",\"name\":\"Diamond Shield Zapper\",\"description\":\"einfach nur Zappen war gestern\",\"potentialAction\":[{\"@type\":\"SearchAction\",\"target\":{\"@type\":\"EntryPoint\",\"urlTemplate\":\"https:\\\/\\\/diamondshieldzapper.com\\\/es\\\/?s={search_term_string}\"},\"query-input\":{\"@type\":\"PropertyValueSpecification\",\"valueRequired\":true,\"valueName\":\"search_term_string\"}}],\"inLanguage\":\"es\"}]}<\/script>\n<!-- \/ Yoast SEO plugin. -->","yoast_head_json":{"title":"\u00bfQu\u00e9 es la vibraci\u00f3n? - Diamond Shield Zapper","description":"Adem\u00e1s de frecuencias individuales, el dispositivo Diamond Shield le permite controlar todo el espectro de frecuencias.","robots":{"index":"index","follow":"follow","max-snippet":"max-snippet:-1","max-image-preview":"max-image-preview:large","max-video-preview":"max-video-preview:-1"},"canonical":"https:\/\/diamondshieldzapper.com\/es\/que-es-la-vibracion\/","og_locale":"es_ES","og_type":"article","og_title":"\u00bfQu\u00e9 es la vibraci\u00f3n? - Diamond Shield Zapper","og_description":"Adem\u00e1s de frecuencias individuales, el dispositivo Diamond Shield le permite controlar todo el espectro de frecuencias.","og_url":"https:\/\/diamondshieldzapper.com\/es\/que-es-la-vibracion\/","og_site_name":"Diamond Shield Zapper","article_publisher":"https:\/\/www.facebook.com\/heilpraktiker.baklayan\/","og_image":[{"url":"https:\/\/diamondshieldzapper.com\/wp-content\/uploads\/2015\/01\/wobble-300x217.png","type":"","width":"","height":""}],"twitter_misc":{"Tiempo de lectura":"1 minuto"},"schema":{"@context":"https:\/\/schema.org","@graph":[{"@type":"WebPage","@id":"https:\/\/diamondshieldzapper.com\/es\/que-es-la-vibracion\/","url":"https:\/\/diamondshieldzapper.com\/es\/que-es-la-vibracion\/","name":"\u00bfQu\u00e9 es la vibraci\u00f3n? - Diamond Shield Zapper","isPartOf":{"@id":"https:\/\/diamondshieldzapper.com\/es\/#website"},"primaryImageOfPage":{"@id":"https:\/\/diamondshieldzapper.com\/es\/que-es-la-vibracion\/#primaryimage"},"image":{"@id":"https:\/\/diamondshieldzapper.com\/es\/que-es-la-vibracion\/#primaryimage"},"thumbnailUrl":"https:\/\/diamondshieldzapper.com\/wp-content\/uploads\/2015\/01\/wobble-300x217.png","datePublished":"2015-10-18T17:01:06+00:00","description":"Adem\u00e1s de frecuencias individuales, el dispositivo Diamond Shield le permite controlar todo el espectro de frecuencias.","breadcrumb":{"@id":"https:\/\/diamondshieldzapper.com\/es\/que-es-la-vibracion\/#breadcrumb"},"inLanguage":"es","potentialAction":[{"@type":"ReadAction","target":["https:\/\/diamondshieldzapper.com\/es\/que-es-la-vibracion\/"]}]},{"@type":"ImageObject","inLanguage":"es","@id":"https:\/\/diamondshieldzapper.com\/es\/que-es-la-vibracion\/#primaryimage","url":"https:\/\/diamondshieldzapper.com\/wp-content\/uploads\/2015\/01\/wobble-300x217.png","contentUrl":"https:\/\/diamondshieldzapper.com\/wp-content\/uploads\/2015\/01\/wobble-300x217.png"},{"@type":"BreadcrumbList","@id":"https:\/\/diamondshieldzapper.com\/es\/que-es-la-vibracion\/#breadcrumb","itemListElement":[{"@type":"ListItem","position":1,"name":"Home","item":"https:\/\/diamondshieldzapper.com\/es\/?page_id=7559"},{"@type":"ListItem","position":2,"name":"\u00bfQu\u00e9 es la vibraci\u00f3n?"}]},{"@type":"WebSite","@id":"https:\/\/diamondshieldzapper.com\/es\/#website","url":"https:\/\/diamondshieldzapper.com\/es\/","name":"Diamond Shield Zapper","description":"einfach nur Zappen war gestern","potentialAction":[{"@type":"SearchAction","target":{"@type":"EntryPoint","urlTemplate":"https:\/\/diamondshieldzapper.com\/es\/?s={search_term_string}"},"query-input":{"@type":"PropertyValueSpecification","valueRequired":true,"valueName":"search_term_string"}}],"inLanguage":"es"}]}},"_links":{"self":[{"href":"https:\/\/diamondshieldzapper.com\/es\/wp-json\/wp\/v2\/pages\/1996","targetHints":{"allow":["GET"]}}],"collection":[{"href":"https:\/\/diamondshieldzapper.com\/es\/wp-json\/wp\/v2\/pages"}],"about":[{"href":"https:\/\/diamondshieldzapper.com\/es\/wp-json\/wp\/v2\/types\/page"}],"author":[{"embeddable":true,"href":"https:\/\/diamondshieldzapper.com\/es\/wp-json\/wp\/v2\/users\/1"}],"replies":[{"embeddable":true,"href":"https:\/\/diamondshieldzapper.com\/es\/wp-json\/wp\/v2\/comments?post=1996"}],"version-history":[{"count":0,"href":"https:\/\/diamondshieldzapper.com\/es\/wp-json\/wp\/v2\/pages\/1996\/revisions"}],"wp:attachment":[{"href":"https:\/\/diamondshieldzapper.com\/es\/wp-json\/wp\/v2\/media?parent=1996"}],"curies":[{"name":"wp","href":"https:\/\/api.w.org\/{rel}","templated":true}]}}