{"id":3277,"date":"2017-07-28T12:48:26","date_gmt":"2017-07-28T12:48:26","guid":{"rendered":"https:\/\/diamondshieldzapper.com\/?page_id=3277\/"},"modified":"2017-07-28T12:48:26","modified_gmt":"2017-07-28T12:48:26","slug":"diamond-shield-ie-crystal-zapper-ems","status":"publish","type":"page","link":"https:\/\/diamondshieldzapper.com\/es\/diamond-shield-ie-crystal-zapper-ems\/","title":{"rendered":"Diamond Shield IE Crystal Zapper EMS"},"content":{"rendered":"[fullwidth background_color=&#8221;&#8221; background_image=&#8221;&#8221; background_parallax=&#8221;none&#8221; enable_mobile=&#8221;no&#8221; parallax_speed=&#8221;0.3&#8243; background_repeat=&#8221;no-repeat&#8221; background_position=&#8221;left top&#8221; video_url=&#8221;&#8221; video_aspect_ratio=&#8221;16:9&#8243; video_webm=&#8221;&#8221; video_mp4=&#8221;&#8221; video_ogv=&#8221;&#8221; video_preview_image=&#8221;&#8221; overlay_color=&#8221;&#8221; overlay_opacity=&#8221;0.5&#8243; video_mute=&#8221;yes&#8221; video_loop=&#8221;yes&#8221; fade=&#8221;no&#8221; border_size=&#8221;0px&#8221; border_color=&#8221;&#8221; border_style=&#8221;&#8221; padding_top=&#8221;20&#8243; padding_bottom=&#8221;20&#8243; padding_left=&#8221;0&#8243; padding_right=&#8221;0&#8243; hundred_percent=&#8221;no&#8221; equal_height_columns=&#8221;no&#8221; hide_on_mobile=&#8221;no&#8221; menu_anchor=&#8221;&#8221; class=&#8221;&#8221; id=&#8221;&#8221;][title size=&#8221;1&#8243; content_align=&#8221;left&#8221; style_type=&#8221;default&#8221; sep_color=&#8221;&#8221; class=&#8221;&#8221; id=&#8221;&#8221;]Diamond Shield Crystal Zapper IE EMS[\/title][two_third last=&#8221;no&#8221; spacing=&#8221;yes&#8221; center_content=&#8221;no&#8221; hide_on_mobile=&#8221;no&#8221; background_color=&#8221;&#8221; background_image=&#8221;&#8221; background_repeat=&#8221;no-repeat&#8221; background_position=&#8221;left top&#8221; border_size=&#8221;0px&#8221; border_color=&#8221;&#8221; border_style=&#8221;&#8221; padding=&#8221;&#8221; margin_top=&#8221;&#8221; margin_bottom=&#8221;&#8221; animation_type=&#8221;&#8221; animation_direction=&#8221;&#8221; animation_speed=&#8221;0.1&#8243; class=&#8221;&#8221; id=&#8221;&#8221;][fusion_text]In der Frequenztherapie nach Dr. Hulda Regehr Clark werden Krankheitserreger (Viren, Bakterien, Parasiten, Pilze) nach dem Resonanzprinzip durch elektrischen Rechteck-Strom mit positivem Offset in ihrem spezifischen Frequenzbereich geschw\u00e4cht oder abget\u00f6tet, um dann durch den K\u00f6rper ausgeschieden zu werden. Die zahlreichen Frequenzen nach Royal Raymond Rife wurden nach dem Kriterium zusammengetragen, dass sie bei einem bestimmten Krankheitsbild oder Symptom hilfreich sind. Nur ein Teil dieser Frequenzen sind bestimmten Erregern zugeordnet. Die meisten wirken unterst\u00fctzend auf Organe oder z.B. auf Immunfunktionen (Sie k\u00f6nnen mit einer schw\u00e4cheren Intensit\u00e4t eingestellt werden und brauchen z.B. auch kein positives Offset).[\/fusion_text][\/two_third][one_third last=&#8221;yes&#8221; spacing=&#8221;yes&#8221; center_content=&#8221;no&#8221; hide_on_mobile=&#8221;no&#8221; background_color=&#8221;&#8221; background_image=&#8221;&#8221; background_repeat=&#8221;no-repeat&#8221; background_position=&#8221;left top&#8221; border_size=&#8221;0px&#8221; border_color=&#8221;&#8221; border_style=&#8221;&#8221; padding=&#8221;&#8221; margin_top=&#8221;&#8221; margin_bottom=&#8221;&#8221; animation_type=&#8221;&#8221; animation_direction=&#8221;&#8221; animation_speed=&#8221;0.1&#8243; class=&#8221;&#8221; id=&#8221;&#8221;][imageframe lightbox=&#8221;no&#8221; lightbox_image=&#8221;&#8221; style_type=&#8221;none&#8221; bordercolor=&#8221;&#8221; bordersize=&#8221;0px&#8221; borderradius=&#8221;0&#8243; stylecolor=&#8221;&#8221; align=&#8221;none&#8221; link=&#8221;&#8221; linktarget=&#8221;_self&#8221; animation_type=&#8221;0&#8243; animation_direction=&#8221;down&#8221; animation_speed=&#8221;0.1&#8243; hide_on_mobile=&#8221;no&#8221; class=&#8221;&#8221; id=&#8221;&#8221;] <img decoding=\"async\" alt=\"\" src=\"https:\/\/diamondshieldzapper.com\/wp-content\/uploads\/2015\/06\/DS_Crystal_o_Zubeh\u00f6r_Trans-300x.png\" \/>[\/imageframe][\/one_third][\/fullwidth]\n","protected":false},"excerpt":{"rendered":"<p>[fullwidth background_color=&#8221;&#8221; background_image=&#8221;&#8221; background_parallax=&#8221;none&#8221; enable_mobile=&#8221;no&#8221; parallax_speed=&#8221;0.3&#8243; background_repeat=&#8221;no-repeat&#8221; background_position=&#8221;left top&#8221; video_url=&#8221;&#8221; video_aspect_ratio=&#8221;16:9&#8243; video_webm=&#8221;&#8221; video_mp4=&#8221;&#8221; video_ogv=&#8221;&#8221; video_preview_image=&#8221;&#8221; overlay_color=&#8221;&#8221; overlay_opacity=&#8221;0.5&#8243; video_mute=&#8221;yes&#8221; video_loop=&#8221;yes&#8221; fade=&#8221;no&#8221; border_size=&#8221;0px&#8221; border_color=&#8221;&#8221; border_style=&#8221;&#8221; padding_top=&#8221;20&#8243; padding_bottom=&#8221;20&#8243; padding_left=&#8221;0&#8243; padding_right=&#8221;0&#8243; hundred_percent=&#8221;no&#8221; equal_height_columns=&#8221;no&#8221; hide_on_mobile=&#8221;no&#8221; menu_anchor=&#8221;&#8221; class=&#8221;&#8221; id=&#8221;&#8221;][title size=&#8221;1&#8243; content_align=&#8221;left&#8221; style_type=&#8221;default&#8221; sep_color=&#8221;&#8221; class=&#8221;&#8221; id=&#8221;&#8221;]Diamond Shield Crystal Zapper IE EMS[\/title][two_third last=&#8221;no&#8221; spacing=&#8221;yes&#8221; center_content=&#8221;no&#8221; hide_on_mobile=&#8221;no&#8221; background_color=&#8221;&#8221; background_image=&#8221;&#8221; background_repeat=&#8221;no-repeat&#8221; background_position=&#8221;left top&#8221; border_size=&#8221;0px&#8221; border_color=&#8221;&#8221; border_style=&#8221;&#8221; padding=&#8221;&#8221; margin_top=&#8221;&#8221; margin_bottom=&#8221;&#8221; animation_type=&#8221;&#8221; &#8230; <a href=\"https:\/\/diamondshieldzapper.com\/es\/diamond-shield-ie-crystal-zapper-ems\/\" class=\"more-link\">Read More<\/a><\/p>\n","protected":false},"author":2,"featured_media":0,"parent":0,"menu_order":0,"comment_status":"closed","ping_status":"closed","template":"","meta":{"_bbp_topic_count":0,"_bbp_reply_count":0,"_bbp_total_topic_count":0,"_bbp_total_reply_count":0,"_bbp_voice_count":0,"_bbp_anonymous_reply_count":0,"_bbp_topic_count_hidden":0,"_bbp_reply_count_hidden":0,"_bbp_forum_subforum_count":0,"rs_blank_template":"","rs_page_bg_color":"","slide_template_v7":"","_monsterinsights_skip_tracking":false,"_monsterinsights_sitenote_active":false,"_monsterinsights_sitenote_note":"","_monsterinsights_sitenote_category":0,"footnotes":""},"class_list":["post-3277","page","type-page","status-publish","hentry","no-post-thumbnail"],"yoast_head":"<!-- This site is optimized with the Yoast SEO plugin v27.4 - https:\/\/yoast.com\/product\/yoast-seo-wordpress\/ -->\n<title>Diamond Shield IE Crystal Zapper EMS - Diamond Shield Zapper<\/title>\n<meta name=\"robots\" content=\"index, follow, max-snippet:-1, max-image-preview:large, max-video-preview:-1\" \/>\n<link rel=\"canonical\" href=\"https:\/\/diamondshieldzapper.com\/es\/diamond-shield-ie-crystal-zapper-ems\/\" \/>\n<meta property=\"og:locale\" content=\"es_ES\" \/>\n<meta property=\"og:type\" content=\"article\" \/>\n<meta property=\"og:title\" content=\"Diamond Shield IE Crystal Zapper EMS - Diamond Shield Zapper\" \/>\n<meta property=\"og:description\" content=\"[fullwidth background_color=&#8221;&#8221; background_image=&#8221;&#8221; background_parallax=&#8221;none&#8221; enable_mobile=&#8221;no&#8221; parallax_speed=&#8221;0.3&#8243; background_repeat=&#8221;no-repeat&#8221; background_position=&#8221;left top&#8221; video_url=&#8221;&#8221; video_aspect_ratio=&#8221;16:9&#8243; video_webm=&#8221;&#8221; video_mp4=&#8221;&#8221; video_ogv=&#8221;&#8221; video_preview_image=&#8221;&#8221; overlay_color=&#8221;&#8221; overlay_opacity=&#8221;0.5&#8243; video_mute=&#8221;yes&#8221; video_loop=&#8221;yes&#8221; fade=&#8221;no&#8221; border_size=&#8221;0px&#8221; border_color=&#8221;&#8221; border_style=&#8221;&#8221; padding_top=&#8221;20&#8243; padding_bottom=&#8221;20&#8243; padding_left=&#8221;0&#8243; padding_right=&#8221;0&#8243; hundred_percent=&#8221;no&#8221; equal_height_columns=&#8221;no&#8221; hide_on_mobile=&#8221;no&#8221; menu_anchor=&#8221;&#8221; class=&#8221;&#8221; id=&#8221;&#8221;][title size=&#8221;1&#8243; content_align=&#8221;left&#8221; style_type=&#8221;default&#8221; sep_color=&#8221;&#8221; class=&#8221;&#8221; id=&#8221;&#8221;]Diamond Shield Crystal Zapper IE EMS[\/title][two_third last=&#8221;no&#8221; spacing=&#8221;yes&#8221; center_content=&#8221;no&#8221; hide_on_mobile=&#8221;no&#8221; background_color=&#8221;&#8221; background_image=&#8221;&#8221; background_repeat=&#8221;no-repeat&#8221; background_position=&#8221;left top&#8221; border_size=&#8221;0px&#8221; border_color=&#8221;&#8221; border_style=&#8221;&#8221; padding=&#8221;&#8221; margin_top=&#8221;&#8221; margin_bottom=&#8221;&#8221; animation_type=&#8221;&#8221; ... Read More\" \/>\n<meta property=\"og:url\" content=\"https:\/\/diamondshieldzapper.com\/es\/diamond-shield-ie-crystal-zapper-ems\/\" \/>\n<meta property=\"og:site_name\" content=\"Diamond Shield Zapper\" \/>\n<meta property=\"article:publisher\" content=\"https:\/\/www.facebook.com\/heilpraktiker.baklayan\/\" \/>\n<meta property=\"og:image\" content=\"https:\/\/diamondshieldzapper.com\/wp-content\/uploads\/2015\/10\/slider-crystal-2-1000x.jpg\" \/>\n<meta name=\"twitter:label1\" content=\"Tiempo de lectura\" \/>\n\t<meta name=\"twitter:data1\" content=\"2 minutos\" \/>\n<script type=\"application\/ld+json\" class=\"yoast-schema-graph\">{\"@context\":\"https:\\\/\\\/schema.org\",\"@graph\":[{\"@type\":\"WebPage\",\"@id\":\"https:\\\/\\\/diamondshieldzapper.com\\\/es\\\/diamond-shield-ie-crystal-zapper-ems\\\/\",\"url\":\"https:\\\/\\\/diamondshieldzapper.com\\\/es\\\/diamond-shield-ie-crystal-zapper-ems\\\/\",\"name\":\"Diamond Shield IE Crystal Zapper EMS - Diamond Shield Zapper\",\"isPartOf\":{\"@id\":\"https:\\\/\\\/diamondshieldzapper.com\\\/es\\\/#website\"},\"datePublished\":\"2017-07-28T12:48:26+00:00\",\"breadcrumb\":{\"@id\":\"https:\\\/\\\/diamondshieldzapper.com\\\/es\\\/diamond-shield-ie-crystal-zapper-ems\\\/#breadcrumb\"},\"inLanguage\":\"es\",\"potentialAction\":[{\"@type\":\"ReadAction\",\"target\":[\"https:\\\/\\\/diamondshieldzapper.com\\\/es\\\/diamond-shield-ie-crystal-zapper-ems\\\/\"]}]},{\"@type\":\"BreadcrumbList\",\"@id\":\"https:\\\/\\\/diamondshieldzapper.com\\\/es\\\/diamond-shield-ie-crystal-zapper-ems\\\/#breadcrumb\",\"itemListElement\":[{\"@type\":\"ListItem\",\"position\":1,\"name\":\"Home\",\"item\":\"https:\\\/\\\/diamondshieldzapper.com\\\/es\\\/?page_id=7559\"},{\"@type\":\"ListItem\",\"position\":2,\"name\":\"Diamond Shield IE Crystal Zapper EMS\"}]},{\"@type\":\"WebSite\",\"@id\":\"https:\\\/\\\/diamondshieldzapper.com\\\/es\\\/#website\",\"url\":\"https:\\\/\\\/diamondshieldzapper.com\\\/es\\\/\",\"name\":\"Diamond Shield Zapper\",\"description\":\"einfach nur Zappen war gestern\",\"potentialAction\":[{\"@type\":\"SearchAction\",\"target\":{\"@type\":\"EntryPoint\",\"urlTemplate\":\"https:\\\/\\\/diamondshieldzapper.com\\\/es\\\/?s={search_term_string}\"},\"query-input\":{\"@type\":\"PropertyValueSpecification\",\"valueRequired\":true,\"valueName\":\"search_term_string\"}}],\"inLanguage\":\"es\"}]}<\/script>\n<!-- \/ Yoast SEO plugin. -->","yoast_head_json":{"title":"Diamond Shield IE Crystal Zapper EMS - Diamond Shield Zapper","robots":{"index":"index","follow":"follow","max-snippet":"max-snippet:-1","max-image-preview":"max-image-preview:large","max-video-preview":"max-video-preview:-1"},"canonical":"https:\/\/diamondshieldzapper.com\/es\/diamond-shield-ie-crystal-zapper-ems\/","og_locale":"es_ES","og_type":"article","og_title":"Diamond Shield IE Crystal Zapper EMS - Diamond Shield Zapper","og_description":"[fullwidth background_color=&#8221;&#8221; background_image=&#8221;&#8221; background_parallax=&#8221;none&#8221; enable_mobile=&#8221;no&#8221; parallax_speed=&#8221;0.3&#8243; background_repeat=&#8221;no-repeat&#8221; background_position=&#8221;left top&#8221; video_url=&#8221;&#8221; video_aspect_ratio=&#8221;16:9&#8243; video_webm=&#8221;&#8221; video_mp4=&#8221;&#8221; video_ogv=&#8221;&#8221; video_preview_image=&#8221;&#8221; overlay_color=&#8221;&#8221; overlay_opacity=&#8221;0.5&#8243; video_mute=&#8221;yes&#8221; video_loop=&#8221;yes&#8221; fade=&#8221;no&#8221; border_size=&#8221;0px&#8221; border_color=&#8221;&#8221; border_style=&#8221;&#8221; padding_top=&#8221;20&#8243; padding_bottom=&#8221;20&#8243; padding_left=&#8221;0&#8243; padding_right=&#8221;0&#8243; hundred_percent=&#8221;no&#8221; equal_height_columns=&#8221;no&#8221; hide_on_mobile=&#8221;no&#8221; menu_anchor=&#8221;&#8221; class=&#8221;&#8221; id=&#8221;&#8221;][title size=&#8221;1&#8243; content_align=&#8221;left&#8221; style_type=&#8221;default&#8221; sep_color=&#8221;&#8221; class=&#8221;&#8221; id=&#8221;&#8221;]Diamond Shield Crystal Zapper IE EMS[\/title][two_third last=&#8221;no&#8221; spacing=&#8221;yes&#8221; center_content=&#8221;no&#8221; hide_on_mobile=&#8221;no&#8221; background_color=&#8221;&#8221; background_image=&#8221;&#8221; background_repeat=&#8221;no-repeat&#8221; background_position=&#8221;left top&#8221; border_size=&#8221;0px&#8221; border_color=&#8221;&#8221; border_style=&#8221;&#8221; padding=&#8221;&#8221; margin_top=&#8221;&#8221; margin_bottom=&#8221;&#8221; animation_type=&#8221;&#8221; ... Read More","og_url":"https:\/\/diamondshieldzapper.com\/es\/diamond-shield-ie-crystal-zapper-ems\/","og_site_name":"Diamond Shield Zapper","article_publisher":"https:\/\/www.facebook.com\/heilpraktiker.baklayan\/","og_image":[{"url":"https:\/\/diamondshieldzapper.com\/wp-content\/uploads\/2015\/10\/slider-crystal-2-1000x.jpg","type":"","width":"","height":""}],"twitter_misc":{"Tiempo de lectura":"2 minutos"},"schema":{"@context":"https:\/\/schema.org","@graph":[{"@type":"WebPage","@id":"https:\/\/diamondshieldzapper.com\/es\/diamond-shield-ie-crystal-zapper-ems\/","url":"https:\/\/diamondshieldzapper.com\/es\/diamond-shield-ie-crystal-zapper-ems\/","name":"Diamond Shield IE Crystal Zapper EMS - Diamond Shield Zapper","isPartOf":{"@id":"https:\/\/diamondshieldzapper.com\/es\/#website"},"datePublished":"2017-07-28T12:48:26+00:00","breadcrumb":{"@id":"https:\/\/diamondshieldzapper.com\/es\/diamond-shield-ie-crystal-zapper-ems\/#breadcrumb"},"inLanguage":"es","potentialAction":[{"@type":"ReadAction","target":["https:\/\/diamondshieldzapper.com\/es\/diamond-shield-ie-crystal-zapper-ems\/"]}]},{"@type":"BreadcrumbList","@id":"https:\/\/diamondshieldzapper.com\/es\/diamond-shield-ie-crystal-zapper-ems\/#breadcrumb","itemListElement":[{"@type":"ListItem","position":1,"name":"Home","item":"https:\/\/diamondshieldzapper.com\/es\/?page_id=7559"},{"@type":"ListItem","position":2,"name":"Diamond Shield IE Crystal Zapper EMS"}]},{"@type":"WebSite","@id":"https:\/\/diamondshieldzapper.com\/es\/#website","url":"https:\/\/diamondshieldzapper.com\/es\/","name":"Diamond Shield Zapper","description":"einfach nur Zappen war gestern","potentialAction":[{"@type":"SearchAction","target":{"@type":"EntryPoint","urlTemplate":"https:\/\/diamondshieldzapper.com\/es\/?s={search_term_string}"},"query-input":{"@type":"PropertyValueSpecification","valueRequired":true,"valueName":"search_term_string"}}],"inLanguage":"es"}]}},"_links":{"self":[{"href":"https:\/\/diamondshieldzapper.com\/es\/wp-json\/wp\/v2\/pages\/3277","targetHints":{"allow":["GET"]}}],"collection":[{"href":"https:\/\/diamondshieldzapper.com\/es\/wp-json\/wp\/v2\/pages"}],"about":[{"href":"https:\/\/diamondshieldzapper.com\/es\/wp-json\/wp\/v2\/types\/page"}],"author":[{"embeddable":true,"href":"https:\/\/diamondshieldzapper.com\/es\/wp-json\/wp\/v2\/users\/2"}],"replies":[{"embeddable":true,"href":"https:\/\/diamondshieldzapper.com\/es\/wp-json\/wp\/v2\/comments?post=3277"}],"version-history":[{"count":0,"href":"https:\/\/diamondshieldzapper.com\/es\/wp-json\/wp\/v2\/pages\/3277\/revisions"}],"wp:attachment":[{"href":"https:\/\/diamondshieldzapper.com\/es\/wp-json\/wp\/v2\/media?parent=3277"}],"curies":[{"name":"wp","href":"https:\/\/api.w.org\/{rel}","templated":true}]}}