{"id":5402,"date":"2015-11-03T13:44:19","date_gmt":"2015-11-03T13:44:19","guid":{"rendered":"https:\/\/diamondshieldzapper.com\/stimulierung-des-immunsystems\/"},"modified":"2021-02-18T12:00:42","modified_gmt":"2021-02-18T12:00:42","slug":"stimulierung-des-immunsystems","status":"publish","type":"page","link":"https:\/\/diamondshieldzapper.com\/zh-hans\/stimulierung-des-immunsystems\/","title":{"rendered":""},"content":{"rendered":"[fullwidth background_color=&#8221;&#8221; background_image=&#8221;&#8221; background_parallax=&#8221;none&#8221; enable_mobile=&#8221;no&#8221; parallax_speed=&#8221;0.3&#8243; background_repeat=&#8221;no-repeat&#8221; background_position=&#8221;left top&#8221; video_url=&#8221;&#8221; video_aspect_ratio=&#8221;16:9&#8243; video_webm=&#8221;&#8221; video_mp4=&#8221;&#8221; video_ogv=&#8221;&#8221; video_preview_image=&#8221;&#8221; overlay_color=&#8221;&#8221; overlay_opacity=&#8221;0.5&#8243; video_mute=&#8221;yes&#8221; video_loop=&#8221;yes&#8221; fade=&#8221;no&#8221; border_size=&#8221;0px&#8221; border_color=&#8221;&#8221; border_style=&#8221;&#8221; padding_top=&#8221;20&#8243; padding_bottom=&#8221;20&#8243; padding_left=&#8221;0&#8243; padding_right=&#8221;0&#8243; hundred_percent=&#8221;no&#8221; equal_height_columns=&#8221;no&#8221; hide_on_mobile=&#8221;no&#8221; menu_anchor=&#8221;&#8221; class=&#8221;&#8221; id=&#8221;&#8221;][tagline_box backgroundcolor=&#8221;&#8221; shadow=&#8221;yes&#8221; shadowopacity=&#8221;0.7&#8243; border=&#8221;1px&#8221; bordercolor=&#8221;&#8221; highlightposition=&#8221;top&#8221; content_alignment=&#8221;center&#8221; link=&#8221;&#8221; linktarget=&#8221;_self&#8221; modal=&#8221;&#8221; button_size=&#8221;&#8221; button_shape=&#8221;&#8221; button_type=&#8221;&#8221; buttoncolor=&#8221;&#8221; button=&#8221;&#8221; title=&#8221;&#8221; description=&#8221;&#8221; margin_top=&#8221;&#8221; margin_bottom=&#8221;20&#8243; animation_type=&#8221;0&#8243; animation_direction=&#8221;down&#8221; animation_speed=&#8221;0.1&#8243; class=&#8221;&#8221; id=&#8221;&#8221;]\n<h1>Monatlicher Anwendungstipp:<\/h1>\n<h2>ChipCard: IM (Immun-Modulation) &#8211; Stimulierung des Immunsystems<\/h2>\n[\/tagline_box][fusion_text]<strong>Auf einen Blick<img loading=\"lazy\" decoding=\"async\" class=\"alignright size-full wp-image-3216\" src=\"https:\/\/diamondshieldzapper.com\/wp-content\/uploads\/2017\/05\/Diamond-Shield-Zapper-IE.jpg\" alt=\"\" width=\"350\" height=\"602\" srcset=\"https:\/\/diamondshieldzapper.com\/wp-content\/uploads\/2017\/05\/Diamond-Shield-Zapper-IE.jpg 350w, https:\/\/diamondshieldzapper.com\/wp-content\/uploads\/2017\/05\/Diamond-Shield-Zapper-IE-174x300.jpg 174w\" sizes=\"auto, (max-width: 350px) 100vw, 350px\" \/><\/strong><\/p>\n<p>Mehr Energie f\u00fcr das Immunsystem<\/p>\n<p><strong>Bioenergetische Testung:<\/strong><\/p>\n<p>Lymph-Meridian<\/p>\n<p><strong>Selbsthilfe mit:<\/strong><\/p>\n<p><strong>Unterst\u00fctzende ChipCards:<\/strong><\/p>\n<ul>\n<li>Mit <strong>BiBlo<\/strong> vorbereiten<\/li>\n<li><strong>DTX<\/strong> aktiviert Ausscheidungen und Entgiftungen<\/li>\n<li><strong>ImPar <\/strong>st\u00e4rkt das Immunsystem gegen Parasiten<\/li>\n<li><strong>ImVir <\/strong>st\u00e4rkt das Immunsystem gegen Viren<\/li>\n<li><strong>Diamond Shield Programm<\/strong> aktiviert den<br \/>\nGrundausgleich des Energieniveaus<\/li>\n<li><strong>Crystal <\/strong>zur Tiefenregulation des gesamten Meridiansystems<\/li>\n<\/ul>\n<p><strong>Bei Krebs zus\u00e4tzlich: <\/strong><\/p>\n<ul>\n<li><strong>BR<\/strong> f\u00f6rdert die Bioregeneration<\/li>\n<\/ul>\n<p><strong>Intensivierung:<\/strong><\/p>\n<ul>\n<li><strong>Healing Frequency <\/strong>Suchbegriff Immun<\/li>\n<\/ul>\n<p><strong>Frequenz-Fibel II <\/strong>Suchindex Immunsystem<\/p>\n<p><em>Zur Wirkungsweise<\/em><\/p>\n<p>Die IM-Card sorgt f\u00fcr eine unspezifische Anregung des gesamten Immunsystems.<\/p>\n<p><strong>Anwendung\u00a0\u00a0\u00a0\u00a0\u00a0\u00a0\u00a0\u00a0\u00a0\u00a0\u00a0\u00a0\u00a0\u00a0\u00a0\u00a0\u00a0\u00a0\u00a0\u00a0\u00a0\u00a0\u00a0\u00a0\u00a0\u00a0\u00a0\u00a0\u00a0\u00a0\u00a0\u00a0\u00a0\u00a0\u00a0\u00a0\u00a0\u00a0\u00a0\u00a0\u00a0\u00a0\u00a0\u00a0 Zeit (Minuten)<\/strong><\/p>\n<p>IM 1-10\u00a0\u00a0\u00a0\u00a0\u00a0\u00a0\u00a0\u00a0\u00a0\u00a0\u00a0\u00a0\u00a0\u00a0\u00a0\u00a0\u00a0\u00a0\u00a0\u00a0\u00a0\u00a0\u00a0\u00a0\u00a0\u00a0\u00a0\u00a0\u00a0\u00a0\u00a0\u00a0\u00a0\u00a0\u00a0\u00a0\u00a0\u00a0\u00a0 \u00a0\u00a0\u00a0\u00a0\u00a0\u00a0\u00a0\u00a0\u00a0\u00a0\u00a0\u00a0 je 03:30<\/p>\n<p><em>\u00a0<\/em><\/p>\n<p><em>Therapie-Ergebnisse:<\/em><\/p>\n<p>Die IM-ChipCard ist \u00e4u\u00dferst beliebt und kann bei jedem Anzeichen einer tempor\u00e4ren oder chronischen Immun\u00adschw\u00e4che, welche sich z.B. durch st\u00e4ndig auftretende Erk\u00e4ltungen\u00a0und Grippe-Erkrankungen \u00e4u\u00dfern kann, angewendet werden.<\/p>\n<p>Bei Patienten mit Erk\u00e4ltung sollte die IM-ChipCard stets vor der Behandlung mit anderen ChipCards eingesetzt werden.<\/p>\n<p>Eine gesunde Darmflora ist Voraussetzung f\u00fcr ein ausgewogenes leistungsf\u00e4higes Immunsystem. Eine Darmkur sowie eine entlastende Entgiftung sind bei chronischer Immunschw\u00e4che daher begleitend sehr zu empfehlen. Siehe dazu ChipCard DTX.<\/p>\n<p><em>Therapieunterst\u00fctzende Empfehlungen:<\/em><\/p>\n<ul>\n<li>F\u00fcr eine zus\u00e4tzliche Anregung des Immunsystems empfehlen wir Ihnen die Pr\u00e4parate\n<ul>\n<li>Mannayan Lipo-Glutathion+oder Cleanvit\u00a01x 1<\/li>\n<li>Samento<\/li>\n<li>Takuna<\/li>\n<li>Mannayan Power B+1x 1<\/li>\n<li>Mannayan Brom+1x 1<\/li>\n<\/ul>\n<\/li>\n<li>Ein Vitamin D3-Mangel sollte unbedingt ausgeglichen werden um das Immunsystem zu st\u00e4rken:\n<ul>\n<li>Mannayan Vit. D3 oder<\/li>\n<li>Vitamin D3 intensiv+ oder<\/li>\n<li>D3 &amp; Vit. K2 Ultra+ 1x 1<\/li>\n<\/ul>\n<\/li>\n<\/ul>\n[\/fusion_text][\/fullwidth]\n","protected":false},"excerpt":{"rendered":"<p>[fullwidth background_color=&#8221;&#8221; background_image= &#8230; <a href=\"https:\/\/diamondshieldzapper.com\/zh-hans\/stimulierung-des-immunsystems\/\" class=\"more-link\">Read More<\/a><\/p>\n","protected":false},"author":2,"featured_media":0,"parent":0,"menu_order":0,"comment_status":"closed","ping_status":"closed","template":"","meta":{"_bbp_topic_count":0,"_bbp_reply_count":0,"_bbp_total_topic_count":0,"_bbp_total_reply_count":0,"_bbp_voice_count":0,"_bbp_anonymous_reply_count":0,"_bbp_topic_count_hidden":0,"_bbp_reply_count_hidden":0,"_bbp_forum_subforum_count":0,"rs_blank_template":"","rs_page_bg_color":"","slide_template_v7":"","_monsterinsights_skip_tracking":false,"_monsterinsights_sitenote_active":false,"_monsterinsights_sitenote_note":"","_monsterinsights_sitenote_category":0,"footnotes":""},"class_list":["post-5402","page","type-page","status-publish","hentry","no-post-thumbnail"],"yoast_head":"<!-- This site is optimized with the Yoast SEO plugin v27.4 - https:\/\/yoast.com\/product\/yoast-seo-wordpress\/ -->\n<title>Anwendungstipp des Monats - Zapper<\/title>\n<meta name=\"description\" content=\"Diesen Monat empfehlen wir zur IM Chipcard, die das Immunsystem stimuliert, f\u00fcr den Zaper zusa\u00e4tzlich noch DermaVital!\" \/>\n<meta name=\"robots\" content=\"index, follow, max-snippet:-1, max-image-preview:large, max-video-preview:-1\" \/>\n<link rel=\"canonical\" href=\"https:\/\/diamondshieldzapper.com\/zh-hans\/stimulierung-des-immunsystems\/\" \/>\n<meta property=\"og:locale\" content=\"zh_CN\" \/>\n<meta property=\"og:type\" content=\"article\" \/>\n<meta property=\"og:title\" content=\"Anwendungstipp des Monats - Zapper\" \/>\n<meta property=\"og:description\" content=\"Diesen Monat empfehlen wir zur IM Chipcard, die das Immunsystem stimuliert, f\u00fcr den Zaper zusa\u00e4tzlich noch DermaVital!\" \/>\n<meta property=\"og:url\" content=\"https:\/\/diamondshieldzapper.com\/zh-hans\/stimulierung-des-immunsystems\/\" \/>\n<meta property=\"og:site_name\" content=\"Diamond Shield Zapper\" \/>\n<meta property=\"article:publisher\" content=\"https:\/\/www.facebook.com\/heilpraktiker.baklayan\/\" \/>\n<meta property=\"article:modified_time\" content=\"2021-02-18T12:00:42+00:00\" \/>\n<meta property=\"og:image\" content=\"https:\/\/diamondshieldzapper.com\/wp-content\/uploads\/2017\/05\/Diamond-Shield-Zapper-IE.jpg\" \/>\n<meta name=\"twitter:label1\" content=\"\u9884\u8ba1\u9605\u8bfb\u65f6\u95f4\" \/>\n\t<meta name=\"twitter:data1\" content=\"2 \u5206\" \/>\n<script type=\"application\/ld+json\" class=\"yoast-schema-graph\">{\"@context\":\"https:\\\/\\\/schema.org\",\"@graph\":[{\"@type\":\"WebPage\",\"@id\":\"https:\\\/\\\/diamondshieldzapper.com\\\/zh-hans\\\/stimulierung-des-immunsystems\\\/\",\"url\":\"https:\\\/\\\/diamondshieldzapper.com\\\/zh-hans\\\/stimulierung-des-immunsystems\\\/\",\"name\":\"Anwendungstipp des Monats - Zapper\",\"isPartOf\":{\"@id\":\"https:\\\/\\\/diamondshieldzapper.com\\\/zh-hans\\\/#website\"},\"primaryImageOfPage\":{\"@id\":\"https:\\\/\\\/diamondshieldzapper.com\\\/zh-hans\\\/stimulierung-des-immunsystems\\\/#primaryimage\"},\"image\":{\"@id\":\"https:\\\/\\\/diamondshieldzapper.com\\\/zh-hans\\\/stimulierung-des-immunsystems\\\/#primaryimage\"},\"thumbnailUrl\":\"https:\\\/\\\/diamondshieldzapper.com\\\/wp-content\\\/uploads\\\/2017\\\/05\\\/Diamond-Shield-Zapper-IE.jpg\",\"datePublished\":\"2015-11-03T13:44:19+00:00\",\"dateModified\":\"2021-02-18T12:00:42+00:00\",\"description\":\"Diesen Monat empfehlen wir zur IM Chipcard, die das Immunsystem stimuliert, f\u00fcr den Zaper zusa\u00e4tzlich noch DermaVital!\",\"inLanguage\":\"zh-Hans\",\"potentialAction\":[{\"@type\":\"ReadAction\",\"target\":[\"https:\\\/\\\/diamondshieldzapper.com\\\/zh-hans\\\/stimulierung-des-immunsystems\\\/\"]}]},{\"@type\":\"ImageObject\",\"inLanguage\":\"zh-Hans\",\"@id\":\"https:\\\/\\\/diamondshieldzapper.com\\\/zh-hans\\\/stimulierung-des-immunsystems\\\/#primaryimage\",\"url\":\"https:\\\/\\\/diamondshieldzapper.com\\\/wp-content\\\/uploads\\\/2017\\\/05\\\/Diamond-Shield-Zapper-IE.jpg\",\"contentUrl\":\"https:\\\/\\\/diamondshieldzapper.com\\\/wp-content\\\/uploads\\\/2017\\\/05\\\/Diamond-Shield-Zapper-IE.jpg\"},{\"@type\":\"WebSite\",\"@id\":\"https:\\\/\\\/diamondshieldzapper.com\\\/zh-hans\\\/#website\",\"url\":\"https:\\\/\\\/diamondshieldzapper.com\\\/zh-hans\\\/\",\"name\":\"Diamond Shield Zapper\",\"description\":\"einfach nur Zappen war gestern\",\"potentialAction\":[{\"@type\":\"SearchAction\",\"target\":{\"@type\":\"EntryPoint\",\"urlTemplate\":\"https:\\\/\\\/diamondshieldzapper.com\\\/zh-hans\\\/?s={search_term_string}\"},\"query-input\":{\"@type\":\"PropertyValueSpecification\",\"valueRequired\":true,\"valueName\":\"search_term_string\"}}],\"inLanguage\":\"zh-Hans\"}]}<\/script>\n<!-- \/ Yoast SEO plugin. -->","yoast_head_json":{"title":"Anwendungstipp des Monats - Zapper","description":"Diesen Monat empfehlen wir zur IM Chipcard, die das Immunsystem stimuliert, f\u00fcr den Zaper zusa\u00e4tzlich noch DermaVital!","robots":{"index":"index","follow":"follow","max-snippet":"max-snippet:-1","max-image-preview":"max-image-preview:large","max-video-preview":"max-video-preview:-1"},"canonical":"https:\/\/diamondshieldzapper.com\/zh-hans\/stimulierung-des-immunsystems\/","og_locale":"zh_CN","og_type":"article","og_title":"Anwendungstipp des Monats - Zapper","og_description":"Diesen Monat empfehlen wir zur IM Chipcard, die das Immunsystem stimuliert, f\u00fcr den Zaper zusa\u00e4tzlich noch DermaVital!","og_url":"https:\/\/diamondshieldzapper.com\/zh-hans\/stimulierung-des-immunsystems\/","og_site_name":"Diamond Shield Zapper","article_publisher":"https:\/\/www.facebook.com\/heilpraktiker.baklayan\/","article_modified_time":"2021-02-18T12:00:42+00:00","og_image":[{"url":"https:\/\/diamondshieldzapper.com\/wp-content\/uploads\/2017\/05\/Diamond-Shield-Zapper-IE.jpg","type":"","width":"","height":""}],"twitter_misc":{"\u9884\u8ba1\u9605\u8bfb\u65f6\u95f4":"2 \u5206"},"schema":{"@context":"https:\/\/schema.org","@graph":[{"@type":"WebPage","@id":"https:\/\/diamondshieldzapper.com\/zh-hans\/stimulierung-des-immunsystems\/","url":"https:\/\/diamondshieldzapper.com\/zh-hans\/stimulierung-des-immunsystems\/","name":"Anwendungstipp des Monats - Zapper","isPartOf":{"@id":"https:\/\/diamondshieldzapper.com\/zh-hans\/#website"},"primaryImageOfPage":{"@id":"https:\/\/diamondshieldzapper.com\/zh-hans\/stimulierung-des-immunsystems\/#primaryimage"},"image":{"@id":"https:\/\/diamondshieldzapper.com\/zh-hans\/stimulierung-des-immunsystems\/#primaryimage"},"thumbnailUrl":"https:\/\/diamondshieldzapper.com\/wp-content\/uploads\/2017\/05\/Diamond-Shield-Zapper-IE.jpg","datePublished":"2015-11-03T13:44:19+00:00","dateModified":"2021-02-18T12:00:42+00:00","description":"Diesen Monat empfehlen wir zur IM Chipcard, die das Immunsystem stimuliert, f\u00fcr den Zaper zusa\u00e4tzlich noch DermaVital!","inLanguage":"zh-Hans","potentialAction":[{"@type":"ReadAction","target":["https:\/\/diamondshieldzapper.com\/zh-hans\/stimulierung-des-immunsystems\/"]}]},{"@type":"ImageObject","inLanguage":"zh-Hans","@id":"https:\/\/diamondshieldzapper.com\/zh-hans\/stimulierung-des-immunsystems\/#primaryimage","url":"https:\/\/diamondshieldzapper.com\/wp-content\/uploads\/2017\/05\/Diamond-Shield-Zapper-IE.jpg","contentUrl":"https:\/\/diamondshieldzapper.com\/wp-content\/uploads\/2017\/05\/Diamond-Shield-Zapper-IE.jpg"},{"@type":"WebSite","@id":"https:\/\/diamondshieldzapper.com\/zh-hans\/#website","url":"https:\/\/diamondshieldzapper.com\/zh-hans\/","name":"Diamond Shield Zapper","description":"einfach nur Zappen war gestern","potentialAction":[{"@type":"SearchAction","target":{"@type":"EntryPoint","urlTemplate":"https:\/\/diamondshieldzapper.com\/zh-hans\/?s={search_term_string}"},"query-input":{"@type":"PropertyValueSpecification","valueRequired":true,"valueName":"search_term_string"}}],"inLanguage":"zh-Hans"}]}},"_links":{"self":[{"href":"https:\/\/diamondshieldzapper.com\/zh-hans\/wp-json\/wp\/v2\/pages\/5402","targetHints":{"allow":["GET"]}}],"collection":[{"href":"https:\/\/diamondshieldzapper.com\/zh-hans\/wp-json\/wp\/v2\/pages"}],"about":[{"href":"https:\/\/diamondshieldzapper.com\/zh-hans\/wp-json\/wp\/v2\/types\/page"}],"author":[{"embeddable":true,"href":"https:\/\/diamondshieldzapper.com\/zh-hans\/wp-json\/wp\/v2\/users\/2"}],"replies":[{"embeddable":true,"href":"https:\/\/diamondshieldzapper.com\/zh-hans\/wp-json\/wp\/v2\/comments?post=5402"}],"version-history":[{"count":0,"href":"https:\/\/diamondshieldzapper.com\/zh-hans\/wp-json\/wp\/v2\/pages\/5402\/revisions"}],"wp:attachment":[{"href":"https:\/\/diamondshieldzapper.com\/zh-hans\/wp-json\/wp\/v2\/media?parent=5402"}],"curies":[{"name":"wp","href":"https:\/\/api.w.org\/{rel}","templated":true}]}}